{"id":682,"date":"2018-01-12T11:26:29","date_gmt":"2018-01-12T10:26:29","guid":{"rendered":"http:\/\/agora.xtec.cat\/iesgoya\/?page_id=682"},"modified":"2025-10-01T09:51:36","modified_gmt":"2025-10-01T07:51:36","slug":"criteris-davaluacio","status":"publish","type":"page","link":"https:\/\/agora.xtec.cat\/iesgoya\/projecte-educatiu\/criteris-davaluacio\/","title":{"rendered":"Criteris d&#8217;avaluaci\u00f3"},"content":{"rendered":"<p>Aqu\u00ed trobareu els documents que reuneixen els criteris d&#8217;avaluaci\u00f3 de les diferents mat\u00e8ries organitzats per nivells.<\/p>\n<p><a href=\"https:\/\/agora.xtec.cat\/iesgoya\/wp-content\/uploads\/usu1752\/2025\/09\/Resum-Criteris-Instruments-avaluacio_1ESO.pdf\">Resum-Criteris-Instruments avaluaci\u00f3_1ESO <\/a><\/p>\n<p><a href=\"https:\/\/agora.xtec.cat\/iesgoya\/wp-content\/uploads\/usu1752\/2025\/09\/Resum-Criteris-Instruments-avaluacio_2ESO.pdf\">Resum-Criteris-Instruments avaluaci\u00f3_2ESO<\/a><\/p>\n<p><a href=\"https:\/\/agora.xtec.cat\/iesgoya\/wp-content\/uploads\/usu1752\/2025\/09\/Resum-Criteris-Instruments-avaluacio_3ESO.pdf\">Resum-Criteris-Instruments avaluaci\u00f3_3ESO<\/a><\/p>\n<p><a href=\"https:\/\/agora.xtec.cat\/iesgoya\/wp-content\/uploads\/usu1752\/2025\/09\/Resum-Criteris-Instruments-avaluacio_4ESO.pdf\">Resum-Criteris-Instruments avaluaci\u00f3_4ESO<\/a><\/p>\n<p><a href=\"https:\/\/agora.xtec.cat\/iesgoya\/wp-content\/uploads\/usu1752\/2025\/09\/Resum-Criteris-Instruments-avaluacio_1BAT.pdf\">Resum-Criteris-Instruments avaluaci\u00f3_1BAT<\/a><\/p>\n<p><a href=\"https:\/\/agora.xtec.cat\/iesgoya\/wp-content\/uploads\/usu1752\/2025\/10\/Resum-Criteris-Instruments-avaluacio_2BAT.pdf\">Resum-Criteris-Instruments avaluaci\u00f3_2BAT<\/a><\/p>\n","protected":false},"excerpt":{"rendered":"<p>Aqu\u00ed trobareu els documents que reuneixen els criteris d&#8217;avaluaci\u00f3 de les diferents mat\u00e8ries organitzats per nivells.<br \/>\n<a href=\"https:\/\/agora.xtec.cat\/iesgoya\/wp-content\/uploads\/usu1752\/2025\/09\/Resum-Criteris-Instruments-avaluacio_1ESO.pdf\">Resum-Criteris-Instruments avaluaci\u00f3_1ESO <\/a><br \/>\n<a href=\"https:\/\/agora.xtec.cat\/iesgoya\/wp-content\/uploads\/usu1752\/2025\/09\/Resum-Criteris-Instruments-avaluacio_2ESO.pdf\">Resum-Criteris-Instruments avaluaci\u00f3_2ESO<\/a><br \/>\n<a href=\"https:\/\/agora.xtec.cat\/iesgoya\/wp-content\/uploads\/usu1752\/2025\/09\/Resum-Criteris-Instruments-avaluacio_3ESO.pdf\">Resum-Criteris-Instruments avaluaci\u00f3_3ESO<\/a><br \/>\n<a href=\"https:\/\/agora.xtec.cat\/iesgoya\/wp-content\/uploads\/usu1752\/2025\/09\/Resum-Criteris-Instruments-avaluacio_4ESO.pdf\">Resum-Criteris-Instruments avaluaci\u00f3_4ESO<\/a><br \/>\n<a href=\"https:\/\/agora.xtec.cat\/iesgoya\/wp-content\/uploads\/usu1752\/2025\/09\/Resum-Criteris-Instruments-avaluacio_1BAT.pdf\">Resum-Criteris-Instruments avaluaci\u00f3_1BAT<\/a><br \/>\n<a href=\"https:\/\/agora.xtec.cat\/iesgoya\/wp-content\/uploads\/usu1752\/2025\/10\/Resum-Criteris-Instruments-avaluacio_2BAT.pdf\">Resum-Criteris-Instruments avaluaci\u00f3_2BAT<\/a><\/p>\n","protected":false},"author":3,"featured_media":0,"parent":57,"menu_order":0,"comment_status":"closed","ping_status":"closed","template":"page-templates\/side-menu.php","meta":{"_bbp_topic_count":0,"_bbp_reply_count":0,"_bbp_total_topic_count":0,"_bbp_total_reply_count":0,"_bbp_voice_count":0,"_bbp_anonymous_reply_count":0,"_bbp_topic_count_hidden":0,"_bbp_reply_count_hidden":0,"_bbp_forum_subforum_count":0,"footnotes":""},"class_list":["post-682","page","type-page","status-publish","hentry"],"post_mailing_queue_ids":[],"_links":{"self":[{"href":"https:\/\/agora.xtec.cat\/iesgoya\/wp-json\/wp\/v2\/pages\/682","targetHints":{"allow":["GET"]}}],"collection":[{"href":"https:\/\/agora.xtec.cat\/iesgoya\/wp-json\/wp\/v2\/pages"}],"about":[{"href":"https:\/\/agora.xtec.cat\/iesgoya\/wp-json\/wp\/v2\/types\/page"}],"author":[{"embeddable":true,"href":"https:\/\/agora.xtec.cat\/iesgoya\/wp-json\/wp\/v2\/users\/3"}],"replies":[{"embeddable":true,"href":"https:\/\/agora.xtec.cat\/iesgoya\/wp-json\/wp\/v2\/comments?post=682"}],"version-history":[{"count":7,"href":"https:\/\/agora.xtec.cat\/iesgoya\/wp-json\/wp\/v2\/pages\/682\/revisions"}],"predecessor-version":[{"id":7975,"href":"https:\/\/agora.xtec.cat\/iesgoya\/wp-json\/wp\/v2\/pages\/682\/revisions\/7975"}],"up":[{"embeddable":true,"href":"https:\/\/agora.xtec.cat\/iesgoya\/wp-json\/wp\/v2\/pages\/57"}],"wp:attachment":[{"href":"https:\/\/agora.xtec.cat\/iesgoya\/wp-json\/wp\/v2\/media?parent=682"}],"curies":[{"name":"wp","href":"https:\/\/api.w.org\/{rel}","templated":true}]}}