{"id":6566,"date":"2023-12-16T18:00:00","date_gmt":"2023-12-16T17:00:00","guid":{"rendered":"https:\/\/agora.xtec.cat\/iesgoya\/?page_id=6566"},"modified":"2025-09-29T10:00:41","modified_gmt":"2025-09-29T08:00:41","slug":"comissio-de-genere","status":"publish","type":"page","link":"https:\/\/agora.xtec.cat\/iesgoya\/lafa\/comissions-afa\/comissio-de-genere\/","title":{"rendered":"Comissi\u00f3 de g\u00e8nere"},"content":{"rendered":"<p>&nbsp;<\/p>\n<p><a href=\"https:\/\/agora.xtec.cat\/iesgoya\/lafa\/comissions-afa\/comissio-de-genere\/attachment\/comissio-de-genere-2\/\" rel=\"attachment wp-att-7937\"><img loading=\"lazy\" decoding=\"async\" class=\"aligncenter wp-image-7937 size-medium\" src=\"https:\/\/agora.xtec.cat\/iesgoya\/wp-content\/uploads\/usu1752\/2025\/09\/comissio-de-genere-300x208.jpg\" alt=\"\" width=\"300\" height=\"208\" srcset=\"https:\/\/agora.xtec.cat\/iesgoya\/wp-content\/uploads\/usu1752\/2025\/09\/comissio-de-genere-300x208.jpg 300w, https:\/\/agora.xtec.cat\/iesgoya\/wp-content\/uploads\/usu1752\/2025\/09\/comissio-de-genere.jpg 714w\" sizes=\"auto, (max-width: 300px) 100vw, 300px\" \/><\/a><\/p>\n<h6 style=\"font-weight: 400; text-align: center;\"><em>Imatge creada amb Canva<\/em><\/h6>\n<p style=\"font-weight: 400;\">La comissi\u00f3 de g\u00e8nere neix per abordar q\u00fcestions relacionades amb la igualtat i l&#8217;equitat entre les persones (dones i homes), amb els objectius seg\u00fcents:<\/p>\n<ul>\n<li style=\"font-weight: 400;\">Eliminar estereotips.<\/li>\n<li>Defensar el respecte i el consentiment.<\/li>\n<li style=\"font-weight: 400;\">Fomentar el desenvolupament personal i de presa de decisions, sense les limitacions imposades pels rols de g\u00e8nere tradicionals (<strong>igualtat<\/strong>).<br \/>\nPotenciar la distribuci\u00f3 justa dels drets, els beneficis, les obligacions, les oportunitats i els recursos sobre reconeixent i respectant la difer\u00e8ncia entre dones i homes en la societat (<strong>equitat<\/strong>).<\/li>\n<li>Educar a favor del feminisme i en contra d&#8217;una societat sexista, masclista i heteropatriarcal.<\/li>\n<\/ul>\n<p><a href=\"https:\/\/agora.xtec.cat\/iesgoya\/lafa\/comissions-afa\/comissio-de-genere\/attachment\/igualtat-equitat-realitat\/\" rel=\"attachment wp-att-7936\"><img loading=\"lazy\" decoding=\"async\" class=\"aligncenter wp-image-7936 size-medium\" src=\"https:\/\/agora.xtec.cat\/iesgoya\/wp-content\/uploads\/usu1752\/2025\/09\/Igualtat-equitat-realitat-300x199.png\" alt=\"\" width=\"300\" height=\"199\" srcset=\"https:\/\/agora.xtec.cat\/iesgoya\/wp-content\/uploads\/usu1752\/2025\/09\/Igualtat-equitat-realitat-300x199.png 300w, https:\/\/agora.xtec.cat\/iesgoya\/wp-content\/uploads\/usu1752\/2025\/09\/Igualtat-equitat-realitat-768x509.png 768w, https:\/\/agora.xtec.cat\/iesgoya\/wp-content\/uploads\/usu1752\/2025\/09\/Igualtat-equitat-realitat.png 988w\" sizes=\"auto, (max-width: 300px) 100vw, 300px\" \/><\/a><\/p>\n<p style=\"text-align: center;\"><em><span style=\"font-family: inherit; font-size: 1em;\">Imatge extreta d<a href=\"https:\/\/blog.aquas.cat\/igualtat-equitat-realitat-2\/\">&#8216;internet<\/a> <\/span><\/em><\/p>\n<p><span style=\"font-family: inherit; font-size: 1em;\">La comissi\u00f3 treballa donant suport a la informadora del centre recolzant les activitats que es duen a terme els dimarts a l\u2019hora del pati. <\/span><\/p>\n<p><span style=\"font-family: inherit; font-size: 1em;\">A trav\u00e9s de la p\u00e0gina web i el correu electr\u00f2nic, l\u2019AFA promou la difusi\u00f3 entre les fam\u00edlies de les campanyes de conscienciaci\u00f3 sobre els estereotips de g\u00e8nere, assetjament escolar, consentiment&#8230; promou la diversitat i la sensibilitzaci\u00f3 sobre la import\u00e0ncia de la igualtat de g\u00e8nere, recolza al grup impulsor del professorat al programa <\/span><a href=\"#aquiproubullying\">#aquiproubullying<\/a><span style=\"font-family: inherit; font-size: 1em;\">, entre altres accions.<\/span><\/p>\n<p>Us referim les diades tem\u00e0tiques programades al llarg del curs 2024-25 (ben aviat adjuntarem les del curs 25-26). Les <strong>diades<\/strong>\u00a0s\u00f3n activitats monogr\u00e0fiques que es fan a l&#8217;hora del pati, coincidint amb dates internacionals o properes, tractant temes d&#8217;inter\u00e8s per als joves com: g\u00e8nere, sexualitat, conviv\u00e8ncia i diversitat<em>. <\/em>Enguany estan programats els seg\u00fcents tallers:<\/p>\n<ul>\n<li><strong>24 octubre:<\/strong>\u00a0<em>Diada contra el canvi clim\u00e0tic<\/em><\/li>\n<li><strong>25 novembre:<\/strong>\u00a0<em>Diada contra les viol\u00e8ncies masclistes<\/em><\/li>\n<li><strong>5 desembre:<\/strong>\u00a0<em>Diada del voluntariat<\/em><\/li>\n<li><strong>30 gener:<\/strong>\u00a0<em>Diada de la No-Viol\u00e8ncia<\/em><\/li>\n<li><strong>14 febrer:<\/strong>\u00a0<em>Diada de la salut afectivo-sexual<\/em><\/li>\n<li><strong>8 mar\u00e7:<\/strong>\u00a0<em>Diada de la Dona<\/em><\/li>\n<li><strong>21 mar\u00e7:<\/strong><em>\u00a0Diada contra el racisme<\/em><\/li>\n<li><strong>17 maig:<\/strong>\u00a0<em>Diada contra la LGTBIAQf\u00f2bia<\/em><\/li>\n<\/ul>\n<p><!--a=1--><\/p>\n<p><!--a=1--><\/p>\n","protected":false},"excerpt":{"rendered":"<p>&nbsp;<br \/>\n<a href=\"https:\/\/agora.xtec.cat\/iesgoya\/lafa\/comissions-afa\/comissio-de-genere\/attachment\/comissio-de-genere-2\/\" rel=\"attachment wp-att-7937\"><\/a><br \/>\nImatge creada amb Canva<br \/>\nLa comissi\u00f3 de g\u00e8nere neix per abordar q\u00fcestions relacionades amb la igualtat i l&#8217;equitat entre les persones (dones i homes), amb els objectius seg\u00fcents:<\/p>\n<ul>\n<li style=\"font-weight: 400;\">Eliminar estereotips.<\/li>\n<li>Defensar el respecte i el consentiment.<\/li>\n<li style=\"font-weight: 400;\">Fomentar el desenvolupament personal i de&hellip;  <a href=\"https:\/\/agora.xtec.cat\/iesgoya\/lafa\/comissions-afa\/comissio-de-genere\/\" title=\"Read Comissi\u00f3 de g\u00e8nere\">Llegeix m\u00e9s\u00bb<\/a><br \/>\n","protected":false},"author":98,"featured_media":0,"parent":5790,"menu_order":5,"comment_status":"closed","ping_status":"closed","template":"page-templates\/side-menu.php","meta":{"_bbp_topic_count":0,"_bbp_reply_count":0,"_bbp_total_topic_count":0,"_bbp_total_reply_count":0,"_bbp_voice_count":0,"_bbp_anonymous_reply_count":0,"_bbp_topic_count_hidden":0,"_bbp_reply_count_hidden":0,"_bbp_forum_subforum_count":0,"footnotes":""},"class_list":["post-6566","page","type-page","status-publish","hentry"],"post_mailing_queue_ids":[],"_links":{"self":[{"href":"https:\/\/agora.xtec.cat\/iesgoya\/wp-json\/wp\/v2\/pages\/6566","targetHints":{"allow":["GET"]}}],"collection":[{"href":"https:\/\/agora.xtec.cat\/iesgoya\/wp-json\/wp\/v2\/pages"}],"about":[{"href":"https:\/\/agora.xtec.cat\/iesgoya\/wp-json\/wp\/v2\/types\/page"}],"author":[{"embeddable":true,"href":"https:\/\/agora.xtec.cat\/iesgoya\/wp-json\/wp\/v2\/users\/98"}],"replies":[{"embeddable":true,"href":"https:\/\/agora.xtec.cat\/iesgoya\/wp-json\/wp\/v2\/comments?post=6566"}],"version-history":[{"count":6,"href":"https:\/\/agora.xtec.cat\/iesgoya\/wp-json\/wp\/v2\/pages\/6566\/revisions"}],"predecessor-version":[{"id":7938,"href":"https:\/\/agora.xtec.cat\/iesgoya\/wp-json\/wp\/v2\/pages\/6566\/revisions\/7938"}],"up":[{"embeddable":true,"href":"https:\/\/agora.xtec.cat\/iesgoya\/wp-json\/wp\/v2\/pages\/5790"}],"wp:attachment":[{"href":"https:\/\/agora.xtec.cat\/iesgoya\/wp-json\/wp\/v2\/media?parent=6566"}],"curies":[{"name":"wp","href":"https:\/\/api.w.org\/{rel}","templated":true}]}}