{"id":6016,"date":"2023-06-08T09:04:08","date_gmt":"2023-06-08T07:04:08","guid":{"rendered":"https:\/\/agora.xtec.cat\/iesgoya\/?page_id=6016"},"modified":"2024-11-29T13:48:03","modified_gmt":"2024-11-29T12:48:03","slug":"comissio-informatica","status":"publish","type":"page","link":"https:\/\/agora.xtec.cat\/iesgoya\/lafa\/comissions-afa\/comissio-informatica\/","title":{"rendered":"Comissi\u00f3 d&#8217;inform\u00e0tica"},"content":{"rendered":"<p><strong>SI HI HA PROBLEMES AMB ELS PORT\u00c0TILS I ESTAN EN GARANTIA, us heu d&#8217;adre\u00e7ar al servei t\u00e8cnic de Lenovo:<\/strong><\/p>\n<p>Adre\u00e7a: carrer Rossell\u00f3, 31.<\/p>\n<p>L&#8217;horari \u00e9s de 8.30h a 18 h de dilluns a dijous, i divendres nom\u00e9s al mat\u00ed.<\/p>\n<p>Si \u00e9s un defecte del port\u00e0til, la garantia ho cobrir\u00e0. L&#8217;ordinador ha de tenir l&#8217;etiqueta amb el n\u00famero de s\u00e8rie com a refer\u00e8ncia.<\/p>\n<p><strong><span style=\"color: #800080;\">\u00a0\u27a1 <span style=\"text-decoration: underline;\">NOT\u00cdCIA IMPORTANT (maig 2024)<\/span>:<\/span><\/strong><\/p>\n<p><strong><span style=\"color: #3366ff;\">Us comuniquem que finalment han arribat a l\u2019institut tots els ordinadors que faltaven per dotar tot l\u2019alumnat d\u2019un port\u00e0til del Consorci pel curs 2024-25.<\/span><\/strong><\/p>\n<p>Volem compartir les reivindicacions hist\u00f2riques que l\u2019AFA ha dut a terme durant tots aquests anys i que finalment ha aconseguit!<\/p>\n<p><span style=\"text-decoration: underline;\"><strong>ACCIONS MEDI\u00c0TIQUES QUE HA DUT A TERME L&#8217;AFA DURANT TOTS AQUESTS ANYS PER RECLAMAR ELS ORDINADORS DEL CONSORCI:<\/strong><\/span><\/p>\n<p>L&#8217;Institut Goya est\u00e0 dins del <a href=\"https:\/\/educacio.gencat.cat\/ca\/departament\/linies-estrategiques\/pla-educacio-digital\/\">Pla d&#8217;educaci\u00f3 digital de Catalunya<\/a>, el que suposa que el Consorci ha de dotar d&#8217;ordinadors <span style=\"font-family: inherit; font-size: 1em;\">tot l&#8217;alumnat, circumst\u00e0ncia que no s&#8217;est\u00e0 donant al nostre centre.<\/span><\/p>\n<p>Des de desembre, l&#8217;AFA est\u00e0 exigint aquesta dotaci\u00f3 per l&#8217;institut, per\u00f2 el Consorci s&#8217;excusa al\u00b7legant problemes de subministrament, de pressupost i\/o de retard dels Fons Europeus, i pret\u00e9n que les fam\u00edlies ho solucionem comprant nosaltres els ordinadors.<\/p>\n<p>Des de l&#8217;AFA exigim al Consorci que immediatament doti de port\u00e0tils l&#8217;alumnat de 1r d&#8217;ESO abans de comen\u00e7ar el curs 2023-2024, ja que q<span style=\"font-family: inherit; font-size: 1em;\">ui ha de facilitar els ordinadors \u00e9s el Consorci, no les fam\u00edlies!<\/span><\/p>\n<p><strong>Betev\u00e9 s&#8217;ha fet ress\u00f3 de la nostra reivindicaci\u00f3<\/strong>: podeu mirar el<a href=\"https:\/\/agora.xtec.cat\/iesgoya\/general\/ordinadors-a-les-aules-2\/\"> v\u00eddeo<\/a> o llegir la <a href=\"https:\/\/beteve.cat\/societat\/alumnes-eso-barcelona-comencaran-curs-sense-6000-ordinadors-consorci\/\">not\u00edcia.<\/a><\/p>\n<p><strong><span style=\"text-decoration: underline;\">Per recolzar-nos en les nostres reivindicacions podeu:<\/span><\/strong><\/p>\n<ol>\n<li><strong>EMPLENAR EL FORMULARI DEL CONSORCI<\/strong>: Us compartim l&#8217;acc\u00e9s al <strong>formulari del Consorci<\/strong> per si voleu feu una petici\u00f3 formal demanant que doti d&#8217;ordinadors a tot l&#8217;alumnat de 1r d&#8217;ESO del curs 2023-2024 abans del setembre: <a href=\"https:\/\/www.edubcn.cat\/ca\/peticions_i_suggeriments\">https:\/\/www.edubcn.cat\/ca\/peticions_i_suggeriments.<\/a><\/li>\n<\/ol>\n<p>Us proposem un text que podeu copiar i despr\u00e9s enganxar en l\u2019apartat \u201cdescripci\u00f3 de la consulta, queixa o suggeriment\u201d del formulari de la p\u00e0gina del Consorci, per facilitar-vos el requeriment:<\/p>\n<p><strong>\u201cEn qualitat de fam\u00edlia afectada, us demanem la dotaci\u00f3 immediata dels equips inform\u00e0tics necessaris per a tot l\u2019alumnat de 1r. de l\u2019ESO de l\u2019Institut Francisco de Goya.<\/strong><\/p>\n<p><strong>El nostre centre forma part del Pla d\u2019Educaci\u00f3 Digital de Catalunya i el Consorci t\u00e9 l\u2019obligaci\u00f3 de dotar l\u2019alumnat dels ordinadors per seguir les classes i poder comen\u00e7ar el curs escolar amb normalitat al setembre.<\/strong><\/p>\n<p><strong>Les fam\u00edlies no han d\u2019assumir les obligacions de les Administracions P\u00fabliques. Esperem rebre els equips inform\u00e0tics al m\u00e9s aviat possible i, com a molt tard, al setembre. Moltes gr\u00e0cies.&#8221;<\/strong><\/p>\n<p><strong>2. XARXES SOCIALS:<\/strong> Tamb\u00e9 podeu retuitejar un fil de Twitter d&#8217;una mare de l&#8217;AFA explicant la nostra reivindiaci\u00f3: <a href=\"https:\/\/twitter.com\/Alba_Llobet\/status\/1666509090082680833\">https:\/\/twitter.com\/Alba_Llobet\/status\/1666509090082680833<\/a><\/p>\n<blockquote class=\"twitter-tweet\" data-width=\"500\" data-dnt=\"true\">\n<p lang=\"ca\" dir=\"ltr\">I qu\u00e8 hem de fer amb els ordinadors als instituts? Al <a href=\"https:\/\/twitter.com\/InstitutGoya?ref_src=twsrc%5Etfw\">@InstitutGoya<\/a>, que est\u00e0 dins del Pla d&#39;educaci\u00f3 digital de Catalunya, portem 3 cursos amb problemes en el subministrament d&#39;ordinadors, que ara per ara s\u00f3n imprescindibles pel seguiment acad\u00e8mic dels estudiants \ud83d\udc47<\/p>\n<p>&mdash; Alba Llobet (@Alba_Llobet) <a href=\"https:\/\/twitter.com\/Alba_Llobet\/status\/1666509082508038144?ref_src=twsrc%5Etfw\">June 7, 2023<\/a><\/p><\/blockquote>\n<p><script async src=\"https:\/\/platform.twitter.com\/widgets.js\" charset=\"utf-8\"><\/script><\/p>\n<p>Us adjuntem un arxiu el document oficial del <a href=\"https:\/\/agora.xtec.cat\/iesgoya\/wp-content\/uploads\/usu1752\/2023\/06\/pla-educacio-digital.pdf\">Pla d&#8217;educaci\u00f3 digital de Catalunya<\/a><a href=\"https:\/\/agora.xtec.cat\/iesgoya\/wp-content\/uploads\/usu1752\/2023\/06\/pla-educacio-digital.pdf\">\u00a0<\/a>i tamb\u00e9 us fem un resum de les actuacions i demandes que s&#8217;han fet:<\/p>\n<p>1. <span style=\"text-decoration: underline;\"><strong>Cronologia demanda ordinadors al Consorci:<\/strong><\/span><\/p>\n<p>1\/12\/2022: enviem correu electr\u00f2nic al Pla Digital del Consorci demanant 180 ordinadors per a 3r i 4t. (doc 1)<\/p>\n<p>9\/12\/2022: Pla Digital del Consorci ens respon i ens diuen que &#8220;estem a l\u2019espera que ens informin quan s\u2019iniciar\u00e0 el desplegament dels equips de sistema operatiu Windows. Des del Consorci d\u2019Educaci\u00f3 de Barcelona no podem accelerar aquest desplegament donat que dep\u00e8n de la Direcci\u00f3 General d&#8217;Innovaci\u00f3, Digitalitzaci\u00f3, Curr\u00edculum i Lleng\u00fces&#8221;. Veure: <a href=\"https:\/\/agora.xtec.cat\/iesgoya\/wp-content\/uploads\/usu1752\/2023\/06\/doc-1-1.pdf\">doc 1.<\/a><\/p>\n<p>4\/1\/2023: responem al Pla Digital agraint la resposta i demanant altre cop els 180 ordinadors. Ja no ens responen. Veure: <a href=\"https:\/\/agora.xtec.cat\/iesgoya\/wp-content\/uploads\/usu1752\/2023\/06\/doc-1-1.pdf\">doc 1<\/a>.<\/p>\n<p>24\/4\/2023: enviem inst\u00e0ncia a la inspectora en cap del Consorci (Cec\u00edlia Vall\u00e8s) demanant els 180 ordinadors, m\u00e9s els 90 per 1r d&#8217;ESO. Informem a l&#8217;Affac i al centre. Veure: <a href=\"https:\/\/agora.xtec.cat\/iesgoya\/wp-content\/uploads\/usu1752\/2023\/06\/doc-2.pdf\">doc 2.<\/a><\/p>\n<p>14\/5\/2023: enviem inst\u00e0ncia demanant els 90 ordinadors per 1r d&#8217;ESO a Anna Vera i Merc\u00e8 Massa; a Ada Colau i al conseller d&#8217;Educaci\u00f3. Informem a l&#8217;Affac i al centre. Veure: <a href=\"https:\/\/agora.xtec.cat\/iesgoya\/wp-content\/uploads\/usu1752\/2023\/06\/doc-3_gerent.pdf\">doc 3_gerent; <\/a><a href=\"https:\/\/agora.xtec.cat\/iesgoya\/wp-content\/uploads\/usu1752\/2023\/06\/doc-3_alcaldessa_.pdf\">doc 3_alcaldessa_<\/a>\u00a0i <a href=\"https:\/\/agora.xtec.cat\/iesgoya\/wp-content\/uploads\/usu1752\/2023\/06\/doc-3_conseller.pdf\">doc 3_conseller.<\/a><\/p>\n<p>16\/5\/2023: Resposta de Merc\u00e8 Massa (gerent del Consorci) a trav\u00e9s d&#8217;un correu electr\u00f2nic al centre, el centre ens el reenvia. La resposta \u00e9s aquesta: &#8220;El motiu del retard en el lliurament als centres educatius dels equips de SO Windows per l\u2019alumnat de 1r i 2n d\u2019ESO, \u00e9s que la licitaci\u00f3 d\u2019aquest projecte estava a l\u2019espera de l\u2019aprovaci\u00f3 dels pressupostos de la Generalitat de Catalunya&#8221;. Veure: <a href=\"https:\/\/agora.xtec.cat\/iesgoya\/wp-content\/uploads\/usu1752\/2023\/06\/doc-4_.pdf\">doc 4_<\/a><\/p>\n<p>21\/5\/2023: enviem inst\u00e0ncia a Merc\u00e8 Massa reclamant els ordinadors. Informem a l&#8217;Affac i al centre. Veure: <a href=\"https:\/\/agora.xtec.cat\/iesgoya\/wp-content\/uploads\/usu1752\/2023\/06\/doc-5.pdf\">doc 5<\/a>.<\/p>\n<p>22\/6\/2023: enviem inst\u00e0ncia a Merc\u00e8 Massa demanant la confirmaci\u00f3 de la not\u00edcia avan\u00e7ada per la periodista de BTV qui ens va comunicar que el Consorci li havia notificat que &#8220;&#8216;alumnat de l&#8217;Institut Goya que a principis de setembre no hagi rebut el dispositiu, rebr\u00e0 a mode de pr\u00e9stec un fins que rebin el que tenen assignat&#8221;. Veure: <a href=\"https:\/\/agora.xtec.cat\/iesgoya\/wp-content\/uploads\/usu1752\/2023\/06\/20230622_Instancia.pdf\">doc. 6.<\/a><\/p>\n<p>27\/6\/2023: la periodista de BTV ens comunica que el dia anterior l&#8217;equip de premsa del Consorci va admetre que havia donat informaci\u00f3 err\u00f2nia i que al que es comprometia era a deixa en pr\u00e9stec ordinadors per a l&#8217;alumnat vulnerable. Decidim facilitar la comprar ordinadors per a les fam\u00edlies de 1r d&#8217;ESO a trav\u00e9s d&#8217;Assaice.<\/p>\n<p>1\/9\/2023: el Departament d&#8217;Educaci\u00f3 envia un correu electr\u00f2nic a l&#8217;institut on informen que &#8220;la planificaci\u00f3 que havia publicat el Departament d&#8217;Educaci\u00f3 era poder proveir els centres educatius dels ordinadors Windows de 1r i 2n d&#8217;ESO a finals d&#8217;aquest any 2023. Per motius de tramitaci\u00f3 administrativa, finalment l&#8217;arribada d&#8217;aquests ordinadors est\u00e0 prevista per al 3r trimestre del curs 2023-2024&#8221;.<\/p>\n<p><strong>2.<\/strong><span style=\"text-decoration: underline;\"><strong> Pla d\u2019educaci\u00f3 digital de Catalunya 2020\/2023:<\/strong><\/span><\/p>\n<p><strong>P\u00e0gina 33 del Pla, Objectiu espec\u00edfic 1:<\/strong><br \/>\nGarantir que l\u2019alumnat, els docents i els centres comptin amb les infraestructures i l\u2019equipament digital necessari per assegurar el correcte desenvolupament de les activitats d\u2019ensenyament i aprenentatge. Els objectius generals del Pla d\u2019educaci\u00f3 digital de Catalunya en mat\u00e8ria d\u2019Infraestructura i ciberseguretat son:<br \/>\n<strong>L\u00ednies d&#8217;acci\u00f3:<\/strong><br \/>\n1.1. Garantir la connectivitat en condicions \u00f2ptimes a tots els espais de treball dels centres docents.<br \/>\n1.1.1. Connexi\u00f3 a Internet a alta velocitat i amb una amplada de banda que asseguri el correcte desenvolupament de les activitats d\u2019ensenyament i d\u2019aprenentatge.<br \/>\n1.2. Transformar el model digital d\u2019equipaments per poder garantir pr\u00e0ctiques d\u2019ensenyament-aprenentatge a trav\u00e9s de la tecnologia.<br \/>\n1.2.1. <span style=\"text-decoration: underline;\">Dotaci\u00f3 a l\u2019alumnat, docents i centres dels equipaments necessaris per assegurar l\u2019assoliment de la compet\u00e8ncia digital de tots els alumnes i assegurant l\u2019equitat.<\/span><br \/>\n1.3. Facilitar la gesti\u00f3 dels dispositius digitals dels centres.<br \/>\n1.3.1. Implementaci\u00f3 a cada centre de consoles virtuals que facilitin la gesti\u00f3, control, manteniment del programari i configuraci\u00f3 dels dispositius digitals de treball dels alumnes.<\/p>\n","protected":false},"excerpt":{"rendered":"<p>SI HI HA PROBLEMES AMB ELS PORT\u00c0TILS I ESTAN EN GARANTIA, us heu d&#8217;adre\u00e7ar al servei t\u00e8cnic de Lenovo:<br \/>\nAdre\u00e7a: carrer Rossell\u00f3, 31.<br \/>\nL&#8217;horari \u00e9s de 8.30h a 18 h de dilluns a dijous, i divendres nom\u00e9s al mat\u00ed.<br \/>\nSi \u00e9s un defecte del port\u00e0til, la garantia ho&hellip;  <a href=\"https:\/\/agora.xtec.cat\/iesgoya\/lafa\/comissions-afa\/comissio-informatica\/\" title=\"Read Comissi\u00f3 d&#8217;inform\u00e0tica\">Llegeix m\u00e9s\u00bb<\/a><\/p>\n","protected":false},"author":98,"featured_media":0,"parent":5790,"menu_order":1,"comment_status":"closed","ping_status":"closed","template":"page-templates\/side-menu.php","meta":{"_bbp_topic_count":0,"_bbp_reply_count":0,"_bbp_total_topic_count":0,"_bbp_total_reply_count":0,"_bbp_voice_count":0,"_bbp_anonymous_reply_count":0,"_bbp_topic_count_hidden":0,"_bbp_reply_count_hidden":0,"_bbp_forum_subforum_count":0,"footnotes":""},"class_list":["post-6016","page","type-page","status-publish","hentry"],"post_mailing_queue_ids":[],"_links":{"self":[{"href":"https:\/\/agora.xtec.cat\/iesgoya\/wp-json\/wp\/v2\/pages\/6016","targetHints":{"allow":["GET"]}}],"collection":[{"href":"https:\/\/agora.xtec.cat\/iesgoya\/wp-json\/wp\/v2\/pages"}],"about":[{"href":"https:\/\/agora.xtec.cat\/iesgoya\/wp-json\/wp\/v2\/types\/page"}],"author":[{"embeddable":true,"href":"https:\/\/agora.xtec.cat\/iesgoya\/wp-json\/wp\/v2\/users\/98"}],"replies":[{"embeddable":true,"href":"https:\/\/agora.xtec.cat\/iesgoya\/wp-json\/wp\/v2\/comments?post=6016"}],"version-history":[{"count":6,"href":"https:\/\/agora.xtec.cat\/iesgoya\/wp-json\/wp\/v2\/pages\/6016\/revisions"}],"predecessor-version":[{"id":7361,"href":"https:\/\/agora.xtec.cat\/iesgoya\/wp-json\/wp\/v2\/pages\/6016\/revisions\/7361"}],"up":[{"embeddable":true,"href":"https:\/\/agora.xtec.cat\/iesgoya\/wp-json\/wp\/v2\/pages\/5790"}],"wp:attachment":[{"href":"https:\/\/agora.xtec.cat\/iesgoya\/wp-json\/wp\/v2\/media?parent=6016"}],"curies":[{"name":"wp","href":"https:\/\/api.w.org\/{rel}","templated":true}]}}