{"id":5885,"date":"2023-04-13T20:13:26","date_gmt":"2023-04-13T18:13:26","guid":{"rendered":"https:\/\/agora.xtec.cat\/iesgoya\/?page_id=5885"},"modified":"2025-06-08T09:54:22","modified_gmt":"2025-06-08T07:54:22","slug":"informacio-matricula-afa","status":"publish","type":"page","link":"https:\/\/agora.xtec.cat\/iesgoya\/lafa\/informacio-matricula-afa\/","title":{"rendered":"Informaci\u00f3 pr\u00e0ctica de l&#8217;AFA pel curs 2025-26"},"content":{"rendered":"<p><a href=\"https:\/\/agora.xtec.cat\/iesgoya\/lafa\/informacio-matricula-afa\/\" rel=\"attachment wp-att-7473\">Formulari AFA<\/a><\/p>\n<p><a href=\"https:\/\/agora.xtec.cat\/iesgoya\/lafa\/informacio-matricula-afa\/attachment\/documento-a4-grafico-de-procesdeo-cinco-pasos-profesional-simple-blanco-multicolor\/\"><img loading=\"lazy\" decoding=\"async\" class=\"aligncenter wp-image-7783 size-large\" src=\"https:\/\/agora.xtec.cat\/iesgoya\/wp-content\/uploads\/usu1752\/2025\/06\/Documento-A4-Grafico-de-Procesdeo-Cinco-Pasos-Profesional-Simple-Blanco-Multicolor-pdf-724x1024.jpg\" alt=\"\" width=\"724\" height=\"1024\" \/><\/a><\/p>\n<p><strong>Versi\u00f3 desenvolupada de la infografia:<\/strong><\/p>\n<ol>\n<li>Qu\u00e8 \u00e9s i qu\u00e8 fa l&#8217;AFA?<\/li>\n<li>Vull\u00a0 fer-me soci\/s\u00f2cia de l\u2019AFA i adquirir els llibres digitals.<\/li>\n<li>Vull disposar d\u2019un armariet, apuntar-me a les extraescolars que ofereix l\u2019AFA i al servei de menjador.<\/li>\n<li>A on m\u2019he d\u2019adre\u00e7ar si tinc qualsevol dubte\/suggeriment?\u00a0<a href=\"mailto:Afaiesgoya@gmail.com\">Afaiesgoya@gmail.com<\/a><\/li>\n<\/ol>\n<ol>\n<li><strong>Qu\u00e8 \u00e9s i qu\u00e8 fa l&#8217;AFA?<\/strong><\/li>\n<\/ol>\n<p>Des de l&#8217;Associaci\u00f3 de Fam\u00edlies d&#8217;Alumnes (<a href=\"https:\/\/agora.xtec.cat\/iesgoya\/lafa\/lafa\/\">AFA<\/a>) volem donar-vos la benvinguda a l&#8217;Institut Francisco de Goya i presentar-nos breument perqu\u00e8 conegueu qu\u00e8 \u00e9s l&#8217;AFA i les activitats que fem.<br \/>\nL&#8217;AFA \u00e9s una entitat sense \u00e0nim de lucre formada per pares, mares i tutors legals de l&#8217;alumnat de l&#8217;institut que col\u00b7laboren amb el centre en la millora de l&#8217;educaci\u00f3 dels nostres fills i filles.<\/p>\n<p>Per aconseguir aquest objectiu, l\u2019AFA organitza activitats extraescolars que completen l&#8217;oferta educativa del centre, supervisa el servei de menjador, ofereix a l\u2019alumnat la possibilitat de tenir un armariet al centre per deixar-hi les seves pertinences, gestiona l\u2019adquisici\u00f3 de les llic\u00e8ncies digitals i ordinadors a un millor preu, i organitza xerrades per a les fam\u00edlies.<\/p>\n<p>Podeu consultar (amb contrasenya) els nostres estatuts a l&#8217;apartat: <a href=\"https:\/\/agora.xtec.cat\/iesgoya\/lafa\/actes-i-estatuts-de-lafa\/\">&#8220;Actes i estatuts AFA&#8221;<\/a> .<\/p>\n<p><strong>2- Vull\u00a0 fer-me persona s\u00f2cia de l\u2019AFA i adquirir els llibres digitals.<\/strong><\/p>\n<p>Mitjan\u00e7ant el <a href=\"https:\/\/agora.xtec.cat\/iesgoya\/lafa\/comissions-afa\/comissio-de-llibres\/\">web de l&#8217;empresa Iddink<\/a>, que \u00e9s la p\u00e0gina web de l&#8217;empresa on comprem e<span style=\"font-family: inherit; font-size: 1em;\">ls llibres digitals, en<\/span>s donem d\u2019alta com a socis i s\u00f2cies de l\u2019AFA,\u00a0 paguem part del material per l\u2019institut (el material de la llista que ens facilita l&#8217;institut per portar el primer dia no est\u00e0 incl\u00f2s dins d&#8217;aquest import), i comprem les llic\u00e8ncies digitals i les llibres en paper (habitualment per l&#8217;ESO nom\u00e9s el llibre d&#8217;exercicis d\u2019angl\u00e8s \u00e9s en paper).<\/p>\n<ul>\n<li>La quota de l\u2019AFA va ser aprovada a l\u2019assemblea general el 17 d&#8217;octubre de 2024.<\/li>\n<li>Les quotes referents al material i als llibres digitals i en paper (nom\u00e9s el llibre d\u2019angl\u00e8s) son orientatives i es basen en els preus del curs passat.<\/li>\n<li>Tingueu en compte que, en el cas dels rebuts retornats, les despeses que es generin aniran a c\u00e0rrec vostre.<\/li>\n<\/ul>\n<p>Les comandes dels llibres a trav\u00e9s d&#8217;Iddink es poden fer per dues vies diferents:<\/p>\n<ol>\n<li>Accedint al web Iddink.cat (ajuda per <a href=\"https:\/\/agora.xtec.cat\/iesgoya\/wp-content\/uploads\/usu1752\/2025\/06\/Com-comprar.pdf\">COMPRAR LLIBRES<\/a>)<\/li>\n<li>Venint al centre el 25 de juny de 9.30 a 14h a la biblioteca de l&#8217;institut, on Iddink disposar\u00e0 de personal per atendre les fam\u00edlies.<\/li>\n<\/ol>\n<p>Iddink permet pagar en el moment de fer les comandes o b\u00e9 diferir el pagament segons ens convingui. A m\u00e9s, tamb\u00e9 podrem fer servir el Val Escolar per abaratir la comanda.<\/p>\n<p>&nbsp;<\/p>\n<p><strong>QUOTES CURS 2025-2026 (quotes aproximades a falta de confirmaci\u00f3 de llibres i llic\u00e8ncies).<\/strong><\/p>\n<table width=\"598\">\n<tbody>\n<tr>\n<td width=\"89\"><strong>CONCEPTE<\/strong><\/td>\n<td width=\"52\"><strong>CURS<\/strong><\/td>\n<td width=\"72\"><strong>IMPORT<\/strong><\/td>\n<td width=\"385\"><strong>OBSERVACIONS<\/strong><\/td>\n<\/tr>\n<tr>\n<td width=\"89\">Quota AFA<\/td>\n<td width=\"52\">ESO i Batxillerat<\/td>\n<td width=\"72\">50\u20ac<\/td>\n<td width=\"385\">Quota anual per fam\u00edlia (independentment del nombre de germans al centre).<\/p>\n<p>Es carrega a l\u2019alumne\/a del curs inferior.<\/p>\n<p>D\u00f3na dret a gaudir dels serveis de l\u2019AFA (incloent-hi un armariet).<\/td>\n<\/tr>\n<tr>\n<td width=\"89\">Material institut<\/td>\n<td width=\"52\">ESO i Batxillerat<\/td>\n<td width=\"72\">50\u20ac<\/td>\n<td width=\"385\">Quota anual per alumne\/a .<\/td>\n<\/tr>\n<tr>\n<td rowspan=\"2\" width=\"89\">Llibres<\/p>\n<p>digitals<\/td>\n<td rowspan=\"2\" width=\"52\">ESO<\/td>\n<td width=\"72\">42.50\u20ac<\/td>\n<td width=\"385\">Llic\u00e8ncia Plataforma Digital\u00a0 (totes les mat\u00e8ries).<\/td>\n<\/tr>\n<tr>\n<td width=\"72\">15\u20ac<\/td>\n<td width=\"385\">Llic\u00e8ncia digital Angl\u00e8s<\/td>\n<\/tr>\n<tr>\n<td width=\"89\">Asseguran\u00e7a obligat\u00f2ria<\/td>\n<td width=\"52\">3r i 4t ESO<\/td>\n<td width=\"72\">1.12\u20ac<\/td>\n<td width=\"385\">Quota anual d\u2019asseguran\u00e7a d\u2019accidents AFA o Institut\/Ensenyament per alumne\/a.<\/td>\n<\/tr>\n<tr>\n<td width=\"89\">Banc de llibres<\/td>\n<td width=\"52\">ESO i Batxillerat<\/td>\n<td width=\"72\">Gratu\u00eft<\/td>\n<td width=\"385\">Llibres de consulta a l\u2019aula.<\/td>\n<\/tr>\n<\/tbody>\n<\/table>\n<p>Podre consultar els llibres d&#8217;ESO i Batxillerat pel curs 2024-25 <a href=\"https:\/\/agora.xtec.cat\/iesgoya\/general\/llibres-de-text-eso-i-batxillerat-curs-2024-25\/\">AQU\u00cd.<span style=\"font-family: inherit; font-size: 1em;\">(<span style=\"color: #ff00ff;\">pendent d&#8217;actualitzar<\/span>)<\/span><\/a><\/p>\n<p><strong>3. Vull disposar d&#8217;un armariet\u00a0<\/strong><\/p>\n<p>Pel que fa als armariets i al cadenat, teniu la informaci\u00f3 aqu\u00ed:<a href=\"https:\/\/agora.xtec.cat\/iesgoya\/lafa\/comissions-afa\/comissio-armariets\/\"> https:\/\/agora.xtec.cat\/iesgoya\/lafa\/comissions-afa\/comissio-armariets\/<\/a> i aquest formulari per demanar-los: https:\/\/forms.gle\/8mkaY4iKPNPLFgwR6<\/p>\n<p>Podeu trobar l&#8217;horari de les activitats extraescolars als apartats seg\u00fcents:<\/p>\n<p><strong>4. Vull apuntar-me a les extraescolars que ofereix l&#8217;AFA (a partir del 16 de juny, informaci\u00f3 no definitiva):<\/strong><\/p>\n<p><strong>Per a angl\u00e8s:<\/strong><\/p>\n<ul style=\"list-style-type: disc;\">\n<li><span style=\"color: #000000;\">1r i 2n de l&#8217;ESO<\/span><\/li>\n<\/ul>\n<p>Informaci\u00f3: <a href=\"https:\/\/agora.xtec.cat\/iesgoya\/lafa\/comissions-afa\/extraescolars-dangles\/\">INFORMACI\u00d3<\/a><\/p>\n<p>Formulari d&#8217;inscripci\u00f3:<a href=\"https:\/\/learn2wow.acadesoft.com\/ca\/inscripcio\/l\/73\/inscripcio-on-line\"><strong> https:\/\/learn2wow.acadesoft.com\/ca\/inscripcio\/l\/73\/inscripcio-on-line<\/strong><\/a><\/p>\n<ul>\n<li><span style=\"color: #000000;\">A patir de 3r d&#8217;ESO i Batxillerat: contactar amb els cursos especials de l&#8217;Escola Oficial d&#8217;Idiomes del Guinard\u00f3: https:\/\/eoiguinardo.cat\/oferta-formativa\/cursos-especials\/<\/span><\/li>\n<\/ul>\n<p><strong>Per a les esportives<\/strong>:<\/p>\n<p>Informaci\u00f3: <a href=\"https:\/\/agora.xtec.cat\/iesgoya\/lafa\/comissions-afa\/extraescolars-esportives\/\">https:\/\/agora.xtec.cat\/iesgoya\/lafa\/comissions-afa\/extraescolars-esportives\/<\/a><\/p>\n<p>Formulari d&#8217;inscripci\u00f3:<a href=\"https:\/\/docs.google.com\/forms\/d\/e\/1FAIpQLSfV-W71-QEX8jZ2tAdAC8fyX7_cckH5hgy6pTz1zzazmUMhVA\/viewform\">FORMULARI<\/a><\/p>\n<p>Us convidem a unir-vos a l&#8217;AFA i a participar activament en les activitats que organitzem per a tota la comunitat educativa.<\/p>\n<p>Estem a la vostra disposici\u00f3 per a qualsevol consulta o suggeriment que vulgueu fer-nos a trav\u00e9s del correu electr\u00f2nic: <a href=\"mailto:afaiesgoya@gmail.com\">afaiesgoya@gmail.com<\/a><\/p>\n","protected":false},"excerpt":{"rendered":"<p><a href=\"https:\/\/agora.xtec.cat\/iesgoya\/lafa\/informacio-matricula-afa\/\" rel=\"attachment wp-att-7473\">Formulari AFA<\/a><br \/>\n<a href=\"https:\/\/agora.xtec.cat\/iesgoya\/lafa\/informacio-matricula-afa\/attachment\/documento-a4-grafico-de-procesdeo-cinco-pasos-profesional-simple-blanco-multicolor\/\"><\/a><br \/>\nVersi\u00f3 desenvolupada de la infografia:<\/p>\n<ol>\n<li>Qu\u00e8 \u00e9s i qu\u00e8 fa l&#8217;AFA?<\/li>\n<li>Vull\u00a0 fer-me soci\/s\u00f2cia de l\u2019AFA i adquirir els llibres digitals.<\/li>\n<li>Vull disposar d\u2019un armariet, apuntar-me a les extraescolars que ofereix l\u2019AFA i al servei de menjador.<\/li>\n<li>A on m\u2019he d\u2019adre\u00e7ar si tinc qualsevol&hellip;  <a href=\"https:\/\/agora.xtec.cat\/iesgoya\/lafa\/informacio-matricula-afa\/\" title=\"Read Informaci\u00f3 pr\u00e0ctica de l&#8217;AFA pel curs 2025-26\">Llegeix m\u00e9s\u00bb<\/a><br \/>\n","protected":false},"author":98,"featured_media":0,"parent":5877,"menu_order":20,"comment_status":"closed","ping_status":"closed","template":"page-templates\/side-menu.php","meta":{"_bbp_topic_count":0,"_bbp_reply_count":0,"_bbp_total_topic_count":0,"_bbp_total_reply_count":0,"_bbp_voice_count":0,"_bbp_anonymous_reply_count":0,"_bbp_topic_count_hidden":0,"_bbp_reply_count_hidden":0,"_bbp_forum_subforum_count":0,"footnotes":""},"class_list":["post-5885","page","type-page","status-publish","hentry"],"post_mailing_queue_ids":[],"_links":{"self":[{"href":"https:\/\/agora.xtec.cat\/iesgoya\/wp-json\/wp\/v2\/pages\/5885","targetHints":{"allow":["GET"]}}],"collection":[{"href":"https:\/\/agora.xtec.cat\/iesgoya\/wp-json\/wp\/v2\/pages"}],"about":[{"href":"https:\/\/agora.xtec.cat\/iesgoya\/wp-json\/wp\/v2\/types\/page"}],"author":[{"embeddable":true,"href":"https:\/\/agora.xtec.cat\/iesgoya\/wp-json\/wp\/v2\/users\/98"}],"replies":[{"embeddable":true,"href":"https:\/\/agora.xtec.cat\/iesgoya\/wp-json\/wp\/v2\/comments?post=5885"}],"version-history":[{"count":6,"href":"https:\/\/agora.xtec.cat\/iesgoya\/wp-json\/wp\/v2\/pages\/5885\/revisions"}],"predecessor-version":[{"id":7786,"href":"https:\/\/agora.xtec.cat\/iesgoya\/wp-json\/wp\/v2\/pages\/5885\/revisions\/7786"}],"up":[{"embeddable":true,"href":"https:\/\/agora.xtec.cat\/iesgoya\/wp-json\/wp\/v2\/pages\/5877"}],"wp:attachment":[{"href":"https:\/\/agora.xtec.cat\/iesgoya\/wp-json\/wp\/v2\/media?parent=5885"}],"curies":[{"name":"wp","href":"https:\/\/api.w.org\/{rel}","templated":true}]}}