{"id":5810,"date":"2023-04-02T15:20:04","date_gmt":"2023-04-02T13:20:04","guid":{"rendered":"https:\/\/agora.xtec.cat\/iesgoya\/?page_id=5810"},"modified":"2024-09-27T18:44:00","modified_gmt":"2024-09-27T16:44:00","slug":"contacte-amb-lafa","status":"publish","type":"page","link":"https:\/\/agora.xtec.cat\/iesgoya\/lafa\/contacte-amb-lafa\/","title":{"rendered":"Contacta amb l&#8217;AFA"},"content":{"rendered":"<p><span style=\"font-weight: 400;\">L&#8217;Associaci\u00f3 de Fam\u00edlies d&#8217;Alumnes (AFA) utilitza diversos canals de comunicaci\u00f3 per mantenir informada la comunitat educativa sobre les activitats, projectes i novetats relacionades amb la seva tasca. A continuaci\u00f3, es detallen alguns dels canals de comunicaci\u00f3 m\u00e9s habituals:<\/span><span style=\"font-weight: 400;\"><br \/>\n<\/span><span style=\"font-weight: 400;\"><br \/>\n<\/span><span style=\"text-decoration: underline;\"><b>Reunions presencials<\/b><\/span><span style=\"font-weight: 400;\">: les reunions presencials son un dels canals de comunicaci\u00f3 m\u00e9s importants, ja que permeten establir un contacte directe amb les fam\u00edlies i altres membres de la comunitat educativa.\u00a0<\/span><\/p>\n<p><span style=\"font-weight: 400;\">Les juntes son obertes a tothom que hi vulgui participar. Habitualment l\u2019AFA es reuneix el <strong>primer dijous de cada mes a les 20h<\/strong>. a l\u2019institut. <\/span><span style=\"font-weight: 400;\"><br \/>\n<\/span><span style=\"font-weight: 400;\">A la primera part de la reuni\u00f3 hi assisteix un membre de l\u2019equip directiu i l&#8217;AFA pot presentar els seus projectes, recollir suggeriments i resoldre dubtes o consultes.<\/span><\/p>\n<p><span style=\"text-decoration: underline;\"><b>P\u00e0gina web<\/b><\/span><span style=\"font-weight: 400;\">: <\/span><a href=\"https:\/\/agora.xtec.cat\/iesgoya\/lafa\/lafa\/\"><span style=\"font-weight: 400;\">https:\/\/agora.xtec.cat\/iesgoya\/lafa\/lafa\/<\/span><\/a><span style=\"font-weight: 400;\">\u00a0<\/span><\/p>\n<p><b><span style=\"text-decoration: underline;\">Correu electr\u00f2nic<\/span>:<\/b><span style=\"font-weight: 400;\"> l&#8217;AFA utilitza habitualment el correu electr\u00f2nic per enviar comunicacions i informacions importants a les fam\u00edlies. De la mateixa manera, les fam\u00edlies poden posar-se en contacte amb l\u2019AFA mitjan\u00e7ant les seg\u00fcents adreces electr\u00f2niques:\u00a0<\/span><\/p>\n<p><span style=\"font-weight: 400;\">Junta de l\u2019AFA (correu gen\u00e8ric):\u00a0<\/span><a href=\"mailto:afaiesgoya@gmail.com\"><span style=\"font-weight: 400;\">afaiesgoya@gmail.com<\/span><\/a><\/p>\n<p><span style=\"font-weight: 400;\">Comissi\u00f3 d\u2019armariets:<a href=\"armarietsiesgoya@gmail.com\">\u00a0<\/a><\/span><a href=\"mailto:armarietsiesgoya@gmail.com\"><span style=\"font-weight: 400;\">armarietsiesgoya@gmail.com<\/span><\/a><\/p>\n<p><span style=\"font-weight: 400;\">Comissi\u00f3 de llibres:\u00a0<\/span><a href=\"mailto:llibresiesgoya@gmail.com\"><span style=\"font-weight: 400;\">llibresiesgoya@gmail.com<\/span><\/a><\/p>\n<p><span style=\"font-weight: 400;\">Comissi\u00f3 de cultura:\u00a0<\/span><a href=\"mailto:culturaiesgoya@gmail.com\"><span style=\"font-weight: 400;\">culturaiesgoya@gmail.com<\/span><\/a><\/p>\n<p><span style=\"font-weight: 400;\">Comissi\u00f3 d\u2019extraescolars d&#8217;angl\u00e8s:<a href=\"mailto:anglesafagoya@gmail.com\">anglesafagoya@gmail.com<\/a><\/span><\/p>\n<p><span style=\"font-weight: 400;\">Comissi\u00f3 d\u2019extraescolars esportives: <a href=\"mailto:esportivesafagoya@gmail.com\">esportivesafagoya<span class=\"atwho-query\">@gmail.com<\/span><\/a><\/span><\/p>\n<p><span style=\"font-weight: 400;\">Comissi\u00f3 d\u2019inform\u00e0tica i web: <a href=\"mailto:afaiesgoya@gmail.com\">afaiesgoya@gmail.com<\/a><\/span><\/p>\n<p>Comissi\u00f3 de menjador:<a href=\"mailto:afaiesgoya@gmail.com\"><span style=\"font-weight: 400;\">afaiesgoya@gmail.com<\/span><\/a><\/p>\n<p><span style=\"font-weight: 400;\"><strong>\u00a0\ud83d\ude00 ATENCI\u00d3 MATR\u00cdCULA VIVA<\/strong>: Si heu arribat a l&#8217;institut un cop ha comen\u00e7at el curs, podeu omplir aquest <a href=\"https:\/\/forms.gle\/RkJgvvVApoDcsQNdA\">formulari de matr\u00edcula viva<\/a> perqu\u00e8 tinguem les vostres dades i us podem informar de reunions i activitats.<br \/>\n<\/span><\/p>\n","protected":false},"excerpt":{"rendered":"<p>L&#8217;Associaci\u00f3 de Fam\u00edlies d&#8217;Alumnes (AFA) utilitza diversos canals de comunicaci\u00f3 per mantenir informada la comunitat educativa sobre les activitats, projectes i novetats relacionades amb la seva tasca. A continuaci\u00f3, es detallen alguns dels canals de comunicaci\u00f3 m\u00e9s habituals:<\/p>\n<p>Reunions presencials: les reunions presencials son un dels&hellip;  <a href=\"https:\/\/agora.xtec.cat\/iesgoya\/lafa\/contacte-amb-lafa\/\" title=\"Read Contacta amb l&#8217;AFA\">Llegeix m\u00e9s\u00bb<\/a><\/p>\n","protected":false},"author":98,"featured_media":0,"parent":5877,"menu_order":5,"comment_status":"closed","ping_status":"closed","template":"page-templates\/side-menu.php","meta":{"_bbp_topic_count":0,"_bbp_reply_count":0,"_bbp_total_topic_count":0,"_bbp_total_reply_count":0,"_bbp_voice_count":0,"_bbp_anonymous_reply_count":0,"_bbp_topic_count_hidden":0,"_bbp_reply_count_hidden":0,"_bbp_forum_subforum_count":0,"footnotes":""},"class_list":["post-5810","page","type-page","status-publish","hentry"],"post_mailing_queue_ids":[],"_links":{"self":[{"href":"https:\/\/agora.xtec.cat\/iesgoya\/wp-json\/wp\/v2\/pages\/5810","targetHints":{"allow":["GET"]}}],"collection":[{"href":"https:\/\/agora.xtec.cat\/iesgoya\/wp-json\/wp\/v2\/pages"}],"about":[{"href":"https:\/\/agora.xtec.cat\/iesgoya\/wp-json\/wp\/v2\/types\/page"}],"author":[{"embeddable":true,"href":"https:\/\/agora.xtec.cat\/iesgoya\/wp-json\/wp\/v2\/users\/98"}],"replies":[{"embeddable":true,"href":"https:\/\/agora.xtec.cat\/iesgoya\/wp-json\/wp\/v2\/comments?post=5810"}],"version-history":[{"count":6,"href":"https:\/\/agora.xtec.cat\/iesgoya\/wp-json\/wp\/v2\/pages\/5810\/revisions"}],"predecessor-version":[{"id":7211,"href":"https:\/\/agora.xtec.cat\/iesgoya\/wp-json\/wp\/v2\/pages\/5810\/revisions\/7211"}],"up":[{"embeddable":true,"href":"https:\/\/agora.xtec.cat\/iesgoya\/wp-json\/wp\/v2\/pages\/5877"}],"wp:attachment":[{"href":"https:\/\/agora.xtec.cat\/iesgoya\/wp-json\/wp\/v2\/media?parent=5810"}],"curies":[{"name":"wp","href":"https:\/\/api.w.org\/{rel}","templated":true}]}}