{"id":5808,"date":"2023-04-02T15:19:37","date_gmt":"2023-04-02T13:19:37","guid":{"rendered":"https:\/\/agora.xtec.cat\/iesgoya\/?page_id=5808"},"modified":"2023-06-11T14:18:43","modified_gmt":"2023-06-11T12:18:43","slug":"comissio-de-subvencions","status":"publish","type":"page","link":"https:\/\/agora.xtec.cat\/iesgoya\/lafa\/comissions-afa\/comissio-de-subvencions\/","title":{"rendered":"Comissi\u00f3 de subvencions"},"content":{"rendered":"<p>La comissi\u00f3 de subvencions de l&#8217;AFA (Associaci\u00f3 de Fam\u00edlies d&#8217;Alumnes) \u00e9s un grup de persones que s&#8217;encarrega de gestionar les sol\u00b7licituds de subvencions per part de les fam\u00edlies que formen part de l&#8217;associaci\u00f3. Aquesta comissi\u00f3 t\u00e9 com a objectiu principal aconseguir finan\u00e7ament per a l&#8217;organitzaci\u00f3 d&#8217;activitats i serveis que l&#8217;AFA ofereix a l\u2019alumnat i a les fam\u00edlies de l&#8217;escola.<\/p>\n<p><strong>Les funcions de la comissi\u00f3 de subvencions son:<\/strong><\/p>\n<p>-Identificar i analitzar les fonts de finan\u00e7ament disponibles per a l&#8217;associaci\u00f3.<br \/>\n-Elaborar i presentar les sol\u00b7licituds de subvencions a les entitats i organismes que ofereixen ajuts i subvencions.<br \/>\n-Supervisar el proc\u00e9s de concessi\u00f3 de subvencions, assegurant que es compleixen els requisits establerts i que es fa un bon \u00fas dels fons rebuts.<br \/>\n-Controlar el pressupost assignat a cada activitat o servei finan\u00e7at amb subvencions, i garantir que s&#8217;utilitza de forma eficient i responsable.<br \/>\n-Informar als membres de l&#8217;associaci\u00f3 sobre les subvencions obtingudes i les activitats o serveis finan\u00e7ats amb aquestes.<\/p>\n","protected":false},"excerpt":{"rendered":"<p>La comissi\u00f3 de subvencions de l&#8217;AFA (Associaci\u00f3 de Fam\u00edlies d&#8217;Alumnes) \u00e9s un grup de persones que s&#8217;encarrega de gestionar les sol\u00b7licituds de subvencions per part de les fam\u00edlies que formen part de l&#8217;associaci\u00f3. Aquesta comissi\u00f3 t\u00e9 com a objectiu principal aconseguir finan\u00e7ament per a l&#8217;organitzaci\u00f3&hellip;  <a href=\"https:\/\/agora.xtec.cat\/iesgoya\/lafa\/comissions-afa\/comissio-de-subvencions\/\" title=\"Read Comissi\u00f3 de subvencions\">Llegeix m\u00e9s\u00bb<\/a><\/p>\n","protected":false},"author":98,"featured_media":0,"parent":5790,"menu_order":6,"comment_status":"closed","ping_status":"closed","template":"page-templates\/side-menu.php","meta":{"_bbp_topic_count":0,"_bbp_reply_count":0,"_bbp_total_topic_count":0,"_bbp_total_reply_count":0,"_bbp_voice_count":0,"_bbp_anonymous_reply_count":0,"_bbp_topic_count_hidden":0,"_bbp_reply_count_hidden":0,"_bbp_forum_subforum_count":0,"footnotes":""},"class_list":["post-5808","page","type-page","status-publish","hentry"],"post_mailing_queue_ids":[],"_links":{"self":[{"href":"https:\/\/agora.xtec.cat\/iesgoya\/wp-json\/wp\/v2\/pages\/5808","targetHints":{"allow":["GET"]}}],"collection":[{"href":"https:\/\/agora.xtec.cat\/iesgoya\/wp-json\/wp\/v2\/pages"}],"about":[{"href":"https:\/\/agora.xtec.cat\/iesgoya\/wp-json\/wp\/v2\/types\/page"}],"author":[{"embeddable":true,"href":"https:\/\/agora.xtec.cat\/iesgoya\/wp-json\/wp\/v2\/users\/98"}],"replies":[{"embeddable":true,"href":"https:\/\/agora.xtec.cat\/iesgoya\/wp-json\/wp\/v2\/comments?post=5808"}],"version-history":[{"count":3,"href":"https:\/\/agora.xtec.cat\/iesgoya\/wp-json\/wp\/v2\/pages\/5808\/revisions"}],"predecessor-version":[{"id":6123,"href":"https:\/\/agora.xtec.cat\/iesgoya\/wp-json\/wp\/v2\/pages\/5808\/revisions\/6123"}],"up":[{"embeddable":true,"href":"https:\/\/agora.xtec.cat\/iesgoya\/wp-json\/wp\/v2\/pages\/5790"}],"wp:attachment":[{"href":"https:\/\/agora.xtec.cat\/iesgoya\/wp-json\/wp\/v2\/media?parent=5808"}],"curies":[{"name":"wp","href":"https:\/\/api.w.org\/{rel}","templated":true}]}}