{"id":5806,"date":"2023-04-02T15:19:15","date_gmt":"2023-04-02T13:19:15","guid":{"rendered":"https:\/\/agora.xtec.cat\/iesgoya\/?page_id=5806"},"modified":"2025-06-09T10:40:40","modified_gmt":"2025-06-09T08:40:40","slug":"extraescolars-dangles","status":"publish","type":"page","link":"https:\/\/agora.xtec.cat\/iesgoya\/lafa\/comissions-afa\/extraescolars-dangles\/","title":{"rendered":"Extraescolars d&#8217;angl\u00e8s"},"content":{"rendered":"<pre><\/pre>\n<h5>Hi ha dues propostes d&#8217;extraescolars d&#8217;angl\u00e8s:<\/h5>\n<ul>\n<li>1r\u00a0 i 2n d&#8217;ESO : Es realitza a l&#8217;institut a trav\u00e9s d&#8217;una empresa contractada per l&#8217;AFA.<\/li>\n<li>3r\u00a0 i 4t d&#8217;ESO i 1r i 2n de Batxillerat: les Escoles Oficials d&#8217;Idiomes de Barcelona fan una proposta d&#8217;extraescolars d&#8217;angl\u00e8s per a l&#8217;alumnat de tots els instituts p\u00fablics. La m\u00e9s propera al nostre institut \u00e9s l&#8217;EOI Guinard\u00f3.<\/li>\n<\/ul>\n<p>Contacta al correu de l&#8217;AFA: <a href=\"mailto:anglesafagoya@gmail.com\">anglesafagoya@gmail.com<\/a><\/p>\n<ul>\n<li>\n<h1><strong>1r i 2n d&#8217;ESO<\/strong><\/h1>\n<\/li>\n<\/ul>\n<h6><strong><span style=\"color: #000000;\">L&#8217;empresa \u201cLearn2Wow Academy\u201d imparteix classes d\u2019angl\u00e8s <\/span><span style=\"color: #000000;\">amb professorat nadiu i titulat <\/span><span style=\"color: #000000;\">a les instal\u00b7lacions del Institut Goya. Les classes es realitzen en grups redu\u00efts d&#8217;unes 12 persones, agrupades per nivell i\/o per curs. L&#8217;horari \u00e9s el dimecres de 15h a 16.30h de la tarda. Per a m\u00e9s informaci\u00f3 es pot consultar: <a style=\"color: #000000;\" href=\"https:\/\/learn2wow.com\">https:\/\/learn2wow.com<\/a><\/span><\/strong><\/h6>\n<p><strong>Ja podeu apuntar-vos al <a href=\"https:\/\/learn2wow.acadesoft.com\/ca\/inscripcio\">formulari<\/a> per sol\u00b7licitar la vostra pla\u00e7a pel curs 2025-2026. <\/strong><\/p>\n<p>La reuni\u00f3 informativa se celebrar\u00e0 el <strong>dimecres 18 de juny a les 18h. a l&#8217;institut.<\/strong><\/p>\n<h5>Cal pagar una matr\u00edcula de 25\u20ac, 75\u20ac de material i les quotes del curs es poden pagar en diferents modalitats de pagament.<\/h5>\n<h3><a href=\"https:\/\/agora.xtec.cat\/iesgoya\/lafa\/comissions-afa\/extraescolars-dangles\/attachment\/institut-fco-goya-1\/\" rel=\"attachment wp-att-7690\"><img loading=\"lazy\" decoding=\"async\" class=\"aligncenter wp-image-7715 size-full\" src=\"https:\/\/agora.xtec.cat\/iesgoya\/wp-content\/uploads\/usu1752\/2025\/06\/Institut-Fco-Goya-1.png\" alt=\"\" width=\"1000\" height=\"1000\" srcset=\"https:\/\/agora.xtec.cat\/iesgoya\/wp-content\/uploads\/usu1752\/2025\/06\/Institut-Fco-Goya-1.png 1000w, https:\/\/agora.xtec.cat\/iesgoya\/wp-content\/uploads\/usu1752\/2025\/06\/Institut-Fco-Goya-1-300x300.png 300w, https:\/\/agora.xtec.cat\/iesgoya\/wp-content\/uploads\/usu1752\/2025\/06\/Institut-Fco-Goya-1-150x150.png 150w, https:\/\/agora.xtec.cat\/iesgoya\/wp-content\/uploads\/usu1752\/2025\/06\/Institut-Fco-Goya-1-768x768.png 768w\" sizes=\"auto, (max-width: 1000px) 100vw, 1000px\" \/><\/a><\/h3>\n<h2><\/h2>\n<h2><strong>3r i 4t d&#8217;ESO i 1r i 2n Batxillerat &#8211; EOI (Escola Oficial d&#8217;Idiomes)<\/strong><\/h2>\n<h3>Cursos especials adre\u00e7ats a l&#8217;alumnat a partir de 14 anys.<\/h3>\n<p>Consulteu la p\u00e0gina oficial del centre: <a href=\"https:\/\/eoiguinardo.cat\/oferta-formativa\/cursos-especials\/\">https:\/\/eoiguinardo.cat\/oferta-formativa\/cursos-especials\/<\/a><\/p>\n<p>&nbsp;<\/p>\n<ul>\n<li style=\"list-style-type: none;\"><\/li>\n<\/ul>\n<p>&nbsp;<\/p>\n","protected":false},"excerpt":{"rendered":"<p>Hi ha dues propostes d&#8217;extraescolars d&#8217;angl\u00e8s:<\/p>\n<ul>\n<li>1r\u00a0 i 2n d&#8217;ESO : Es realitza a l&#8217;institut a trav\u00e9s d&#8217;una empresa contractada per l&#8217;AFA.<\/li>\n<li>3r\u00a0 i 4t d&#8217;ESO i 1r i 2n de Batxillerat: les Escoles Oficials d&#8217;Idiomes de Barcelona fan una proposta d&#8217;extraescolars d&#8217;angl\u00e8s per a l&#8217;alumnat de&hellip;  <a href=\"https:\/\/agora.xtec.cat\/iesgoya\/lafa\/comissions-afa\/extraescolars-dangles\/\" title=\"Read Extraescolars d&#8217;angl\u00e8s\">Llegeix m\u00e9s\u00bb<\/a><br \/>\n","protected":false},"author":98,"featured_media":0,"parent":5790,"menu_order":6,"comment_status":"closed","ping_status":"closed","template":"page-templates\/side-menu.php","meta":{"_bbp_topic_count":0,"_bbp_reply_count":0,"_bbp_total_topic_count":0,"_bbp_total_reply_count":0,"_bbp_voice_count":0,"_bbp_anonymous_reply_count":0,"_bbp_topic_count_hidden":0,"_bbp_reply_count_hidden":0,"_bbp_forum_subforum_count":0,"footnotes":""},"class_list":["post-5806","page","type-page","status-publish","hentry"],"post_mailing_queue_ids":[],"_links":{"self":[{"href":"https:\/\/agora.xtec.cat\/iesgoya\/wp-json\/wp\/v2\/pages\/5806","targetHints":{"allow":["GET"]}}],"collection":[{"href":"https:\/\/agora.xtec.cat\/iesgoya\/wp-json\/wp\/v2\/pages"}],"about":[{"href":"https:\/\/agora.xtec.cat\/iesgoya\/wp-json\/wp\/v2\/types\/page"}],"author":[{"embeddable":true,"href":"https:\/\/agora.xtec.cat\/iesgoya\/wp-json\/wp\/v2\/users\/98"}],"replies":[{"embeddable":true,"href":"https:\/\/agora.xtec.cat\/iesgoya\/wp-json\/wp\/v2\/comments?post=5806"}],"version-history":[{"count":6,"href":"https:\/\/agora.xtec.cat\/iesgoya\/wp-json\/wp\/v2\/pages\/5806\/revisions"}],"predecessor-version":[{"id":7787,"href":"https:\/\/agora.xtec.cat\/iesgoya\/wp-json\/wp\/v2\/pages\/5806\/revisions\/7787"}],"up":[{"embeddable":true,"href":"https:\/\/agora.xtec.cat\/iesgoya\/wp-json\/wp\/v2\/pages\/5790"}],"wp:attachment":[{"href":"https:\/\/agora.xtec.cat\/iesgoya\/wp-json\/wp\/v2\/media?parent=5806"}],"curies":[{"name":"wp","href":"https:\/\/api.w.org\/{rel}","templated":true}]}}