{"id":5802,"date":"2023-04-02T15:18:22","date_gmt":"2023-04-02T13:18:22","guid":{"rendered":"https:\/\/agora.xtec.cat\/iesgoya\/?page_id=5802"},"modified":"2024-09-27T18:41:00","modified_gmt":"2024-09-27T16:41:00","slug":"comissio-dextraescolars","status":"publish","type":"page","link":"https:\/\/agora.xtec.cat\/iesgoya\/lafa\/comissions-afa\/comissio-dextraescolars\/","title":{"rendered":"Comissi\u00f3 d&#8217;extraescolars"},"content":{"rendered":"<p>Les extraescolars de l&#8217;AFA (Associaci\u00f3 de Fam\u00edlies d&#8217;Alumnes) son activitats que es realitzen fora de l&#8217;horari lectiu de l&#8217;escola i que s\u2019organitzen amb la finalitat de complementar l&#8217;educaci\u00f3 formal i de fomentar el desenvolupament integral de l\u2019alumnat.<\/p>\n<p>Les activitats extraescolars de l&#8217;AFA poden incloure diferents \u00e0mbits, com ara l\u2019esportiu, l\u2019art\u00edstic, l\u2019idiom\u00e0tic, etc..<\/p>\n<p><strong>Actualment l&#8217;AFA ofereix les seg\u00fcents extraescolars:<\/strong><\/p>\n<p>&#8211;<strong>Extraescolars esportives<\/strong>: <a href=\"https:\/\/agora.xtec.cat\/iesgoya\/lafa\/comissions-afa\/extraescolars-esportives\/\">https:\/\/agora.xtec.cat\/iesgoya\/lafa\/comissions-afa\/extraescolars-esportives\/https:\/\/agora.xtec.cat\/iesgoya\/lafa\/comissions-afa\/extraescolars-es\u2026s-curs-2024-2025\/<\/a><\/p>\n<p><span style=\"color: #00ff00;\"><strong>Contacte de l\u2019AFA d\u2019extraescolars esportives<\/strong><\/span>: <a href=\"https:\/\/agora.xtec.cat\/iesgoya\/lafa\/comissions-afa\/extraescolars-esportives-curs-2024-2025\/esportivesafagoya@gmail.com\">esportivesafagoya<span class=\"atwho-query\">@gmail.com<\/span><\/a><\/p>\n<p>&#8211;<strong>Extraescolars d&#8217;angl\u00e8s<\/strong>:<a href=\"https:\/\/agora.xtec.cat\/iesgoya\/lafa\/comissions-afa\/extraescolars-dangles\/\">https:\/\/agora.xtec.cat\/iesgoya\/lafa\/comissions-afa\/extraescolars-dangles\/<\/a><\/p>\n<p><span style=\"color: #00ff00;\"><strong>Contacte de l\u2019AFA d\u2019extraescolar d&#8217;angl\u00e8s<\/strong><\/span>: <a href=\"mailto:anglesafagoya@gmail.com\">anglesafagoya@gmail.com<\/a><\/p>\n<p><strong>Les extraescolars de l&#8217;AFA tenen com a objectius<\/strong>:<\/p>\n<p>-Fomentar la formaci\u00f3 integral dels alumnes afavorint el seu desenvolupament cognitiu, f\u00edsic i emocional.<br \/>\n-Potenciar l&#8217;aprenentatge no formal, complementant l&#8217;educaci\u00f3 formal impartida a l&#8217;escola.<br \/>\n-Oferir als alumnes la possibilitat d&#8217;explorar nous interessos i desenvolupar noves habilitats.<br \/>\n-Promoure la socialitzaci\u00f3 i la conviv\u00e8ncia entre els alumnes afavorint la cohesi\u00f3 i el treball en equip.<br \/>\n-Donar suport a les fam\u00edlies en la conciliaci\u00f3 de la vida laboral i familiar oferint activitats pels alumnes fora de l&#8217;horari lectiu.<\/p>\n<p>&nbsp;<\/p>\n","protected":false},"excerpt":{"rendered":"<p>Les extraescolars de l&#8217;AFA (Associaci\u00f3 de Fam\u00edlies d&#8217;Alumnes) son activitats que es realitzen fora de l&#8217;horari lectiu de l&#8217;escola i que s\u2019organitzen amb la finalitat de complementar l&#8217;educaci\u00f3 formal i de fomentar el desenvolupament integral de l\u2019alumnat.<br \/>\nLes activitats extraescolars de l&#8217;AFA poden incloure diferents \u00e0mbits,&hellip;  <a href=\"https:\/\/agora.xtec.cat\/iesgoya\/lafa\/comissions-afa\/comissio-dextraescolars\/\" title=\"Read Comissi\u00f3 d&#8217;extraescolars\">Llegeix m\u00e9s\u00bb<\/a><\/p>\n","protected":false},"author":98,"featured_media":0,"parent":5790,"menu_order":5,"comment_status":"closed","ping_status":"closed","template":"page-templates\/side-menu.php","meta":{"_bbp_topic_count":0,"_bbp_reply_count":0,"_bbp_total_topic_count":0,"_bbp_total_reply_count":0,"_bbp_voice_count":0,"_bbp_anonymous_reply_count":0,"_bbp_topic_count_hidden":0,"_bbp_reply_count_hidden":0,"_bbp_forum_subforum_count":0,"footnotes":""},"class_list":["post-5802","page","type-page","status-publish","hentry"],"post_mailing_queue_ids":[],"_links":{"self":[{"href":"https:\/\/agora.xtec.cat\/iesgoya\/wp-json\/wp\/v2\/pages\/5802","targetHints":{"allow":["GET"]}}],"collection":[{"href":"https:\/\/agora.xtec.cat\/iesgoya\/wp-json\/wp\/v2\/pages"}],"about":[{"href":"https:\/\/agora.xtec.cat\/iesgoya\/wp-json\/wp\/v2\/types\/page"}],"author":[{"embeddable":true,"href":"https:\/\/agora.xtec.cat\/iesgoya\/wp-json\/wp\/v2\/users\/98"}],"replies":[{"embeddable":true,"href":"https:\/\/agora.xtec.cat\/iesgoya\/wp-json\/wp\/v2\/comments?post=5802"}],"version-history":[{"count":6,"href":"https:\/\/agora.xtec.cat\/iesgoya\/wp-json\/wp\/v2\/pages\/5802\/revisions"}],"predecessor-version":[{"id":6104,"href":"https:\/\/agora.xtec.cat\/iesgoya\/wp-json\/wp\/v2\/pages\/5802\/revisions\/6104"}],"up":[{"embeddable":true,"href":"https:\/\/agora.xtec.cat\/iesgoya\/wp-json\/wp\/v2\/pages\/5790"}],"wp:attachment":[{"href":"https:\/\/agora.xtec.cat\/iesgoya\/wp-json\/wp\/v2\/media?parent=5802"}],"curies":[{"name":"wp","href":"https:\/\/api.w.org\/{rel}","templated":true}]}}