{"id":5800,"date":"2023-04-02T15:17:47","date_gmt":"2023-04-02T13:17:47","guid":{"rendered":"https:\/\/agora.xtec.cat\/iesgoya\/?page_id=5800"},"modified":"2025-06-04T13:53:45","modified_gmt":"2025-06-04T11:53:45","slug":"comissio-de-llibres","status":"publish","type":"page","link":"https:\/\/agora.xtec.cat\/iesgoya\/lafa\/comissions-afa\/comissio-de-llibres\/","title":{"rendered":"Comissi\u00f3 de llibres"},"content":{"rendered":"<p>L\u2019AFA i la direcci\u00f3 del centre<u> hem decidit canviar d&#8217;empresa subministradora de llibres de text per l&#8217;alumnat<\/u>\u00a0i hem contractat els serveis IDDINK per comprar i reutilitzar els llibres de text\u00a0d\u2019ESO\u00a0i Batxillerat.<\/p>\n<p>La proposta de l\u2019empresa IDDINK ofereix dues opcions a les fam\u00edlies:<\/p>\n<ol>\n<li>Comprar llibres nous.<\/li>\n<li>Comprar llibres reutilitzables (ecoBooks), amb un estalvi de fins el 55%.<\/li>\n<\/ol>\n<p>El sistema que ofereix Iddink \u00e9s flexible, i ens permet escollir, llibre a llibre, si es vol nou o ecoBook. A la mateixa plataforma tamb\u00e9 podrem pagar la quota de l&#8217;Afa i adquirir la resta de material necessari del curs vinent.<\/p>\n<p>Les comandes es poden fer per dues vies diferents:<\/p>\n<ol>\n<li>Accedint al web Iddink.cat.<\/li>\n<li>Venint al centre el 25 de juny de 9.30 a 14h a la biblioteca, on Iddink\u00a0disposar\u00e0 de personal per atendre les fam\u00edlies.<\/li>\n<\/ol>\n<p>Iddink permet pagar en el moment de fer les comandes o b\u00e9 diferir el pagament segons ens convingui. A m\u00e9s, tamb\u00e9 podrem fer servir el Val Escolar per abaratir la comanda.<\/p>\n<p>Aqu\u00ed teniu un<strong><u>\u00a0tutorial que explica com fer-ho<\/u><\/strong>:\u00a0<a href=\"https:\/\/support.iddink.es\/ca\/support\/solutions\/articles\/5000834716-com-i-quan-fer-una-comanda-\" data-saferedirecturl=\"https:\/\/www.google.com\/url?q=https:\/\/support.iddink.es\/ca\/support\/solutions\/articles\/5000834716-com-i-quan-fer-una-comanda-&amp;source=gmail&amp;ust=1749123122917000&amp;usg=AOvVaw2Kq8TJJvJxyRUMvTkD2ZMY\">Com i quan fer una comanda?<\/a><\/p>\n<p><strong>Aqu\u00ed trobareu informaci\u00f3 m\u00e9s detallada sobre com comprar i com vendre posteriorment els llibres:<\/strong><\/p>\n<p><strong><a href=\"https:\/\/agora.xtec.cat\/iesgoya\/general\/nova-empresa-subministradora-de-llibres\/attachment\/com-comprar\/\" rel=\"attachment wp-att-7706\">COM COMPRAR<\/a><\/strong><\/p>\n<p><strong><a href=\"https:\/\/agora.xtec.cat\/iesgoya\/general\/nova-empresa-subministradora-de-llibres\/attachment\/com-vendre-francisco-de-goya\/\" rel=\"attachment wp-att-7705\">COM VENDRE\u00a0<\/a><\/strong><\/p>\n<p><strong>Les funcions del banc de llibres son:<\/strong><\/p>\n<p>&#8211; Previsi\u00f3 de les exist\u00e8ncies de llibres d\u2019ESO i compra dels llibres de Batxillerat.<\/p>\n<p>&#8211; Confecci\u00f3 i control d\u2019una base de dades en Access.<\/p>\n<p>&#8211; Compres de materials necessaris pel manteniment del banc.<\/p>\n<p>&#8211; Coordinaci\u00f3 amb l\u2019Institut i tresoreria.<\/p>\n<p>&#8211; Atenci\u00f3 correu electr\u00f2nic del banc de llibres: <a href=\"mailto:llibresiesgoya@gmail.com\">llibresiesgoya@gmail.com<\/a><\/p>\n<p><strong>En coordinaci\u00f3 amb la secretaria de l\u2019institut porten a terme les seg\u00fcents funcions:<\/strong><\/p>\n<p>-Feines puntuals per a les que es necessita suport m\u00e9s ampli.<\/p>\n<p>-Recollida i tria dels llibres a reutilitzar.<\/p>\n<p>-Registre, preparaci\u00f3 de lots i repartiment de llibres.<\/p>\n<p>-Lliurament dels llibres entre els participants del projecte.<\/p>\n<p>&nbsp;<\/p>\n","protected":false},"excerpt":{"rendered":"<p>L\u2019AFA i la direcci\u00f3 del centre hem decidit canviar d&#8217;empresa subministradora de llibres de text per l&#8217;alumnat\u00a0i hem contractat els serveis IDDINK per comprar i reutilitzar els llibres de text\u00a0d\u2019ESO\u00a0i Batxillerat.<br \/>\nLa proposta de l\u2019empresa IDDINK ofereix dues opcions a les fam\u00edlies:<\/p>\n<ol>\n<li>Comprar llibres nous.<\/li>\n<li>Comprar llibres reutilitzables&hellip;  <a href=\"https:\/\/agora.xtec.cat\/iesgoya\/lafa\/comissions-afa\/comissio-de-llibres\/\" title=\"Read Comissi\u00f3 de llibres\">Llegeix m\u00e9s\u00bb<\/a><br \/>\n","protected":false},"author":98,"featured_media":0,"parent":5790,"menu_order":4,"comment_status":"closed","ping_status":"closed","template":"page-templates\/side-menu.php","meta":{"_bbp_topic_count":0,"_bbp_reply_count":0,"_bbp_total_topic_count":0,"_bbp_total_reply_count":0,"_bbp_voice_count":0,"_bbp_anonymous_reply_count":0,"_bbp_topic_count_hidden":0,"_bbp_reply_count_hidden":0,"_bbp_forum_subforum_count":0,"footnotes":""},"class_list":["post-5800","page","type-page","status-publish","hentry"],"post_mailing_queue_ids":[],"_links":{"self":[{"href":"https:\/\/agora.xtec.cat\/iesgoya\/wp-json\/wp\/v2\/pages\/5800","targetHints":{"allow":["GET"]}}],"collection":[{"href":"https:\/\/agora.xtec.cat\/iesgoya\/wp-json\/wp\/v2\/pages"}],"about":[{"href":"https:\/\/agora.xtec.cat\/iesgoya\/wp-json\/wp\/v2\/types\/page"}],"author":[{"embeddable":true,"href":"https:\/\/agora.xtec.cat\/iesgoya\/wp-json\/wp\/v2\/users\/98"}],"replies":[{"embeddable":true,"href":"https:\/\/agora.xtec.cat\/iesgoya\/wp-json\/wp\/v2\/comments?post=5800"}],"version-history":[{"count":5,"href":"https:\/\/agora.xtec.cat\/iesgoya\/wp-json\/wp\/v2\/pages\/5800\/revisions"}],"predecessor-version":[{"id":7714,"href":"https:\/\/agora.xtec.cat\/iesgoya\/wp-json\/wp\/v2\/pages\/5800\/revisions\/7714"}],"up":[{"embeddable":true,"href":"https:\/\/agora.xtec.cat\/iesgoya\/wp-json\/wp\/v2\/pages\/5790"}],"wp:attachment":[{"href":"https:\/\/agora.xtec.cat\/iesgoya\/wp-json\/wp\/v2\/media?parent=5800"}],"curies":[{"name":"wp","href":"https:\/\/api.w.org\/{rel}","templated":true}]}}