{"id":5796,"date":"2023-04-02T15:16:51","date_gmt":"2023-04-02T13:16:51","guid":{"rendered":"https:\/\/agora.xtec.cat\/iesgoya\/?page_id=5796"},"modified":"2025-07-03T20:40:57","modified_gmt":"2025-07-03T18:40:57","slug":"comissio-armariets","status":"publish","type":"page","link":"https:\/\/agora.xtec.cat\/iesgoya\/lafa\/comissions-afa\/comissio-armariets\/","title":{"rendered":"Comissi\u00f3 d&#8217;armariets"},"content":{"rendered":"<p>Aquesta comissi\u00f3 gestiona els armariets individuals en els quals l\u2019alumnat pot guardar les seves pertinences durant la jornada escolar.<\/p>\n<p><strong>Les funcions d&#8217;aquesta comissi\u00f3 son<\/strong>:<\/p>\n<ul>\n<li>Comprar i instal\u00b7lar els armariets individuals per l&#8217;alumnat a l&#8217;espai que l&#8217;institut hagi designat per a aquesta finalitat.<\/li>\n<li>Col\u00b7laborar amb l&#8217;institut en assignar els armariets a l&#8217;alumnat i vetllar perqu\u00e8 s&#8217;utilitzin adequadament.<\/li>\n<li>Supervisar l&#8217;estat dels armariets i reparar-los o reempla\u00e7ar-los quan sigui necessari.<\/li>\n<\/ul>\n<p><span style=\"font-weight: 400;\">Comissi\u00f3 d\u2019armariets:\u00a0<\/span><a href=\"mailto:armarietsiesgoya@gmail.com\"><span style=\"font-weight: 400;\">armarietsiesgoya@gmail.com<\/span><\/a><\/p>\n<p><strong><u>NORMATIVA DEL FUNCIONAMENT DEL SERVEI D\u2019ARMARIETS<\/u><\/strong><\/p>\n<p>L&#8217;alumnat soci de l&#8217;AFA t\u00e9 dret a un armariet per guardar el material escolar. L&#8217;assignaci\u00f3 de l&#8217;armariet es far\u00e0 amb el tutor\/a de classe el primer dia de curs, seguint les seves instruccions. <strong>No fa falta omplir cap formulari per tenir un armariet<\/strong>. Per tancar l&#8217;armariet, es necesita un cadenat que cal portar el primer dia de curs.<\/p>\n<p>Normes d&#8217;\u00fas: l&#8217;alumnat hi pot accedir abans de les 8 h, entre les 11 i les 11.30 h i al final de la jornada.<\/p>\n<p>Per tancar l\u2019armariet \u00e9s necessari fer servir un cadenat. Des de l&#8217;Afa recomanem que ens compreu a nosaltres l\u2019ABUS 78KC\/50, que \u00e9s un cadenat de combinaci\u00f3 amb garanties de recordatori que nosaltres tenim i us podem facilitar si l&#8217;heu oblidat. El podeu adquirir reutilitzat (uns 3 euros) o nou (uns 12 euros) si ens el sol\u00b7liciteu a aquest <a href=\"https:\/\/forms.gle\/EfCJxBgoYrFgc73H6\">formulari<\/a> obert fins el 3 de juliol de 2025.<\/p>\n<p>Si l&#8217;alumnat utilitza un cadenat propi ha de tenir en compte que per a qualsevol reparaci\u00f3 d&#8217;eixos o planxes \u00e9s necessari deixar l\u2019armariet obert. En cas de deixar el cadenat propi posat, quan fem el manteniment dels armariets al juliol, haurem de trencar-lo i s&#8217;haur\u00e0 de llen\u00e7ar.<\/p>\n<p>En acabar el curs, l&#8217;alumnat deixar\u00e0 l\u2019armariet obert, buit i net (tal i com el va trobar) i s&#8217;endur\u00e0 el cadenat per tornar-lo a utilitzar al mes de setembre seg\u00fcent.<\/p>\n<p><strong>Ni l&#8217;AFA ni el centre es faran responsables dels canvis d\u2019<\/strong><strong>armariet que no es comuniquin<\/strong>. <strong>L&#8217;AFA tampoc es far\u00e0 responsable de p\u00e8rdues, robatoris ni altres incid\u00e8ncies de cadenats derivades d\u2019un mal \u00fas, neglig\u00e8ncia o vandalisme. <\/strong>Per a resoldre qualsevol incid\u00e8ncia, l&#8217;alumnat o les fam\u00edlies hauran de contactar via correu electr\u00f2nic amb la comissi\u00f3 d\u2019armariets de l&#8217;AFA (<u><a href=\"mailto:armarietsiesgoya@gmail.com\">armarietsiesgoya@gmail.com<\/a><\/u>) indicant el nom, curs i n\u00famero de armariet. A consergeria podran atendre els problemes, per\u00f2 tenen poques possibilitats de resoldre&#8217;ls.<\/p>\n<p>L\u2019armariet \u00e9s un dels pocs espais d&#8217;\u00fas personal dels nostres fills i filles a l&#8217;institut. Al llarg del curs, l\u2019AFA supervisa i controla el bon estat dels armariets. Cal fomentar entre l\u2019alumnat la seva conservaci\u00f3, que dep\u00e8n en gran part, del tracte que se li d\u00f3na. Agra\u00efm a l&#8217;alumnat, a les fam\u00edlies i al personal del centre la col\u00b7laboraci\u00f3 a fi de millorar el servei que s&#8217;hi ofereix.<\/p>\n<p><span style=\"text-decoration: underline;\"><strong>TUTORIAL CADENAT ABUS 78KC\/50<\/strong><\/span><\/p>\n<div style=\"width: 854px;\" class=\"wp-video\"><!--[if lt IE 9]><script>document.createElement('video');<\/script><![endif]-->\n<video class=\"wp-video-shortcode\" id=\"video-5796-1\" width=\"854\" height=\"480\" preload=\"metadata\" controls=\"controls\"><source type=\"video\/mp4\" src=\"https:\/\/agora.xtec.cat\/iesgoya\/wp-content\/uploads\/usu1752\/2023\/09\/TUTORIAL-ABUS-78KC50.mp4?_=1\" \/><a href=\"https:\/\/agora.xtec.cat\/iesgoya\/wp-content\/uploads\/usu1752\/2023\/09\/TUTORIAL-ABUS-78KC50.mp4\">https:\/\/agora.xtec.cat\/iesgoya\/wp-content\/uploads\/usu1752\/2023\/09\/TUTORIAL-ABUS-78KC50.mp4<\/a><\/video><\/div>\n","protected":false},"excerpt":{"rendered":"<p>Aquesta comissi\u00f3 gestiona els armariets individuals en els quals l\u2019alumnat pot guardar les seves pertinences durant la jornada escolar.<br \/>\nLes funcions d&#8217;aquesta comissi\u00f3 son:<\/p>\n<ul>\n<li>Comprar i instal\u00b7lar els armariets individuals per l&#8217;alumnat a l&#8217;espai que l&#8217;institut hagi designat per a aquesta finalitat.<\/li>\n<li>Col\u00b7laborar amb l&#8217;institut en assignar els&hellip;  <a href=\"https:\/\/agora.xtec.cat\/iesgoya\/lafa\/comissions-afa\/comissio-armariets\/\" title=\"Read Comissi\u00f3 d&#8217;armariets\">Llegeix m\u00e9s\u00bb<\/a><br \/>\n","protected":false},"author":98,"featured_media":0,"parent":5790,"menu_order":2,"comment_status":"closed","ping_status":"closed","template":"page-templates\/side-menu.php","meta":{"_bbp_topic_count":0,"_bbp_reply_count":0,"_bbp_total_topic_count":0,"_bbp_total_reply_count":0,"_bbp_voice_count":0,"_bbp_anonymous_reply_count":0,"_bbp_topic_count_hidden":0,"_bbp_reply_count_hidden":0,"_bbp_forum_subforum_count":0,"footnotes":""},"class_list":["post-5796","page","type-page","status-publish","hentry"],"post_mailing_queue_ids":[],"_links":{"self":[{"href":"https:\/\/agora.xtec.cat\/iesgoya\/wp-json\/wp\/v2\/pages\/5796","targetHints":{"allow":["GET"]}}],"collection":[{"href":"https:\/\/agora.xtec.cat\/iesgoya\/wp-json\/wp\/v2\/pages"}],"about":[{"href":"https:\/\/agora.xtec.cat\/iesgoya\/wp-json\/wp\/v2\/types\/page"}],"author":[{"embeddable":true,"href":"https:\/\/agora.xtec.cat\/iesgoya\/wp-json\/wp\/v2\/users\/98"}],"replies":[{"embeddable":true,"href":"https:\/\/agora.xtec.cat\/iesgoya\/wp-json\/wp\/v2\/comments?post=5796"}],"version-history":[{"count":6,"href":"https:\/\/agora.xtec.cat\/iesgoya\/wp-json\/wp\/v2\/pages\/5796\/revisions"}],"predecessor-version":[{"id":7845,"href":"https:\/\/agora.xtec.cat\/iesgoya\/wp-json\/wp\/v2\/pages\/5796\/revisions\/7845"}],"up":[{"embeddable":true,"href":"https:\/\/agora.xtec.cat\/iesgoya\/wp-json\/wp\/v2\/pages\/5790"}],"wp:attachment":[{"href":"https:\/\/agora.xtec.cat\/iesgoya\/wp-json\/wp\/v2\/media?parent=5796"}],"curies":[{"name":"wp","href":"https:\/\/api.w.org\/{rel}","templated":true}]}}