{"id":5793,"date":"2023-04-02T15:16:06","date_gmt":"2023-04-02T13:16:06","guid":{"rendered":"https:\/\/agora.xtec.cat\/iesgoya\/?page_id=5793"},"modified":"2023-09-13T12:13:09","modified_gmt":"2023-09-13T10:13:09","slug":"comissio-cultura","status":"publish","type":"page","link":"https:\/\/agora.xtec.cat\/iesgoya\/lafa\/comissions-afa\/comissio-cultura\/","title":{"rendered":"Comissi\u00f3 cultura"},"content":{"rendered":"<p>La comissi\u00f3 de cultura de l&#8217;AFA planifica i organitza xerrades per a les fam\u00edlies a l&#8217;institut.<\/p>\n<p>Intentem fer dues o tres xerrades cada curs sobre temes que decidim a la junta i creiem que poden ser d&#8217;inter\u00e8s per a tothom.<\/p>\n<p>Si vols proposar un tema per a una propera xerrada, assisteix a la reuni\u00f3 de la junta el primer dijous de cada mes o escriu-nos un correu a: <a href=\"mailto:afaiesgoya@gmail.com\">afaiesgoya@gmail.com.<\/a><\/p>\n","protected":false},"excerpt":{"rendered":"<p>La comissi\u00f3 de cultura de l&#8217;AFA planifica i organitza xerrades per a les fam\u00edlies a l&#8217;institut.<br \/>\nIntentem fer dues o tres xerrades cada curs sobre temes que decidim a la junta i creiem que poden ser d&#8217;inter\u00e8s per a tothom.<br \/>\nSi vols proposar un tema per a&hellip;  <a href=\"https:\/\/agora.xtec.cat\/iesgoya\/lafa\/comissions-afa\/comissio-cultura\/\" title=\"Read Comissi\u00f3 cultura\">Llegeix m\u00e9s\u00bb<\/a><\/p>\n","protected":false},"author":98,"featured_media":0,"parent":5790,"menu_order":1,"comment_status":"closed","ping_status":"closed","template":"page-templates\/side-menu.php","meta":{"_bbp_topic_count":0,"_bbp_reply_count":0,"_bbp_total_topic_count":0,"_bbp_total_reply_count":0,"_bbp_voice_count":0,"_bbp_anonymous_reply_count":0,"_bbp_topic_count_hidden":0,"_bbp_reply_count_hidden":0,"_bbp_forum_subforum_count":0,"footnotes":""},"class_list":["post-5793","page","type-page","status-publish","hentry"],"post_mailing_queue_ids":[],"_links":{"self":[{"href":"https:\/\/agora.xtec.cat\/iesgoya\/wp-json\/wp\/v2\/pages\/5793","targetHints":{"allow":["GET"]}}],"collection":[{"href":"https:\/\/agora.xtec.cat\/iesgoya\/wp-json\/wp\/v2\/pages"}],"about":[{"href":"https:\/\/agora.xtec.cat\/iesgoya\/wp-json\/wp\/v2\/types\/page"}],"author":[{"embeddable":true,"href":"https:\/\/agora.xtec.cat\/iesgoya\/wp-json\/wp\/v2\/users\/98"}],"replies":[{"embeddable":true,"href":"https:\/\/agora.xtec.cat\/iesgoya\/wp-json\/wp\/v2\/comments?post=5793"}],"version-history":[{"count":4,"href":"https:\/\/agora.xtec.cat\/iesgoya\/wp-json\/wp\/v2\/pages\/5793\/revisions"}],"predecessor-version":[{"id":6376,"href":"https:\/\/agora.xtec.cat\/iesgoya\/wp-json\/wp\/v2\/pages\/5793\/revisions\/6376"}],"up":[{"embeddable":true,"href":"https:\/\/agora.xtec.cat\/iesgoya\/wp-json\/wp\/v2\/pages\/5790"}],"wp:attachment":[{"href":"https:\/\/agora.xtec.cat\/iesgoya\/wp-json\/wp\/v2\/media?parent=5793"}],"curies":[{"name":"wp","href":"https:\/\/api.w.org\/{rel}","templated":true}]}}