{"id":5786,"date":"2023-04-02T15:13:59","date_gmt":"2023-04-02T13:13:59","guid":{"rendered":"https:\/\/agora.xtec.cat\/iesgoya\/?page_id=5786"},"modified":"2023-06-09T11:50:14","modified_gmt":"2023-06-09T09:50:14","slug":"secretaria","status":"publish","type":"page","link":"https:\/\/agora.xtec.cat\/iesgoya\/lafa\/la-junta-de-lafa\/secretaria\/","title":{"rendered":"Secretaria"},"content":{"rendered":"<p><span style=\"font-weight: 400;\">La secretaria de l&#8217;AFA \u00e9s l&#8217; \u00e0rea encarregada de la gesti\u00f3 administrativa i de les comunicacions, i forma part de la junta directiva de l&#8217;AFA. Garanteix que els processos i les activitats de l&#8217;organitzaci\u00f3 es desenvolupin amb efic\u00e0cia i transpar\u00e8ncia.<\/span><\/p>\n<p><strong>Les funcions de la secretari\/a de l&#8217;AFA son:<\/strong><span style=\"font-weight: 400;\"><br \/>\n<\/span><\/p>\n<ul>\n<li>Estendre l\u2019acta de les reunions de la junta directiva i de l&#8217;assemblea general de l&#8217;associaci\u00f3, aix\u00ed com de les decisions que s&#8217;hi prenen.<\/li>\n<li>Mantenir actualitzat el llistat de socis i col\u00b7laboradors de l&#8217;associaci\u00f3.<\/li>\n<li>Coordinar les comunicacions internes i externes de l&#8217;associaci\u00f3.<\/li>\n<li>Mantenir l&#8217;arxiu documental de l&#8217;associaci\u00f3 i garantir la confidencialitat i la protecci\u00f3 de les dades personals dels membres de l&#8217;associaci\u00f3.<\/li>\n<li>Realitzar altres tasques administratives que pugui necessitar l&#8217;associaci\u00f3.<\/li>\n<\/ul>\n","protected":false},"excerpt":{"rendered":"<p>La secretaria de l&#8217;AFA \u00e9s l&#8217; \u00e0rea encarregada de la gesti\u00f3 administrativa i de les comunicacions, i forma part de la junta directiva de l&#8217;AFA. Garanteix que els processos i les activitats de l&#8217;organitzaci\u00f3 es desenvolupin amb efic\u00e0cia i transpar\u00e8ncia.<br \/>\nLes funcions de la secretari\/a de&hellip;  <a href=\"https:\/\/agora.xtec.cat\/iesgoya\/lafa\/la-junta-de-lafa\/secretaria\/\" title=\"Read Secretaria\">Llegeix m\u00e9s\u00bb<\/a><\/p>\n","protected":false},"author":98,"featured_media":0,"parent":5776,"menu_order":5,"comment_status":"closed","ping_status":"closed","template":"page-templates\/side-menu.php","meta":{"_bbp_topic_count":0,"_bbp_reply_count":0,"_bbp_total_topic_count":0,"_bbp_total_reply_count":0,"_bbp_voice_count":0,"_bbp_anonymous_reply_count":0,"_bbp_topic_count_hidden":0,"_bbp_reply_count_hidden":0,"_bbp_forum_subforum_count":0,"footnotes":""},"class_list":["post-5786","page","type-page","status-publish","hentry"],"post_mailing_queue_ids":[],"_links":{"self":[{"href":"https:\/\/agora.xtec.cat\/iesgoya\/wp-json\/wp\/v2\/pages\/5786","targetHints":{"allow":["GET"]}}],"collection":[{"href":"https:\/\/agora.xtec.cat\/iesgoya\/wp-json\/wp\/v2\/pages"}],"about":[{"href":"https:\/\/agora.xtec.cat\/iesgoya\/wp-json\/wp\/v2\/types\/page"}],"author":[{"embeddable":true,"href":"https:\/\/agora.xtec.cat\/iesgoya\/wp-json\/wp\/v2\/users\/98"}],"replies":[{"embeddable":true,"href":"https:\/\/agora.xtec.cat\/iesgoya\/wp-json\/wp\/v2\/comments?post=5786"}],"version-history":[{"count":3,"href":"https:\/\/agora.xtec.cat\/iesgoya\/wp-json\/wp\/v2\/pages\/5786\/revisions"}],"predecessor-version":[{"id":6071,"href":"https:\/\/agora.xtec.cat\/iesgoya\/wp-json\/wp\/v2\/pages\/5786\/revisions\/6071"}],"up":[{"embeddable":true,"href":"https:\/\/agora.xtec.cat\/iesgoya\/wp-json\/wp\/v2\/pages\/5776"}],"wp:attachment":[{"href":"https:\/\/agora.xtec.cat\/iesgoya\/wp-json\/wp\/v2\/media?parent=5786"}],"curies":[{"name":"wp","href":"https:\/\/api.w.org\/{rel}","templated":true}]}}