{"id":5784,"date":"2023-04-02T15:13:23","date_gmt":"2023-04-02T13:13:23","guid":{"rendered":"https:\/\/agora.xtec.cat\/iesgoya\/?page_id=5784"},"modified":"2023-06-08T09:58:25","modified_gmt":"2023-06-08T07:58:25","slug":"tresoreria","status":"publish","type":"page","link":"https:\/\/agora.xtec.cat\/iesgoya\/lafa\/la-junta-de-lafa\/tresoreria\/","title":{"rendered":"Tresoreria"},"content":{"rendered":"<p><span style=\"font-weight: 400;\">La tresoreria de l&#8217;AFA s\u2019encarrega de la gesti\u00f3 econ\u00f2mica i financera. Ha de vetllar per la correcta gesti\u00f3 dels recursos econ\u00f2mics de l&#8217;organitzaci\u00f3 i garantir la seva sostenibilitat i transpar\u00e8ncia per a la consecuci\u00f3 dels seus objectius.<\/span><span style=\"font-weight: 400;\"><br \/>\n<\/span><span style=\"font-weight: 400;\"><br \/>\n<\/span><strong>Les funcions de la tresoreria de l&#8217;AFA son:<\/strong><\/p>\n<ul>\n<li style=\"font-weight: 400;\" aria-level=\"1\"><span style=\"font-weight: 400;\">Gesti\u00f3 de la tresoreria de l\u2019AFA: pagaments, cobraments i transfer\u00e8ncies banc\u00e0ries.<\/span><\/li>\n<li style=\"font-weight: 400;\" aria-level=\"1\"><span style=\"font-weight: 400;\">Enlla\u00e7 amb ASSAICE (llibres) per la correcta gesti\u00f3 dels ingressos i despeses.<\/span><\/li>\n<li style=\"font-weight: 400;\" aria-level=\"1\"><span style=\"font-weight: 400;\">Control de les despeses de l\u2019AFA (execuci\u00f3 pressupost).<\/span><\/li>\n<li style=\"font-weight: 400;\" aria-level=\"1\"><span style=\"font-weight: 400;\">Gesti\u00f3 de les demandes econ\u00f2miques o materials de l\u2019Institut.<\/span><\/li>\n<li><span style=\"font-weight: 400;\">Registrar les entrades i les despeses de l&#8217;associaci\u00f3 i mantenir la documentaci\u00f3 i els justificants corresponents.<\/span><\/li>\n<li style=\"font-weight: 400;\" aria-level=\"1\"><span style=\"font-weight: 400;\">Preparaci\u00f3 dels comptes anuals i del pressupost per a la seva aprovaci\u00f3 en Assemblea<\/span><\/li>\n<\/ul>\n","protected":false},"excerpt":{"rendered":"<p>La tresoreria de l&#8217;AFA s\u2019encarrega de la gesti\u00f3 econ\u00f2mica i financera. Ha de vetllar per la correcta gesti\u00f3 dels recursos econ\u00f2mics de l&#8217;organitzaci\u00f3 i garantir la seva sostenibilitat i transpar\u00e8ncia per a la consecuci\u00f3 dels seus objectius.<\/p>\n<p>Les funcions de la tresoreria de l&#8217;AFA son:<\/p>\n<ul>\n<li style=\"font-weight:&hellip;  <a href=\"https:\/\/agora.xtec.cat\/iesgoya\/lafa\/la-junta-de-lafa\/tresoreria\/\" title=\"Read Tresoreria\">Llegeix m\u00e9s\u00bb<\/a><br \/>\n","protected":false},"author":98,"featured_media":0,"parent":5776,"menu_order":4,"comment_status":"closed","ping_status":"closed","template":"page-templates\/side-menu.php","meta":{"_bbp_topic_count":0,"_bbp_reply_count":0,"_bbp_total_topic_count":0,"_bbp_total_reply_count":0,"_bbp_voice_count":0,"_bbp_anonymous_reply_count":0,"_bbp_topic_count_hidden":0,"_bbp_reply_count_hidden":0,"_bbp_forum_subforum_count":0,"footnotes":""},"class_list":["post-5784","page","type-page","status-publish","hentry"],"post_mailing_queue_ids":[],"_links":{"self":[{"href":"https:\/\/agora.xtec.cat\/iesgoya\/wp-json\/wp\/v2\/pages\/5784","targetHints":{"allow":["GET"]}}],"collection":[{"href":"https:\/\/agora.xtec.cat\/iesgoya\/wp-json\/wp\/v2\/pages"}],"about":[{"href":"https:\/\/agora.xtec.cat\/iesgoya\/wp-json\/wp\/v2\/types\/page"}],"author":[{"embeddable":true,"href":"https:\/\/agora.xtec.cat\/iesgoya\/wp-json\/wp\/v2\/users\/98"}],"replies":[{"embeddable":true,"href":"https:\/\/agora.xtec.cat\/iesgoya\/wp-json\/wp\/v2\/comments?post=5784"}],"version-history":[{"count":3,"href":"https:\/\/agora.xtec.cat\/iesgoya\/wp-json\/wp\/v2\/pages\/5784\/revisions"}],"predecessor-version":[{"id":6034,"href":"https:\/\/agora.xtec.cat\/iesgoya\/wp-json\/wp\/v2\/pages\/5784\/revisions\/6034"}],"up":[{"embeddable":true,"href":"https:\/\/agora.xtec.cat\/iesgoya\/wp-json\/wp\/v2\/pages\/5776"}],"wp:attachment":[{"href":"https:\/\/agora.xtec.cat\/iesgoya\/wp-json\/wp\/v2\/media?parent=5784"}],"curies":[{"name":"wp","href":"https:\/\/api.w.org\/{rel}","templated":true}]}}