{"id":5782,"date":"2023-04-02T15:13:00","date_gmt":"2023-04-02T13:13:00","guid":{"rendered":"https:\/\/agora.xtec.cat\/iesgoya\/?page_id=5782"},"modified":"2023-06-11T12:11:04","modified_gmt":"2023-06-11T10:11:04","slug":"vocals","status":"publish","type":"page","link":"https:\/\/agora.xtec.cat\/iesgoya\/lafa\/la-junta-de-lafa\/vocals\/","title":{"rendered":"Vocals"},"content":{"rendered":"<p><span style=\"font-weight: 400;\">Un vocal de l&#8217;Associaci\u00f3 de Fam\u00edlies d&#8217;Alumnes (AFA) t\u00e9 com a funci\u00f3 principal col\u00b7laborar amb la resta de membres de la junta en la gesti\u00f3 i coordinaci\u00f3 de les activitats i projectes de l&#8217;associaci\u00f3. <\/span><\/p>\n<p><strong>Les tasques d&#8217;un vocal son:<\/strong><\/p>\n<p><span style=\"font-weight: 400;\">-Assistir i participar en les reunions de la junta directiva.<\/span><span style=\"font-weight: 400;\"><br \/>\n<\/span><span style=\"font-weight: 400;\">-Contribuir en la planificaci\u00f3 i organitzaci\u00f3 de les activitats i projectes de l&#8217;associaci\u00f3.<\/span><span style=\"font-weight: 400;\"><br \/>\n<\/span><span style=\"font-weight: 400;\">-Coordinar i supervisar les tasques assignades.<\/span><span style=\"font-weight: 400;\"><br \/>\n<\/span><span style=\"font-weight: 400;\">-Representar l&#8217;associaci\u00f3 en activitats i esdeveniments relacionats amb l&#8217;educaci\u00f3 dels alumnes.<\/span><span style=\"font-weight: 400;\"><br \/>\n<\/span><span style=\"font-weight: 400;\">-Col\u00b7laborar en la difusi\u00f3 de les activitats de l&#8217;associaci\u00f3 i promoure la participaci\u00f3 dels membres de la comunitat educativa.<\/span><span style=\"font-weight: 400;\"><br \/>\n<\/span><\/p>\n","protected":false},"excerpt":{"rendered":"<p>Un vocal de l&#8217;Associaci\u00f3 de Fam\u00edlies d&#8217;Alumnes (AFA) t\u00e9 com a funci\u00f3 principal col\u00b7laborar amb la resta de membres de la junta en la gesti\u00f3 i coordinaci\u00f3 de les activitats i projectes de l&#8217;associaci\u00f3.<br \/>\nLes tasques d&#8217;un vocal son:<br \/>\n-Assistir i participar en les reunions de&hellip;  <a href=\"https:\/\/agora.xtec.cat\/iesgoya\/lafa\/la-junta-de-lafa\/vocals\/\" title=\"Read Vocals\">Llegeix m\u00e9s\u00bb<\/a><\/p>\n","protected":false},"author":98,"featured_media":0,"parent":5776,"menu_order":3,"comment_status":"closed","ping_status":"closed","template":"page-templates\/side-menu.php","meta":{"_bbp_topic_count":0,"_bbp_reply_count":0,"_bbp_total_topic_count":0,"_bbp_total_reply_count":0,"_bbp_voice_count":0,"_bbp_anonymous_reply_count":0,"_bbp_topic_count_hidden":0,"_bbp_reply_count_hidden":0,"_bbp_forum_subforum_count":0,"footnotes":""},"class_list":["post-5782","page","type-page","status-publish","hentry"],"post_mailing_queue_ids":[],"_links":{"self":[{"href":"https:\/\/agora.xtec.cat\/iesgoya\/wp-json\/wp\/v2\/pages\/5782","targetHints":{"allow":["GET"]}}],"collection":[{"href":"https:\/\/agora.xtec.cat\/iesgoya\/wp-json\/wp\/v2\/pages"}],"about":[{"href":"https:\/\/agora.xtec.cat\/iesgoya\/wp-json\/wp\/v2\/types\/page"}],"author":[{"embeddable":true,"href":"https:\/\/agora.xtec.cat\/iesgoya\/wp-json\/wp\/v2\/users\/98"}],"replies":[{"embeddable":true,"href":"https:\/\/agora.xtec.cat\/iesgoya\/wp-json\/wp\/v2\/comments?post=5782"}],"version-history":[{"count":3,"href":"https:\/\/agora.xtec.cat\/iesgoya\/wp-json\/wp\/v2\/pages\/5782\/revisions"}],"predecessor-version":[{"id":6107,"href":"https:\/\/agora.xtec.cat\/iesgoya\/wp-json\/wp\/v2\/pages\/5782\/revisions\/6107"}],"up":[{"embeddable":true,"href":"https:\/\/agora.xtec.cat\/iesgoya\/wp-json\/wp\/v2\/pages\/5776"}],"wp:attachment":[{"href":"https:\/\/agora.xtec.cat\/iesgoya\/wp-json\/wp\/v2\/media?parent=5782"}],"curies":[{"name":"wp","href":"https:\/\/api.w.org\/{rel}","templated":true}]}}