{"id":5778,"date":"2023-04-02T15:12:16","date_gmt":"2023-04-02T13:12:16","guid":{"rendered":"https:\/\/agora.xtec.cat\/iesgoya\/?page_id=5778"},"modified":"2023-06-11T12:14:20","modified_gmt":"2023-06-11T10:14:20","slug":"presidencia","status":"publish","type":"page","link":"https:\/\/agora.xtec.cat\/iesgoya\/lafa\/la-junta-de-lafa\/presidencia\/","title":{"rendered":"Presid\u00e8ncia"},"content":{"rendered":"<p><span style=\"font-weight: 400;\">El president\/a de l&#8217;AFA (Associaci\u00f3 de Fam\u00edlies d&#8217;Alumnes) \u00e9s la persona encarregada de coordinar i representar l&#8217;associaci\u00f3 davant de les institucions educatives, les administracions p\u00fabliques, altres associacions i organismes relacionats.<\/span><span style=\"font-weight: 400;\"><br \/>\n<\/span><span style=\"font-weight: 400;\"><br \/>\n<\/span><strong>Les funcions del president\/a de l&#8217;AFA son:<\/strong><span style=\"font-weight: 400;\"><br \/>\n<\/span><span style=\"font-weight: 400;\"><br \/>\n<\/span><span style=\"font-weight: 400;\">-Presidir les reunions de la junta directiva i de l&#8217;assemblea general de l&#8217;associaci\u00f3.<\/span><span style=\"font-weight: 400;\"><br \/>\n<\/span><span style=\"font-weight: 400;\">-Coordinar les tasques dels membres de la junta directiva.<\/span><span style=\"font-weight: 400;\"><br \/>\n<\/span><span style=\"font-weight: 400;\">-Representar l&#8217;associaci\u00f3 davant de les institucions educatives, les administracions p\u00fabliques, altres associacions i organismes relacionats.<\/span><span style=\"font-weight: 400;\"><br \/>\n<\/span><span style=\"font-weight: 400;\">-Participar en les reunions i les comissions en les quals l&#8217;associaci\u00f3 estigui representada.<\/span><span style=\"font-weight: 400;\"><br \/>\n<\/span><span style=\"font-weight: 400;\">-Vetllar per a l&#8217;assoliment dels objectius de l&#8217;associaci\u00f3 i per al compliment de les normatives i les lleis que la regulen.<\/span><span style=\"font-weight: 400;\"><br \/>\n<\/span><span style=\"font-weight: 400;\">-Promoure la participaci\u00f3 activa dels membres de l&#8217;associaci\u00f3 en les activitats i els projectes de l&#8217;organitzaci\u00f3.<\/span><span style=\"font-weight: 400;\"><br \/>\n<\/span><span style=\"font-weight: 400;\">-Coordinar les relacions amb altres associacions de fam\u00edlies, entitats c\u00edviques i comunit\u00e0ries.<\/span><span style=\"font-weight: 400;\"><br \/>\n<\/span><span style=\"font-weight: 400;\">-Realitzar altres tasques que li siguin assignades per la junta directiva o per l&#8217;assemblea general.<\/span><span style=\"font-weight: 400;\"><br \/>\n<\/span><\/p>\n","protected":false},"excerpt":{"rendered":"<p>El president\/a de l&#8217;AFA (Associaci\u00f3 de Fam\u00edlies d&#8217;Alumnes) \u00e9s la persona encarregada de coordinar i representar l&#8217;associaci\u00f3 davant de les institucions educatives, les administracions p\u00fabliques, altres associacions i organismes relacionats.<\/p>\n<p>Les funcions del president\/a de l&#8217;AFA son:<\/p>\n<p>-Presidir les reunions de la junta directiva i de l&#8217;assemblea&hellip;  <a href=\"https:\/\/agora.xtec.cat\/iesgoya\/lafa\/la-junta-de-lafa\/presidencia\/\" title=\"Read Presid\u00e8ncia\">Llegeix m\u00e9s\u00bb<\/a><\/p>\n","protected":false},"author":98,"featured_media":0,"parent":5776,"menu_order":1,"comment_status":"closed","ping_status":"closed","template":"page-templates\/side-menu.php","meta":{"_bbp_topic_count":0,"_bbp_reply_count":0,"_bbp_total_topic_count":0,"_bbp_total_reply_count":0,"_bbp_voice_count":0,"_bbp_anonymous_reply_count":0,"_bbp_topic_count_hidden":0,"_bbp_reply_count_hidden":0,"_bbp_forum_subforum_count":0,"footnotes":""},"class_list":["post-5778","page","type-page","status-publish","hentry"],"post_mailing_queue_ids":[],"_links":{"self":[{"href":"https:\/\/agora.xtec.cat\/iesgoya\/wp-json\/wp\/v2\/pages\/5778","targetHints":{"allow":["GET"]}}],"collection":[{"href":"https:\/\/agora.xtec.cat\/iesgoya\/wp-json\/wp\/v2\/pages"}],"about":[{"href":"https:\/\/agora.xtec.cat\/iesgoya\/wp-json\/wp\/v2\/types\/page"}],"author":[{"embeddable":true,"href":"https:\/\/agora.xtec.cat\/iesgoya\/wp-json\/wp\/v2\/users\/98"}],"replies":[{"embeddable":true,"href":"https:\/\/agora.xtec.cat\/iesgoya\/wp-json\/wp\/v2\/comments?post=5778"}],"version-history":[{"count":3,"href":"https:\/\/agora.xtec.cat\/iesgoya\/wp-json\/wp\/v2\/pages\/5778\/revisions"}],"predecessor-version":[{"id":6114,"href":"https:\/\/agora.xtec.cat\/iesgoya\/wp-json\/wp\/v2\/pages\/5778\/revisions\/6114"}],"up":[{"embeddable":true,"href":"https:\/\/agora.xtec.cat\/iesgoya\/wp-json\/wp\/v2\/pages\/5776"}],"wp:attachment":[{"href":"https:\/\/agora.xtec.cat\/iesgoya\/wp-json\/wp\/v2\/media?parent=5778"}],"curies":[{"name":"wp","href":"https:\/\/api.w.org\/{rel}","templated":true}]}}