{"id":5776,"date":"2023-04-02T15:11:20","date_gmt":"2023-04-02T13:11:20","guid":{"rendered":"https:\/\/agora.xtec.cat\/iesgoya\/?page_id=5776"},"modified":"2023-06-11T12:16:14","modified_gmt":"2023-06-11T10:16:14","slug":"la-junta-de-lafa","status":"publish","type":"page","link":"https:\/\/agora.xtec.cat\/iesgoya\/lafa\/la-junta-de-lafa\/","title":{"rendered":"La Junta de l&#8217;AFA"},"content":{"rendered":"<p><span style=\"font-weight: 400;\">La junta de l&#8217;AFA (Associaci\u00f3 de Fam\u00edlies d&#8217;Alumnes) \u00e9s l&#8217;\u00f2rgan de direcci\u00f3 i gesti\u00f3 de l&#8217;associaci\u00f3. Est\u00e0 formada per un grup de persones que s\u00f3n elegides per l&#8217;assemblea general de socis de l&#8217;AFA per un per\u00edode determinat de temps, <\/span><span style=\"font-weight: 400;\">normalment d&#8217;un any.<\/span><span style=\"font-weight: 400;\">\u00a0<\/span><\/p>\n<p><span style=\"font-weight: 400;\">La junta de l&#8217;AFA est\u00e0 formada per diferents c\u00e0rrecs com la presid\u00e8ncia, la vicepresid\u00e8ncia, la secretaria, la tresoreria i les vocalies, entre d&#8217;altres. Cada c\u00e0rrec t\u00e9 les seves pr\u00f2pies funcions i responsabilitats dins de l&#8217;associaci\u00f3.<\/span><\/p>\n<p><strong>Les funcions de la junta de l\u2019AFA s\u00f3n les seg\u00fcents:<\/strong><br \/>\n-Dirigir i gestionar l\u2019associaci\u00f3 de forma eficient i efica\u00e7.<br \/>\n-Representar l\u2019associaci\u00f3 davant de les autoritats i altres institucions.<br \/>\n-Vetllar per l\u2019acompliment dels estatuts i els acords presos per l\u2019assemblea general de socis.<br \/>\n-Prendre les decisions necess\u00e0ries per a la gesti\u00f3 di\u00e0ria de l\u2019associaci\u00f3.<br \/>\n-Proposar activitats i projectes per a la promoci\u00f3 dels interessos dels alumnes i les seves fam\u00edlies.<br \/>\n-Presentar els comptes i la mem\u00f2ria anual davant l\u2019assemblea general de socis.<\/p>\n","protected":false},"excerpt":{"rendered":"<p>La junta de l&#8217;AFA (Associaci\u00f3 de Fam\u00edlies d&#8217;Alumnes) \u00e9s l&#8217;\u00f2rgan de direcci\u00f3 i gesti\u00f3 de l&#8217;associaci\u00f3. Est\u00e0 formada per un grup de persones que s\u00f3n elegides per l&#8217;assemblea general de socis de l&#8217;AFA per un per\u00edode determinat de temps, normalment d&#8217;un any.\u00a0<br \/>\nLa junta de l&#8217;AFA&hellip;  <a href=\"https:\/\/agora.xtec.cat\/iesgoya\/lafa\/la-junta-de-lafa\/\" title=\"Read La Junta de l&#8217;AFA\">Llegeix m\u00e9s\u00bb<\/a><\/p>\n","protected":false},"author":98,"featured_media":0,"parent":5877,"menu_order":2,"comment_status":"closed","ping_status":"closed","template":"page-templates\/side-menu.php","meta":{"_bbp_topic_count":0,"_bbp_reply_count":0,"_bbp_total_topic_count":0,"_bbp_total_reply_count":0,"_bbp_voice_count":0,"_bbp_anonymous_reply_count":0,"_bbp_topic_count_hidden":0,"_bbp_reply_count_hidden":0,"_bbp_forum_subforum_count":0,"footnotes":""},"class_list":["post-5776","page","type-page","status-publish","hentry"],"post_mailing_queue_ids":[],"_links":{"self":[{"href":"https:\/\/agora.xtec.cat\/iesgoya\/wp-json\/wp\/v2\/pages\/5776","targetHints":{"allow":["GET"]}}],"collection":[{"href":"https:\/\/agora.xtec.cat\/iesgoya\/wp-json\/wp\/v2\/pages"}],"about":[{"href":"https:\/\/agora.xtec.cat\/iesgoya\/wp-json\/wp\/v2\/types\/page"}],"author":[{"embeddable":true,"href":"https:\/\/agora.xtec.cat\/iesgoya\/wp-json\/wp\/v2\/users\/98"}],"replies":[{"embeddable":true,"href":"https:\/\/agora.xtec.cat\/iesgoya\/wp-json\/wp\/v2\/comments?post=5776"}],"version-history":[{"count":3,"href":"https:\/\/agora.xtec.cat\/iesgoya\/wp-json\/wp\/v2\/pages\/5776\/revisions"}],"predecessor-version":[{"id":6109,"href":"https:\/\/agora.xtec.cat\/iesgoya\/wp-json\/wp\/v2\/pages\/5776\/revisions\/6109"}],"up":[{"embeddable":true,"href":"https:\/\/agora.xtec.cat\/iesgoya\/wp-json\/wp\/v2\/pages\/5877"}],"wp:attachment":[{"href":"https:\/\/agora.xtec.cat\/iesgoya\/wp-json\/wp\/v2\/media?parent=5776"}],"curies":[{"name":"wp","href":"https:\/\/api.w.org\/{rel}","templated":true}]}}