{"id":5343,"date":"2022-11-17T10:19:04","date_gmt":"2022-11-17T09:19:04","guid":{"rendered":"https:\/\/agora.xtec.cat\/iesgoya\/?page_id=5343"},"modified":"2023-06-21T11:13:24","modified_gmt":"2023-06-21T09:13:24","slug":"estrategia-digital-de-centre","status":"publish","type":"page","link":"https:\/\/agora.xtec.cat\/iesgoya\/linstitut\/estrategia-digital-de-centre\/","title":{"rendered":"Estrat\u00e8gia Digital de Centre"},"content":{"rendered":"<p style=\"text-align: justify;\"><span class=\"C9DxTc \">L\u2019<\/span><span class=\"C9DxTc \">Estrat\u00e8gia Digital de Centre<\/span><span class=\"C9DxTc \">\u00a0(EDC) defineix i concreta les l\u00ednies d\u2019actuaci\u00f3 que fan possible que docents, alumnat i centre assoleixin la compet\u00e8ncia digital. Per aconseguir<\/span><span class=\"C9DxTc \">-ho<\/span><span class=\"C9DxTc \">, l\u2019EDC compr\u00e8n tots els \u00e0mbits: organitzatius, metodol\u00f2gics, curriculars i comunicatius.\u00a0<\/span><\/p>\n<p><span style=\"font-family: inherit; font-size: 1em;\">El document de l\u2019EDC ser\u00e0 la refer\u00e8ncia del centre en l\u2019\u00e0mbit de tecnologies digitals. Per tant, \u00e9s important que aquest document tamb\u00e9 reculli la gesti\u00f3 di\u00e0ria de l\u2019organitzaci\u00f3 digital del centre. Qu\u00e8 est\u00e0 fent el centre en temes digitals? Quines accions el centre ja t\u00e9 consolidades i funcionen? \u00c9s possible que el centre ja hagi desenvolupat i escrit plans, procediments, normatives, protocols, etc. L\u2019EDC ha de recopilar-ne, almenys, les refer\u00e8ncies per poder trobar-los de manera f\u00e0cil i \u00e0gil.<\/span><\/p>\n<p>El desplegament de l\u2019EDC al llarg dels cursos tamb\u00e9 generar\u00e0 m\u00e9s activitats que \u00e9s important afegir a l\u2019EDC. Per exemple, si un centre realitza la diagnosi i detecta que el professorat de nova incorporaci\u00f3 t\u00e9 dificultats en adaptar-se en temes digitals, la part estrat\u00e8gica de l\u2019EDC indicar\u00e0 un objectiu en aquest sentit. I molt probablement, una de les accions per assolir aquest objectiu ser\u00e0 la creaci\u00f3 d\u2019un pla d\u2019acollida digital de nou professorat. Quan l\u2019acci\u00f3 ja s\u2019hagi dut a terme, aquest pla d\u2019acollida digital s\u2019incorporar\u00e0 a la part de cultura digital del document de l\u2019EDC. D\u2019aquesta manera, l\u2019EDC recull tots els aspectes digitals del centre.<\/p>\n<p>En aquesta part de cultura digital de l\u2019EDC s\u2019incorporen refer\u00e8ncies a les NOFC, refer\u00e8ncies a procediments del sistema de qualitat que tingui el centre, acords de claustre o de Consell Escolar, plans espec\u00edfics dissenyats per millorar aspectes concrets, protocols a seguir per la gesti\u00f3 dels serveis, autoritzacions que les fam\u00edlies han de signar, descripcions dels serveis que s\u2019utilitzen al centre, refer\u00e8ncies al PEC per la part metodol\u00f2gica de l\u2019\u00fas de les tecnologies, etc.<\/p>\n<p>Per accedir al <strong>contingut complet d&#8217;aquesta estrat\u00e8gia<\/strong>, cliqueu <strong><a href=\"https:\/\/sites.google.com\/goya.cat\/institut-francisco-de-goya\/p%C3%A0gina-dinici\">AQU\u00cd<\/a><\/strong><\/p>\n","protected":false},"excerpt":{"rendered":"<p>L\u2019Estrat\u00e8gia Digital de Centre\u00a0(EDC) defineix i concreta les l\u00ednies d\u2019actuaci\u00f3 que fan possible que docents, alumnat i centre assoleixin la compet\u00e8ncia digital. Per aconseguir-ho, l\u2019EDC compr\u00e8n tots els \u00e0mbits: organitzatius, metodol\u00f2gics, curriculars i comunicatius.\u00a0<br \/>\nEl document de l\u2019EDC ser\u00e0 la refer\u00e8ncia del centre en l\u2019\u00e0mbit de&hellip;  <a href=\"https:\/\/agora.xtec.cat\/iesgoya\/linstitut\/estrategia-digital-de-centre\/\" title=\"Read Estrat\u00e8gia Digital de Centre\">Llegeix m\u00e9s\u00bb<\/a><\/p>\n","protected":false},"author":1,"featured_media":0,"parent":19,"menu_order":80,"comment_status":"closed","ping_status":"closed","template":"page-templates\/side-menu.php","meta":{"_bbp_topic_count":0,"_bbp_reply_count":0,"_bbp_total_topic_count":0,"_bbp_total_reply_count":0,"_bbp_voice_count":0,"_bbp_anonymous_reply_count":0,"_bbp_topic_count_hidden":0,"_bbp_reply_count_hidden":0,"_bbp_forum_subforum_count":0,"footnotes":""},"class_list":["post-5343","page","type-page","status-publish","hentry"],"post_mailing_queue_ids":[],"_links":{"self":[{"href":"https:\/\/agora.xtec.cat\/iesgoya\/wp-json\/wp\/v2\/pages\/5343","targetHints":{"allow":["GET"]}}],"collection":[{"href":"https:\/\/agora.xtec.cat\/iesgoya\/wp-json\/wp\/v2\/pages"}],"about":[{"href":"https:\/\/agora.xtec.cat\/iesgoya\/wp-json\/wp\/v2\/types\/page"}],"author":[{"embeddable":true,"href":"https:\/\/agora.xtec.cat\/iesgoya\/wp-json\/wp\/v2\/users\/1"}],"replies":[{"embeddable":true,"href":"https:\/\/agora.xtec.cat\/iesgoya\/wp-json\/wp\/v2\/comments?post=5343"}],"version-history":[{"count":3,"href":"https:\/\/agora.xtec.cat\/iesgoya\/wp-json\/wp\/v2\/pages\/5343\/revisions"}],"predecessor-version":[{"id":6247,"href":"https:\/\/agora.xtec.cat\/iesgoya\/wp-json\/wp\/v2\/pages\/5343\/revisions\/6247"}],"up":[{"embeddable":true,"href":"https:\/\/agora.xtec.cat\/iesgoya\/wp-json\/wp\/v2\/pages\/19"}],"wp:attachment":[{"href":"https:\/\/agora.xtec.cat\/iesgoya\/wp-json\/wp\/v2\/media?parent=5343"}],"curies":[{"name":"wp","href":"https:\/\/api.w.org\/{rel}","templated":true}]}}