{"id":526,"date":"2018-01-11T12:36:40","date_gmt":"2018-01-11T11:36:40","guid":{"rendered":"http:\/\/agora.xtec.cat\/iesgoya\/?page_id=526"},"modified":"2025-09-11T21:07:46","modified_gmt":"2025-09-11T19:07:46","slug":"curriculum","status":"publish","type":"page","link":"https:\/\/agora.xtec.cat\/iesgoya\/projecte-educatiu\/curriculum\/","title":{"rendered":"Curr\u00edculum"},"content":{"rendered":"<table style=\"width: 55.1373%;\" width=\"686\">\n<tbody>\n<tr>\n<td style=\"width: 42.7515%;\" colspan=\"2\" width=\"336\"><strong>1r ESO<\/strong><\/td>\n<td style=\"width: 35.6948%;\" colspan=\"2\" width=\"350\"><strong>2n ESO<\/strong><\/td>\n<\/tr>\n<tr>\n<td style=\"width: 25.2959%;\" width=\"176\"><\/td>\n<td style=\"width: 17.4556%;\" width=\"160\">Hores setmanals<\/td>\n<td style=\"width: 27.3669%;\" width=\"190\"><\/td>\n<td style=\"width: 8.3279%;\" width=\"160\">Hores setmanals<\/td>\n<\/tr>\n<tr>\n<td style=\"width: 25.2959%;\" width=\"176\">Catal\u00e0<\/td>\n<td style=\"width: 17.4556%;\" width=\"80\">3<\/td>\n<td style=\"width: 27.3669%;\" width=\"190\">Catal\u00e0<\/td>\n<td style=\"width: 8.3279%;\" width=\"80\">3<\/td>\n<\/tr>\n<tr>\n<td style=\"width: 25.2959%;\" width=\"176\">Castell\u00e0<\/td>\n<td style=\"width: 17.4556%;\" width=\"80\">3<\/td>\n<td style=\"width: 27.3669%;\" width=\"190\">Castell\u00e0<\/td>\n<td style=\"width: 8.3279%;\" width=\"80\">3<\/td>\n<\/tr>\n<tr>\n<td style=\"width: 25.2959%;\" width=\"176\">Angl\u00e8s<\/td>\n<td style=\"width: 17.4556%;\" width=\"80\">3<\/td>\n<td style=\"width: 27.3669%;\" width=\"190\">Angl\u00e8s<\/td>\n<td style=\"width: 8.3279%;\" width=\"80\">4<\/td>\n<\/tr>\n<tr>\n<td style=\"width: 25.2959%;\" width=\"176\">Matem\u00e0tiques<\/td>\n<td style=\"width: 17.4556%;\" width=\"80\">3<\/td>\n<td style=\"width: 27.3669%;\" width=\"190\">Matem\u00e0tiques<\/td>\n<td style=\"width: 8.3279%;\" width=\"80\">4<\/td>\n<\/tr>\n<tr>\n<td style=\"width: 25.2959%;\" width=\"176\">Ed. F\u00edsica<\/td>\n<td style=\"width: 17.4556%;\" width=\"80\">2<\/td>\n<td style=\"width: 27.3669%;\" width=\"190\">Ed. F\u00edsica<\/td>\n<td style=\"width: 8.3279%;\" width=\"80\">2<\/td>\n<\/tr>\n<tr>\n<td style=\"width: 25.2959%;\" width=\"176\">M\u00fasica<\/td>\n<td style=\"width: 17.4556%;\" width=\"80\">2<\/td>\n<td style=\"width: 27.3669%;\" width=\"190\">M\u00fasica<\/td>\n<td style=\"width: 8.3279%;\" width=\"80\">2<\/td>\n<\/tr>\n<tr>\n<td style=\"width: 25.2959%;\" width=\"176\">Pl\u00e0stica<\/td>\n<td style=\"width: 17.4556%;\" width=\"80\">2<\/td>\n<td style=\"width: 27.3669%;\" width=\"190\">Pl\u00e0stica<\/td>\n<td style=\"width: 8.3279%;\" width=\"80\">\u00a0&#8211;<\/td>\n<\/tr>\n<tr>\n<td style=\"width: 25.2959%;\" width=\"176\">Treball globalitzat<\/td>\n<td style=\"width: 17.4556%;\" width=\"80\">8<\/td>\n<td style=\"width: 27.3669%;\" width=\"190\">Treball globalitzat<\/td>\n<td style=\"width: 8.3279%;\" width=\"80\">8<\/td>\n<\/tr>\n<tr>\n<td style=\"width: 25.2959%;\" width=\"176\">Religi\u00f3<\/td>\n<td style=\"width: 17.4556%;\" rowspan=\"2\" width=\"80\">1+1*<\/td>\n<td style=\"width: 27.3669%;\" width=\"190\">Religi\u00f3<\/td>\n<td style=\"width: 8.3279%;\" rowspan=\"2\" width=\"80\">1+1*<\/td>\n<\/tr>\n<tr>\n<td style=\"width: 25.2959%;\" width=\"176\">Tutoria<\/td>\n<td style=\"width: 27.3669%;\" width=\"190\">Tutoria<\/td>\n<\/tr>\n<tr>\n<td style=\"width: 25.2959%;\" width=\"176\">Optatives<\/td>\n<td style=\"width: 17.4556%;\" width=\"80\">2<\/td>\n<td style=\"width: 27.3669%;\" width=\"190\">Optatives<\/td>\n<td style=\"width: 8.3279%;\" width=\"80\">2<\/td>\n<\/tr>\n<tr>\n<td style=\"width: 25.2959%;\" width=\"176\">Total<\/td>\n<td style=\"width: 17.4556%;\" width=\"80\">30<\/td>\n<td style=\"width: 27.3669%;\" width=\"190\">Total<\/td>\n<td style=\"width: 8.3279%;\" width=\"80\">30<\/td>\n<\/tr>\n<\/tbody>\n<\/table>\n<table style=\"width: 55.3949%;\" width=\"686\">\n<tbody>\n<tr>\n<td style=\"width: 1.4556%;\" colspan=\"6\" width=\"686\">1+1*: Una de les hores de tutoria es far\u00e0 coincidir amb els tres grups del nivell. En aquesta hora, els tres grups del nivell es transformaran en 4, en un s&#8217;impartir\u00e0 la mat\u00e8ria de religi\u00f3 per la professora de religi\u00f3, si s&#8217;escau, i en els altres tres s&#8217;impartir\u00e0 la mat\u00e8ria de cultura i valors \u00e8tics pel tutor grup.<\/td>\n<\/tr>\n<\/tbody>\n<\/table>\n<table style=\"height: 510px; width: 53.6322%;\" width=\"686\">\n<tbody>\n<tr style=\"height: 33px;\">\n<td style=\"height: 33px; width: 39.3175%;\" colspan=\"2\"><strong>3r ESO<\/strong><\/td>\n<td style=\"height: 33px; width: 49.1098%;\" colspan=\"3\"><strong>4t ESO<\/strong><\/td>\n<\/tr>\n<tr style=\"height: 33px;\">\n<td style=\"height: 33px; width: 25.3709%;\"><\/td>\n<td style=\"height: 33px; width: 13.9466%;\">Hores setmanals<\/td>\n<td style=\"height: 33px; width: 22.8487%;\"><\/td>\n<td style=\"height: 33px; width: 26.2611%;\" colspan=\"2\">Hores setmanals (per quadrimestres)<\/td>\n<\/tr>\n<tr style=\"height: 33px;\">\n<td style=\"height: 33px; width: 25.3709%;\">Catal\u00e0<\/td>\n<td style=\"height: 33px; width: 13.9466%;\">3<\/td>\n<td style=\"height: 33px; width: 22.8487%;\">Catal\u00e0<\/td>\n<td style=\"height: 33px; width: 11.8561%;\">4<\/td>\n<td style=\"height: 33px; width: 14.405%;\">3<\/td>\n<\/tr>\n<tr style=\"height: 33px;\">\n<td style=\"height: 33px; width: 25.3709%;\">Castell\u00e0<\/td>\n<td style=\"height: 33px; width: 13.9466%;\">3<\/td>\n<td style=\"height: 33px; width: 22.8487%;\">Castell\u00e0<\/td>\n<td style=\"height: 33px; width: 11.8561%;\">3<\/td>\n<td style=\"height: 33px; width: 14.405%;\">4<\/td>\n<\/tr>\n<tr style=\"height: 33px;\">\n<td style=\"height: 33px; width: 25.3709%;\">Angl\u00e8s<\/td>\n<td style=\"height: 33px; width: 13.9466%;\">3<\/td>\n<td style=\"height: 33px; width: 22.8487%;\">Angl\u00e8s<\/td>\n<td style=\"height: 33px; width: 11.8561%;\">3<\/td>\n<td style=\"height: 33px; width: 14.405%;\">3<\/td>\n<\/tr>\n<tr style=\"height: 33px;\">\n<td style=\"height: 33px; width: 25.3709%;\">Biologia<\/td>\n<td style=\"height: 33px; width: 13.9466%;\">2<\/td>\n<td style=\"height: 33px; width: 22.8487%;\">Socials<\/td>\n<td style=\"height: 33px; width: 11.8561%;\">3<\/td>\n<td style=\"height: 33px; width: 14.405%;\">3<\/td>\n<\/tr>\n<tr style=\"height: 33px;\">\n<td style=\"height: 33px; width: 25.3709%;\">F\u00edsica<\/td>\n<td style=\"height: 33px; width: 13.9466%;\">2<\/td>\n<td style=\"height: 33px; width: 22.8487%;\"><\/td>\n<td style=\"height: 33px; width: 11.8561%;\"><\/td>\n<td style=\"height: 33px; width: 14.405%;\"><\/td>\n<\/tr>\n<tr style=\"height: 33px;\">\n<td style=\"height: 33px; width: 25.3709%;\">Matem\u00e0tiques<\/td>\n<td style=\"height: 33px; width: 13.9466%;\">3<\/td>\n<td style=\"height: 33px; width: 22.8487%;\">Matem\u00e0tiques<\/td>\n<td style=\"height: 33px; width: 11.8561%;\">4<\/td>\n<td style=\"height: 33px; width: 14.405%;\">4<\/td>\n<\/tr>\n<tr style=\"height: 33px;\">\n<td style=\"height: 33px; width: 25.3709%;\">Ed. F\u00edsica<\/td>\n<td style=\"height: 33px; width: 13.9466%;\">2<\/td>\n<td style=\"height: 33px; width: 22.8487%;\">Ed. F\u00edsica<\/td>\n<td style=\"height: 33px; width: 11.8561%;\">2<\/td>\n<td style=\"height: 33px; width: 14.405%;\">2<\/td>\n<\/tr>\n<tr style=\"height: 33px;\">\n<td style=\"height: 33px; width: 25.3709%;\">Treball Globalitzat<\/td>\n<td style=\"height: 33px; width: 13.9466%;\">8<\/td>\n<td style=\"height: 33px; width: 22.8487%;\"><\/td>\n<td style=\"height: 33px; width: 11.8561%;\"><\/td>\n<td style=\"height: 33px; width: 14.405%;\"><\/td>\n<\/tr>\n<tr style=\"height: 48px;\">\n<td style=\"height: 48px; width: 25.3709%;\">Cultura i valors \u00e8tics<\/td>\n<td style=\"height: 48px; width: 13.9466%;\">1<\/td>\n<td style=\"height: 48px; width: 22.8487%;\">Cultura i valors \u00e8tics\/Religi\u00f3<\/td>\n<td style=\"height: 48px; width: 11.8561%;\">1<\/td>\n<td style=\"height: 48px; width: 14.405%;\">1<\/td>\n<\/tr>\n<tr style=\"height: 33px;\">\n<td style=\"height: 33px; width: 25.3709%;\">Tutoria<\/td>\n<td style=\"height: 33px; width: 13.9466%;\">1<\/td>\n<td style=\"height: 33px; width: 22.8487%;\">Tutoria<\/td>\n<td style=\"height: 33px; width: 11.8561%;\">1<\/td>\n<td style=\"height: 33px; width: 14.405%;\">1<\/td>\n<\/tr>\n<tr style=\"height: 33px;\">\n<td style=\"height: 33px; width: 25.3709%;\">Optatives<\/td>\n<td style=\"height: 33px; width: 13.9466%;\">2<\/td>\n<td style=\"height: 33px; width: 22.8487%;\">Optatives*<\/td>\n<td style=\"height: 33px; width: 11.8561%;\">9<\/td>\n<td style=\"height: 33px; width: 14.405%;\">9<\/td>\n<\/tr>\n<tr style=\"height: 33px;\">\n<td style=\"height: 33px; width: 25.3709%;\">Total<\/td>\n<td style=\"height: 33px; width: 13.9466%;\">30<\/td>\n<td style=\"height: 33px; width: 22.8487%;\">Total<\/td>\n<td style=\"height: 33px; width: 11.8561%;\">30<\/td>\n<td style=\"height: 33px; width: 14.405%;\">30<\/td>\n<\/tr>\n<\/tbody>\n<\/table>\n<table style=\"width: 53.6862%;\" width=\"686\">\n<tbody>\n<tr>\n<td style=\"width: 1.4556%;\" colspan=\"6\" width=\"686\">Optatives*: els alumnes trien 3 de les mat\u00e8ries seg\u00fcents: Biologia i Geologia, F\u00edsica i Qu\u00edmica, Tecnologia, Inform\u00e0tica, Pl\u00e0stica, Llat\u00ed, Economia, Filosofia i M\u00fasica. S&#8217;ofereix tamb\u00e9 Franc\u00e8s, pels casos que l&#8217;alumne\/a l&#8217;hagi cursat en els cursos anteriors.<\/td>\n<\/tr>\n<\/tbody>\n<\/table>\n<table style=\"width: 63.1991%; height: 635px;\" width=\"625\">\n<tbody>\n<tr style=\"height: 41px;\">\n<td style=\"height: 41px;\" colspan=\"2\" width=\"323\"><strong>1r BAT<\/strong><\/td>\n<td style=\"height: 41px;\" colspan=\"2\" width=\"302\"><strong>2n BAT<\/strong><\/td>\n<\/tr>\n<tr style=\"height: 61px;\">\n<td style=\"height: 61px;\" width=\"209\">Mat\u00e8ries<\/td>\n<td style=\"height: 61px;\" width=\"114\">Hores setmanals<\/td>\n<td style=\"height: 61px;\" width=\"195\">Mat\u00e8ries<\/td>\n<td style=\"height: 61px;\" width=\"107\">Hores setmanals<\/td>\n<\/tr>\n<tr style=\"height: 41px;\">\n<td style=\"height: 41px;\" width=\"209\">Angl\u00e8s<\/td>\n<td style=\"height: 41px;\" width=\"114\">3<\/td>\n<td style=\"height: 41px;\" width=\"195\">Angl\u00e8s<\/td>\n<td style=\"height: 41px;\" width=\"107\">3<\/td>\n<\/tr>\n<tr style=\"height: 41px;\">\n<td style=\"height: 41px;\" width=\"209\">Llengua catalana<\/td>\n<td style=\"height: 41px;\" width=\"114\">2<\/td>\n<td style=\"height: 41px;\" width=\"195\">Hist\u00f2ria<\/td>\n<td style=\"height: 41px;\" width=\"107\">3<\/td>\n<\/tr>\n<tr style=\"height: 41px;\">\n<td style=\"height: 41px;\" width=\"209\">Llengua castellana<\/td>\n<td style=\"height: 41px;\" width=\"114\">2<\/td>\n<td style=\"height: 41px;\" width=\"195\">Hist\u00f2ria de la filosofia<\/td>\n<td style=\"height: 41px;\" width=\"107\">3<\/td>\n<\/tr>\n<tr style=\"height: 41px;\">\n<td style=\"height: 41px;\" width=\"209\">Filosofia<\/td>\n<td style=\"height: 41px;\" width=\"114\">2<\/td>\n<td style=\"height: 41px;\" width=\"195\">Llengua castellana<\/td>\n<td style=\"height: 41px;\" width=\"107\">2<\/td>\n<\/tr>\n<tr style=\"height: 41px;\">\n<td style=\"height: 41px;\" width=\"209\">Educaci\u00f3 F\u00edsica<\/td>\n<td style=\"height: 41px;\" width=\"114\">2<\/td>\n<td style=\"height: 41px;\" width=\"195\">Llengua catalana<\/td>\n<td style=\"height: 41px;\" width=\"107\">2<\/td>\n<\/tr>\n<tr style=\"height: 41px;\">\n<td style=\"height: 41px;\" width=\"209\">Tutoria<\/td>\n<td style=\"height: 41px;\" width=\"114\">1<\/td>\n<td style=\"height: 41px;\" width=\"195\">Tutoria<\/td>\n<td style=\"height: 41px;\" width=\"107\">1<\/td>\n<\/tr>\n<tr style=\"height: 41px;\">\n<td style=\"height: 41px;\" width=\"209\"><strong>Modalitat 1 (Obligada)<\/strong><\/td>\n<td style=\"height: 41px;\" width=\"114\"><strong>3<\/strong><\/td>\n<td style=\"height: 41px;\" width=\"195\"><strong>Modalitat 1<\/strong><\/td>\n<td style=\"height: 41px;\" width=\"107\"><strong>4<\/strong><\/td>\n<\/tr>\n<tr style=\"height: 41px;\">\n<td style=\"height: 41px;\" width=\"209\">Modalitat 2<\/td>\n<td style=\"height: 41px;\" width=\"114\">3<\/td>\n<td style=\"height: 41px;\" width=\"195\">Modalitat 2<\/td>\n<td style=\"height: 41px;\" width=\"107\">4<\/td>\n<\/tr>\n<tr>\n<td>Modalitat 3<\/td>\n<td>3<\/td>\n<td>Modalitat 3<\/td>\n<td>4<\/td>\n<\/tr>\n<tr style=\"height: 41px;\">\n<td style=\"height: 41px;\" width=\"209\">Modalitat 4\/Optativa 1<\/td>\n<td style=\"height: 41px;\" width=\"114\">3<\/td>\n<td style=\"height: 41px;\" width=\"195\">Modalitat 4\/Optativa<\/td>\n<td style=\"height: 41px;\" width=\"107\">4<\/td>\n<\/tr>\n<tr style=\"height: 41px;\">\n<td style=\"height: 41px;\" width=\"209\">Optativa 2<\/td>\n<td style=\"height: 41px;\" width=\"114\">3<\/td>\n<td style=\"height: 41px;\" width=\"195\">Treball de recerca<\/td>\n<td style=\"height: 41px;\" width=\"107\"><\/td>\n<\/tr>\n<tr style=\"height: 41px;\">\n<td style=\"height: 41px;\">Optativa 3<\/td>\n<td style=\"height: 41px;\">3<\/td>\n<td style=\"height: 41px;\"><\/td>\n<td style=\"height: 41px;\"><\/td>\n<\/tr>\n<tr style=\"height: 41px;\">\n<td style=\"height: 41px;\" width=\"209\">\u00a0Total<\/td>\n<td style=\"height: 41px;\" width=\"114\">30<\/td>\n<td style=\"height: 41px;\" width=\"195\">\u00a0Total<\/td>\n<td style=\"height: 41px;\" width=\"107\">30<\/td>\n<\/tr>\n<\/tbody>\n<\/table>\n<table style=\"width: 66.8808%;\" width=\"625\">\n<tbody>\n<tr>\n<td style=\"width: 110.219%;\" colspan=\"4\" width=\"625\"><strong>Mat\u00e8ries de modalitat del batxillerat tecnol\u00f2gic i de ci\u00e8ncies naturals<\/strong><\/td>\n<\/tr>\n<tr>\n<td style=\"width: 51.4414%;\" colspan=\"2\"><strong>1r Batxillerat<\/strong><\/td>\n<td style=\"width: 58.7779%;\" colspan=\"2\"><strong>2n Batxillerat<\/strong><\/td>\n<\/tr>\n<tr>\n<td style=\"width: 51.4414%;\" colspan=\"2\" width=\"323\"><strong>Matem\u00e0tiques<\/strong><\/td>\n<td style=\"width: 58.7779%;\" colspan=\"2\" width=\"302\"><strong>Matem\u00e0tiques<\/strong><\/td>\n<\/tr>\n<tr>\n<td style=\"width: 51.4414%;\" colspan=\"2\" width=\"323\">F\u00edsica<\/p>\n<p>Ci\u00e8ncies de la terra i medi ambient<\/td>\n<td style=\"width: 58.7779%;\" colspan=\"2\" width=\"302\">F\u00edsica<\/p>\n<p>Ci\u00e8ncies de la terra i medi ambient<\/td>\n<\/tr>\n<tr>\n<td style=\"width: 51.4414%;\" colspan=\"2\" width=\"323\">Qu\u00edmica<\/p>\n<p>Tecnologia i enginyeria<\/td>\n<td style=\"width: 58.7779%;\" colspan=\"2\" width=\"302\">Qu\u00edmica<\/p>\n<p>Tecnologia industrial<\/td>\n<\/tr>\n<tr>\n<td style=\"width: 51.4414%;\" colspan=\"2\" width=\"323\">Biologia<\/p>\n<p>Dibuix t\u00e8cnic<\/p>\n<p>Funcionament de l&#8217;empresa<\/p>\n<p>&nbsp;<\/td>\n<td style=\"width: 58.7779%;\" colspan=\"2\" width=\"302\">Biologia<\/p>\n<p>Dibuix T\u00e8cnic<\/p>\n<p>Funcionament de l&#8217;empresa<\/p>\n<p>Literatura Catalana<\/td>\n<\/tr>\n<tr>\n<td colspan=\"2\">Reptes de Biologia i Geologia<\/p>\n<p>Matem\u00e0tica aplicada<\/p>\n<p>Problem\u00e0tiques Socials<\/td>\n<td colspan=\"2\"><\/td>\n<\/tr>\n<tr>\n<td style=\"width: 51.4414%;\" colspan=\"2\">Comunicaci\u00f3 Audiovisual<\/p>\n<p>Ciutadania, Pol\u00edtica i Dret<\/p>\n<p>Rob\u00f2tica<\/td>\n<td style=\"width: 58.7779%;\" colspan=\"2\"><\/td>\n<\/tr>\n<\/tbody>\n<\/table>\n<table style=\"width: 84.9876%; height: 437px;\" width=\"625\">\n<tbody>\n<tr style=\"height: 41px;\">\n<td style=\"height: 41px; width: 102.702%;\" colspan=\"4\" width=\"625\"><strong>Mat\u00e8ries de modalitat del batxillerat d&#8217;humanitats i ci\u00e8ncies socials<\/strong><\/td>\n<\/tr>\n<tr style=\"height: 71px;\">\n<td style=\"height: 71px; width: 50.3744%;\" colspan=\"2\"><strong>1r Batxillerat<\/strong><\/td>\n<td style=\"height: 71px; width: 52.3275%;\" colspan=\"2\"><strong>2n Batxillerat<\/strong><\/td>\n<\/tr>\n<tr style=\"height: 121px;\">\n<td style=\"height: 59px; width: 50.3744%;\" colspan=\"2\" width=\"323\"><strong>Llengua i cultures llatines<\/strong><\/p>\n<p><strong>Matem\u00e0tiques ci\u00e8ncies socials<\/strong><\/td>\n<td style=\"height: 59px; width: 52.3275%;\" colspan=\"2\" width=\"302\"><strong>Llat\u00ed<\/strong><\/p>\n<p><strong>Matem\u00e0tiques aplicades a les ci\u00e8ncies socials<\/strong><\/td>\n<\/tr>\n<tr style=\"height: 149px;\">\n<td style=\"height: 10px; width: 50.3744%;\" colspan=\"2\" width=\"323\"><span style=\"background-color: #ffffff;\">Hist\u00f2ria del m\u00f3n contemporani<\/span><\/td>\n<td style=\"height: 10px; width: 52.3275%;\" colspan=\"2\" width=\"302\">Hist\u00f2ria de l&#8217;Art<\/td>\n<\/tr>\n<tr style=\"height: 121px;\">\n<td style=\"height: 10px; width: 50.3744%;\" colspan=\"2\" width=\"323\">Economia<\/p>\n<p>Literatura Universal<\/td>\n<td style=\"height: 10px; width: 52.3275%;\" colspan=\"2\" width=\"302\">Geografia<\/p>\n<p>Grec<\/td>\n<\/tr>\n<tr style=\"height: 10px;\">\n<td style=\"height: 10px; width: 50.3744%;\" colspan=\"2\" width=\"323\">Biologia<\/p>\n<p>Dibuix t\u00e8cnic<\/p>\n<p>Funcionament de l&#8217;empresa<\/p>\n<p>&nbsp;<\/td>\n<td style=\"height: 10px; width: 52.3275%;\" colspan=\"2\" width=\"302\">Biologia<\/p>\n<p>Dibuix T\u00e8cnic<\/p>\n<p>Empresa i models de negoci<\/p>\n<p>Literatura Catalana<\/td>\n<\/tr>\n<tr style=\"height: 96px;\">\n<td style=\"height: 96px; width: 50.3744%;\" colspan=\"2\">Reptes de Biologia i Geologia<\/p>\n<p>Matem\u00e0tica aplicada<\/p>\n<p>Problem\u00e0tiques Socials<\/td>\n<td style=\"height: 96px; width: 52.3275%;\" colspan=\"2\"><\/td>\n<\/tr>\n<tr style=\"height: 176px;\">\n<td style=\"width: 50.3744%; height: 140px;\" colspan=\"2\">Comunicaci\u00f3 Audiovisual<\/p>\n<p>Ciutadania<\/p>\n<p>Rob\u00f2tica<\/td>\n<td style=\"width: 52.3275%; height: 140px;\" colspan=\"2\"><\/td>\n<\/tr>\n<\/tbody>\n<\/table>\n","protected":false},"excerpt":{"rendered":"<p>1r ESO<br \/>\n2n ESO<\/p>\n<p>Hores setmanals<\/p>\n<p>Hores setmanals<\/p>\n<p>Catal\u00e0<br \/>\n3<br \/>\nCatal\u00e0<br \/>\n3<\/p>\n<p>Castell\u00e0<br \/>\n3<br \/>\nCastell\u00e0<br \/>\n3<\/p>\n<p>Angl\u00e8s<br \/>\n3<br \/>\nAngl\u00e8s<br \/>\n4<\/p>\n<p>Matem\u00e0tiques<br \/>\n3<br \/>\nMatem\u00e0tiques<br \/>\n4<\/p>\n<p>Ed. F\u00edsica<br \/>\n2<br \/>\nEd. F\u00edsica<br \/>\n2<\/p>\n<p>M\u00fasica<br \/>\n2<br \/>\nM\u00fasica<br \/>\n2<\/p>\n<p>Pl\u00e0stica<br \/>\n2<br \/>\nPl\u00e0stica<br \/>\n\u00a0&#8211;<\/p>\n<p>Treball globalitzat<br \/>\n8<br \/>\nTreball globalitzat<br \/>\n8<\/p>\n<p>Religi\u00f3<br \/>\n1+1*<br \/>\nReligi\u00f3<br \/>\n1+1*<\/p>\n<p>Tutoria<br \/>\nTutoria<\/p>\n<p>Optatives<br \/>\n2<br \/>\nOptatives<br \/>\n2<\/p>\n<p>Total<br \/>\n30<br \/>\nTotal<br \/>\n30<\/p>\n<p>1+1*: Una de les hores de tutoria es far\u00e0 coincidir amb els tres grups del nivell. En aquesta hora, els tres grups del nivell es transformaran en 4, en un s&#8217;impartir\u00e0 la mat\u00e8ria de religi\u00f3 per la&hellip;  <a href=\"https:\/\/agora.xtec.cat\/iesgoya\/projecte-educatiu\/curriculum\/\" title=\"Read Curr\u00edculum\">Llegeix m\u00e9s\u00bb<\/a><\/p>\n","protected":false},"author":3,"featured_media":0,"parent":57,"menu_order":0,"comment_status":"closed","ping_status":"closed","template":"page-templates\/side-menu.php","meta":{"_bbp_topic_count":0,"_bbp_reply_count":0,"_bbp_total_topic_count":0,"_bbp_total_reply_count":0,"_bbp_voice_count":0,"_bbp_anonymous_reply_count":0,"_bbp_topic_count_hidden":0,"_bbp_reply_count_hidden":0,"_bbp_forum_subforum_count":0,"footnotes":""},"class_list":["post-526","page","type-page","status-publish","hentry"],"post_mailing_queue_ids":[],"_links":{"self":[{"href":"https:\/\/agora.xtec.cat\/iesgoya\/wp-json\/wp\/v2\/pages\/526","targetHints":{"allow":["GET"]}}],"collection":[{"href":"https:\/\/agora.xtec.cat\/iesgoya\/wp-json\/wp\/v2\/pages"}],"about":[{"href":"https:\/\/agora.xtec.cat\/iesgoya\/wp-json\/wp\/v2\/types\/page"}],"author":[{"embeddable":true,"href":"https:\/\/agora.xtec.cat\/iesgoya\/wp-json\/wp\/v2\/users\/3"}],"replies":[{"embeddable":true,"href":"https:\/\/agora.xtec.cat\/iesgoya\/wp-json\/wp\/v2\/comments?post=526"}],"version-history":[{"count":7,"href":"https:\/\/agora.xtec.cat\/iesgoya\/wp-json\/wp\/v2\/pages\/526\/revisions"}],"predecessor-version":[{"id":7901,"href":"https:\/\/agora.xtec.cat\/iesgoya\/wp-json\/wp\/v2\/pages\/526\/revisions\/7901"}],"up":[{"embeddable":true,"href":"https:\/\/agora.xtec.cat\/iesgoya\/wp-json\/wp\/v2\/pages\/57"}],"wp:attachment":[{"href":"https:\/\/agora.xtec.cat\/iesgoya\/wp-json\/wp\/v2\/media?parent=526"}],"curies":[{"name":"wp","href":"https:\/\/api.w.org\/{rel}","templated":true}]}}