{"id":43,"date":"2014-09-17T16:45:07","date_gmt":"2014-09-17T16:45:07","guid":{"rendered":"http:\/\/agora.xtec.cat\/iesgoya\/?page_id=43"},"modified":"2023-01-24T11:37:05","modified_gmt":"2023-01-24T10:37:05","slug":"consell-escolar","status":"publish","type":"page","link":"https:\/\/agora.xtec.cat\/iesgoya\/linstitut\/consell-escolar\/","title":{"rendered":"Consell escolar"},"content":{"rendered":"<p><strong>MEMBRES DEL CONSELL ESCOLAR<\/strong><\/p>\n<p><strong>Directora:\u00a0<\/strong>Ant\u00f2nia Vicens<\/p>\n<p><strong>Cap d\u2019estudis:\u00a0<\/strong>Albert Julibert<\/p>\n<p><strong>Secret\u00e0ria:\u00a0<\/strong>Neus Badia<\/p>\n<p><strong>Representants del professorat:\u00a0<\/strong>Sergi Peire, Ester Grosche, Rafa Castan, Eul\u00e0lia Duran, Jorge Mart\u00ednez, Ricard G\u00f3mez<\/p>\n<p><strong>Representant del PAS:\u00a0<\/strong>&#8212;&#8211;<\/p>\n<p><strong>Representants de les fam\u00edlies:\u00a0<\/strong>Marta Gonzalo, Anna Guti\u00e9rrez i Josep Maria Lucas<\/p>\n<p><strong>Representants de l\u2019alumnat:\u00a0<\/strong>Berta Baena, Marc Munell i Pau S\u00e1nchez<\/p>\n<p><strong>Representant Ajuntament:\u00a0<\/strong>Teresa Fern\u00e1ndez<\/p>\n","protected":false},"excerpt":{"rendered":"<p>MEMBRES DEL CONSELL ESCOLAR<br \/>\nDirectora:\u00a0Ant\u00f2nia Vicens<br \/>\nCap d\u2019estudis:\u00a0Albert Julibert<br \/>\nSecret\u00e0ria:\u00a0Neus Badia<br \/>\nRepresentants del professorat:\u00a0Sergi Peire, Ester Grosche, Rafa Castan, Eul\u00e0lia Duran, Jorge Mart\u00ednez, Ricard G\u00f3mez<br \/>\nRepresentant del PAS:\u00a0&#8212;&#8211;<br \/>\nRepresentants de les fam\u00edlies:\u00a0Marta Gonzalo, Anna Guti\u00e9rrez i Josep Maria Lucas<br \/>\nRepresentants de l\u2019alumnat:\u00a0Berta Baena, Marc Munell i Pau S\u00e1nchez<br \/>\nRepresentant Ajuntament:\u00a0Teresa Fern\u00e1ndez<\/p>\n","protected":false},"author":1,"featured_media":0,"parent":19,"menu_order":50,"comment_status":"closed","ping_status":"closed","template":"page-templates\/side-menu.php","meta":{"_bbp_topic_count":0,"_bbp_reply_count":0,"_bbp_total_topic_count":0,"_bbp_total_reply_count":0,"_bbp_voice_count":0,"_bbp_anonymous_reply_count":0,"_bbp_topic_count_hidden":0,"_bbp_reply_count_hidden":0,"_bbp_forum_subforum_count":0,"footnotes":""},"class_list":["post-43","page","type-page","status-publish","hentry"],"post_mailing_queue_ids":[],"_links":{"self":[{"href":"https:\/\/agora.xtec.cat\/iesgoya\/wp-json\/wp\/v2\/pages\/43","targetHints":{"allow":["GET"]}}],"collection":[{"href":"https:\/\/agora.xtec.cat\/iesgoya\/wp-json\/wp\/v2\/pages"}],"about":[{"href":"https:\/\/agora.xtec.cat\/iesgoya\/wp-json\/wp\/v2\/types\/page"}],"author":[{"embeddable":true,"href":"https:\/\/agora.xtec.cat\/iesgoya\/wp-json\/wp\/v2\/users\/1"}],"replies":[{"embeddable":true,"href":"https:\/\/agora.xtec.cat\/iesgoya\/wp-json\/wp\/v2\/comments?post=43"}],"version-history":[{"count":4,"href":"https:\/\/agora.xtec.cat\/iesgoya\/wp-json\/wp\/v2\/pages\/43\/revisions"}],"predecessor-version":[{"id":5579,"href":"https:\/\/agora.xtec.cat\/iesgoya\/wp-json\/wp\/v2\/pages\/43\/revisions\/5579"}],"up":[{"embeddable":true,"href":"https:\/\/agora.xtec.cat\/iesgoya\/wp-json\/wp\/v2\/pages\/19"}],"wp:attachment":[{"href":"https:\/\/agora.xtec.cat\/iesgoya\/wp-json\/wp\/v2\/media?parent=43"}],"curies":[{"name":"wp","href":"https:\/\/api.w.org\/{rel}","templated":true}]}}