{"id":1133,"date":"2018-02-07T18:05:49","date_gmt":"2018-02-07T17:05:49","guid":{"rendered":"http:\/\/agora.xtec.cat\/iesgoya\/?page_id=1133"},"modified":"2020-11-27T09:58:42","modified_gmt":"2020-11-27T08:58:42","slug":"tutoria-orientadora-llegeix-mes","status":"publish","type":"page","link":"https:\/\/agora.xtec.cat\/iesgoya\/projecte-educatiu\/tutoria-orientadora-2\/tutoria-orientadora-llegeix-mes\/","title":{"rendered":"Tutoria orientadora &#8211; llegeix m\u00e9s"},"content":{"rendered":"<p><strong>LA TUTORIA ORIENTADORA<\/strong><br \/>\n<strong>Paper del tutor\/a orientador\/a:<\/strong><\/p>\n<ul>\n<li>Fer el seguiment de la marxa del curs i el tractament, si escau, de problemes espec\u00edfics de l&#8217;alumnat.<\/li>\n<li>Dur a terme l\u2019orientaci\u00f3 acad\u00e8mica i professional de l&#8217;alumnat.<\/li>\n<li>Establir una relaci\u00f3 flu\u00efda i profitosa per a l&#8217;alumnat entre fam\u00edlia-alumne-centre.<\/li>\n<li>Ser l\u2019adult de refer\u00e8ncia de l&#8217;adolescent en l&#8217;\u00e0mbit escolar.<\/li>\n<li>Afavorir l\u2019adquisici\u00f3 i desenvolupament d&#8217;h\u00e0bits de comportament, relaci\u00f3 amb els altres, h\u00e0bits participatius i t\u00e8cniques de treball i d&#8217;estudi.<\/li>\n<li>Promoure l\u2019autoconeixement i descobriment de les aptituds, capacitats i prefer\u00e8ncies de l&#8217;alumnat.<\/li>\n<li>Ajudar al desenvolupament de la pr\u00f2pia personalitat.<\/li>\n<li>Potenciar el respecte i la toler\u00e0ncia ben entesa (no la permissivitat):\n<ul>\n<li>entre l&#8217;alumnat del grup i del centre.<\/li>\n<li>envers la diversitat personal, cultural, religiosa.<\/li>\n<li>en el marc de les normes de conviv\u00e8ncia del centre (NOFC).<\/li>\n<\/ul>\n<\/li>\n<li>Despertar l\u2019esperit de col\u00b7laboraci\u00f3.<\/li>\n<li>Establir una relaci\u00f3 d\u2019empatia amb l\u2019alumnat. Una bona relaci\u00f3, amb afecte i respecte facilita el proc\u00e9s d\u2019ensenyament-aprenentatge.<\/li>\n<li>Afavorir l\u2019autoestima personal de l\u2019alumnat i els h\u00e0bits en general.<\/li>\n<li>Fer atenci\u00f3 a les difer\u00e8ncies individuals.<\/li>\n<li>Animar l\u2019alumnat a la participaci\u00f3 en la vida del centre. Nom\u00e9s s\u2019accepta i es mant\u00e9 all\u00f2 que s\u2019ha contribu\u00eft a crear.<\/li>\n<li>Ajudar al coneixement de (i, si s\u2019escau, comprom\u00eds amb) les xarxes associatives de l\u2019entorn.<\/li>\n<\/ul>\n","protected":false},"excerpt":{"rendered":"<p>LA TUTORIA ORIENTADORA<br \/>\nPaper del tutor\/a orientador\/a:<\/p>\n<ul>\n<li>Fer el seguiment de la marxa del curs i el tractament, si escau, de problemes espec\u00edfics de l&#8217;alumnat.<\/li>\n<li>Dur a terme l\u2019orientaci\u00f3 acad\u00e8mica i professional de l&#8217;alumnat.<\/li>\n<li>Establir una relaci\u00f3 flu\u00efda i profitosa per a l&#8217;alumnat entre fam\u00edlia-alumne-centre.<\/li>\n<li>Ser l\u2019adult de refer\u00e8ncia de&hellip;  <a href=\"https:\/\/agora.xtec.cat\/iesgoya\/projecte-educatiu\/tutoria-orientadora-2\/tutoria-orientadora-llegeix-mes\/\" title=\"Read Tutoria orientadora &#8211; llegeix m\u00e9s\">Llegeix m\u00e9s\u00bb<\/a><br \/>\n","protected":false},"author":3,"featured_media":0,"parent":684,"menu_order":0,"comment_status":"closed","ping_status":"closed","template":"page-templates\/side-menu.php","meta":{"_bbp_topic_count":0,"_bbp_reply_count":0,"_bbp_total_topic_count":0,"_bbp_total_reply_count":0,"_bbp_voice_count":0,"_bbp_anonymous_reply_count":0,"_bbp_topic_count_hidden":0,"_bbp_reply_count_hidden":0,"_bbp_forum_subforum_count":0,"footnotes":""},"class_list":["post-1133","page","type-page","status-publish","hentry"],"post_mailing_queue_ids":[],"_links":{"self":[{"href":"https:\/\/agora.xtec.cat\/iesgoya\/wp-json\/wp\/v2\/pages\/1133","targetHints":{"allow":["GET"]}}],"collection":[{"href":"https:\/\/agora.xtec.cat\/iesgoya\/wp-json\/wp\/v2\/pages"}],"about":[{"href":"https:\/\/agora.xtec.cat\/iesgoya\/wp-json\/wp\/v2\/types\/page"}],"author":[{"embeddable":true,"href":"https:\/\/agora.xtec.cat\/iesgoya\/wp-json\/wp\/v2\/users\/3"}],"replies":[{"embeddable":true,"href":"https:\/\/agora.xtec.cat\/iesgoya\/wp-json\/wp\/v2\/comments?post=1133"}],"version-history":[{"count":3,"href":"https:\/\/agora.xtec.cat\/iesgoya\/wp-json\/wp\/v2\/pages\/1133\/revisions"}],"predecessor-version":[{"id":4446,"href":"https:\/\/agora.xtec.cat\/iesgoya\/wp-json\/wp\/v2\/pages\/1133\/revisions\/4446"}],"up":[{"embeddable":true,"href":"https:\/\/agora.xtec.cat\/iesgoya\/wp-json\/wp\/v2\/pages\/684"}],"wp:attachment":[{"href":"https:\/\/agora.xtec.cat\/iesgoya\/wp-json\/wp\/v2\/media?parent=1133"}],"curies":[{"name":"wp","href":"https:\/\/api.w.org\/{rel}","templated":true}]}}