{"id":6252,"date":"2021-09-20T13:48:00","date_gmt":"2021-09-20T11:48:00","guid":{"rendered":"https:\/\/agora.xtec.cat\/iesgerbert\/?page_id=6252"},"modified":"2025-09-03T12:22:24","modified_gmt":"2025-09-03T10:22:24","slug":"pagaments-sortides","status":"publish","type":"page","link":"https:\/\/agora.xtec.cat\/iesgerbert\/pagaments-sortides\/","title":{"rendered":"Pagaments sortides"},"content":{"rendered":"<p><strong>CANVI EN EL M\u00c8TODE DE PAGAMENT DE SORTIDES<\/strong><\/p>\n<p style=\"text-align: justify;\">Us informem que, <strong>des del 22 d\u2019abril del 2025<\/strong>, els nous pagaments arribaran a trav\u00e9s de l\u2019aplicaci\u00f3 m\u00f2bil <strong>iEduca TokApp<\/strong> (la mateixa que fem servir per iEduca). Us adjuntem un videotutorial perqu\u00e8 pugueu veure com ser\u00e0 el proc\u00e9s i els enlla\u00e7os de desc\u00e0rrega de l\u2019aplicaci\u00f3:<\/p>\n<p><a href=\"https:\/\/www.youtube.com\/watch?v=6_Z8UqLiqgI\">Com fer un pagament per iEduca Tokapp v2<\/a><\/p>\n<p><a href=\"https:\/\/play.google.com\/store\/apps\/details?id=com.MultiExpo.ieduca&amp;hl=es&amp;pli=1\">Enlla\u00e7 desc\u00e0rrega iEduca TokApp (Play Store)<\/a><\/p>\n<p><a href=\"https:\/\/apps.apple.com\/es\/app\/ieduca-tokapp\/id1082664178\">Enlla\u00e7 desc\u00e0rrega iEduca TokApp (Apple Store)<\/a><\/p>\n<p><a href=\"https:\/\/agora.xtec.cat\/iesgerbert\/wp-content\/uploads\/usu668\/2025\/04\/empty-seats-by-window-train-scaled.jpg\"><img loading=\"lazy\" decoding=\"async\" class=\" wp-image-12899 alignleft\" src=\"https:\/\/agora.xtec.cat\/iesgerbert\/wp-content\/uploads\/usu668\/2025\/04\/empty-seats-by-window-train-scaled.jpg\" alt=\"\" width=\"494\" height=\"330\" srcset=\"https:\/\/agora.xtec.cat\/iesgerbert\/wp-content\/uploads\/usu668\/2025\/04\/empty-seats-by-window-train-scaled.jpg 2560w, https:\/\/agora.xtec.cat\/iesgerbert\/wp-content\/uploads\/usu668\/2025\/04\/empty-seats-by-window-train-300x200.jpg 300w, https:\/\/agora.xtec.cat\/iesgerbert\/wp-content\/uploads\/usu668\/2025\/04\/empty-seats-by-window-train-1024x684.jpg 1024w, https:\/\/agora.xtec.cat\/iesgerbert\/wp-content\/uploads\/usu668\/2025\/04\/empty-seats-by-window-train-768x513.jpg 768w, https:\/\/agora.xtec.cat\/iesgerbert\/wp-content\/uploads\/usu668\/2025\/04\/empty-seats-by-window-train-1536x1025.jpg 1536w, https:\/\/agora.xtec.cat\/iesgerbert\/wp-content\/uploads\/usu668\/2025\/04\/empty-seats-by-window-train-2048x1367.jpg 2048w\" sizes=\"auto, (max-width: 494px) 100vw, 494px\" \/><\/a><\/p>\n<p><!--a=1--><\/p>\n<p><!--a=1--><\/p>\n<p><!--a=1--><\/p>\n<p><!--a=1--><\/p>\n<p><!--a=1--><\/p>\n<p><!--a=1--><\/p>\n","protected":false},"excerpt":{"rendered":"<p>CANVI EN EL M\u00c8TODE DE PAGAMENT DE SORTIDES Us informem que, des del 22 d\u2019abril del 2025, els nous pagaments arribaran a trav\u00e9s de l\u2019aplicaci\u00f3 m\u00f2bil iEduca TokApp (la mateixa que fem servir per iEduca). Us adjuntem un videotutorial perqu\u00e8 pugueu veure com ser\u00e0 el proc\u00e9s i els enlla\u00e7os de desc\u00e0rrega de l\u2019aplicaci\u00f3: Com fer [&hellip;]<\/p>\n","protected":false},"author":6,"featured_media":0,"parent":0,"menu_order":0,"comment_status":"closed","ping_status":"closed","template":"","meta":{"_bbp_topic_count":0,"_bbp_reply_count":0,"_bbp_total_topic_count":0,"_bbp_total_reply_count":0,"_bbp_voice_count":0,"_bbp_anonymous_reply_count":0,"_bbp_topic_count_hidden":0,"_bbp_reply_count_hidden":0,"_bbp_forum_subforum_count":0,"site-sidebar-layout":"default","site-content-layout":"","ast-site-content-layout":"","site-content-style":"default","site-sidebar-style":"default","ast-global-header-display":"","ast-banner-title-visibility":"","ast-main-header-display":"","ast-hfb-above-header-display":"","ast-hfb-below-header-display":"","ast-hfb-mobile-header-display":"","site-post-title":"","ast-breadcrumbs-content":"","ast-featured-img":"","footer-sml-layout":"","theme-transparent-header-meta":"","adv-header-id-meta":"","stick-header-meta":"","header-above-stick-meta":"","header-main-stick-meta":"","header-below-stick-meta":"","astra-migrate-meta-layouts":"default","ast-page-background-enabled":"default","ast-page-background-meta":{"desktop":{"background-color":"var(--ast-global-color-4)","background-image":"","background-repeat":"repeat","background-position":"center center","background-size":"auto","background-attachment":"scroll","background-type":"","background-media":"","overlay-type":"","overlay-color":"","overlay-opacity":"","overlay-gradient":""},"tablet":{"background-color":"","background-image":"","background-repeat":"repeat","background-position":"center center","background-size":"auto","background-attachment":"scroll","background-type":"","background-media":"","overlay-type":"","overlay-color":"","overlay-opacity":"","overlay-gradient":""},"mobile":{"background-color":"","background-image":"","background-repeat":"repeat","background-position":"center center","background-size":"auto","background-attachment":"scroll","background-type":"","background-media":"","overlay-type":"","overlay-color":"","overlay-opacity":"","overlay-gradient":""}},"ast-content-background-meta":{"desktop":{"background-color":"var(--ast-global-color-5)","background-image":"","background-repeat":"repeat","background-position":"center center","background-size":"auto","background-attachment":"scroll","background-type":"","background-media":"","overlay-type":"","overlay-color":"","overlay-opacity":"","overlay-gradient":""},"tablet":{"background-color":"var(--ast-global-color-5)","background-image":"","background-repeat":"repeat","background-position":"center center","background-size":"auto","background-attachment":"scroll","background-type":"","background-media":"","overlay-type":"","overlay-color":"","overlay-opacity":"","overlay-gradient":""},"mobile":{"background-color":"var(--ast-global-color-5)","background-image":"","background-repeat":"repeat","background-position":"center center","background-size":"auto","background-attachment":"scroll","background-type":"","background-media":"","overlay-type":"","overlay-color":"","overlay-opacity":"","overlay-gradient":""}},"footnotes":""},"class_list":["post-6252","page","type-page","status-publish","hentry"],"post_mailing_queue_ids":[],"_links":{"self":[{"href":"https:\/\/agora.xtec.cat\/iesgerbert\/wp-json\/wp\/v2\/pages\/6252","targetHints":{"allow":["GET"]}}],"collection":[{"href":"https:\/\/agora.xtec.cat\/iesgerbert\/wp-json\/wp\/v2\/pages"}],"about":[{"href":"https:\/\/agora.xtec.cat\/iesgerbert\/wp-json\/wp\/v2\/types\/page"}],"author":[{"embeddable":true,"href":"https:\/\/agora.xtec.cat\/iesgerbert\/wp-json\/wp\/v2\/users\/6"}],"replies":[{"embeddable":true,"href":"https:\/\/agora.xtec.cat\/iesgerbert\/wp-json\/wp\/v2\/comments?post=6252"}],"version-history":[{"count":6,"href":"https:\/\/agora.xtec.cat\/iesgerbert\/wp-json\/wp\/v2\/pages\/6252\/revisions"}],"predecessor-version":[{"id":13314,"href":"https:\/\/agora.xtec.cat\/iesgerbert\/wp-json\/wp\/v2\/pages\/6252\/revisions\/13314"}],"wp:attachment":[{"href":"https:\/\/agora.xtec.cat\/iesgerbert\/wp-json\/wp\/v2\/media?parent=6252"}],"curies":[{"name":"wp","href":"https:\/\/api.w.org\/{rel}","templated":true}]}}