{"id":513,"date":"2019-04-08T13:29:49","date_gmt":"2019-04-08T11:29:49","guid":{"rendered":"http:\/\/agora.xtec.cat\/iesgerbert\/?page_id=513"},"modified":"2020-02-26T13:25:49","modified_gmt":"2020-02-26T12:25:49","slug":"2n-cicle-deso","status":"publish","type":"page","link":"https:\/\/agora.xtec.cat\/iesgerbert\/estudis-2\/eso\/2n-cicle-deso\/","title":{"rendered":"2n Cicle d&#8217;ESO"},"content":{"rendered":"<table style=\"width: 100%; border-collapse: collapse; border-color: #f5b790; background-color: #faf1e8;\" border=\"1\">\n<tbody>\n<tr>\n<td style=\"width: 50%; text-align: center;\">\n<h4><span style=\"color: #800000;\">3r ESO<\/span><\/h4>\n<\/td>\n<td style=\"width: 50%;\">\n<h4 style=\"text-align: center;\"><span style=\"color: #800000;\">4t ESO<\/span><\/h4>\n<\/td>\n<\/tr>\n<tr>\n<td style=\"width: 50%; text-align: center;\" colspan=\"2\">\n<h4><span style=\"color: #800000;\">ASSIGNATURES<\/span><\/h4>\n<\/td>\n<\/tr>\n<tr>\n<td style=\"width: 50%;\">\n<ul style=\"font-weight: 400;\">\n<li>Llengua catalana i literatura<\/li>\n<li>Llengua castellana i literatura<\/li>\n<li>Lleng\u00fces estrangeres<\/li>\n<li>Matem\u00e0tiques<\/li>\n<li>Ci\u00e8ncies de la naturalesa<\/li>\n<li>Ci\u00e8ncies socials<\/li>\n<li>Educaci\u00f3 f\u00edsica<\/li>\n<li>Tecnologia<\/li>\n<li>Educaci\u00f3 visual i pl\u00e0stica<\/li>\n<li>Educaci\u00f3 per a la ciutadania<\/li>\n<li>Tutoria<\/li>\n<li>Religi\u00f3 o cultura i valors \u00e8tics<\/li>\n<li>Treball de s\u00edntesi<\/li>\n<li><strong>Optatives<\/strong>:\n<ul>\n<li>Emprenedoria<\/li>\n<li>Matem\u00e0tiques<\/li>\n<li>Catal\u00e0<\/li>\n<li>Electricitat dom\u00e8stica<\/li>\n<li>Franc\u00e8s<\/li>\n<li>Cultura cl\u00e0ssica<\/li>\n<\/ul>\n<\/li>\n<\/ul>\n<p>&nbsp;<\/td>\n<td style=\"width: 50%;\">\n<ul style=\"font-weight: 400;\">\n<li>Llengua catalana i literatura<\/li>\n<li>Llengua castellana i literatura<\/li>\n<li>Lleng\u00fces estrangeres<\/li>\n<li>Matem\u00e0tiques<\/li>\n<li>Ci\u00e8ncies socials<\/li>\n<li>Educaci\u00f3 f\u00edsica<\/li>\n<li>Tutoria<\/li>\n<li>Educaci\u00f3 \u00e8tico-c\u00edvica \/ Servei Comunitari<\/li>\n<li>Alternativa<\/li>\n<li>Projecte de recerca<\/li>\n<\/ul>\n<p><strong>Optatives:<\/strong><\/p>\n<ul>\n<li style=\"list-style-type: none;\">\n<ul>\n<li>Biologia<\/li>\n<li>Tecnologia<\/li>\n<li>Llat\u00ed<\/li>\n<li>F\u00edsica i qu\u00edmica<\/li>\n<li>Educaci\u00f3 visual i pl\u00e0stica<\/li>\n<li>Inform\u00e0tica<\/li>\n<li>Franc\u00e8s<\/li>\n<li>Teatre<\/li>\n<li>Cinema en acci\u00f3<\/li>\n<li>Alemany<\/li>\n<\/ul>\n<\/li>\n<\/ul>\n<\/td>\n<\/tr>\n<\/tbody>\n<\/table>\n","protected":false},"excerpt":{"rendered":"<p>3r ESO 4t ESO ASSIGNATURES Llengua catalana i literatura Llengua castellana i literatura Lleng\u00fces estrangeres Matem\u00e0tiques Ci\u00e8ncies de la naturalesa Ci\u00e8ncies socials Educaci\u00f3 f\u00edsica Tecnologia Educaci\u00f3 visual i pl\u00e0stica Educaci\u00f3 per a la ciutadania Tutoria Religi\u00f3 o cultura i valors \u00e8tics Treball de s\u00edntesi Optatives: Emprenedoria Matem\u00e0tiques Catal\u00e0 Electricitat dom\u00e8stica Franc\u00e8s Cultura cl\u00e0ssica &nbsp; Llengua [&hellip;]<\/p>\n","protected":false},"author":1,"featured_media":0,"parent":1130,"menu_order":2,"comment_status":"closed","ping_status":"closed","template":"page-templates\/side-menu.php","meta":{"_bbp_topic_count":0,"_bbp_reply_count":0,"_bbp_total_topic_count":0,"_bbp_total_reply_count":0,"_bbp_voice_count":0,"_bbp_anonymous_reply_count":0,"_bbp_topic_count_hidden":0,"_bbp_reply_count_hidden":0,"_bbp_forum_subforum_count":0,"site-sidebar-layout":"default","site-content-layout":"","ast-site-content-layout":"","site-content-style":"default","site-sidebar-style":"default","ast-global-header-display":"","ast-banner-title-visibility":"","ast-main-header-display":"","ast-hfb-above-header-display":"","ast-hfb-below-header-display":"","ast-hfb-mobile-header-display":"","site-post-title":"","ast-breadcrumbs-content":"","ast-featured-img":"","footer-sml-layout":"","theme-transparent-header-meta":"","adv-header-id-meta":"","stick-header-meta":"","header-above-stick-meta":"","header-main-stick-meta":"","header-below-stick-meta":"","astra-migrate-meta-layouts":"default","ast-page-background-enabled":"default","ast-page-background-meta":{"desktop":{"background-color":"var(--ast-global-color-4)","background-image":"","background-repeat":"repeat","background-position":"center center","background-size":"auto","background-attachment":"scroll","background-type":"","background-media":"","overlay-type":"","overlay-color":"","overlay-opacity":"","overlay-gradient":""},"tablet":{"background-color":"","background-image":"","background-repeat":"repeat","background-position":"center center","background-size":"auto","background-attachment":"scroll","background-type":"","background-media":"","overlay-type":"","overlay-color":"","overlay-opacity":"","overlay-gradient":""},"mobile":{"background-color":"","background-image":"","background-repeat":"repeat","background-position":"center center","background-size":"auto","background-attachment":"scroll","background-type":"","background-media":"","overlay-type":"","overlay-color":"","overlay-opacity":"","overlay-gradient":""}},"ast-content-background-meta":{"desktop":{"background-color":"var(--ast-global-color-5)","background-image":"","background-repeat":"repeat","background-position":"center center","background-size":"auto","background-attachment":"scroll","background-type":"","background-media":"","overlay-type":"","overlay-color":"","overlay-opacity":"","overlay-gradient":""},"tablet":{"background-color":"var(--ast-global-color-5)","background-image":"","background-repeat":"repeat","background-position":"center center","background-size":"auto","background-attachment":"scroll","background-type":"","background-media":"","overlay-type":"","overlay-color":"","overlay-opacity":"","overlay-gradient":""},"mobile":{"background-color":"var(--ast-global-color-5)","background-image":"","background-repeat":"repeat","background-position":"center center","background-size":"auto","background-attachment":"scroll","background-type":"","background-media":"","overlay-type":"","overlay-color":"","overlay-opacity":"","overlay-gradient":""}},"footnotes":""},"class_list":["post-513","page","type-page","status-publish","hentry"],"post_mailing_queue_ids":[],"_links":{"self":[{"href":"https:\/\/agora.xtec.cat\/iesgerbert\/wp-json\/wp\/v2\/pages\/513","targetHints":{"allow":["GET"]}}],"collection":[{"href":"https:\/\/agora.xtec.cat\/iesgerbert\/wp-json\/wp\/v2\/pages"}],"about":[{"href":"https:\/\/agora.xtec.cat\/iesgerbert\/wp-json\/wp\/v2\/types\/page"}],"author":[{"embeddable":true,"href":"https:\/\/agora.xtec.cat\/iesgerbert\/wp-json\/wp\/v2\/users\/1"}],"replies":[{"embeddable":true,"href":"https:\/\/agora.xtec.cat\/iesgerbert\/wp-json\/wp\/v2\/comments?post=513"}],"version-history":[{"count":4,"href":"https:\/\/agora.xtec.cat\/iesgerbert\/wp-json\/wp\/v2\/pages\/513\/revisions"}],"predecessor-version":[{"id":3266,"href":"https:\/\/agora.xtec.cat\/iesgerbert\/wp-json\/wp\/v2\/pages\/513\/revisions\/3266"}],"up":[{"embeddable":true,"href":"https:\/\/agora.xtec.cat\/iesgerbert\/wp-json\/wp\/v2\/pages\/1130"}],"wp:attachment":[{"href":"https:\/\/agora.xtec.cat\/iesgerbert\/wp-json\/wp\/v2\/media?parent=513"}],"curies":[{"name":"wp","href":"https:\/\/api.w.org\/{rel}","templated":true}]}}