{"id":496,"date":"2019-04-08T13:01:32","date_gmt":"2019-04-08T11:01:32","guid":{"rendered":"http:\/\/agora.xtec.cat\/iesgerbert\/?page_id=496"},"modified":"2020-02-26T13:46:50","modified_gmt":"2020-02-26T12:46:50","slug":"1r-cicle-deso","status":"publish","type":"page","link":"https:\/\/agora.xtec.cat\/iesgerbert\/estudis-2\/eso\/1r-cicle-deso\/","title":{"rendered":"1r Cicle d&#8217;ESO"},"content":{"rendered":"<p>&nbsp;<\/p>\n<table style=\"height: 88px; width: 100%; border-collapse: collapse; border-color: #f5b790; background-color: #faf1e8;\" border=\"1\">\n<tbody>\n<tr style=\"height: 28px;\">\n<td style=\"width: 50%; height: 28px;\">\n<h4 style=\"text-align: center;\"><span style=\"color: #800000;\">1r ESO<\/span><\/h4>\n<\/td>\n<td style=\"width: 50%; height: 28px;\">\n<h4 style=\"text-align: center;\"><span style=\"color: #800000;\">2n ESO<\/span><\/h4>\n<\/td>\n<\/tr>\n<tr style=\"height: 30px;\">\n<td style=\"width: 50%; height: 30px;\" colspan=\"2\">\n<h4 style=\"text-align: center;\"><span style=\"color: #800000;\">ASSIGNATURES<\/span><\/h4>\n<\/td>\n<\/tr>\n<tr style=\"height: 30px;\">\n<td style=\"width: 50%; height: 30px; text-align: justify;\">&nbsp;<\/p>\n<ul>\n<li>Llengua catalana i literatura<\/li>\n<li>Llengua castellana i literatura<\/li>\n<li>Lleng\u00fces estrangeres<\/li>\n<li>Matem\u00e0tiques<\/li>\n<li>Ci\u00e8ncies socials<\/li>\n<li>Ci\u00e8ncies de la naturalesa<\/li>\n<li>Educaci\u00f3 f\u00edsica<\/li>\n<li>Tecnologia<\/li>\n<li>M\u00fasica<\/li>\n<li>Educaci\u00f3 visual i pl\u00e0stica<\/li>\n<li>Tutoria<\/li>\n<li>Religi\u00f3 o cultura i valors \u00e8tics<\/li>\n<li>Treball de s\u00edntesi<\/li>\n<li>CLIL<\/li>\n<\/ul>\n<p>&nbsp;<\/p>\n<p>&nbsp;<\/p>\n<p>&nbsp;<\/p>\n<p>&nbsp;<\/p>\n<p>&nbsp;<\/td>\n<td style=\"width: 50%; height: 30px; text-align: justify;\">\n<ul>\n<li><span lang=\"CA\">Llengua catalana i literatura<\/span><\/li>\n<li><span lang=\"CA\">Llengua castellana i literatura<\/span><\/li>\n<li><span lang=\"CA\">Lleng\u00fces estrangeres<\/span><\/li>\n<li><span lang=\"CA\">Matem\u00e0tiques<\/span><\/li>\n<li><span lang=\"CA\">Ci\u00e8ncies de la naturalesa<\/span><\/li>\n<li><span lang=\"CA\">Ci\u00e8ncies socials<\/span><\/li>\n<li><span lang=\"CA\">Educaci\u00f3 f\u00edsica<\/span><\/li>\n<li><span lang=\"CA\">Tecnologia<\/span><\/li>\n<li><span lang=\"CA\">Educaci\u00f3 visual i pl\u00e0stica<\/span><\/li>\n<li><span lang=\"CA\">Tutoria<\/span><\/li>\n<li><span lang=\"CA\">Religi\u00f3 o cultura i valors \u00e8tics<\/span><\/li>\n<li>Treball de s\u00edntesi<\/li>\n<\/ul>\n<p><strong>Optatives:<\/strong><\/p>\n<ul>\n<li style=\"list-style-type: none;\">\n<ul type=\"circle\">\n<li>Experimentem<\/li>\n<li>Cinema i societat<\/li>\n<li>Matem\u00e0tiques<\/li>\n<li>Crea.cat (catal\u00e0)<\/li>\n<li>Sota els nostres peus (arqueologia)<\/li>\n<li>Franc\u00e8<\/li>\n<\/ul>\n<\/li>\n<\/ul>\n<\/td>\n<\/tr>\n<\/tbody>\n<\/table>\n<p>&nbsp;<\/p>\n","protected":false},"excerpt":{"rendered":"<p>&nbsp; 1r ESO 2n ESO ASSIGNATURES &nbsp; Llengua catalana i literatura Llengua castellana i literatura Lleng\u00fces estrangeres Matem\u00e0tiques Ci\u00e8ncies socials Ci\u00e8ncies de la naturalesa Educaci\u00f3 f\u00edsica Tecnologia M\u00fasica Educaci\u00f3 visual i pl\u00e0stica Tutoria Religi\u00f3 o cultura i valors \u00e8tics Treball de s\u00edntesi CLIL &nbsp; &nbsp; &nbsp; &nbsp; &nbsp; Llengua catalana i literatura Llengua castellana i [&hellip;]<\/p>\n","protected":false},"author":1,"featured_media":0,"parent":1130,"menu_order":1,"comment_status":"closed","ping_status":"closed","template":"page-templates\/side-menu.php","meta":{"_bbp_topic_count":0,"_bbp_reply_count":0,"_bbp_total_topic_count":0,"_bbp_total_reply_count":0,"_bbp_voice_count":0,"_bbp_anonymous_reply_count":0,"_bbp_topic_count_hidden":0,"_bbp_reply_count_hidden":0,"_bbp_forum_subforum_count":0,"site-sidebar-layout":"default","site-content-layout":"","ast-site-content-layout":"","site-content-style":"default","site-sidebar-style":"default","ast-global-header-display":"","ast-banner-title-visibility":"","ast-main-header-display":"","ast-hfb-above-header-display":"","ast-hfb-below-header-display":"","ast-hfb-mobile-header-display":"","site-post-title":"","ast-breadcrumbs-content":"","ast-featured-img":"","footer-sml-layout":"","theme-transparent-header-meta":"","adv-header-id-meta":"","stick-header-meta":"","header-above-stick-meta":"","header-main-stick-meta":"","header-below-stick-meta":"","astra-migrate-meta-layouts":"default","ast-page-background-enabled":"default","ast-page-background-meta":{"desktop":{"background-color":"var(--ast-global-color-4)","background-image":"","background-repeat":"repeat","background-position":"center center","background-size":"auto","background-attachment":"scroll","background-type":"","background-media":"","overlay-type":"","overlay-color":"","overlay-opacity":"","overlay-gradient":""},"tablet":{"background-color":"","background-image":"","background-repeat":"repeat","background-position":"center center","background-size":"auto","background-attachment":"scroll","background-type":"","background-media":"","overlay-type":"","overlay-color":"","overlay-opacity":"","overlay-gradient":""},"mobile":{"background-color":"","background-image":"","background-repeat":"repeat","background-position":"center center","background-size":"auto","background-attachment":"scroll","background-type":"","background-media":"","overlay-type":"","overlay-color":"","overlay-opacity":"","overlay-gradient":""}},"ast-content-background-meta":{"desktop":{"background-color":"var(--ast-global-color-5)","background-image":"","background-repeat":"repeat","background-position":"center center","background-size":"auto","background-attachment":"scroll","background-type":"","background-media":"","overlay-type":"","overlay-color":"","overlay-opacity":"","overlay-gradient":""},"tablet":{"background-color":"var(--ast-global-color-5)","background-image":"","background-repeat":"repeat","background-position":"center center","background-size":"auto","background-attachment":"scroll","background-type":"","background-media":"","overlay-type":"","overlay-color":"","overlay-opacity":"","overlay-gradient":""},"mobile":{"background-color":"var(--ast-global-color-5)","background-image":"","background-repeat":"repeat","background-position":"center center","background-size":"auto","background-attachment":"scroll","background-type":"","background-media":"","overlay-type":"","overlay-color":"","overlay-opacity":"","overlay-gradient":""}},"footnotes":""},"class_list":["post-496","page","type-page","status-publish","hentry"],"post_mailing_queue_ids":[],"_links":{"self":[{"href":"https:\/\/agora.xtec.cat\/iesgerbert\/wp-json\/wp\/v2\/pages\/496","targetHints":{"allow":["GET"]}}],"collection":[{"href":"https:\/\/agora.xtec.cat\/iesgerbert\/wp-json\/wp\/v2\/pages"}],"about":[{"href":"https:\/\/agora.xtec.cat\/iesgerbert\/wp-json\/wp\/v2\/types\/page"}],"author":[{"embeddable":true,"href":"https:\/\/agora.xtec.cat\/iesgerbert\/wp-json\/wp\/v2\/users\/1"}],"replies":[{"embeddable":true,"href":"https:\/\/agora.xtec.cat\/iesgerbert\/wp-json\/wp\/v2\/comments?post=496"}],"version-history":[{"count":4,"href":"https:\/\/agora.xtec.cat\/iesgerbert\/wp-json\/wp\/v2\/pages\/496\/revisions"}],"predecessor-version":[{"id":3287,"href":"https:\/\/agora.xtec.cat\/iesgerbert\/wp-json\/wp\/v2\/pages\/496\/revisions\/3287"}],"up":[{"embeddable":true,"href":"https:\/\/agora.xtec.cat\/iesgerbert\/wp-json\/wp\/v2\/pages\/1130"}],"wp:attachment":[{"href":"https:\/\/agora.xtec.cat\/iesgerbert\/wp-json\/wp\/v2\/media?parent=496"}],"curies":[{"name":"wp","href":"https:\/\/api.w.org\/{rel}","templated":true}]}}