{"id":49,"date":"2014-09-17T16:55:55","date_gmt":"2014-09-17T16:55:55","guid":{"rendered":"http:\/\/agora.xtec.cat\/iesgerbert\/?page_id=49"},"modified":"2025-10-16T11:35:01","modified_gmt":"2025-10-16T09:35:01","slug":"normes-dorganitzacio-i-funcionament","status":"publish","type":"page","link":"https:\/\/agora.xtec.cat\/iesgerbert\/curs-actual\/normes-dorganitzacio-i-funcionament\/","title":{"rendered":"Tutories i Departaments"},"content":{"rendered":"<h2><strong><span style=\"color: #800000;\">CAPS DE DEPARTAMENT CURS 25-26<\/span><\/strong><\/h2>\n<ul>\n<li>\n<h5><strong><span style=\"color: #ff6600;\">Expressi\u00f3 art\u00edstica:\u00a0<\/span><\/strong><span style=\"color: #ff6600;\"><span style=\"color: #000000;\">Emma Sat\u00f3<\/span>\u00a0<\/span><\/h5>\n<\/li>\n<li>\n<h5><span style=\"color: #ff6600;\"><strong>Ci\u00e8ncies experimentals: <\/strong><span style=\"color: #000000;\">Gemma Mogeda<\/span><\/span><strong><br \/>\n<\/strong><\/h5>\n<\/li>\n<li>\n<h5><span style=\"color: #ff6600;\"><strong>Geografia i Hist\u00f2ria: <\/strong><\/span><span style=\"color: #000000;\">Jordi F\u00e0bregas<\/span><\/h5>\n<\/li>\n<li>\n<h5><span style=\"color: #ff6600;\"><strong>Lleng\u00fces catalana i castellana: <\/strong><span style=\"color: #000000;\">Robert Puig<\/span><\/span><\/h5>\n<\/li>\n<li>\n<h5><span style=\"color: #ff6600;\"><strong>Lleng\u00fces estrangeres: <\/strong><span style=\"color: #000000;\">Mireia Espert<\/span><\/span><\/h5>\n<\/li>\n<li>\n<h5><span style=\"color: #ff6600;\"><strong>Matem\u00e0tiques: <\/strong><span style=\"color: #000000;\">Anna Barat<\/span><\/span><\/h5>\n<\/li>\n<li>\n<h5><span style=\"color: #ff6600;\"><strong>Tecnologia: <\/strong><span style=\"color: #000000;\">Fernando Mart\u00edn<\/span><\/span><\/h5>\n<\/li>\n<\/ul>\n<p>&nbsp;<\/p>\n<h2><strong><span style=\"color: #800000;\">TUTORIES CURS 2025-2026<\/span><\/strong><\/h2>\n<ul>\n<li>\n<h5><strong><span style=\"color: #ff6600;\">1r ESO A: <span style=\"color: #000000;\">Marc Espinalt<\/span><\/span><\/strong><\/h5>\n<\/li>\n<li>\n<h5><span style=\"color: #ff6600;\"><strong>1r ESO B: <span style=\"color: #000000;\">Emma Sat\u00f3<\/span><\/strong><\/span><\/h5>\n<\/li>\n<li>\n<h5><span style=\"color: #ff6600;\"><strong>1r ESO C: <span style=\"color: #000000;\">Robert Puig<\/span><\/strong><\/span><\/h5>\n<\/li>\n<\/ul>\n<h5><\/h5>\n<ul>\n<li>\n<h5><span style=\"color: #ff6600;\"><strong>2n ESO A: <span style=\"color: #000000;\">Marga P\u00e9rez<\/span><\/strong><\/span><\/h5>\n<\/li>\n<li>\n<h5><span style=\"color: #ff6600;\"><strong>2n ESO B:\u00a0<span style=\"color: #000000;\">Maria Garriga<\/span><\/strong><\/span><\/h5>\n<\/li>\n<li>\n<h5><strong><span style=\"color: #ff6600;\">2n ESO C:\u00a0<span style=\"color: #000000;\">Marta Escamilla<\/span><\/span><\/strong><\/h5>\n<\/li>\n<\/ul>\n<h5><\/h5>\n<ul>\n<li>\n<h5><strong><span style=\"color: #ff6600;\">3r ESO A <\/span><\/strong><strong><span style=\"color: #ff6600;\">(amb AO): <\/span><\/strong><strong><span style=\"color: #ff6600;\"><span style=\"color: #000000;\">S\u00f2nia Marco<\/span><\/span><\/strong><\/h5>\n<\/li>\n<li>\n<h5><span style=\"color: #ff6600;\"><strong>3r ESO B:\u00a0<span style=\"color: #000000;\">S\u00edlvia Bosch<\/span><\/strong><\/span><\/h5>\n<\/li>\n<li>\n<h5><strong><span style=\"color: #ff6600;\">3r ESO C: <span style=\"color: #000000;\">Carola Montagut<\/span><\/span><\/strong><\/h5>\n<\/li>\n<li>\n<h5><span style=\"color: #ff6600;\"><strong>Aula Oberta:\u00a0<span style=\"color: #000000;\">Laia Collado<\/span><\/strong><\/span><\/h5>\n<\/li>\n<\/ul>\n<h5><\/h5>\n<ul>\n<li>\n<h5><span style=\"color: #ff6600;\"><strong>4t ESO A: <span style=\"color: #000000;\">Albert Planas<\/span><\/strong><\/span><\/h5>\n<\/li>\n<li>\n<h5><span style=\"color: #ff6600;\"><strong>4t ESO B (amb AO):\u00a0<span style=\"color: #000000;\">Oriol Abellan<\/span><\/strong><\/span><\/h5>\n<\/li>\n<li>\n<h5><strong style=\"color: #ff6600; font-family: inherit; font-size: 1em;\">4t ESO C:\u00a0<span style=\"color: #000000;\">Fernando Mart\u00edn<\/span><\/strong><\/h5>\n<\/li>\n<\/ul>\n<p>&nbsp;<\/p>\n<ul>\n<li>\n<h5><span style=\"color: #ff6600;\"><strong>1r Batx. A:\u00a0<span style=\"color: #000000;\">Montse Ossa<\/span><\/strong><\/span><\/h5>\n<\/li>\n<li>\n<h5><span style=\"color: #ff6600;\"><strong>1r Batx. B <\/strong><\/span><span style=\"color: #ff6600;\"><strong>(BAC)<\/strong><\/span><span style=\"color: #ff6600;\"><strong>:\u00a0<span style=\"color: #000000;\">Irene Alerm i Rafa N\u00e0cher<\/span><\/strong><\/span><\/h5>\n<\/li>\n<li>\n<h5><span style=\"color: #ff6600;\"><strong>1r Batx. C:<span style=\"color: #000000;\"> Carles Caball\u00e9<\/span><\/strong><\/span><\/h5>\n<\/li>\n<\/ul>\n<p>&nbsp;<\/p>\n<ul>\n<li>\n<h5><span style=\"color: #ff6600;\"><strong>2n Batx. A<\/strong><\/span><span style=\"color: #ff6600;\"><strong>:\u00a0<span style=\"color: #000000;\">Imma Pons<\/span><\/strong><\/span><\/h5>\n<\/li>\n<li>\n<h5><span style=\"color: #ff6600;\"><strong>2n Batx. B (BAC): <span style=\"color: #000000;\">Montse Sala i Marina Bonilla<\/span><\/strong><\/span><\/h5>\n<\/li>\n<li>\n<h5><span style=\"color: #ff6600;\"><strong>2n Batx. C:\u00a0<span style=\"color: #000000;\">Josep Presas<\/span><\/strong><\/span><\/h5>\n<\/li>\n<\/ul>\n<p><!--a=1--><!--a=1--><\/p>\n<p><!--a=1--><!--a=1--><\/p>\n<p><!--a=1--><\/p>\n<p><!--a=1--><\/p>\n<p><!--a=1--><\/p>\n<p><!--a=1--><!--a=1--><\/p>\n<p><!--a=1--><\/p>\n<p><!--a=1--><\/p>\n<p><!--a=1--><\/p>\n","protected":false},"excerpt":{"rendered":"<p>CAPS DE DEPARTAMENT CURS 25-26 Expressi\u00f3 art\u00edstica:\u00a0Emma Sat\u00f3\u00a0 Ci\u00e8ncies experimentals: Gemma Mogeda Geografia i Hist\u00f2ria: Jordi F\u00e0bregas Lleng\u00fces catalana i castellana: Robert Puig Lleng\u00fces estrangeres: Mireia Espert Matem\u00e0tiques: Anna Barat Tecnologia: Fernando Mart\u00edn &nbsp; TUTORIES CURS 2025-2026 1r ESO A: Marc Espinalt 1r ESO B: Emma Sat\u00f3 1r ESO C: Robert Puig 2n ESO A: [&hellip;]<\/p>\n","protected":false},"author":1,"featured_media":0,"parent":4075,"menu_order":4,"comment_status":"closed","ping_status":"closed","template":"page-templates\/side-menu.php","meta":{"_bbp_topic_count":0,"_bbp_reply_count":0,"_bbp_total_topic_count":0,"_bbp_total_reply_count":0,"_bbp_voice_count":0,"_bbp_anonymous_reply_count":0,"_bbp_topic_count_hidden":0,"_bbp_reply_count_hidden":0,"_bbp_forum_subforum_count":0,"site-sidebar-layout":"default","site-content-layout":"","ast-site-content-layout":"","site-content-style":"default","site-sidebar-style":"default","ast-global-header-display":"","ast-banner-title-visibility":"","ast-main-header-display":"","ast-hfb-above-header-display":"","ast-hfb-below-header-display":"","ast-hfb-mobile-header-display":"","site-post-title":"","ast-breadcrumbs-content":"","ast-featured-img":"","footer-sml-layout":"","theme-transparent-header-meta":"","adv-header-id-meta":"","stick-header-meta":"","header-above-stick-meta":"","header-main-stick-meta":"","header-below-stick-meta":"","astra-migrate-meta-layouts":"default","ast-page-background-enabled":"default","ast-page-background-meta":{"desktop":{"background-color":"var(--ast-global-color-4)","background-image":"","background-repeat":"repeat","background-position":"center center","background-size":"auto","background-attachment":"scroll","background-type":"","background-media":"","overlay-type":"","overlay-color":"","overlay-opacity":"","overlay-gradient":""},"tablet":{"background-color":"","background-image":"","background-repeat":"repeat","background-position":"center center","background-size":"auto","background-attachment":"scroll","background-type":"","background-media":"","overlay-type":"","overlay-color":"","overlay-opacity":"","overlay-gradient":""},"mobile":{"background-color":"","background-image":"","background-repeat":"repeat","background-position":"center center","background-size":"auto","background-attachment":"scroll","background-type":"","background-media":"","overlay-type":"","overlay-color":"","overlay-opacity":"","overlay-gradient":""}},"ast-content-background-meta":{"desktop":{"background-color":"var(--ast-global-color-5)","background-image":"","background-repeat":"repeat","background-position":"center center","background-size":"auto","background-attachment":"scroll","background-type":"","background-media":"","overlay-type":"","overlay-color":"","overlay-opacity":"","overlay-gradient":""},"tablet":{"background-color":"var(--ast-global-color-5)","background-image":"","background-repeat":"repeat","background-position":"center center","background-size":"auto","background-attachment":"scroll","background-type":"","background-media":"","overlay-type":"","overlay-color":"","overlay-opacity":"","overlay-gradient":""},"mobile":{"background-color":"var(--ast-global-color-5)","background-image":"","background-repeat":"repeat","background-position":"center center","background-size":"auto","background-attachment":"scroll","background-type":"","background-media":"","overlay-type":"","overlay-color":"","overlay-opacity":"","overlay-gradient":""}},"footnotes":""},"class_list":["post-49","page","type-page","status-publish","hentry"],"post_mailing_queue_ids":[],"_links":{"self":[{"href":"https:\/\/agora.xtec.cat\/iesgerbert\/wp-json\/wp\/v2\/pages\/49","targetHints":{"allow":["GET"]}}],"collection":[{"href":"https:\/\/agora.xtec.cat\/iesgerbert\/wp-json\/wp\/v2\/pages"}],"about":[{"href":"https:\/\/agora.xtec.cat\/iesgerbert\/wp-json\/wp\/v2\/types\/page"}],"author":[{"embeddable":true,"href":"https:\/\/agora.xtec.cat\/iesgerbert\/wp-json\/wp\/v2\/users\/1"}],"replies":[{"embeddable":true,"href":"https:\/\/agora.xtec.cat\/iesgerbert\/wp-json\/wp\/v2\/comments?post=49"}],"version-history":[{"count":8,"href":"https:\/\/agora.xtec.cat\/iesgerbert\/wp-json\/wp\/v2\/pages\/49\/revisions"}],"predecessor-version":[{"id":13525,"href":"https:\/\/agora.xtec.cat\/iesgerbert\/wp-json\/wp\/v2\/pages\/49\/revisions\/13525"}],"up":[{"embeddable":true,"href":"https:\/\/agora.xtec.cat\/iesgerbert\/wp-json\/wp\/v2\/pages\/4075"}],"wp:attachment":[{"href":"https:\/\/agora.xtec.cat\/iesgerbert\/wp-json\/wp\/v2\/media?parent=49"}],"curies":[{"name":"wp","href":"https:\/\/api.w.org\/{rel}","templated":true}]}}