{"id":46,"date":"2014-09-17T16:53:45","date_gmt":"2014-09-17T16:53:45","guid":{"rendered":"http:\/\/agora.xtec.cat\/iesgerbert\/?page_id=46"},"modified":"2025-10-02T12:09:59","modified_gmt":"2025-10-02T10:09:59","slug":"organigrama","status":"publish","type":"page","link":"https:\/\/agora.xtec.cat\/iesgerbert\/organigrama\/","title":{"rendered":"Organigrama"},"content":{"rendered":"<h4><span style=\"color: #800000;\"><strong>EQUIP DIRECTIU:<\/strong><\/span><\/h4>\n<ul>\n<li><strong>Director: <\/strong>Carles Albors<\/li>\n<li><strong>Cap d&#8217;estudis: <\/strong>Laura Rodr\u00edguez<\/li>\n<li><strong>Secret\u00e0ria: <\/strong>Alba Villarta<\/li>\n<li><strong>Coordinadora pedag\u00f2gica: <\/strong>Dolors Pel\u00e1ez<\/li>\n<\/ul>\n<h4><span style=\"color: #800000;\"><strong>COORDINACI\u00d3 D&#8217;ETAPA:<\/strong><\/span><\/h4>\n<ul>\n<li><strong>1r Cicle d&#8217;ESO: <\/strong>Eva Luj\u00e1n<\/li>\n<li><strong>2n Cicle d&#8217;ESO: <\/strong>Marta Vilajosana<\/li>\n<li><strong>Batxillerat:<\/strong> Montse Reguant<\/li>\n<li><strong>Batxibac:\u00a0<\/strong>Marina Bonilla<\/li>\n<\/ul>\n<h4><span style=\"color: #800000;\"><strong style=\"font-family: inherit; font-size: 1em;\">ALTRES COORDINACIONS I PROJECTES:\u00a0<\/strong><\/span><\/h4>\n<ul>\n<li><strong>Orientaci\u00f3 Psicopedag\u00f2gica:<\/strong> Dolors Pel\u00e1ez<\/li>\n<li><strong>Coordinaci\u00f3 estada empresa Batxillerat: <\/strong>Txell Vilamala<\/li>\n<li><strong>Coordinaci\u00f3 sortides:<\/strong> Manel S\u00e0nchez<\/li>\n<li><strong>Coordinaci\u00f3 digital i audiovisual<\/strong>: Anna de las Heras<\/li>\n<li><strong>Coordinaci\u00f3 P\u00e0gina Web:<\/strong> Mireia Espert<\/li>\n<li><strong>Xarxes socials:<\/strong> Ada Guil\u00e0<\/li>\n<li><strong>Riscos Laborals:<\/strong> Rosa C\u00f2dul<\/li>\n<li><strong>Servei comunitari:<\/strong> Marta Vilajosana<\/li>\n<li><strong>LIC<\/strong>: M\u00f2nica Tarr\u00e9s<\/li>\n<li><strong>IOC<\/strong>: Maria Garriga<\/li>\n<li><strong>M\u00e0ster<\/strong>: Anna Barat<\/li>\n<\/ul>\n<h4><span style=\"color: #800000;\"><strong>COMISSIONS:<\/strong><\/span><\/h4>\n<ul>\n<li><strong>Festes<\/strong><\/li>\n<li><strong>Escola Verda<\/strong><\/li>\n<li><strong>Pla lector<\/strong><\/li>\n<li><strong>Coeducaci\u00f3<\/strong><\/li>\n<li><strong>EDC (Estrat\u00e8gia Digital de Centre)<\/strong><\/li>\n<li><strong>Mauthausen<\/strong><\/li>\n<\/ul>\n<h4><span style=\"color: #800000;\"><strong>PERSONAL D&#8217;ADMINISTRACI\u00d3 I SERVEIS:<\/strong><\/span><\/h4>\n<ul>\n<li><strong>Administraci\u00f3:<\/strong> Gl\u00f2ria Ur\u00f3<\/li>\n<li><strong>Consergeria:<\/strong> Eva Ortega i Lali Navin\u00e9s<\/li>\n<\/ul>\n<h4><\/h4>\n<p><!--a=1--><\/p>\n<p><!--a=1--><\/p>\n<p><!--a=1--><\/p>\n<p><!--a=1--><\/p>\n","protected":false},"excerpt":{"rendered":"<p>EQUIP DIRECTIU: Director: Carles Albors Cap d&#8217;estudis: Laura Rodr\u00edguez Secret\u00e0ria: Alba Villarta Coordinadora pedag\u00f2gica: Dolors Pel\u00e1ez COORDINACI\u00d3 D&#8217;ETAPA: 1r Cicle d&#8217;ESO: Eva Luj\u00e1n 2n Cicle d&#8217;ESO: Marta Vilajosana Batxillerat: Montse Reguant Batxibac:\u00a0Marina Bonilla ALTRES COORDINACIONS I PROJECTES:\u00a0 Orientaci\u00f3 Psicopedag\u00f2gica: Dolors Pel\u00e1ez Coordinaci\u00f3 estada empresa Batxillerat: Txell Vilamala Coordinaci\u00f3 sortides: Manel S\u00e0nchez Coordinaci\u00f3 digital i audiovisual: [&hellip;]<\/p>\n","protected":false},"author":1,"featured_media":0,"parent":0,"menu_order":2,"comment_status":"closed","ping_status":"closed","template":"page-templates\/side-menu.php","meta":{"_bbp_topic_count":0,"_bbp_reply_count":0,"_bbp_total_topic_count":0,"_bbp_total_reply_count":0,"_bbp_voice_count":0,"_bbp_anonymous_reply_count":0,"_bbp_topic_count_hidden":0,"_bbp_reply_count_hidden":0,"_bbp_forum_subforum_count":0,"site-sidebar-layout":"default","site-content-layout":"","ast-site-content-layout":"","site-content-style":"default","site-sidebar-style":"default","ast-global-header-display":"","ast-banner-title-visibility":"","ast-main-header-display":"","ast-hfb-above-header-display":"","ast-hfb-below-header-display":"","ast-hfb-mobile-header-display":"","site-post-title":"","ast-breadcrumbs-content":"","ast-featured-img":"","footer-sml-layout":"","theme-transparent-header-meta":"","adv-header-id-meta":"","stick-header-meta":"","header-above-stick-meta":"","header-main-stick-meta":"","header-below-stick-meta":"","astra-migrate-meta-layouts":"default","ast-page-background-enabled":"default","ast-page-background-meta":{"desktop":{"background-color":"var(--ast-global-color-4)","background-image":"","background-repeat":"repeat","background-position":"center center","background-size":"auto","background-attachment":"scroll","background-type":"","background-media":"","overlay-type":"","overlay-color":"","overlay-opacity":"","overlay-gradient":""},"tablet":{"background-color":"","background-image":"","background-repeat":"repeat","background-position":"center center","background-size":"auto","background-attachment":"scroll","background-type":"","background-media":"","overlay-type":"","overlay-color":"","overlay-opacity":"","overlay-gradient":""},"mobile":{"background-color":"","background-image":"","background-repeat":"repeat","background-position":"center center","background-size":"auto","background-attachment":"scroll","background-type":"","background-media":"","overlay-type":"","overlay-color":"","overlay-opacity":"","overlay-gradient":""}},"ast-content-background-meta":{"desktop":{"background-color":"var(--ast-global-color-5)","background-image":"","background-repeat":"repeat","background-position":"center center","background-size":"auto","background-attachment":"scroll","background-type":"","background-media":"","overlay-type":"","overlay-color":"","overlay-opacity":"","overlay-gradient":""},"tablet":{"background-color":"var(--ast-global-color-5)","background-image":"","background-repeat":"repeat","background-position":"center center","background-size":"auto","background-attachment":"scroll","background-type":"","background-media":"","overlay-type":"","overlay-color":"","overlay-opacity":"","overlay-gradient":""},"mobile":{"background-color":"var(--ast-global-color-5)","background-image":"","background-repeat":"repeat","background-position":"center center","background-size":"auto","background-attachment":"scroll","background-type":"","background-media":"","overlay-type":"","overlay-color":"","overlay-opacity":"","overlay-gradient":""}},"footnotes":""},"class_list":["post-46","page","type-page","status-publish","hentry"],"post_mailing_queue_ids":[],"_links":{"self":[{"href":"https:\/\/agora.xtec.cat\/iesgerbert\/wp-json\/wp\/v2\/pages\/46","targetHints":{"allow":["GET"]}}],"collection":[{"href":"https:\/\/agora.xtec.cat\/iesgerbert\/wp-json\/wp\/v2\/pages"}],"about":[{"href":"https:\/\/agora.xtec.cat\/iesgerbert\/wp-json\/wp\/v2\/types\/page"}],"author":[{"embeddable":true,"href":"https:\/\/agora.xtec.cat\/iesgerbert\/wp-json\/wp\/v2\/users\/1"}],"replies":[{"embeddable":true,"href":"https:\/\/agora.xtec.cat\/iesgerbert\/wp-json\/wp\/v2\/comments?post=46"}],"version-history":[{"count":7,"href":"https:\/\/agora.xtec.cat\/iesgerbert\/wp-json\/wp\/v2\/pages\/46\/revisions"}],"predecessor-version":[{"id":13458,"href":"https:\/\/agora.xtec.cat\/iesgerbert\/wp-json\/wp\/v2\/pages\/46\/revisions\/13458"}],"wp:attachment":[{"href":"https:\/\/agora.xtec.cat\/iesgerbert\/wp-json\/wp\/v2\/media?parent=46"}],"curies":[{"name":"wp","href":"https:\/\/api.w.org\/{rel}","templated":true}]}}