{"id":440,"date":"2019-04-02T13:16:47","date_gmt":"2019-04-02T11:16:47","guid":{"rendered":"http:\/\/agora.xtec.cat\/iesgerbert\/?page_id=440"},"modified":"2020-01-27T13:29:24","modified_gmt":"2020-01-27T12:29:24","slug":"projecte-mauthausen","status":"publish","type":"page","link":"https:\/\/agora.xtec.cat\/iesgerbert\/com-treballem\/projectes-de-gestio-autonoma\/projecte\/projecte-educatiu\/projecte-mauthausen\/","title":{"rendered":"Projecte Mauthausen"},"content":{"rendered":"<p class=\"font_8\" style=\"text-align: justify;\">Amb el projecte de\u00a0 recerca iniciat amb els alumnes de 1r de batxillerat, dins la mat\u00e8ria d\u2019Ha del M\u00f3n, ens propos\u00e0vem\u00a0 con\u00e8ixer alguna cosa m\u00e9s de dos santfruitosencs, Artur Cura Bosch i Antonio Escal\u00e9 Claramunt, que un cop acabada la guerra civil i exilialts a Fran\u00e7a , es varen allistar a la Companyia de Treballadors Estrangers, foren detinguts pels alemanys , enviats al camp de concentraci\u00f3 de\u00a0 Mauthausen i posteriorment\u00a0 al camp de Gusen , on hi\u00a0 trobaren la mort.<\/p>\n<p class=\"font_8\" style=\"text-align: justify;\">A principi de curs, ens v\u00e0rem introduir en aquest projecte a partir d\u2019una xerrada del Sr. Enric Garriga, president de l\u2019Amical de Mauthausen i d\u2019altres camps. Ens v\u00e0rem adherir a la Xarxa Mai M\u00e9s i ho v\u00e0rem fer extensible a l\u2019Ajuntament de Sant Fruit\u00f3s. Aquesta entitat ens va facilitar el llistat dels santfruitosencs\u00a0 a dalt esmentats i ens va animar a comen\u00e7ar la recerca a nivell de l\u2019arxiu municipal. L\u2019\u2019arxivera, Anna Cura, ens va mostrar el funcionament d\u2019un arxiu local i es va buscar al padr\u00f3 dades d\u2019 Artur Cura i d\u2019 Antonio Escal\u00e9.<\/p>\n<p class=\"font_8\" style=\"text-align: justify;\">Els alumnes, a part de la recerca de les fonts prim\u00e0ries i secund\u00e0ries,\u00a0 treballaven el context hist\u00f2ric en grups\u00a0 i exposaven els resultats dins l\u2019entorn TIC.<\/p>\n<p class=\"font_8\" style=\"text-align: justify;\">A m\u00e9s a m\u00e9s,\u00a0v\u00e0rem participar a la 5a trobada\u00a0 d\u2019instituts de la Xarxa Mai M\u00e9s a Gav\u00e0\u00a0 on es mostraven els treballs d\u2019altres centres.<\/p>\n<p style=\"text-align: justify;\"><img loading=\"lazy\" decoding=\"async\" class=\"alignleft\" src=\"https:\/\/static.wixstatic.com\/media\/d6e169_fae5c4856bd448c1b6010f01878a3c97~mv2.jpeg\/v1\/fill\/w_600,h_450,al_c,q_80,usm_0.66_1.00_0.01\/d6e169_fae5c4856bd448c1b6010f01878a3c97~mv2.webp\" width=\"615\" height=\"462\" \/><\/p>\n<p>&nbsp;<\/p>\n<p>&nbsp;<\/p>\n<p>&nbsp;<\/p>\n<p>&nbsp;<\/p>\n<p>&nbsp;<\/p>\n<p>&nbsp;<\/p>\n<p>&nbsp;<\/p>\n<p>&nbsp;<\/p>\n<p>&nbsp;<\/p>\n<p>&nbsp;<\/p>\n<p>&nbsp;<\/p>\n<p>Aqu\u00ed teniu la p\u00e0gina web que vem crear per presentar el nostre projecte: projecte<a href=\"https:\/\/drbernal121000.wixsite.com\/projectemauthausensf\">\u00a0Mauthausen<\/a><\/p>\n","protected":false},"excerpt":{"rendered":"<p>Amb el projecte de\u00a0 recerca iniciat amb els alumnes de 1r de batxillerat, dins la mat\u00e8ria d\u2019Ha del M\u00f3n, ens propos\u00e0vem\u00a0 con\u00e8ixer alguna cosa m\u00e9s de dos santfruitosencs, Artur Cura Bosch i Antonio Escal\u00e9 Claramunt, que un cop acabada la guerra civil i exilialts a Fran\u00e7a , es varen allistar a la Companyia de Treballadors [&hellip;]<\/p>\n","protected":false},"author":1,"featured_media":0,"parent":57,"menu_order":1,"comment_status":"closed","ping_status":"closed","template":"page-templates\/side-menu.php","meta":{"_bbp_topic_count":0,"_bbp_reply_count":0,"_bbp_total_topic_count":0,"_bbp_total_reply_count":0,"_bbp_voice_count":0,"_bbp_anonymous_reply_count":0,"_bbp_topic_count_hidden":0,"_bbp_reply_count_hidden":0,"_bbp_forum_subforum_count":0,"site-sidebar-layout":"default","site-content-layout":"","ast-site-content-layout":"","site-content-style":"default","site-sidebar-style":"default","ast-global-header-display":"","ast-banner-title-visibility":"","ast-main-header-display":"","ast-hfb-above-header-display":"","ast-hfb-below-header-display":"","ast-hfb-mobile-header-display":"","site-post-title":"","ast-breadcrumbs-content":"","ast-featured-img":"","footer-sml-layout":"","theme-transparent-header-meta":"","adv-header-id-meta":"","stick-header-meta":"","header-above-stick-meta":"","header-main-stick-meta":"","header-below-stick-meta":"","astra-migrate-meta-layouts":"default","ast-page-background-enabled":"default","ast-page-background-meta":{"desktop":{"background-color":"var(--ast-global-color-4)","background-image":"","background-repeat":"repeat","background-position":"center center","background-size":"auto","background-attachment":"scroll","background-type":"","background-media":"","overlay-type":"","overlay-color":"","overlay-opacity":"","overlay-gradient":""},"tablet":{"background-color":"","background-image":"","background-repeat":"repeat","background-position":"center center","background-size":"auto","background-attachment":"scroll","background-type":"","background-media":"","overlay-type":"","overlay-color":"","overlay-opacity":"","overlay-gradient":""},"mobile":{"background-color":"","background-image":"","background-repeat":"repeat","background-position":"center center","background-size":"auto","background-attachment":"scroll","background-type":"","background-media":"","overlay-type":"","overlay-color":"","overlay-opacity":"","overlay-gradient":""}},"ast-content-background-meta":{"desktop":{"background-color":"var(--ast-global-color-5)","background-image":"","background-repeat":"repeat","background-position":"center center","background-size":"auto","background-attachment":"scroll","background-type":"","background-media":"","overlay-type":"","overlay-color":"","overlay-opacity":"","overlay-gradient":""},"tablet":{"background-color":"var(--ast-global-color-5)","background-image":"","background-repeat":"repeat","background-position":"center center","background-size":"auto","background-attachment":"scroll","background-type":"","background-media":"","overlay-type":"","overlay-color":"","overlay-opacity":"","overlay-gradient":""},"mobile":{"background-color":"var(--ast-global-color-5)","background-image":"","background-repeat":"repeat","background-position":"center center","background-size":"auto","background-attachment":"scroll","background-type":"","background-media":"","overlay-type":"","overlay-color":"","overlay-opacity":"","overlay-gradient":""}},"footnotes":""},"class_list":["post-440","page","type-page","status-publish","hentry"],"post_mailing_queue_ids":[],"_links":{"self":[{"href":"https:\/\/agora.xtec.cat\/iesgerbert\/wp-json\/wp\/v2\/pages\/440","targetHints":{"allow":["GET"]}}],"collection":[{"href":"https:\/\/agora.xtec.cat\/iesgerbert\/wp-json\/wp\/v2\/pages"}],"about":[{"href":"https:\/\/agora.xtec.cat\/iesgerbert\/wp-json\/wp\/v2\/types\/page"}],"author":[{"embeddable":true,"href":"https:\/\/agora.xtec.cat\/iesgerbert\/wp-json\/wp\/v2\/users\/1"}],"replies":[{"embeddable":true,"href":"https:\/\/agora.xtec.cat\/iesgerbert\/wp-json\/wp\/v2\/comments?post=440"}],"version-history":[{"count":3,"href":"https:\/\/agora.xtec.cat\/iesgerbert\/wp-json\/wp\/v2\/pages\/440\/revisions"}],"predecessor-version":[{"id":2640,"href":"https:\/\/agora.xtec.cat\/iesgerbert\/wp-json\/wp\/v2\/pages\/440\/revisions\/2640"}],"up":[{"embeddable":true,"href":"https:\/\/agora.xtec.cat\/iesgerbert\/wp-json\/wp\/v2\/pages\/57"}],"wp:attachment":[{"href":"https:\/\/agora.xtec.cat\/iesgerbert\/wp-json\/wp\/v2\/media?parent=440"}],"curies":[{"name":"wp","href":"https:\/\/api.w.org\/{rel}","templated":true}]}}