{"id":4295,"date":"2020-09-10T09:26:05","date_gmt":"2020-09-10T07:26:05","guid":{"rendered":"http:\/\/agora.xtec.cat\/iesgerbert\/?page_id=4295"},"modified":"2025-10-01T18:15:50","modified_gmt":"2025-10-01T16:15:50","slug":"ajuts","status":"publish","type":"page","link":"https:\/\/agora.xtec.cat\/iesgerbert\/curs-actual\/ajuts\/","title":{"rendered":"Ajuts"},"content":{"rendered":"<h4 class=\"entry-title\"><span style=\"color: #000000;\">En el seg\u00fcent enlla\u00e7 podeu trobar informaci\u00f3 sobre els seg\u00fcents AJUTS a l&#8217;alumnat:<\/span><\/h4>\n<h2 class=\"entry-title\"><span style=\"color: #000000;\"><strong>Convocat\u00f2ria de beques NEE 2025-2026<\/strong><\/span><\/h2>\n<h5><strong>El termini per presentar la sol\u00b7licitud \u00e9s del 30\/04\/2025 a l&#8217;11 de setembre del 2025<\/strong><strong style=\"font-size: 1.125em;\">, incl\u00f2s.<\/strong><\/h5>\n<h5><strong>Trobareu tota la informaci\u00f3 a: <a href=\"https:\/\/educacio.gencat.cat\/ca\/tramits\/tramits-temes\/ajuts-nee\">https:\/\/educacio.gencat.cat\/ca\/tramits\/tramits-temes\/ajuts-nee<\/a><\/strong><\/h5>\n<p>&nbsp;<\/p>\n<p><!--a=1--><\/p>\n","protected":false},"excerpt":{"rendered":"<p>En el seg\u00fcent enlla\u00e7 podeu trobar informaci\u00f3 sobre els seg\u00fcents AJUTS a l&#8217;alumnat: Convocat\u00f2ria de beques NEE 2025-2026 El termini per presentar la sol\u00b7licitud \u00e9s del 30\/04\/2025 a l&#8217;11 de setembre del 2025, incl\u00f2s. Trobareu tota la informaci\u00f3 a: https:\/\/educacio.gencat.cat\/ca\/tramits\/tramits-temes\/ajuts-nee &nbsp;<\/p>\n","protected":false},"author":6,"featured_media":0,"parent":4075,"menu_order":6,"comment_status":"closed","ping_status":"closed","template":"page-templates\/side-menu.php","meta":{"_bbp_topic_count":0,"_bbp_reply_count":0,"_bbp_total_topic_count":0,"_bbp_total_reply_count":0,"_bbp_voice_count":0,"_bbp_anonymous_reply_count":0,"_bbp_topic_count_hidden":0,"_bbp_reply_count_hidden":0,"_bbp_forum_subforum_count":0,"site-sidebar-layout":"default","site-content-layout":"","ast-site-content-layout":"","site-content-style":"default","site-sidebar-style":"default","ast-global-header-display":"","ast-banner-title-visibility":"","ast-main-header-display":"","ast-hfb-above-header-display":"","ast-hfb-below-header-display":"","ast-hfb-mobile-header-display":"","site-post-title":"","ast-breadcrumbs-content":"","ast-featured-img":"","footer-sml-layout":"","theme-transparent-header-meta":"","adv-header-id-meta":"","stick-header-meta":"","header-above-stick-meta":"","header-main-stick-meta":"","header-below-stick-meta":"","astra-migrate-meta-layouts":"default","ast-page-background-enabled":"default","ast-page-background-meta":{"desktop":{"background-color":"var(--ast-global-color-4)","background-image":"","background-repeat":"repeat","background-position":"center center","background-size":"auto","background-attachment":"scroll","background-type":"","background-media":"","overlay-type":"","overlay-color":"","overlay-opacity":"","overlay-gradient":""},"tablet":{"background-color":"","background-image":"","background-repeat":"repeat","background-position":"center center","background-size":"auto","background-attachment":"scroll","background-type":"","background-media":"","overlay-type":"","overlay-color":"","overlay-opacity":"","overlay-gradient":""},"mobile":{"background-color":"","background-image":"","background-repeat":"repeat","background-position":"center center","background-size":"auto","background-attachment":"scroll","background-type":"","background-media":"","overlay-type":"","overlay-color":"","overlay-opacity":"","overlay-gradient":""}},"ast-content-background-meta":{"desktop":{"background-color":"var(--ast-global-color-5)","background-image":"","background-repeat":"repeat","background-position":"center center","background-size":"auto","background-attachment":"scroll","background-type":"","background-media":"","overlay-type":"","overlay-color":"","overlay-opacity":"","overlay-gradient":""},"tablet":{"background-color":"var(--ast-global-color-5)","background-image":"","background-repeat":"repeat","background-position":"center center","background-size":"auto","background-attachment":"scroll","background-type":"","background-media":"","overlay-type":"","overlay-color":"","overlay-opacity":"","overlay-gradient":""},"mobile":{"background-color":"var(--ast-global-color-5)","background-image":"","background-repeat":"repeat","background-position":"center center","background-size":"auto","background-attachment":"scroll","background-type":"","background-media":"","overlay-type":"","overlay-color":"","overlay-opacity":"","overlay-gradient":""}},"footnotes":""},"class_list":["post-4295","page","type-page","status-publish","hentry"],"post_mailing_queue_ids":[],"_links":{"self":[{"href":"https:\/\/agora.xtec.cat\/iesgerbert\/wp-json\/wp\/v2\/pages\/4295","targetHints":{"allow":["GET"]}}],"collection":[{"href":"https:\/\/agora.xtec.cat\/iesgerbert\/wp-json\/wp\/v2\/pages"}],"about":[{"href":"https:\/\/agora.xtec.cat\/iesgerbert\/wp-json\/wp\/v2\/types\/page"}],"author":[{"embeddable":true,"href":"https:\/\/agora.xtec.cat\/iesgerbert\/wp-json\/wp\/v2\/users\/6"}],"replies":[{"embeddable":true,"href":"https:\/\/agora.xtec.cat\/iesgerbert\/wp-json\/wp\/v2\/comments?post=4295"}],"version-history":[{"count":3,"href":"https:\/\/agora.xtec.cat\/iesgerbert\/wp-json\/wp\/v2\/pages\/4295\/revisions"}],"predecessor-version":[{"id":13437,"href":"https:\/\/agora.xtec.cat\/iesgerbert\/wp-json\/wp\/v2\/pages\/4295\/revisions\/13437"}],"up":[{"embeddable":true,"href":"https:\/\/agora.xtec.cat\/iesgerbert\/wp-json\/wp\/v2\/pages\/4075"}],"wp:attachment":[{"href":"https:\/\/agora.xtec.cat\/iesgerbert\/wp-json\/wp\/v2\/media?parent=4295"}],"curies":[{"name":"wp","href":"https:\/\/api.w.org\/{rel}","templated":true}]}}