{"id":3025,"date":"2020-02-18T12:48:51","date_gmt":"2020-02-18T11:48:51","guid":{"rendered":"http:\/\/agora.xtec.cat\/iesgerbert\/?page_id=3025"},"modified":"2026-02-24T11:04:42","modified_gmt":"2026-02-24T10:04:42","slug":"preinscripcio-batxi-bac","status":"publish","type":"page","link":"https:\/\/agora.xtec.cat\/iesgerbert\/preinscripcio-curs-20-21\/preinscripcio-batxi-bac\/","title":{"rendered":"Matr\u00edcula Batxibac"},"content":{"rendered":"<h3><span style=\"color: #993300;\"><strong>PREINSCRIPCI\u00d3<\/strong><\/span><\/h3>\n<p>Us informem que el <strong>proc\u00e9s d\u2019inscripci\u00f3<\/strong> a la doble titulaci\u00f3 de <strong>baccalaur\u00e9at<\/strong> \u00e9s del<strong> 20 al 26 de mar\u00e7<\/strong>. Per poder formalitzar-la, necessitem que ens feu arribar per correu electr\u00f2nic a l\u2019adre\u00e7a <strong>iesgerbert@xtec.cat<\/strong> la seg\u00fcent documentaci\u00f3:<\/p>\n<p>\u00b7 Fotoc\u00f2pia del DNI de l\u2019alumne (ambdues cares)<\/p>\n<p>\u00b7 Fotoc\u00f2pia del DNI dels tutors legals (ambdues cares)<\/p>\n<p>\u00b7 Fotoc\u00f2pia del llibre de fam\u00edlia: p\u00e0gines dels pares i el fill que fa la inscripci\u00f3.<\/p>\n<p>\u00b7 Certificat de la nota mitjana de 1r a 3r d\u2019ESO.<\/p>\n<p>\u00b7 Sol\u00b7licitud de preinscripci\u00f3 emplenada. Per emplenar-la cal indicar l\u2019identificador de l\u2019alumne. Aquest us l\u2019han de facilitar al centre on estudia actualment (tamb\u00e9 el trobareu informat en qualsevol butllet\u00ed de notes). Aquest document el teniu adjuntat <a href=\"https:\/\/agora.xtec.cat\/iesgerbert\/wp-content\/uploads\/usu668\/2026\/02\/model-sollicitud-preinscripcio-batxibac-26-27.pdf\"><strong>a continuaci\u00f3<\/strong><\/a>.<\/p>\n<p>\u00b7 Fotoc\u00f2pia de la targeta sanit\u00e0ria.<\/p>\n<p>Tota aquesta<strong> documentaci\u00f3 cal enviar-la abans del dijous 26 de mar\u00e7<\/strong> al correu<strong> iesgerbert@xtec.cat<\/strong>. A l\u2019assumpte cal indicar \u201cPreinscripci\u00f3 batxibac + nom i cognoms de l\u2019estudiant\u201d.<\/p>\n<p>La <strong>prova d\u2019acc\u00e9s<\/strong> es far\u00e0 el<strong> dimarts 7 d\u2019abril<\/strong>. L\u2019alumnat est\u00e0 convocat a les 15:30 a la secretaria del centre. Els resultats sortiran publicats dimecres 8 d\u2019abril a la p\u00e0gina web del centre (la refer\u00e8ncia ser\u00e0 el codi assignat el dia de la prova).<\/p>\n<p>Un cop publicats, es poden donar les seg\u00fcents situacions:<\/p>\n<p>1. Ha superat la prova i vol fer Batxibac: no ha de fer cap preinscripci\u00f3. El centre \u00e9s l\u2019encarregat de fer-la i teniu pla\u00e7a assegurada.<\/p>\n<p>2. Ha superat la prova, per\u00f2 no vol fer Batxibac: s\u00ed que ha de fer la preinscripci\u00f3 ordin\u00e0ria a trav\u00e9s de la p\u00e0gina web del Departament. Cal consultar les dates i la informaci\u00f3 al web preinscripci\u00f3.gencat.cat<\/p>\n<p>3. No ha superat la prova: s\u00ed que ha de fer preinscripci\u00f3 ordin\u00e0ria a trav\u00e9s de la p\u00e0gina web del Departament. Cal consultar les dates i la informaci\u00f3 al web preinscripci\u00f3.gencat.cat<\/p>\n<p>Per qualsevol dubte, podeu contactar amb la secretaria del centre.<\/p>\n","protected":false},"excerpt":{"rendered":"<p>PREINSCRIPCI\u00d3 Us informem que el proc\u00e9s d\u2019inscripci\u00f3 a la doble titulaci\u00f3 de baccalaur\u00e9at \u00e9s del 20 al 26 de mar\u00e7. Per poder formalitzar-la, necessitem que ens feu arribar per correu electr\u00f2nic a l\u2019adre\u00e7a iesgerbert@xtec.cat la seg\u00fcent documentaci\u00f3: \u00b7 Fotoc\u00f2pia del DNI de l\u2019alumne (ambdues cares) \u00b7 Fotoc\u00f2pia del DNI dels tutors legals (ambdues cares) \u00b7 [&hellip;]<\/p>\n","protected":false},"author":1,"featured_media":0,"parent":3019,"menu_order":3,"comment_status":"closed","ping_status":"closed","template":"","meta":{"_bbp_topic_count":0,"_bbp_reply_count":0,"_bbp_total_topic_count":0,"_bbp_total_reply_count":0,"_bbp_voice_count":0,"_bbp_anonymous_reply_count":0,"_bbp_topic_count_hidden":0,"_bbp_reply_count_hidden":0,"_bbp_forum_subforum_count":0,"site-sidebar-layout":"default","site-content-layout":"","ast-site-content-layout":"default","site-content-style":"default","site-sidebar-style":"default","ast-global-header-display":"","ast-banner-title-visibility":"","ast-main-header-display":"","ast-hfb-above-header-display":"","ast-hfb-below-header-display":"","ast-hfb-mobile-header-display":"","site-post-title":"","ast-breadcrumbs-content":"","ast-featured-img":"","footer-sml-layout":"","theme-transparent-header-meta":"","adv-header-id-meta":"","stick-header-meta":"","header-above-stick-meta":"","header-main-stick-meta":"","header-below-stick-meta":"","astra-migrate-meta-layouts":"set","ast-page-background-enabled":"default","ast-page-background-meta":{"desktop":{"background-color":"var(--ast-global-color-4)","background-image":"","background-repeat":"repeat","background-position":"center center","background-size":"auto","background-attachment":"scroll","background-type":"","background-media":"","overlay-type":"","overlay-color":"","overlay-opacity":"","overlay-gradient":""},"tablet":{"background-color":"","background-image":"","background-repeat":"repeat","background-position":"center center","background-size":"auto","background-attachment":"scroll","background-type":"","background-media":"","overlay-type":"","overlay-color":"","overlay-opacity":"","overlay-gradient":""},"mobile":{"background-color":"","background-image":"","background-repeat":"repeat","background-position":"center center","background-size":"auto","background-attachment":"scroll","background-type":"","background-media":"","overlay-type":"","overlay-color":"","overlay-opacity":"","overlay-gradient":""}},"ast-content-background-meta":{"desktop":{"background-color":"var(--ast-global-color-5)","background-image":"","background-repeat":"repeat","background-position":"center center","background-size":"auto","background-attachment":"scroll","background-type":"","background-media":"","overlay-type":"","overlay-color":"","overlay-opacity":"","overlay-gradient":""},"tablet":{"background-color":"var(--ast-global-color-5)","background-image":"","background-repeat":"repeat","background-position":"center center","background-size":"auto","background-attachment":"scroll","background-type":"","background-media":"","overlay-type":"","overlay-color":"","overlay-opacity":"","overlay-gradient":""},"mobile":{"background-color":"var(--ast-global-color-5)","background-image":"","background-repeat":"repeat","background-position":"center center","background-size":"auto","background-attachment":"scroll","background-type":"","background-media":"","overlay-type":"","overlay-color":"","overlay-opacity":"","overlay-gradient":""}},"footnotes":""},"class_list":["post-3025","page","type-page","status-publish","hentry"],"post_mailing_queue_ids":[],"_links":{"self":[{"href":"https:\/\/agora.xtec.cat\/iesgerbert\/wp-json\/wp\/v2\/pages\/3025","targetHints":{"allow":["GET"]}}],"collection":[{"href":"https:\/\/agora.xtec.cat\/iesgerbert\/wp-json\/wp\/v2\/pages"}],"about":[{"href":"https:\/\/agora.xtec.cat\/iesgerbert\/wp-json\/wp\/v2\/types\/page"}],"author":[{"embeddable":true,"href":"https:\/\/agora.xtec.cat\/iesgerbert\/wp-json\/wp\/v2\/users\/1"}],"replies":[{"embeddable":true,"href":"https:\/\/agora.xtec.cat\/iesgerbert\/wp-json\/wp\/v2\/comments?post=3025"}],"version-history":[{"count":4,"href":"https:\/\/agora.xtec.cat\/iesgerbert\/wp-json\/wp\/v2\/pages\/3025\/revisions"}],"predecessor-version":[{"id":14100,"href":"https:\/\/agora.xtec.cat\/iesgerbert\/wp-json\/wp\/v2\/pages\/3025\/revisions\/14100"}],"up":[{"embeddable":true,"href":"https:\/\/agora.xtec.cat\/iesgerbert\/wp-json\/wp\/v2\/pages\/3019"}],"wp:attachment":[{"href":"https:\/\/agora.xtec.cat\/iesgerbert\/wp-json\/wp\/v2\/media?parent=3025"}],"curies":[{"name":"wp","href":"https:\/\/api.w.org\/{rel}","templated":true}]}}