{"id":3023,"date":"2020-02-18T12:48:10","date_gmt":"2020-02-18T11:48:10","guid":{"rendered":"http:\/\/agora.xtec.cat\/iesgerbert\/?page_id=3023"},"modified":"2023-03-06T13:20:33","modified_gmt":"2023-03-06T12:20:33","slug":"preinscripcio-batxillerat","status":"publish","type":"page","link":"https:\/\/agora.xtec.cat\/iesgerbert\/preinscripcio-curs-20-21\/preinscripcio-batxillerat\/","title":{"rendered":"Matr\u00edcula Batxillerat"},"content":{"rendered":"<h1><\/h1>\n<h1><span style=\"color: #000000;\"><strong>OFERTA PROVISIONAL ITINERARIS BATXILLERAT PROMOCI\u00d3 23-25<\/strong><\/span><\/h1>\n<h5><a href=\"https:\/\/agora.xtec.cat\/iesgerbert\/wp-content\/uploads\/usu668\/2023\/03\/OFERTA-CURS-23-25-LOGO.pdf\">Oferta batxillerat per a l\u2019alumnat que el curs 23-25 cursar\u00e0 1r de Batxillerat<\/a><\/h5>\n<p>&nbsp;<\/p>\n<h1><span style=\"color: #ff6600;\"><strong>OFERTA ITINERARIS BATXILLERAT PROMOCI\u00d3 22-24<\/strong><\/span><\/h1>\n<h5><a href=\"https:\/\/agora.xtec.cat\/iesgerbert\/wp-content\/uploads\/usu668\/2022\/07\/Itineraris-1r-de-Batxillerat-2022-23-1.pdf\">Itineraris 1r de Batxillerat 2022-23<\/a><\/h5>\n<h5><a href=\"https:\/\/agora.xtec.cat\/iesgerbert\/wp-content\/uploads\/usu668\/2022\/07\/Itineraris-2n-batxillerat-promocio-21-23.pdf\">Itineraris 2n de Batxillerat 2022-23<\/a><\/h5>\n<h6><\/h6>\n<p>&nbsp;<\/p>\n<h1><span style=\"color: #ff6600;\"><strong>CALENDARI de Matr\u00edcula (ALUMNAT NOU)<\/strong><\/span><\/h1>\n<h3>Per\u00edode de matr\u00edcula<\/h3>\n<p>&nbsp;<\/p>\n<h1><span style=\"color: #99cc00;\"><strong>CALENDARI de Preinscripci\u00f3\u00a0<\/strong><\/span><\/h1>\n<ul>\n<li>\n<h4>PRESENTACI\u00d3 DE SOL\u00b7LICITUDS<\/h4>\n<\/li>\n<\/ul>\n<div class=\"x-feature-box-content \">\n<ul>\n<li class=\"x-feature-box-title\">\n<h4>PUBLICACI\u00d3 DE LES LLISTES AMB PUNTUACI\u00d3 PROVISIONAL<\/h4>\n<\/li>\n<\/ul>\n<div class=\"x-feature-box-content \">\n<ul>\n<li class=\"x-feature-box-title\">\n<h4>RECLAMACIONS A LES LLISTES PROVISIONALS<\/h4>\n<\/li>\n<\/ul>\n<\/div>\n<div class=\"x-feature-box-content \">\n<ul>\n<li class=\"x-feature-box-title\">\n<h4>PUBLICACI\u00d3 DE LLISTES AMB PUNTUACI\u00d3 DEFINITIVA<\/h4>\n<\/li>\n<\/ul>\n<div class=\"x-feature-box-content \">\n<div class=\"x-feature-box-graphic circle \">\n<div class=\"x-feature-box-graphic-outer circle\">\n<ul>\n<li class=\"x-feature-box-graphic-inner circle\">\n<h4>SORTEIG DE N\u00daMERO DE DESEMPAT<\/h4>\n<\/li>\n<\/ul>\n<\/div>\n<\/div>\n<div class=\"x-feature-box-content \">\n<div class=\"x-feature-box-content \">\n<ul>\n<li class=\"x-feature-box-title\">\n<h4>PUBLICACI\u00d3 LLISTA ORDENADA DEFINITIVA<\/h4>\n<\/li>\n<\/ul>\n<\/div>\n<\/div>\n<\/div>\n<div class=\"x-feature-box-content \">\n<ul>\n<li class=\"x-feature-box-title\">\n<h4>LLISTAT D\u2019ADMESOS\/ES I LLISTA D&#8217;ESPERA<\/h4>\n<\/li>\n<\/ul>\n<\/div>\n<div class=\"x-feature-box-graphic circle \">\n<div class=\"x-feature-box-graphic-outer circle\">\n<ul>\n<li class=\"x-feature-box-graphic-inner circle\">\n<h4><span style=\"font-family: inherit; font-size: 1em;\">MATR\u00cdCULA<\/span><\/h4>\n<\/li>\n<\/ul>\n<\/div>\n<\/div>\n<div class=\"x-feature-box-content \"><\/div>\n<\/div>\n<\/div>\n<h1 style=\"text-align: left;\"><span style=\"color: #99cc00;\"><strong>PAS A PAS, LA PREINSCRIPICI\u00d3<\/strong><\/span><\/h1>\n<h5><strong><span style=\"color: #800000;\">PAS 1 DESCARREGAR I OMPLIR LA <a href=\"http:\/\/ensenyament.gencat.cat\/ca\/tramits\/tramits-temes\/9388-batxillerat\">SOL.LICITUD DE PREINSCRIPCI\u00d3 <span style=\"color: #99cc00;\">(ALUMNAT NOU)<\/span><\/a><\/span><\/strong><\/h5>\n<h5><span style=\"color: #800000;\"><strong>PAS 2 ENVIAR LA SOL\u00b7LICITUD I ELS DOCUMENTS JUSTIFICATIUS AL CORREU DEL CENTRE: <span style=\"color: #000000;\">iesgerbert@xtec.cat<\/span> <span style=\"color: #99cc00;\">(ALUMNAT NOU)<\/span><\/strong><\/span><\/h5>\n<h5><span style=\"color: #800000;\"><strong style=\"font-family: inherit; font-size: 1em;\">DOCUMENTACI\u00d3 NECESSARIA PER LA PREINSCRIPCI\u00d3<\/strong><\/span><\/h5>\n<div class=\"x-text\">\n<ul>\n<li>Full de sol\u00b7licitud de preiscripci\u00f3<\/li>\n<li>Original i fotoc\u00f2pia del DNI\/NIE o passaport del pare\/mare o tutor\/a legal<\/li>\n<li>Original i fotoc\u00f2pia del DNI\/NIE o passaport de l\u2019alumne<\/li>\n<li>Original i fotoc\u00f2pia de la targeta sanit\u00e0ria (TSI) de l\u2019alumne<\/li>\n<li>Original i fotoc\u00f2pia del llibre de fam\u00edlia<\/li>\n<li>Certificat nota mitjana de l\u2019expedient acad\u00e8mic dels tres primers cursos de l\u2019ESO<\/li>\n<li>N\u00famero del RALC<\/li>\n<\/ul>\n<h5><strong><span style=\"color: #800000;\">PAS 3 OMPLIR EL FORMULARI D&#8217;ITINERARIS I OPTATIVES I ENVIAR-LO <\/span><\/strong><\/h5>\n<ul>\n<li><strong>Acc\u00e9s al Formulari:<\/strong>\n<ul>\n<li><strong>ITINERARIS ALUMNAT 1R DE BATXILLERAT<\/strong><\/li>\n<li><strong>ITINERARIS\u00a0 ALUMNAT 2N DE BATXILLERAT<\/strong><\/li>\n<\/ul>\n<\/li>\n<\/ul>\n<ul>\n<li style=\"list-style-type: none;\">\n<ul style=\"list-style-type: square;\">\n<li>\n<h5>Alumnat nou: <span style=\"color: #000000;\">Necessites consultar els itineraris i optatives? Pots clicar el seg\u00fcent enlla\u00e7:<\/span> <a href=\"https:\/\/agora.xtec.cat\/iesgerbert\/wp-content\/uploads\/usu668\/2021\/06\/Itineraris-Batxillerat-21-23.pdf\">Itineraris i optatives promoci\u00f3 21-23<\/a><\/h5>\n<\/li>\n<li>\n<h5>Alumnat del centre que far\u00e0 segon de batxillerat: <span style=\"color: #000000;\">Necessites consultar els itineraris i optatives? Pots clicar el seg\u00fcent enlla\u00e7: <\/span><a href=\"https:\/\/agora.xtec.cat\/iesgerbert\/wp-content\/uploads\/usu668\/2021\/06\/Itineraris-2n-batxillerat-20-22-1.pdf\">Itineraris i optatives promoci\u00f3 20-22<\/a><\/h5>\n<\/li>\n<\/ul>\n<\/li>\n<\/ul>\n<\/div>\n<h1><strong><span style=\"color: #800000;\">M\u00c9S INFORMACI\u00d3\u00a0<\/span><\/strong><\/h1>\n<ul>\n<li><span style=\"color: #800000;\"><strong><span style=\"color: #000000;\">Tot l&#8217;alumnat que hagi cursat el 4rt d&#8217;ESO al centre<\/span> t\u00e9 reserva de pla\u00e7a assignada.<\/strong><\/span><\/li>\n<li>Trobareu tota la informaci\u00f3 al web del <span style=\"color: #800000;\"><a style=\"color: #800000;\" href=\"http:\/\/ensenyament.gencat.cat\/ca\/inici\">Departament d&#8217;Educaci\u00f3.<\/a><\/span><\/li>\n<li>Trobareu tota la informaci\u00f3 al web <span style=\"color: #800000;\"><a style=\"color: #800000;\" href=\"http:\/\/ensenyament.gencat.cat\/ca\/tramits\/tramits-temes\/9388-batxillerat?moda=1\">Estudiar a Catalunya.<\/a><\/span><\/li>\n<\/ul>\n","protected":false},"excerpt":{"rendered":"<p>OFERTA PROVISIONAL ITINERARIS BATXILLERAT PROMOCI\u00d3 23-25 Oferta batxillerat per a l\u2019alumnat que el curs 23-25 cursar\u00e0 1r de Batxillerat &nbsp; OFERTA ITINERARIS BATXILLERAT PROMOCI\u00d3 22-24 Itineraris 1r de Batxillerat 2022-23 Itineraris 2n de Batxillerat 2022-23 &nbsp; CALENDARI de Matr\u00edcula (ALUMNAT NOU) Per\u00edode de matr\u00edcula &nbsp; CALENDARI de Preinscripci\u00f3\u00a0 PRESENTACI\u00d3 DE SOL\u00b7LICITUDS PUBLICACI\u00d3 DE LES LLISTES [&hellip;]<\/p>\n","protected":false},"author":1,"featured_media":0,"parent":3019,"menu_order":2,"comment_status":"closed","ping_status":"closed","template":"page-templates\/side-menu.php","meta":{"_bbp_topic_count":0,"_bbp_reply_count":0,"_bbp_total_topic_count":0,"_bbp_total_reply_count":0,"_bbp_voice_count":0,"_bbp_anonymous_reply_count":0,"_bbp_topic_count_hidden":0,"_bbp_reply_count_hidden":0,"_bbp_forum_subforum_count":0,"site-sidebar-layout":"default","site-content-layout":"","ast-site-content-layout":"","site-content-style":"default","site-sidebar-style":"default","ast-global-header-display":"","ast-banner-title-visibility":"","ast-main-header-display":"","ast-hfb-above-header-display":"","ast-hfb-below-header-display":"","ast-hfb-mobile-header-display":"","site-post-title":"","ast-breadcrumbs-content":"","ast-featured-img":"","footer-sml-layout":"","theme-transparent-header-meta":"","adv-header-id-meta":"","stick-header-meta":"","header-above-stick-meta":"","header-main-stick-meta":"","header-below-stick-meta":"","astra-migrate-meta-layouts":"default","ast-page-background-enabled":"default","ast-page-background-meta":{"desktop":{"background-color":"var(--ast-global-color-4)","background-image":"","background-repeat":"repeat","background-position":"center center","background-size":"auto","background-attachment":"scroll","background-type":"","background-media":"","overlay-type":"","overlay-color":"","overlay-opacity":"","overlay-gradient":""},"tablet":{"background-color":"","background-image":"","background-repeat":"repeat","background-position":"center center","background-size":"auto","background-attachment":"scroll","background-type":"","background-media":"","overlay-type":"","overlay-color":"","overlay-opacity":"","overlay-gradient":""},"mobile":{"background-color":"","background-image":"","background-repeat":"repeat","background-position":"center center","background-size":"auto","background-attachment":"scroll","background-type":"","background-media":"","overlay-type":"","overlay-color":"","overlay-opacity":"","overlay-gradient":""}},"ast-content-background-meta":{"desktop":{"background-color":"var(--ast-global-color-5)","background-image":"","background-repeat":"repeat","background-position":"center center","background-size":"auto","background-attachment":"scroll","background-type":"","background-media":"","overlay-type":"","overlay-color":"","overlay-opacity":"","overlay-gradient":""},"tablet":{"background-color":"var(--ast-global-color-5)","background-image":"","background-repeat":"repeat","background-position":"center center","background-size":"auto","background-attachment":"scroll","background-type":"","background-media":"","overlay-type":"","overlay-color":"","overlay-opacity":"","overlay-gradient":""},"mobile":{"background-color":"var(--ast-global-color-5)","background-image":"","background-repeat":"repeat","background-position":"center center","background-size":"auto","background-attachment":"scroll","background-type":"","background-media":"","overlay-type":"","overlay-color":"","overlay-opacity":"","overlay-gradient":""}},"footnotes":""},"class_list":["post-3023","page","type-page","status-publish","hentry"],"post_mailing_queue_ids":[],"_links":{"self":[{"href":"https:\/\/agora.xtec.cat\/iesgerbert\/wp-json\/wp\/v2\/pages\/3023","targetHints":{"allow":["GET"]}}],"collection":[{"href":"https:\/\/agora.xtec.cat\/iesgerbert\/wp-json\/wp\/v2\/pages"}],"about":[{"href":"https:\/\/agora.xtec.cat\/iesgerbert\/wp-json\/wp\/v2\/types\/page"}],"author":[{"embeddable":true,"href":"https:\/\/agora.xtec.cat\/iesgerbert\/wp-json\/wp\/v2\/users\/1"}],"replies":[{"embeddable":true,"href":"https:\/\/agora.xtec.cat\/iesgerbert\/wp-json\/wp\/v2\/comments?post=3023"}],"version-history":[{"count":5,"href":"https:\/\/agora.xtec.cat\/iesgerbert\/wp-json\/wp\/v2\/pages\/3023\/revisions"}],"predecessor-version":[{"id":9429,"href":"https:\/\/agora.xtec.cat\/iesgerbert\/wp-json\/wp\/v2\/pages\/3023\/revisions\/9429"}],"up":[{"embeddable":true,"href":"https:\/\/agora.xtec.cat\/iesgerbert\/wp-json\/wp\/v2\/pages\/3019"}],"wp:attachment":[{"href":"https:\/\/agora.xtec.cat\/iesgerbert\/wp-json\/wp\/v2\/media?parent=3023"}],"curies":[{"name":"wp","href":"https:\/\/api.w.org\/{rel}","templated":true}]}}