{"id":3021,"date":"2020-02-18T12:47:56","date_gmt":"2020-02-18T11:47:56","guid":{"rendered":"http:\/\/agora.xtec.cat\/iesgerbert\/?page_id=3021"},"modified":"2022-06-21T09:52:01","modified_gmt":"2022-06-21T07:52:01","slug":"preinscripcio-eso","status":"publish","type":"page","link":"https:\/\/agora.xtec.cat\/iesgerbert\/preinscripcio-curs-20-21\/preinscripcio-eso\/","title":{"rendered":"Matr\u00edcula ESO"},"content":{"rendered":"<h2 class=\"FW_sPregunta FW_sImpacte\"><span style=\"color: #ff6600;\"><strong><span style=\"font-size: 1.4375em;\">PREINSCRIPCI\u00d3<\/span><\/strong><\/span><\/h2>\n<h2 class=\"FW_sPregunta FW_sImpacte\">Presentaci\u00f3 i\/o modificaci\u00f3 de sol\u00b7licituds d&#8217;ESO<\/h2>\n<h2>Presentaci\u00f3 documents<\/h2>\n<h2>Publicaci\u00f3 de la llista de sol\u00b7licituds amb la puntuaci\u00f3 provisional<\/h2>\n<h2>Publicaci\u00f3 de la llista ordenada<\/h2>\n<div>\n<div dir=\"ltr\" data-smartmail=\"gmail_signature\">\n<div dir=\"ltr\">\n<div><\/div>\n<\/div>\n<\/div>\n<\/div>\n<h2 class=\"FW_sPregunta FW_sImpacte\"><span style=\"color: #ff6600;\"><strong><span style=\"font-size: 1.4375em;\">CALENDARI de matr\u00edcula (ALUMNAT NOU)<\/span><\/strong><\/span><\/h2>\n<h3><\/h3>\n<h3><span style=\"color: #800000;\"><strong>DOCUMENTACI\u00d3 MATR\u00cdCULA 1r ESO<\/strong><\/span><\/h3>\n<h3>DOCUMENTACI\u00d3 MATR\u00cdCULA 2n ESO<\/h3>\n<div class=\"FW_sPregunta FW_sImpacte\">\n<div class=\"FW_sArticleFoto\">\n<div class=\"FW_sEditPro\">\n<h1><\/h1>\n<\/div>\n<\/div>\n<\/div>\n<div class=\"x-text\">\n<div class=\"x-text\">\n<h4 style=\"text-align: center;\"><\/h4>\n<\/div>\n<\/div>\n","protected":false},"excerpt":{"rendered":"<p>PREINSCRIPCI\u00d3 Presentaci\u00f3 i\/o modificaci\u00f3 de sol\u00b7licituds d&#8217;ESO Presentaci\u00f3 documents Publicaci\u00f3 de la llista de sol\u00b7licituds amb la puntuaci\u00f3 provisional Publicaci\u00f3 de la llista ordenada CALENDARI de matr\u00edcula (ALUMNAT NOU) DOCUMENTACI\u00d3 MATR\u00cdCULA 1r ESO DOCUMENTACI\u00d3 MATR\u00cdCULA 2n ESO<\/p>\n","protected":false},"author":1,"featured_media":0,"parent":3019,"menu_order":1,"comment_status":"closed","ping_status":"closed","template":"page-templates\/side-menu.php","meta":{"_bbp_topic_count":0,"_bbp_reply_count":0,"_bbp_total_topic_count":0,"_bbp_total_reply_count":0,"_bbp_voice_count":0,"_bbp_anonymous_reply_count":0,"_bbp_topic_count_hidden":0,"_bbp_reply_count_hidden":0,"_bbp_forum_subforum_count":0,"site-sidebar-layout":"default","site-content-layout":"","ast-site-content-layout":"","site-content-style":"default","site-sidebar-style":"default","ast-global-header-display":"","ast-banner-title-visibility":"","ast-main-header-display":"","ast-hfb-above-header-display":"","ast-hfb-below-header-display":"","ast-hfb-mobile-header-display":"","site-post-title":"","ast-breadcrumbs-content":"","ast-featured-img":"","footer-sml-layout":"","theme-transparent-header-meta":"","adv-header-id-meta":"","stick-header-meta":"","header-above-stick-meta":"","header-main-stick-meta":"","header-below-stick-meta":"","astra-migrate-meta-layouts":"default","ast-page-background-enabled":"default","ast-page-background-meta":{"desktop":{"background-color":"var(--ast-global-color-4)","background-image":"","background-repeat":"repeat","background-position":"center center","background-size":"auto","background-attachment":"scroll","background-type":"","background-media":"","overlay-type":"","overlay-color":"","overlay-opacity":"","overlay-gradient":""},"tablet":{"background-color":"","background-image":"","background-repeat":"repeat","background-position":"center center","background-size":"auto","background-attachment":"scroll","background-type":"","background-media":"","overlay-type":"","overlay-color":"","overlay-opacity":"","overlay-gradient":""},"mobile":{"background-color":"","background-image":"","background-repeat":"repeat","background-position":"center center","background-size":"auto","background-attachment":"scroll","background-type":"","background-media":"","overlay-type":"","overlay-color":"","overlay-opacity":"","overlay-gradient":""}},"ast-content-background-meta":{"desktop":{"background-color":"var(--ast-global-color-5)","background-image":"","background-repeat":"repeat","background-position":"center center","background-size":"auto","background-attachment":"scroll","background-type":"","background-media":"","overlay-type":"","overlay-color":"","overlay-opacity":"","overlay-gradient":""},"tablet":{"background-color":"var(--ast-global-color-5)","background-image":"","background-repeat":"repeat","background-position":"center center","background-size":"auto","background-attachment":"scroll","background-type":"","background-media":"","overlay-type":"","overlay-color":"","overlay-opacity":"","overlay-gradient":""},"mobile":{"background-color":"var(--ast-global-color-5)","background-image":"","background-repeat":"repeat","background-position":"center center","background-size":"auto","background-attachment":"scroll","background-type":"","background-media":"","overlay-type":"","overlay-color":"","overlay-opacity":"","overlay-gradient":""}},"footnotes":""},"class_list":["post-3021","page","type-page","status-publish","hentry"],"post_mailing_queue_ids":[],"_links":{"self":[{"href":"https:\/\/agora.xtec.cat\/iesgerbert\/wp-json\/wp\/v2\/pages\/3021","targetHints":{"allow":["GET"]}}],"collection":[{"href":"https:\/\/agora.xtec.cat\/iesgerbert\/wp-json\/wp\/v2\/pages"}],"about":[{"href":"https:\/\/agora.xtec.cat\/iesgerbert\/wp-json\/wp\/v2\/types\/page"}],"author":[{"embeddable":true,"href":"https:\/\/agora.xtec.cat\/iesgerbert\/wp-json\/wp\/v2\/users\/1"}],"replies":[{"embeddable":true,"href":"https:\/\/agora.xtec.cat\/iesgerbert\/wp-json\/wp\/v2\/comments?post=3021"}],"version-history":[{"count":4,"href":"https:\/\/agora.xtec.cat\/iesgerbert\/wp-json\/wp\/v2\/pages\/3021\/revisions"}],"predecessor-version":[{"id":8090,"href":"https:\/\/agora.xtec.cat\/iesgerbert\/wp-json\/wp\/v2\/pages\/3021\/revisions\/8090"}],"up":[{"embeddable":true,"href":"https:\/\/agora.xtec.cat\/iesgerbert\/wp-json\/wp\/v2\/pages\/3019"}],"wp:attachment":[{"href":"https:\/\/agora.xtec.cat\/iesgerbert\/wp-json\/wp\/v2\/media?parent=3021"}],"curies":[{"name":"wp","href":"https:\/\/api.w.org\/{rel}","templated":true}]}}