{"id":1872,"date":"2019-10-04T14:14:15","date_gmt":"2019-10-04T12:14:15","guid":{"rendered":"http:\/\/agora.xtec.cat\/iesgerbert\/?page_id=1872"},"modified":"2024-01-16T18:55:06","modified_gmt":"2024-01-16T17:55:06","slug":"com-treballem","status":"publish","type":"page","link":"https:\/\/agora.xtec.cat\/iesgerbert\/com-treballem\/","title":{"rendered":"ELS NOSTRES PROJECTES"},"content":{"rendered":"<p style=\"text-align: justify;\">A l&#8217;institut Gerbert d&#8217;Aurillac mirem d&#8217;educar al nostre alumnat a partir del treball per projectes, un plantejament que ofereix, en alguns casos, m\u00e9s avantatges educatius que les assignatures en s\u00ed, tot i que defensem la import\u00e0ncia de continuar amb certs plantejaments m\u00e9s tradicionals. Els projectes singulars motiven l&#8217;alumnat, els ajuden a connectar coneixements i promouen la presa de decisions i disseny d&#8217;actuacions.<\/p>\n<p style=\"text-align: justify;\">La societat evoluciona i hem de preparar els nostres alumnes per donar respostes innovadores en una societat canviant i en evoluci\u00f3 constant. Si el nostre objectiu \u00e9s afavorir que l\u2019aprenentatge escolar obligatori i postobligatori sigui \u00fatil per a formar una ciutadania cr\u00edtica, amb opini\u00f3 pr\u00f2pia, aut\u00f2noma i que siguin capa\u00e7os de resoldre els nous reptes en cooperaci\u00f3 amb els altres.<\/p>\n<p style=\"text-align: justify;\">Entre els nostres projectes singulars podem destacar:<\/p>\n<table style=\"border-collapse: collapse; width: 100%; height: 321px;\">\n<tbody>\n<tr style=\"height: 32px;\">\n<th style=\"width: 11.1084%; height: 33px; background-color: #ca5f5f;\"><strong>PROJECTES DE CENTRE<\/strong><\/th>\n<th style=\"width: 13.9782%; height: 33px; background-color: #ca5f5f;\"><strong>PROJECTES DE GESTI\u00d3 AUT\u00d2NOMA<\/strong><\/th>\n<\/tr>\n<tr style=\"height: 32px;\">\n<td style=\"width: 11.1084%; padding-left: 40px; height: 32px;\"><a href=\"https:\/\/agora.xtec.cat\/iesgerbert\/com-treballem\/orientacio-2\/\">Orientaci\u00f3 Educativa<\/a><\/td>\n<td style=\"width: 13.9782%; padding-left: 40px; height: 32px;\"><a href=\"https:\/\/agora.xtec.cat\/iesgerbert\/com-treballem\/pla-lector\/\">Pla Lector<\/a><\/td>\n<\/tr>\n<tr style=\"height: 32px;\">\n<td style=\"width: 11.1084%; padding-left: 40px; height: 32px;\"><a href=\"https:\/\/agora.xtec.cat\/iesgerbert\/com-treballem\/projectes-de-centre\/projectes\/\">Projecte GRODE<\/a><\/td>\n<td style=\"width: 13.9782%; padding-left: 80px; height: 32px;\"><a href=\"https:\/\/agora.xtec.cat\/iesgerbert\/com-treballem\/projectes-de-gestio-autonoma\/pla-lector\/pla-lector-1r-deso\/\">1r d&#8217;ESO<\/a><\/td>\n<\/tr>\n<tr style=\"height: 32px;\">\n<td style=\"width: 11.1084%; padding-left: 40px; height: 32px;\"><a href=\"https:\/\/agora.xtec.cat\/iesgerbert\/com-treballem\/atencio-a-la-diversitat\/\">Atenci\u00f3 a la Diversitat<\/a><\/td>\n<td style=\"width: 13.9782%; padding-left: 80px; height: 32px;\"><a href=\"https:\/\/agora.xtec.cat\/iesgerbert\/com-treballem\/projectes-de-gestio-autonoma\/pla-lector\/pla-lector-2n-deso\/\">2n d&#8217;ESO<\/a><\/td>\n<\/tr>\n<tr style=\"height: 32px;\">\n<td style=\"width: 11.1084%; padding-left: 40px; height: 32px;\"><a href=\"https:\/\/agora.xtec.cat\/iesgerbert\/com-treballem\/gep-grup-dexperimentacio-plurilingue\/\">GEP-CLIL<\/a><\/td>\n<td style=\"width: 13.9782%; padding-left: 80px; height: 32px;\"><a href=\"https:\/\/agora.xtec.cat\/iesgerbert\/com-treballem\/projectes-de-gestio-autonoma\/pla-lector\/pla-lector-3r-deso\/\">3r d&#8217;ESO<\/a><\/td>\n<\/tr>\n<tr style=\"height: 32px;\">\n<td style=\"width: 11.1084%; padding-left: 40px; height: 32px;\"><a href=\"https:\/\/agora.xtec.cat\/iesgerbert\/com-treballem\/erasmus-4\/\">Erasmus<\/a><\/td>\n<td style=\"width: 13.9782%; padding-left: 40px; height: 32px;\">Projecte<\/td>\n<\/tr>\n<tr style=\"height: 32px;\">\n<td style=\"width: 11.1084%; height: 32px;\"><\/td>\n<td style=\"width: 13.9782%; padding-left: 80px; height: 32px;\"><a href=\"https:\/\/agora.xtec.cat\/iesgerbert\/com-treballem\/projectes-de-gestio-autonoma\/projecte\/projecte-1r-deso\/\">1r d&#8217;ESO<\/a><\/td>\n<\/tr>\n<tr style=\"height: 32px;\">\n<td style=\"width: 11.1084%; height: 32px;\"><\/td>\n<td style=\"width: 13.9782%; padding-left: 80px; height: 32px;\"><a href=\"https:\/\/agora.xtec.cat\/iesgerbert\/com-treballem\/projectes-de-gestio-autonoma\/projecte\/projecte-2n-deso\/\">2n d&#8217;ESO<\/a><\/td>\n<\/tr>\n<tr style=\"height: 32px;\">\n<td style=\"width: 11.1084%; height: 32px;\"><\/td>\n<td style=\"width: 13.9782%; padding-left: 80px; height: 32px;\">3r d&#8217;ESO<\/td>\n<\/tr>\n<tr style=\"height: 32px;\">\n<td style=\"width: 11.1084%; height: 32px;\"><\/td>\n<td style=\"width: 13.9782%; padding-left: 80px; height: 32px;\"><a href=\"https:\/\/agora.xtec.cat\/iesgerbert\/com-treballem\/projectes-de-gestio-autonoma\/projecte\/projectes-de-4t-deso\/\">4t d&#8217;ESO<\/a><\/td>\n<\/tr>\n<\/tbody>\n<\/table>\n<p>&nbsp;<\/p>\n","protected":false},"excerpt":{"rendered":"<p>A l&#8217;institut Gerbert d&#8217;Aurillac mirem d&#8217;educar al nostre alumnat a partir del treball per projectes, un plantejament que ofereix, en alguns casos, m\u00e9s avantatges educatius que les assignatures en s\u00ed, tot i que defensem la import\u00e0ncia de continuar amb certs plantejaments m\u00e9s tradicionals. Els projectes singulars motiven l&#8217;alumnat, els ajuden a connectar coneixements i promouen [&hellip;]<\/p>\n","protected":false},"author":1,"featured_media":0,"parent":0,"menu_order":0,"comment_status":"closed","ping_status":"closed","template":"page-templates\/side-menu.php","meta":{"_bbp_topic_count":0,"_bbp_reply_count":0,"_bbp_total_topic_count":0,"_bbp_total_reply_count":0,"_bbp_voice_count":0,"_bbp_anonymous_reply_count":0,"_bbp_topic_count_hidden":0,"_bbp_reply_count_hidden":0,"_bbp_forum_subforum_count":0,"site-sidebar-layout":"default","site-content-layout":"","ast-site-content-layout":"","site-content-style":"default","site-sidebar-style":"default","ast-global-header-display":"","ast-banner-title-visibility":"","ast-main-header-display":"","ast-hfb-above-header-display":"","ast-hfb-below-header-display":"","ast-hfb-mobile-header-display":"","site-post-title":"","ast-breadcrumbs-content":"","ast-featured-img":"","footer-sml-layout":"","theme-transparent-header-meta":"","adv-header-id-meta":"","stick-header-meta":"","header-above-stick-meta":"","header-main-stick-meta":"","header-below-stick-meta":"","astra-migrate-meta-layouts":"default","ast-page-background-enabled":"default","ast-page-background-meta":{"desktop":{"background-color":"var(--ast-global-color-4)","background-image":"","background-repeat":"repeat","background-position":"center center","background-size":"auto","background-attachment":"scroll","background-type":"","background-media":"","overlay-type":"","overlay-color":"","overlay-opacity":"","overlay-gradient":""},"tablet":{"background-color":"","background-image":"","background-repeat":"repeat","background-position":"center center","background-size":"auto","background-attachment":"scroll","background-type":"","background-media":"","overlay-type":"","overlay-color":"","overlay-opacity":"","overlay-gradient":""},"mobile":{"background-color":"","background-image":"","background-repeat":"repeat","background-position":"center center","background-size":"auto","background-attachment":"scroll","background-type":"","background-media":"","overlay-type":"","overlay-color":"","overlay-opacity":"","overlay-gradient":""}},"ast-content-background-meta":{"desktop":{"background-color":"var(--ast-global-color-5)","background-image":"","background-repeat":"repeat","background-position":"center center","background-size":"auto","background-attachment":"scroll","background-type":"","background-media":"","overlay-type":"","overlay-color":"","overlay-opacity":"","overlay-gradient":""},"tablet":{"background-color":"var(--ast-global-color-5)","background-image":"","background-repeat":"repeat","background-position":"center center","background-size":"auto","background-attachment":"scroll","background-type":"","background-media":"","overlay-type":"","overlay-color":"","overlay-opacity":"","overlay-gradient":""},"mobile":{"background-color":"var(--ast-global-color-5)","background-image":"","background-repeat":"repeat","background-position":"center center","background-size":"auto","background-attachment":"scroll","background-type":"","background-media":"","overlay-type":"","overlay-color":"","overlay-opacity":"","overlay-gradient":""}},"footnotes":""},"class_list":["post-1872","page","type-page","status-publish","hentry"],"post_mailing_queue_ids":[],"_links":{"self":[{"href":"https:\/\/agora.xtec.cat\/iesgerbert\/wp-json\/wp\/v2\/pages\/1872","targetHints":{"allow":["GET"]}}],"collection":[{"href":"https:\/\/agora.xtec.cat\/iesgerbert\/wp-json\/wp\/v2\/pages"}],"about":[{"href":"https:\/\/agora.xtec.cat\/iesgerbert\/wp-json\/wp\/v2\/types\/page"}],"author":[{"embeddable":true,"href":"https:\/\/agora.xtec.cat\/iesgerbert\/wp-json\/wp\/v2\/users\/1"}],"replies":[{"embeddable":true,"href":"https:\/\/agora.xtec.cat\/iesgerbert\/wp-json\/wp\/v2\/comments?post=1872"}],"version-history":[{"count":8,"href":"https:\/\/agora.xtec.cat\/iesgerbert\/wp-json\/wp\/v2\/pages\/1872\/revisions"}],"predecessor-version":[{"id":11217,"href":"https:\/\/agora.xtec.cat\/iesgerbert\/wp-json\/wp\/v2\/pages\/1872\/revisions\/11217"}],"wp:attachment":[{"href":"https:\/\/agora.xtec.cat\/iesgerbert\/wp-json\/wp\/v2\/media?parent=1872"}],"curies":[{"name":"wp","href":"https:\/\/api.w.org\/{rel}","templated":true}]}}