{"id":13467,"date":"2025-10-02T13:17:20","date_gmt":"2025-10-02T11:17:20","guid":{"rendered":"https:\/\/agora.xtec.cat\/iesgerbert\/?page_id=13467"},"modified":"2025-10-02T13:17:20","modified_gmt":"2025-10-02T11:17:20","slug":"pati-viu","status":"publish","type":"page","link":"https:\/\/agora.xtec.cat\/iesgerbert\/pati-viu\/","title":{"rendered":"Pati viu"},"content":{"rendered":"<p style=\"text-align: justify;\">El Projecte Pati Viu t\u00e9 com a objectiu principal fer augmentar la diversitat geol\u00f2gica i la biodiversitat del pati per tal que esdevingui una bona eina per a la did\u00e0ctica de la natura. Es tracta de transformar-lo en un petit jard\u00ed bot\u00e0nic amb mostres de roques variades, prou grosses perqu\u00e8 puguin servir de bancs, i de fer-hi actuacions que atraguin els animals (penjar-hi caixes niu, per exemple). El nostre desig i la nostra il\u00b7lusi\u00f3 \u00e9s que el Departament d\u2019Educaci\u00f3 faci seu el Projecte Pati Viu i que en promogui la realitzaci\u00f3 en els centres educatius que depenen d\u2019ell.<\/p>\n<p>Podeu llegir m\u00e9s informaci\u00f3 als seg\u00fcents articles:<\/p>\n<p><a href=\"https:\/\/www.montpeita.cat\/projecte-pati-viu-institut-gerbert-aurillac\/\"><strong>Setmanari Montpeit\u00e0<\/strong><\/a><\/p>\n<p><a href=\"https:\/\/www.regio7.cat\/bages\/2025\/04\/29\/jardi-botanic-pati-l-institut-116834506.html\"><strong>Regi\u00f37<\/strong><\/a><\/p>\n<p><a href=\"https:\/\/agora.xtec.cat\/iesgerbert\/wp-content\/uploads\/usu668\/2025\/10\/pativiu.jpg\"><img loading=\"lazy\" decoding=\"async\" class=\" wp-image-13468 alignleft\" src=\"https:\/\/agora.xtec.cat\/iesgerbert\/wp-content\/uploads\/usu668\/2025\/10\/pativiu.jpg\" alt=\"\" width=\"564\" height=\"376\" srcset=\"https:\/\/agora.xtec.cat\/iesgerbert\/wp-content\/uploads\/usu668\/2025\/10\/pativiu.jpg 1200w, https:\/\/agora.xtec.cat\/iesgerbert\/wp-content\/uploads\/usu668\/2025\/10\/pativiu-300x200.jpg 300w, https:\/\/agora.xtec.cat\/iesgerbert\/wp-content\/uploads\/usu668\/2025\/10\/pativiu-1024x683.jpg 1024w, https:\/\/agora.xtec.cat\/iesgerbert\/wp-content\/uploads\/usu668\/2025\/10\/pativiu-768x512.jpg 768w\" sizes=\"auto, (max-width: 564px) 100vw, 564px\" \/><\/a><\/p>\n<p><!--a=1--><\/p>\n","protected":false},"excerpt":{"rendered":"<p>El Projecte Pati Viu t\u00e9 com a objectiu principal fer augmentar la diversitat geol\u00f2gica i la biodiversitat del pati per tal que esdevingui una bona eina per a la did\u00e0ctica de la natura. Es tracta de transformar-lo en un petit jard\u00ed bot\u00e0nic amb mostres de roques variades, prou grosses perqu\u00e8 puguin servir de bancs, i [&hellip;]<\/p>\n","protected":false},"author":18,"featured_media":0,"parent":0,"menu_order":0,"comment_status":"closed","ping_status":"closed","template":"","meta":{"_bbp_topic_count":0,"_bbp_reply_count":0,"_bbp_total_topic_count":0,"_bbp_total_reply_count":0,"_bbp_voice_count":0,"_bbp_anonymous_reply_count":0,"_bbp_topic_count_hidden":0,"_bbp_reply_count_hidden":0,"_bbp_forum_subforum_count":0,"site-sidebar-layout":"default","site-content-layout":"","ast-site-content-layout":"","site-content-style":"default","site-sidebar-style":"default","ast-global-header-display":"","ast-banner-title-visibility":"","ast-main-header-display":"","ast-hfb-above-header-display":"","ast-hfb-below-header-display":"","ast-hfb-mobile-header-display":"","site-post-title":"","ast-breadcrumbs-content":"","ast-featured-img":"","footer-sml-layout":"","theme-transparent-header-meta":"","adv-header-id-meta":"","stick-header-meta":"","header-above-stick-meta":"","header-main-stick-meta":"","header-below-stick-meta":"","astra-migrate-meta-layouts":"default","ast-page-background-enabled":"default","ast-page-background-meta":{"desktop":{"background-color":"var(--ast-global-color-4)","background-image":"","background-repeat":"repeat","background-position":"center center","background-size":"auto","background-attachment":"scroll","background-type":"","background-media":"","overlay-type":"","overlay-color":"","overlay-opacity":"","overlay-gradient":""},"tablet":{"background-color":"","background-image":"","background-repeat":"repeat","background-position":"center center","background-size":"auto","background-attachment":"scroll","background-type":"","background-media":"","overlay-type":"","overlay-color":"","overlay-opacity":"","overlay-gradient":""},"mobile":{"background-color":"","background-image":"","background-repeat":"repeat","background-position":"center center","background-size":"auto","background-attachment":"scroll","background-type":"","background-media":"","overlay-type":"","overlay-color":"","overlay-opacity":"","overlay-gradient":""}},"ast-content-background-meta":{"desktop":{"background-color":"var(--ast-global-color-5)","background-image":"","background-repeat":"repeat","background-position":"center center","background-size":"auto","background-attachment":"scroll","background-type":"","background-media":"","overlay-type":"","overlay-color":"","overlay-opacity":"","overlay-gradient":""},"tablet":{"background-color":"var(--ast-global-color-5)","background-image":"","background-repeat":"repeat","background-position":"center center","background-size":"auto","background-attachment":"scroll","background-type":"","background-media":"","overlay-type":"","overlay-color":"","overlay-opacity":"","overlay-gradient":""},"mobile":{"background-color":"var(--ast-global-color-5)","background-image":"","background-repeat":"repeat","background-position":"center center","background-size":"auto","background-attachment":"scroll","background-type":"","background-media":"","overlay-type":"","overlay-color":"","overlay-opacity":"","overlay-gradient":""}},"footnotes":""},"class_list":["post-13467","page","type-page","status-publish","hentry"],"post_mailing_queue_ids":[],"_links":{"self":[{"href":"https:\/\/agora.xtec.cat\/iesgerbert\/wp-json\/wp\/v2\/pages\/13467","targetHints":{"allow":["GET"]}}],"collection":[{"href":"https:\/\/agora.xtec.cat\/iesgerbert\/wp-json\/wp\/v2\/pages"}],"about":[{"href":"https:\/\/agora.xtec.cat\/iesgerbert\/wp-json\/wp\/v2\/types\/page"}],"author":[{"embeddable":true,"href":"https:\/\/agora.xtec.cat\/iesgerbert\/wp-json\/wp\/v2\/users\/18"}],"replies":[{"embeddable":true,"href":"https:\/\/agora.xtec.cat\/iesgerbert\/wp-json\/wp\/v2\/comments?post=13467"}],"version-history":[{"count":1,"href":"https:\/\/agora.xtec.cat\/iesgerbert\/wp-json\/wp\/v2\/pages\/13467\/revisions"}],"predecessor-version":[{"id":13469,"href":"https:\/\/agora.xtec.cat\/iesgerbert\/wp-json\/wp\/v2\/pages\/13467\/revisions\/13469"}],"wp:attachment":[{"href":"https:\/\/agora.xtec.cat\/iesgerbert\/wp-json\/wp\/v2\/media?parent=13467"}],"curies":[{"name":"wp","href":"https:\/\/api.w.org\/{rel}","templated":true}]}}