{"id":13453,"date":"2025-10-01T19:23:27","date_gmt":"2025-10-01T17:23:27","guid":{"rendered":"https:\/\/agora.xtec.cat\/iesgerbert\/?page_id=13453"},"modified":"2025-10-01T19:25:45","modified_gmt":"2025-10-01T17:25:45","slug":"pfi","status":"publish","type":"page","link":"https:\/\/agora.xtec.cat\/iesgerbert\/pfi\/","title":{"rendered":"PFI"},"content":{"rendered":"<p style=\"text-align: justify;\">Com a novetat aquest curs 2025-2026, el nostre institut posa en marxa el <strong>Programa de Formaci\u00f3 i Inserci\u00f3 (PFI) de Serveis de Restauraci\u00f3 i Cuina<\/strong>.\u00a0El curs est\u00e0 dissenyat per proporcionar les compet\u00e8ncies professionals b\u00e0siques en \u00e0rees com t\u00e8cniques de cuina, seguretat aliment\u00e0ria, atenci\u00f3 al client i operacions de restaurant.<\/p>\n<p style=\"text-align: justify;\">Com a informaci\u00f3 complement\u00e0ria, adjuntem el\u00a0<a href=\"https:\/\/agora.xtec.cat\/iesgerbert\/wp-content\/uploads\/usu668\/2025\/09\/0-REUNIO-FAMILIES-2.pdf\"><strong>document<\/strong><\/a>\u00a0que es va presentar a la reuni\u00f3 informativa amb les fam\u00edlies, on es detallen els objectius, continguts i metodologia del programa.<\/p>\n<p style=\"text-align: justify;\"><a href=\"https:\/\/agora.xtec.cat\/iesgerbert\/wp-content\/uploads\/usu668\/2025\/09\/0-REUNIO-FAMILIES-2.pdf\"><strong>PRESENTACI\u00d3 DE LA REUNI\u00d3 INFORMATIVA AMB LES FAM\u00cdLIES<\/strong><\/a><\/p>\n<p><a href=\"https:\/\/agora.xtec.cat\/iesgerbert\/wp-content\/uploads\/usu668\/2025\/09\/WhatsApp-Image-2025-09-10-at-09.50.10.jpeg\"><img loading=\"lazy\" decoding=\"async\" class=\" wp-image-13339 alignleft\" src=\"https:\/\/agora.xtec.cat\/iesgerbert\/wp-content\/uploads\/usu668\/2025\/09\/WhatsApp-Image-2025-09-10-at-09.50.10.jpeg\" alt=\"\" width=\"514\" height=\"914\" srcset=\"https:\/\/agora.xtec.cat\/iesgerbert\/wp-content\/uploads\/usu668\/2025\/09\/WhatsApp-Image-2025-09-10-at-09.50.10.jpeg 900w, https:\/\/agora.xtec.cat\/iesgerbert\/wp-content\/uploads\/usu668\/2025\/09\/WhatsApp-Image-2025-09-10-at-09.50.10-169x300.jpeg 169w, https:\/\/agora.xtec.cat\/iesgerbert\/wp-content\/uploads\/usu668\/2025\/09\/WhatsApp-Image-2025-09-10-at-09.50.10-576x1024.jpeg 576w, https:\/\/agora.xtec.cat\/iesgerbert\/wp-content\/uploads\/usu668\/2025\/09\/WhatsApp-Image-2025-09-10-at-09.50.10-768x1365.jpeg 768w, https:\/\/agora.xtec.cat\/iesgerbert\/wp-content\/uploads\/usu668\/2025\/09\/WhatsApp-Image-2025-09-10-at-09.50.10-864x1536.jpeg 864w\" sizes=\"auto, (max-width: 514px) 100vw, 514px\" \/><\/a> <a href=\"https:\/\/agora.xtec.cat\/iesgerbert\/wp-content\/uploads\/usu668\/2025\/09\/WhatsApp-Image-2025-09-10-at-09.50.10-4-1.jpeg\"><img loading=\"lazy\" decoding=\"async\" class=\" wp-image-13335 alignleft\" src=\"https:\/\/agora.xtec.cat\/iesgerbert\/wp-content\/uploads\/usu668\/2025\/09\/WhatsApp-Image-2025-09-10-at-09.50.10-4-1.jpeg\" alt=\"\" width=\"513\" height=\"289\" srcset=\"https:\/\/agora.xtec.cat\/iesgerbert\/wp-content\/uploads\/usu668\/2025\/09\/WhatsApp-Image-2025-09-10-at-09.50.10-4-1.jpeg 2048w, https:\/\/agora.xtec.cat\/iesgerbert\/wp-content\/uploads\/usu668\/2025\/09\/WhatsApp-Image-2025-09-10-at-09.50.10-4-1-300x169.jpeg 300w, https:\/\/agora.xtec.cat\/iesgerbert\/wp-content\/uploads\/usu668\/2025\/09\/WhatsApp-Image-2025-09-10-at-09.50.10-4-1-1024x576.jpeg 1024w, https:\/\/agora.xtec.cat\/iesgerbert\/wp-content\/uploads\/usu668\/2025\/09\/WhatsApp-Image-2025-09-10-at-09.50.10-4-1-768x432.jpeg 768w, https:\/\/agora.xtec.cat\/iesgerbert\/wp-content\/uploads\/usu668\/2025\/09\/WhatsApp-Image-2025-09-10-at-09.50.10-4-1-1536x864.jpeg 1536w\" sizes=\"auto, (max-width: 513px) 100vw, 513px\" \/><\/a> <a href=\"https:\/\/agora.xtec.cat\/iesgerbert\/wp-content\/uploads\/usu668\/2025\/09\/WhatsApp-Image-2025-09-10-at-09.50.10-3-1.jpeg\"><img loading=\"lazy\" decoding=\"async\" class=\" wp-image-13334 alignleft\" src=\"https:\/\/agora.xtec.cat\/iesgerbert\/wp-content\/uploads\/usu668\/2025\/09\/WhatsApp-Image-2025-09-10-at-09.50.10-3-1.jpeg\" alt=\"\" width=\"514\" height=\"914\" srcset=\"https:\/\/agora.xtec.cat\/iesgerbert\/wp-content\/uploads\/usu668\/2025\/09\/WhatsApp-Image-2025-09-10-at-09.50.10-3-1.jpeg 1152w, https:\/\/agora.xtec.cat\/iesgerbert\/wp-content\/uploads\/usu668\/2025\/09\/WhatsApp-Image-2025-09-10-at-09.50.10-3-1-169x300.jpeg 169w, https:\/\/agora.xtec.cat\/iesgerbert\/wp-content\/uploads\/usu668\/2025\/09\/WhatsApp-Image-2025-09-10-at-09.50.10-3-1-576x1024.jpeg 576w, https:\/\/agora.xtec.cat\/iesgerbert\/wp-content\/uploads\/usu668\/2025\/09\/WhatsApp-Image-2025-09-10-at-09.50.10-3-1-768x1365.jpeg 768w, https:\/\/agora.xtec.cat\/iesgerbert\/wp-content\/uploads\/usu668\/2025\/09\/WhatsApp-Image-2025-09-10-at-09.50.10-3-1-864x1536.jpeg 864w\" sizes=\"auto, (max-width: 514px) 100vw, 514px\" \/><\/a> <a href=\"https:\/\/agora.xtec.cat\/iesgerbert\/wp-content\/uploads\/usu668\/2025\/09\/WhatsApp-Image-2025-09-10-at-09.50.10-1-1.jpeg\"><img loading=\"lazy\" decoding=\"async\" class=\" wp-image-13332 alignleft\" src=\"https:\/\/agora.xtec.cat\/iesgerbert\/wp-content\/uploads\/usu668\/2025\/09\/WhatsApp-Image-2025-09-10-at-09.50.10-1-1.jpeg\" alt=\"\" width=\"514\" height=\"289\" srcset=\"https:\/\/agora.xtec.cat\/iesgerbert\/wp-content\/uploads\/usu668\/2025\/09\/WhatsApp-Image-2025-09-10-at-09.50.10-1-1.jpeg 1600w, https:\/\/agora.xtec.cat\/iesgerbert\/wp-content\/uploads\/usu668\/2025\/09\/WhatsApp-Image-2025-09-10-at-09.50.10-1-1-300x169.jpeg 300w, https:\/\/agora.xtec.cat\/iesgerbert\/wp-content\/uploads\/usu668\/2025\/09\/WhatsApp-Image-2025-09-10-at-09.50.10-1-1-1024x576.jpeg 1024w, https:\/\/agora.xtec.cat\/iesgerbert\/wp-content\/uploads\/usu668\/2025\/09\/WhatsApp-Image-2025-09-10-at-09.50.10-1-1-768x432.jpeg 768w, https:\/\/agora.xtec.cat\/iesgerbert\/wp-content\/uploads\/usu668\/2025\/09\/WhatsApp-Image-2025-09-10-at-09.50.10-1-1-1536x864.jpeg 1536w\" sizes=\"auto, (max-width: 514px) 100vw, 514px\" \/><\/a> <a href=\"https:\/\/agora.xtec.cat\/iesgerbert\/wp-content\/uploads\/usu668\/2025\/09\/WhatsApp-Image-2025-09-10-at-09.50.09-2.jpeg\"><img loading=\"lazy\" decoding=\"async\" class=\" wp-image-13331 alignleft\" src=\"https:\/\/agora.xtec.cat\/iesgerbert\/wp-content\/uploads\/usu668\/2025\/09\/WhatsApp-Image-2025-09-10-at-09.50.09-2.jpeg\" alt=\"\" width=\"514\" height=\"289\" srcset=\"https:\/\/agora.xtec.cat\/iesgerbert\/wp-content\/uploads\/usu668\/2025\/09\/WhatsApp-Image-2025-09-10-at-09.50.09-2.jpeg 1600w, https:\/\/agora.xtec.cat\/iesgerbert\/wp-content\/uploads\/usu668\/2025\/09\/WhatsApp-Image-2025-09-10-at-09.50.09-2-300x169.jpeg 300w, https:\/\/agora.xtec.cat\/iesgerbert\/wp-content\/uploads\/usu668\/2025\/09\/WhatsApp-Image-2025-09-10-at-09.50.09-2-1024x576.jpeg 1024w, https:\/\/agora.xtec.cat\/iesgerbert\/wp-content\/uploads\/usu668\/2025\/09\/WhatsApp-Image-2025-09-10-at-09.50.09-2-768x432.jpeg 768w, https:\/\/agora.xtec.cat\/iesgerbert\/wp-content\/uploads\/usu668\/2025\/09\/WhatsApp-Image-2025-09-10-at-09.50.09-2-1536x864.jpeg 1536w\" sizes=\"auto, (max-width: 514px) 100vw, 514px\" \/><\/a><\/p>\n<p><!--a=1--><\/p>\n<p><!--a=1--><\/p>\n<p><!--a=1--><\/p>\n","protected":false},"excerpt":{"rendered":"<p>Com a novetat aquest curs 2025-2026, el nostre institut posa en marxa el Programa de Formaci\u00f3 i Inserci\u00f3 (PFI) de Serveis de Restauraci\u00f3 i Cuina.\u00a0El curs est\u00e0 dissenyat per proporcionar les compet\u00e8ncies professionals b\u00e0siques en \u00e0rees com t\u00e8cniques de cuina, seguretat aliment\u00e0ria, atenci\u00f3 al client i operacions de restaurant. Com a informaci\u00f3 complement\u00e0ria, adjuntem el\u00a0document\u00a0que [&hellip;]<\/p>\n","protected":false},"author":18,"featured_media":0,"parent":0,"menu_order":0,"comment_status":"closed","ping_status":"closed","template":"","meta":{"_bbp_topic_count":0,"_bbp_reply_count":0,"_bbp_total_topic_count":0,"_bbp_total_reply_count":0,"_bbp_voice_count":0,"_bbp_anonymous_reply_count":0,"_bbp_topic_count_hidden":0,"_bbp_reply_count_hidden":0,"_bbp_forum_subforum_count":0,"site-sidebar-layout":"default","site-content-layout":"","ast-site-content-layout":"","site-content-style":"default","site-sidebar-style":"default","ast-global-header-display":"","ast-banner-title-visibility":"","ast-main-header-display":"","ast-hfb-above-header-display":"","ast-hfb-below-header-display":"","ast-hfb-mobile-header-display":"","site-post-title":"","ast-breadcrumbs-content":"","ast-featured-img":"","footer-sml-layout":"","theme-transparent-header-meta":"","adv-header-id-meta":"","stick-header-meta":"","header-above-stick-meta":"","header-main-stick-meta":"","header-below-stick-meta":"","astra-migrate-meta-layouts":"default","ast-page-background-enabled":"default","ast-page-background-meta":{"desktop":{"background-color":"var(--ast-global-color-4)","background-image":"","background-repeat":"repeat","background-position":"center center","background-size":"auto","background-attachment":"scroll","background-type":"","background-media":"","overlay-type":"","overlay-color":"","overlay-opacity":"","overlay-gradient":""},"tablet":{"background-color":"","background-image":"","background-repeat":"repeat","background-position":"center center","background-size":"auto","background-attachment":"scroll","background-type":"","background-media":"","overlay-type":"","overlay-color":"","overlay-opacity":"","overlay-gradient":""},"mobile":{"background-color":"","background-image":"","background-repeat":"repeat","background-position":"center center","background-size":"auto","background-attachment":"scroll","background-type":"","background-media":"","overlay-type":"","overlay-color":"","overlay-opacity":"","overlay-gradient":""}},"ast-content-background-meta":{"desktop":{"background-color":"var(--ast-global-color-5)","background-image":"","background-repeat":"repeat","background-position":"center center","background-size":"auto","background-attachment":"scroll","background-type":"","background-media":"","overlay-type":"","overlay-color":"","overlay-opacity":"","overlay-gradient":""},"tablet":{"background-color":"var(--ast-global-color-5)","background-image":"","background-repeat":"repeat","background-position":"center center","background-size":"auto","background-attachment":"scroll","background-type":"","background-media":"","overlay-type":"","overlay-color":"","overlay-opacity":"","overlay-gradient":""},"mobile":{"background-color":"var(--ast-global-color-5)","background-image":"","background-repeat":"repeat","background-position":"center center","background-size":"auto","background-attachment":"scroll","background-type":"","background-media":"","overlay-type":"","overlay-color":"","overlay-opacity":"","overlay-gradient":""}},"footnotes":""},"class_list":["post-13453","page","type-page","status-publish","hentry"],"post_mailing_queue_ids":[],"_links":{"self":[{"href":"https:\/\/agora.xtec.cat\/iesgerbert\/wp-json\/wp\/v2\/pages\/13453","targetHints":{"allow":["GET"]}}],"collection":[{"href":"https:\/\/agora.xtec.cat\/iesgerbert\/wp-json\/wp\/v2\/pages"}],"about":[{"href":"https:\/\/agora.xtec.cat\/iesgerbert\/wp-json\/wp\/v2\/types\/page"}],"author":[{"embeddable":true,"href":"https:\/\/agora.xtec.cat\/iesgerbert\/wp-json\/wp\/v2\/users\/18"}],"replies":[{"embeddable":true,"href":"https:\/\/agora.xtec.cat\/iesgerbert\/wp-json\/wp\/v2\/comments?post=13453"}],"version-history":[{"count":3,"href":"https:\/\/agora.xtec.cat\/iesgerbert\/wp-json\/wp\/v2\/pages\/13453\/revisions"}],"predecessor-version":[{"id":13456,"href":"https:\/\/agora.xtec.cat\/iesgerbert\/wp-json\/wp\/v2\/pages\/13453\/revisions\/13456"}],"wp:attachment":[{"href":"https:\/\/agora.xtec.cat\/iesgerbert\/wp-json\/wp\/v2\/media?parent=13453"}],"curies":[{"name":"wp","href":"https:\/\/api.w.org\/{rel}","templated":true}]}}