{"id":13450,"date":"2025-10-01T19:19:21","date_gmt":"2025-10-01T17:19:21","guid":{"rendered":"https:\/\/agora.xtec.cat\/iesgerbert\/?page_id=13450"},"modified":"2025-10-08T09:31:22","modified_gmt":"2025-10-08T07:31:22","slug":"comunicacio","status":"publish","type":"page","link":"https:\/\/agora.xtec.cat\/iesgerbert\/comunicacio\/","title":{"rendered":"Comunicaci\u00f3"},"content":{"rendered":"<p><strong>COMUNICACIONS AMB EL CENTRE<\/strong><\/p>\n<p>Per tal de facilitar la comunicaci\u00f3 amb l\u2019institut, us detallem els canals i horaris disponibles:<\/p>\n<p><strong>Temes urgents:<\/strong> contacteu sempre per tel\u00e8fon al 938 761 821.<\/p>\n<p><strong>iEduca<\/strong>: \u00e9s el canal oficial de comunicaci\u00f3 del centre. Us recomanem tenir l\u2019aplicaci\u00f3 instal\u00b7lada i revisar-la amb regularitat.<\/p>\n<p><strong>Correus electr\u00f2nics:<\/strong> el professorat respondr\u00e0 els missatges tan aviat com sigui possible dins de l&#8217;horari laboral.<\/p>\n<p><strong>Pagaments:<\/strong> les notificacions relatives a pagaments arriben a trav\u00e9s d&#8217;Ieduca TokApp.<\/p>\n<p><strong>Secretaria:<\/strong> at\u00e9n consultes de dilluns a divendres, de 9 a 13.30 h.<\/p>\n<p><strong>Direcci\u00f3:<\/strong> per qualsevol assumpte, ens podeu escriure a <strong>iesgerbert@xtec.cat<\/strong><br \/>\n.<\/p>\n<p>&nbsp;<\/p>\n<p><!--a=1--><\/p>\n<p><!--a=1--><\/p>\n","protected":false},"excerpt":{"rendered":"<p>COMUNICACIONS AMB EL CENTRE Per tal de facilitar la comunicaci\u00f3 amb l\u2019institut, us detallem els canals i horaris disponibles: Temes urgents: contacteu sempre per tel\u00e8fon al 938 761 821. iEduca: \u00e9s el canal oficial de comunicaci\u00f3 del centre. Us recomanem tenir l\u2019aplicaci\u00f3 instal\u00b7lada i revisar-la amb regularitat. Correus electr\u00f2nics: el professorat respondr\u00e0 els missatges tan [&hellip;]<\/p>\n","protected":false},"author":18,"featured_media":0,"parent":0,"menu_order":0,"comment_status":"closed","ping_status":"closed","template":"","meta":{"_bbp_topic_count":0,"_bbp_reply_count":0,"_bbp_total_topic_count":0,"_bbp_total_reply_count":0,"_bbp_voice_count":0,"_bbp_anonymous_reply_count":0,"_bbp_topic_count_hidden":0,"_bbp_reply_count_hidden":0,"_bbp_forum_subforum_count":0,"site-sidebar-layout":"default","site-content-layout":"","ast-site-content-layout":"","site-content-style":"default","site-sidebar-style":"default","ast-global-header-display":"","ast-banner-title-visibility":"","ast-main-header-display":"","ast-hfb-above-header-display":"","ast-hfb-below-header-display":"","ast-hfb-mobile-header-display":"","site-post-title":"","ast-breadcrumbs-content":"","ast-featured-img":"","footer-sml-layout":"","theme-transparent-header-meta":"","adv-header-id-meta":"","stick-header-meta":"","header-above-stick-meta":"","header-main-stick-meta":"","header-below-stick-meta":"","astra-migrate-meta-layouts":"default","ast-page-background-enabled":"default","ast-page-background-meta":{"desktop":{"background-color":"var(--ast-global-color-4)","background-image":"","background-repeat":"repeat","background-position":"center center","background-size":"auto","background-attachment":"scroll","background-type":"","background-media":"","overlay-type":"","overlay-color":"","overlay-opacity":"","overlay-gradient":""},"tablet":{"background-color":"","background-image":"","background-repeat":"repeat","background-position":"center center","background-size":"auto","background-attachment":"scroll","background-type":"","background-media":"","overlay-type":"","overlay-color":"","overlay-opacity":"","overlay-gradient":""},"mobile":{"background-color":"","background-image":"","background-repeat":"repeat","background-position":"center center","background-size":"auto","background-attachment":"scroll","background-type":"","background-media":"","overlay-type":"","overlay-color":"","overlay-opacity":"","overlay-gradient":""}},"ast-content-background-meta":{"desktop":{"background-color":"var(--ast-global-color-5)","background-image":"","background-repeat":"repeat","background-position":"center center","background-size":"auto","background-attachment":"scroll","background-type":"","background-media":"","overlay-type":"","overlay-color":"","overlay-opacity":"","overlay-gradient":""},"tablet":{"background-color":"var(--ast-global-color-5)","background-image":"","background-repeat":"repeat","background-position":"center center","background-size":"auto","background-attachment":"scroll","background-type":"","background-media":"","overlay-type":"","overlay-color":"","overlay-opacity":"","overlay-gradient":""},"mobile":{"background-color":"var(--ast-global-color-5)","background-image":"","background-repeat":"repeat","background-position":"center center","background-size":"auto","background-attachment":"scroll","background-type":"","background-media":"","overlay-type":"","overlay-color":"","overlay-opacity":"","overlay-gradient":""}},"footnotes":""},"class_list":["post-13450","page","type-page","status-publish","hentry"],"post_mailing_queue_ids":[],"_links":{"self":[{"href":"https:\/\/agora.xtec.cat\/iesgerbert\/wp-json\/wp\/v2\/pages\/13450","targetHints":{"allow":["GET"]}}],"collection":[{"href":"https:\/\/agora.xtec.cat\/iesgerbert\/wp-json\/wp\/v2\/pages"}],"about":[{"href":"https:\/\/agora.xtec.cat\/iesgerbert\/wp-json\/wp\/v2\/types\/page"}],"author":[{"embeddable":true,"href":"https:\/\/agora.xtec.cat\/iesgerbert\/wp-json\/wp\/v2\/users\/18"}],"replies":[{"embeddable":true,"href":"https:\/\/agora.xtec.cat\/iesgerbert\/wp-json\/wp\/v2\/comments?post=13450"}],"version-history":[{"count":2,"href":"https:\/\/agora.xtec.cat\/iesgerbert\/wp-json\/wp\/v2\/pages\/13450\/revisions"}],"predecessor-version":[{"id":13496,"href":"https:\/\/agora.xtec.cat\/iesgerbert\/wp-json\/wp\/v2\/pages\/13450\/revisions\/13496"}],"wp:attachment":[{"href":"https:\/\/agora.xtec.cat\/iesgerbert\/wp-json\/wp\/v2\/media?parent=13450"}],"curies":[{"name":"wp","href":"https:\/\/api.w.org\/{rel}","templated":true}]}}