{"id":1241,"date":"2019-09-05T13:54:46","date_gmt":"2019-09-05T11:54:46","guid":{"rendered":"http:\/\/agora.xtec.cat\/iesgerbert\/?page_id=1241"},"modified":"2024-12-02T17:14:52","modified_gmt":"2024-12-02T16:14:52","slug":"erasmus-4","status":"publish","type":"page","link":"https:\/\/agora.xtec.cat\/iesgerbert\/com-treballem\/projectes-de-centre\/erasmus-4\/","title":{"rendered":"Erasmus+"},"content":{"rendered":"<p style=\"text-align: justify;\">Erasmus+ \u00e9s el programa europeu en els \u00e0mbits de l&#8217;educaci\u00f3, la formaci\u00f3, la joventut i l&#8217;esport per al per\u00edode 2014-2020.<\/p>\n<p style=\"text-align: justify;\">Erasmus+ \u00e9s el programa \u00fanic que tracta d\u2019impulsar les perspectives laborals i el desenvolupament personal, a m\u00e9s d&#8217;ajudar als nostres sistemes d&#8217;educaci\u00f3, formaci\u00f3 i joventut a proporcionar un ensenyament i un aprenentatge que dotin les persones de les capacitats necess\u00e0ries per al mercat laboral i la societat actual i futura.<\/p>\n<p style=\"text-align: justify;\">L\u2019institut Gerbert d&#8217;Aurillac participa en aquest programa en dues accions claus, <a href=\"https:\/\/agora.xtec.cat\/iesgerbert\/com-treballem\/erasmus-4\/erasmus-3\/\">kA2<\/a> i <a href=\"https:\/\/agora.xtec.cat\/iesgerbert\/com-treballem\/erasmus-4\/erasmus-ka229-manifold-europe\/\">KA229.<\/a><\/p>\n<p><iframe loading=\"lazy\" title=\"Erasmus+ Manifold Europe: Students Meeting in Spain\" src=\"\/\/www.youtube.com\/embed\/9Abr6UQNbM8\" width=\"640\" height=\"360\" frameborder=\"0\" allowfullscreen=\"allowfullscreen\"><\/iframe><\/p>\n<h1><a href=\"https:\/\/agora.xtec.cat\/iesgerbert\/categoria\/erasmus\/\">ENLLA\u00c7 A LES NOT\u00cdCIES ERASMUS+<\/a><\/h1>\n","protected":false},"excerpt":{"rendered":"<p>Erasmus+ \u00e9s el programa europeu en els \u00e0mbits de l&#8217;educaci\u00f3, la formaci\u00f3, la joventut i l&#8217;esport per al per\u00edode 2014-2020. Erasmus+ \u00e9s el programa \u00fanic que tracta d\u2019impulsar les perspectives laborals i el desenvolupament personal, a m\u00e9s d&#8217;ajudar als nostres sistemes d&#8217;educaci\u00f3, formaci\u00f3 i joventut a proporcionar un ensenyament i un aprenentatge que dotin les [&hellip;]<\/p>\n","protected":false},"author":1,"featured_media":0,"parent":11111,"menu_order":2,"comment_status":"closed","ping_status":"closed","template":"page-templates\/side-menu.php","meta":{"_bbp_topic_count":0,"_bbp_reply_count":0,"_bbp_total_topic_count":0,"_bbp_total_reply_count":0,"_bbp_voice_count":0,"_bbp_anonymous_reply_count":0,"_bbp_topic_count_hidden":0,"_bbp_reply_count_hidden":0,"_bbp_forum_subforum_count":0,"site-sidebar-layout":"default","site-content-layout":"","ast-site-content-layout":"","site-content-style":"default","site-sidebar-style":"default","ast-global-header-display":"","ast-banner-title-visibility":"","ast-main-header-display":"","ast-hfb-above-header-display":"","ast-hfb-below-header-display":"","ast-hfb-mobile-header-display":"","site-post-title":"","ast-breadcrumbs-content":"","ast-featured-img":"","footer-sml-layout":"","theme-transparent-header-meta":"","adv-header-id-meta":"","stick-header-meta":"","header-above-stick-meta":"","header-main-stick-meta":"","header-below-stick-meta":"","astra-migrate-meta-layouts":"default","ast-page-background-enabled":"default","ast-page-background-meta":{"desktop":{"background-color":"var(--ast-global-color-4)","background-image":"","background-repeat":"repeat","background-position":"center center","background-size":"auto","background-attachment":"scroll","background-type":"","background-media":"","overlay-type":"","overlay-color":"","overlay-opacity":"","overlay-gradient":""},"tablet":{"background-color":"","background-image":"","background-repeat":"repeat","background-position":"center center","background-size":"auto","background-attachment":"scroll","background-type":"","background-media":"","overlay-type":"","overlay-color":"","overlay-opacity":"","overlay-gradient":""},"mobile":{"background-color":"","background-image":"","background-repeat":"repeat","background-position":"center center","background-size":"auto","background-attachment":"scroll","background-type":"","background-media":"","overlay-type":"","overlay-color":"","overlay-opacity":"","overlay-gradient":""}},"ast-content-background-meta":{"desktop":{"background-color":"var(--ast-global-color-5)","background-image":"","background-repeat":"repeat","background-position":"center center","background-size":"auto","background-attachment":"scroll","background-type":"","background-media":"","overlay-type":"","overlay-color":"","overlay-opacity":"","overlay-gradient":""},"tablet":{"background-color":"var(--ast-global-color-5)","background-image":"","background-repeat":"repeat","background-position":"center center","background-size":"auto","background-attachment":"scroll","background-type":"","background-media":"","overlay-type":"","overlay-color":"","overlay-opacity":"","overlay-gradient":""},"mobile":{"background-color":"var(--ast-global-color-5)","background-image":"","background-repeat":"repeat","background-position":"center center","background-size":"auto","background-attachment":"scroll","background-type":"","background-media":"","overlay-type":"","overlay-color":"","overlay-opacity":"","overlay-gradient":""}},"footnotes":""},"class_list":["post-1241","page","type-page","status-publish","hentry"],"post_mailing_queue_ids":[],"_links":{"self":[{"href":"https:\/\/agora.xtec.cat\/iesgerbert\/wp-json\/wp\/v2\/pages\/1241","targetHints":{"allow":["GET"]}}],"collection":[{"href":"https:\/\/agora.xtec.cat\/iesgerbert\/wp-json\/wp\/v2\/pages"}],"about":[{"href":"https:\/\/agora.xtec.cat\/iesgerbert\/wp-json\/wp\/v2\/types\/page"}],"author":[{"embeddable":true,"href":"https:\/\/agora.xtec.cat\/iesgerbert\/wp-json\/wp\/v2\/users\/1"}],"replies":[{"embeddable":true,"href":"https:\/\/agora.xtec.cat\/iesgerbert\/wp-json\/wp\/v2\/comments?post=1241"}],"version-history":[{"count":6,"href":"https:\/\/agora.xtec.cat\/iesgerbert\/wp-json\/wp\/v2\/pages\/1241\/revisions"}],"predecessor-version":[{"id":12303,"href":"https:\/\/agora.xtec.cat\/iesgerbert\/wp-json\/wp\/v2\/pages\/1241\/revisions\/12303"}],"up":[{"embeddable":true,"href":"https:\/\/agora.xtec.cat\/iesgerbert\/wp-json\/wp\/v2\/pages\/11111"}],"wp:attachment":[{"href":"https:\/\/agora.xtec.cat\/iesgerbert\/wp-json\/wp\/v2\/media?parent=1241"}],"curies":[{"name":"wp","href":"https:\/\/api.w.org\/{rel}","templated":true}]}}