{"id":1222,"date":"2019-09-05T13:32:08","date_gmt":"2019-09-05T11:32:08","guid":{"rendered":"http:\/\/agora.xtec.cat\/iesgerbert\/?page_id=1222"},"modified":"2024-01-07T20:27:45","modified_gmt":"2024-01-07T19:27:45","slug":"pla-lector","status":"publish","type":"page","link":"https:\/\/agora.xtec.cat\/iesgerbert\/com-treballem\/projectes-de-gestio-autonoma\/pla-lector\/","title":{"rendered":"Pla lector"},"content":{"rendered":"<p align=\"justify\">Aquest curs 2023-2024, amb els nous canvis curriculars, es dediquen dues hores setmanals a una nova mat\u00e8ria anomenada <b>Pla Lector<\/b> amb l\u2019alumnat de 1r a 3r d\u2019ESO. Durant aquestes hores es porten a terme diferents activitats relacionades amb la comprensi\u00f3 lectora, aix\u00ed com l\u2019expressi\u00f3 oral i l\u2019expressi\u00f3 escrita. Cada trimestre es llegeix un llibre en catal\u00e0, castell\u00e0 i angl\u00e8s. De cada lectura en resulta un producte final: un fragment teatralitzat, un booktr\u00e0iler i un c\u00f2mic. A m\u00e9s a m\u00e9s, es destina mitja hora de lectura lliure amb l&#8217;objectiu que en gaudeixin. Com a activitat estrella, peri\u00f2dicament anem a la biblioteca del poble per donar-la a con\u00e8ixer i per promoure\u2019n l\u2019\u00fas.<\/p>\n<p align=\"justify\"><a href=\"https:\/\/agora.xtec.cat\/iesgerbert\/com-treballem\/projectes-de-gestio-autonoma\/pla-lector\/pla-lector-1r-deso\/\">1r d&#8217;ESO<\/a><\/p>\n<p align=\"justify\"><a href=\"https:\/\/agora.xtec.cat\/iesgerbert\/com-treballem\/projectes-de-gestio-autonoma\/pla-lector\/pla-lector-2n-deso\/\">2n d&#8217;ESO<\/a><\/p>\n<p align=\"justify\"><a href=\"https:\/\/agora.xtec.cat\/iesgerbert\/com-treballem\/projectes-de-gestio-autonoma\/pla-lector\/pla-lector-3r-deso\/\">3r d&#8217;ESO<\/a><\/p>\n<p align=\"justify\"><strong>Coordinaci\u00f3 Pla lector<\/strong><\/p>\n<p align=\"justify\"><a href=\"https:\/\/agora.xtec.cat\/iesgerbert\/wp-content\/uploads\/usu668\/2022\/09\/IMG-20220907-WA0054-e1669020327344.jpg\"><img loading=\"lazy\" decoding=\"async\" class=\"alignnone wp-image-8321 size-large\" src=\"https:\/\/agora.xtec.cat\/iesgerbert\/wp-content\/uploads\/usu668\/2022\/09\/IMG-20220907-WA0054-e1669020327344-1024x517.jpg\" alt=\"\" width=\"1024\" height=\"517\" srcset=\"https:\/\/agora.xtec.cat\/iesgerbert\/wp-content\/uploads\/usu668\/2022\/09\/IMG-20220907-WA0054-e1669020327344-1024x517.jpg 1024w, https:\/\/agora.xtec.cat\/iesgerbert\/wp-content\/uploads\/usu668\/2022\/09\/IMG-20220907-WA0054-e1669020327344-300x152.jpg 300w, https:\/\/agora.xtec.cat\/iesgerbert\/wp-content\/uploads\/usu668\/2022\/09\/IMG-20220907-WA0054-e1669020327344-768x388.jpg 768w, https:\/\/agora.xtec.cat\/iesgerbert\/wp-content\/uploads\/usu668\/2022\/09\/IMG-20220907-WA0054-e1669020327344-1536x776.jpg 1536w, https:\/\/agora.xtec.cat\/iesgerbert\/wp-content\/uploads\/usu668\/2022\/09\/IMG-20220907-WA0054-e1669020327344.jpg 1600w\" sizes=\"auto, (max-width: 1024px) 100vw, 1024px\" \/><\/a><\/p>\n","protected":false},"excerpt":{"rendered":"<p>Aquest curs 2023-2024, amb els nous canvis curriculars, es dediquen dues hores setmanals a una nova mat\u00e8ria anomenada Pla Lector amb l\u2019alumnat de 1r a 3r d\u2019ESO. Durant aquestes hores es porten a terme diferents activitats relacionades amb la comprensi\u00f3 lectora, aix\u00ed com l\u2019expressi\u00f3 oral i l\u2019expressi\u00f3 escrita. Cada trimestre es llegeix un llibre en [&hellip;]<\/p>\n","protected":false},"author":1,"featured_media":0,"parent":11115,"menu_order":1,"comment_status":"closed","ping_status":"closed","template":"page-templates\/side-menu.php","meta":{"_bbp_topic_count":0,"_bbp_reply_count":0,"_bbp_total_topic_count":0,"_bbp_total_reply_count":0,"_bbp_voice_count":0,"_bbp_anonymous_reply_count":0,"_bbp_topic_count_hidden":0,"_bbp_reply_count_hidden":0,"_bbp_forum_subforum_count":0,"site-sidebar-layout":"default","site-content-layout":"","ast-site-content-layout":"","site-content-style":"default","site-sidebar-style":"default","ast-global-header-display":"","ast-banner-title-visibility":"","ast-main-header-display":"","ast-hfb-above-header-display":"","ast-hfb-below-header-display":"","ast-hfb-mobile-header-display":"","site-post-title":"","ast-breadcrumbs-content":"","ast-featured-img":"","footer-sml-layout":"","theme-transparent-header-meta":"","adv-header-id-meta":"","stick-header-meta":"","header-above-stick-meta":"","header-main-stick-meta":"","header-below-stick-meta":"","astra-migrate-meta-layouts":"default","ast-page-background-enabled":"default","ast-page-background-meta":{"desktop":{"background-color":"var(--ast-global-color-4)","background-image":"","background-repeat":"repeat","background-position":"center center","background-size":"auto","background-attachment":"scroll","background-type":"","background-media":"","overlay-type":"","overlay-color":"","overlay-opacity":"","overlay-gradient":""},"tablet":{"background-color":"","background-image":"","background-repeat":"repeat","background-position":"center center","background-size":"auto","background-attachment":"scroll","background-type":"","background-media":"","overlay-type":"","overlay-color":"","overlay-opacity":"","overlay-gradient":""},"mobile":{"background-color":"","background-image":"","background-repeat":"repeat","background-position":"center center","background-size":"auto","background-attachment":"scroll","background-type":"","background-media":"","overlay-type":"","overlay-color":"","overlay-opacity":"","overlay-gradient":""}},"ast-content-background-meta":{"desktop":{"background-color":"var(--ast-global-color-5)","background-image":"","background-repeat":"repeat","background-position":"center center","background-size":"auto","background-attachment":"scroll","background-type":"","background-media":"","overlay-type":"","overlay-color":"","overlay-opacity":"","overlay-gradient":""},"tablet":{"background-color":"var(--ast-global-color-5)","background-image":"","background-repeat":"repeat","background-position":"center center","background-size":"auto","background-attachment":"scroll","background-type":"","background-media":"","overlay-type":"","overlay-color":"","overlay-opacity":"","overlay-gradient":""},"mobile":{"background-color":"var(--ast-global-color-5)","background-image":"","background-repeat":"repeat","background-position":"center center","background-size":"auto","background-attachment":"scroll","background-type":"","background-media":"","overlay-type":"","overlay-color":"","overlay-opacity":"","overlay-gradient":""}},"footnotes":""},"class_list":["post-1222","page","type-page","status-publish","hentry"],"post_mailing_queue_ids":[],"_links":{"self":[{"href":"https:\/\/agora.xtec.cat\/iesgerbert\/wp-json\/wp\/v2\/pages\/1222","targetHints":{"allow":["GET"]}}],"collection":[{"href":"https:\/\/agora.xtec.cat\/iesgerbert\/wp-json\/wp\/v2\/pages"}],"about":[{"href":"https:\/\/agora.xtec.cat\/iesgerbert\/wp-json\/wp\/v2\/types\/page"}],"author":[{"embeddable":true,"href":"https:\/\/agora.xtec.cat\/iesgerbert\/wp-json\/wp\/v2\/users\/1"}],"replies":[{"embeddable":true,"href":"https:\/\/agora.xtec.cat\/iesgerbert\/wp-json\/wp\/v2\/comments?post=1222"}],"version-history":[{"count":7,"href":"https:\/\/agora.xtec.cat\/iesgerbert\/wp-json\/wp\/v2\/pages\/1222\/revisions"}],"predecessor-version":[{"id":11187,"href":"https:\/\/agora.xtec.cat\/iesgerbert\/wp-json\/wp\/v2\/pages\/1222\/revisions\/11187"}],"up":[{"embeddable":true,"href":"https:\/\/agora.xtec.cat\/iesgerbert\/wp-json\/wp\/v2\/pages\/11115"}],"wp:attachment":[{"href":"https:\/\/agora.xtec.cat\/iesgerbert\/wp-json\/wp\/v2\/media?parent=1222"}],"curies":[{"name":"wp","href":"https:\/\/api.w.org\/{rel}","templated":true}]}}