{"id":1189,"date":"2019-09-03T18:46:37","date_gmt":"2019-09-03T16:46:37","guid":{"rendered":"http:\/\/agora.xtec.cat\/iesgerbert\/?page_id=1189"},"modified":"2026-02-25T10:37:10","modified_gmt":"2026-02-25T09:37:10","slug":"documents-de-centre","status":"publish","type":"page","link":"https:\/\/agora.xtec.cat\/iesgerbert\/documents-de-centre\/","title":{"rendered":"Documentaci\u00f3 de centre"},"content":{"rendered":"<ul>\n<li><strong>Projecte educatiu de centre (PEC):<\/strong>\n<ul>\n<li><a href=\"https:\/\/agora.xtec.cat\/iesgerbert\/wp-content\/uploads\/usu668\/2025\/06\/PEC_2023.pdf\">PEC_2023<\/a><\/li>\n<\/ul>\n<\/li>\n<li><strong>PAT (Pla d&#8217;Acci\u00f3 Tutorial)<\/strong>:\n<ul>\n<li><a href=\"https:\/\/agora.xtec.cat\/iesgerbert\/wp-content\/uploads\/usu668\/2024\/05\/PAT-BATXILLERAT-2024.pdf\">PAT BATXILLERAT 2024<\/a><\/li>\n<li><a href=\"https:\/\/agora.xtec.cat\/iesgerbert\/wp-content\/uploads\/usu668\/2024\/05\/PAT-ESO-2024.pdf\">PAT ESO 2024<\/a><\/li>\n<\/ul>\n<\/li>\n<li><strong>Projecte ling\u00fc\u00edstic (actualitzat el juny de 2022):<\/strong>\n<ul>\n<li><a href=\"https:\/\/agora.xtec.cat\/iesgerbert\/wp-content\/uploads\/usu668\/2022\/06\/PROJECTE-LINGUISTIC-DE-CENTRE-2022-1.pdf\">Enlla\u00e7<\/a><\/li>\n<\/ul>\n<\/li>\n<li><strong>Normes d\u2019Organitzaci\u00f3 i Funcionament del Centre (NOFC):\u00a0<\/strong>\n<ul>\n<li><a href=\"https:\/\/agora.xtec.cat\/iesgerbert\/wp-content\/uploads\/usu668\/2026\/02\/Nofc-actualitzat-2025-4-1.pdf\">NOFC<\/a><\/li>\n<\/ul>\n<\/li>\n<li><strong>PGA (Programaci\u00f3 General Anual)<\/strong>\n<ul>\n<li><a href=\"https:\/\/agora.xtec.cat\/iesgerbert\/wp-content\/uploads\/usu668\/2025\/10\/PGA-25-26-1.pdf\">PGA 25-26<\/a><\/li>\n<\/ul>\n<\/li>\n<li><strong>Simulacre d&#8217;evacuaci\u00f3 i confinament<\/strong>\n<ul>\n<li><a href=\"https:\/\/drive.google.com\/drive\/folders\/1RUlrL_Pi3FRop_6XAMrD4i8cOZJC121O?usp=drive_link\">Documentaci\u00f3<\/a><\/li>\n<\/ul>\n<\/li>\n<\/ul>\n<p><!--a=1--><\/p>\n<p><!--a=1--><\/p>\n<p><!--a=1--><\/p>\n<p><!--a=1--><\/p>\n<p><!--a=1--><\/p>\n<p><!--a=1--><\/p>\n<p><!--a=1--><\/p>\n<p><!--a=1--><!--a=1--><\/p>\n<p><!--a=1--><\/p>\n\n\n<p><\/p>\n","protected":false},"excerpt":{"rendered":"<p>Projecte educatiu de centre (PEC): PEC_2023 PAT (Pla d&#8217;Acci\u00f3 Tutorial): PAT BATXILLERAT 2024 PAT ESO 2024 Projecte ling\u00fc\u00edstic (actualitzat el juny de 2022): Enlla\u00e7 Normes d\u2019Organitzaci\u00f3 i Funcionament del Centre (NOFC):\u00a0 NOFC PGA (Programaci\u00f3 General Anual) PGA 25-26 Simulacre d&#8217;evacuaci\u00f3 i confinament Documentaci\u00f3<\/p>\n","protected":false},"author":1,"featured_media":0,"parent":0,"menu_order":10,"comment_status":"closed","ping_status":"closed","template":"","meta":{"_bbp_topic_count":0,"_bbp_reply_count":0,"_bbp_total_topic_count":0,"_bbp_total_reply_count":0,"_bbp_voice_count":0,"_bbp_anonymous_reply_count":0,"_bbp_topic_count_hidden":0,"_bbp_reply_count_hidden":0,"_bbp_forum_subforum_count":0,"site-sidebar-layout":"default","site-content-layout":"","ast-site-content-layout":"default","site-content-style":"default","site-sidebar-style":"default","ast-global-header-display":"","ast-banner-title-visibility":"","ast-main-header-display":"","ast-hfb-above-header-display":"","ast-hfb-below-header-display":"","ast-hfb-mobile-header-display":"","site-post-title":"","ast-breadcrumbs-content":"","ast-featured-img":"","footer-sml-layout":"","theme-transparent-header-meta":"","adv-header-id-meta":"","stick-header-meta":"","header-above-stick-meta":"","header-main-stick-meta":"","header-below-stick-meta":"","astra-migrate-meta-layouts":"set","ast-page-background-enabled":"default","ast-page-background-meta":{"desktop":{"background-color":"var(--ast-global-color-4)","background-image":"","background-repeat":"repeat","background-position":"center center","background-size":"auto","background-attachment":"scroll","background-type":"","background-media":"","overlay-type":"","overlay-color":"","overlay-opacity":"","overlay-gradient":""},"tablet":{"background-color":"","background-image":"","background-repeat":"repeat","background-position":"center center","background-size":"auto","background-attachment":"scroll","background-type":"","background-media":"","overlay-type":"","overlay-color":"","overlay-opacity":"","overlay-gradient":""},"mobile":{"background-color":"","background-image":"","background-repeat":"repeat","background-position":"center center","background-size":"auto","background-attachment":"scroll","background-type":"","background-media":"","overlay-type":"","overlay-color":"","overlay-opacity":"","overlay-gradient":""}},"ast-content-background-meta":{"desktop":{"background-color":"var(--ast-global-color-5)","background-image":"","background-repeat":"repeat","background-position":"center center","background-size":"auto","background-attachment":"scroll","background-type":"","background-media":"","overlay-type":"","overlay-color":"","overlay-opacity":"","overlay-gradient":""},"tablet":{"background-color":"var(--ast-global-color-5)","background-image":"","background-repeat":"repeat","background-position":"center center","background-size":"auto","background-attachment":"scroll","background-type":"","background-media":"","overlay-type":"","overlay-color":"","overlay-opacity":"","overlay-gradient":""},"mobile":{"background-color":"var(--ast-global-color-5)","background-image":"","background-repeat":"repeat","background-position":"center center","background-size":"auto","background-attachment":"scroll","background-type":"","background-media":"","overlay-type":"","overlay-color":"","overlay-opacity":"","overlay-gradient":""}},"footnotes":""},"class_list":["post-1189","page","type-page","status-publish","hentry"],"post_mailing_queue_ids":[],"_links":{"self":[{"href":"https:\/\/agora.xtec.cat\/iesgerbert\/wp-json\/wp\/v2\/pages\/1189","targetHints":{"allow":["GET"]}}],"collection":[{"href":"https:\/\/agora.xtec.cat\/iesgerbert\/wp-json\/wp\/v2\/pages"}],"about":[{"href":"https:\/\/agora.xtec.cat\/iesgerbert\/wp-json\/wp\/v2\/types\/page"}],"author":[{"embeddable":true,"href":"https:\/\/agora.xtec.cat\/iesgerbert\/wp-json\/wp\/v2\/users\/1"}],"replies":[{"embeddable":true,"href":"https:\/\/agora.xtec.cat\/iesgerbert\/wp-json\/wp\/v2\/comments?post=1189"}],"version-history":[{"count":6,"href":"https:\/\/agora.xtec.cat\/iesgerbert\/wp-json\/wp\/v2\/pages\/1189\/revisions"}],"predecessor-version":[{"id":14113,"href":"https:\/\/agora.xtec.cat\/iesgerbert\/wp-json\/wp\/v2\/pages\/1189\/revisions\/14113"}],"wp:attachment":[{"href":"https:\/\/agora.xtec.cat\/iesgerbert\/wp-json\/wp\/v2\/media?parent=1189"}],"curies":[{"name":"wp","href":"https:\/\/api.w.org\/{rel}","templated":true}]}}