{"id":11198,"date":"2024-01-07T20:37:47","date_gmt":"2024-01-07T19:37:47","guid":{"rendered":"https:\/\/agora.xtec.cat\/iesgerbert\/?page_id=11198"},"modified":"2024-01-16T18:33:46","modified_gmt":"2024-01-16T17:33:46","slug":"projectes-de-4t-deso","status":"publish","type":"page","link":"https:\/\/agora.xtec.cat\/iesgerbert\/com-treballem\/projectes-de-gestio-autonoma\/projecte\/projectes-de-4t-deso\/","title":{"rendered":"Projectes 4t d&#8217;ESO"},"content":{"rendered":"<p style=\"text-align: justify;\"><strong>Projecte: Per qu\u00e8 van marxar?<\/strong><\/p>\n<p style=\"text-align: justify;\">Projecte de l&#8217;\u00e0mbit social, amb el qual estudiarem els fen\u00f2mens migratoris com a estrat\u00e8gia d\u2019escapament a la repressi\u00f3 social pol\u00edtica i econ\u00f2mica de la dictadura franquista. Formant part del projecte destaquem l\u2019estada al sud de Fran\u00e7a (Prada de Conflent) relacionada amb l\u2019exili que van viure milers de catalans i espanyols al final de la Guerra Civil.<\/p>\n<p><strong>Projecte: 12742<\/strong><\/p>\n<p style=\"text-align: justify;\">12742 km de di\u00e0metre, la Terra, un planeta tan gran i que fem petit alhora.<br \/>\nSeguint el fil conductor de les migracions, des del vessant matem\u00e0tic es treballen des d\u2019un punt de vista estad\u00edstic les grans i petites migracions humanes de la nostra hist\u00f2ria a partir de l\u2019an\u00e0lisi de dades, creaci\u00f3 de gr\u00e0fics, utilitzaci\u00f3 del programa GeoGebra\u2026<\/p>\n<p style=\"text-align: justify;\">Pel que fa a les \u00e0rees de les ci\u00e8ncies biol\u00f2giques i la tecnologia, el projecte consisteix a construir un joc de taula que estigui basat en alguna de les principals migracions animals del nostre planeta. Tenim com a objectiu fer un joc divertit i alhora did\u00e0ctic, rigor\u00f3s cient\u00edficament i atractiu visualment.<\/p>\n<p><a href=\"https:\/\/agora.xtec.cat\/iesgerbert\/wp-content\/uploads\/usu668\/2024\/01\/1_1_11zon-scaled.jpg\"><img loading=\"lazy\" decoding=\"async\" class=\" wp-image-11211 alignleft\" src=\"https:\/\/agora.xtec.cat\/iesgerbert\/wp-content\/uploads\/usu668\/2024\/01\/1_1_11zon-1024x621.jpg\" alt=\"\" width=\"527\" height=\"320\" srcset=\"https:\/\/agora.xtec.cat\/iesgerbert\/wp-content\/uploads\/usu668\/2024\/01\/1_1_11zon-1024x621.jpg 1024w, https:\/\/agora.xtec.cat\/iesgerbert\/wp-content\/uploads\/usu668\/2024\/01\/1_1_11zon-300x182.jpg 300w, https:\/\/agora.xtec.cat\/iesgerbert\/wp-content\/uploads\/usu668\/2024\/01\/1_1_11zon-768x466.jpg 768w, https:\/\/agora.xtec.cat\/iesgerbert\/wp-content\/uploads\/usu668\/2024\/01\/1_1_11zon-1536x932.jpg 1536w, https:\/\/agora.xtec.cat\/iesgerbert\/wp-content\/uploads\/usu668\/2024\/01\/1_1_11zon-2048x1242.jpg 2048w\" sizes=\"auto, (max-width: 527px) 100vw, 527px\" \/><\/a><\/p>\n","protected":false},"excerpt":{"rendered":"<p>Projecte: Per qu\u00e8 van marxar? Projecte de l&#8217;\u00e0mbit social, amb el qual estudiarem els fen\u00f2mens migratoris com a estrat\u00e8gia d\u2019escapament a la repressi\u00f3 social pol\u00edtica i econ\u00f2mica de la dictadura franquista. Formant part del projecte destaquem l\u2019estada al sud de Fran\u00e7a (Prada de Conflent) relacionada amb l\u2019exili que van viure milers de catalans i espanyols [&hellip;]<\/p>\n","protected":false},"author":18,"featured_media":0,"parent":11121,"menu_order":0,"comment_status":"closed","ping_status":"closed","template":"page-templates\/side-menu.php","meta":{"_bbp_topic_count":0,"_bbp_reply_count":0,"_bbp_total_topic_count":0,"_bbp_total_reply_count":0,"_bbp_voice_count":0,"_bbp_anonymous_reply_count":0,"_bbp_topic_count_hidden":0,"_bbp_reply_count_hidden":0,"_bbp_forum_subforum_count":0,"site-sidebar-layout":"default","site-content-layout":"","ast-site-content-layout":"","site-content-style":"default","site-sidebar-style":"default","ast-global-header-display":"","ast-banner-title-visibility":"","ast-main-header-display":"","ast-hfb-above-header-display":"","ast-hfb-below-header-display":"","ast-hfb-mobile-header-display":"","site-post-title":"","ast-breadcrumbs-content":"","ast-featured-img":"","footer-sml-layout":"","theme-transparent-header-meta":"","adv-header-id-meta":"","stick-header-meta":"","header-above-stick-meta":"","header-main-stick-meta":"","header-below-stick-meta":"","astra-migrate-meta-layouts":"default","ast-page-background-enabled":"default","ast-page-background-meta":{"desktop":{"background-color":"var(--ast-global-color-4)","background-image":"","background-repeat":"repeat","background-position":"center center","background-size":"auto","background-attachment":"scroll","background-type":"","background-media":"","overlay-type":"","overlay-color":"","overlay-opacity":"","overlay-gradient":""},"tablet":{"background-color":"","background-image":"","background-repeat":"repeat","background-position":"center center","background-size":"auto","background-attachment":"scroll","background-type":"","background-media":"","overlay-type":"","overlay-color":"","overlay-opacity":"","overlay-gradient":""},"mobile":{"background-color":"","background-image":"","background-repeat":"repeat","background-position":"center center","background-size":"auto","background-attachment":"scroll","background-type":"","background-media":"","overlay-type":"","overlay-color":"","overlay-opacity":"","overlay-gradient":""}},"ast-content-background-meta":{"desktop":{"background-color":"var(--ast-global-color-5)","background-image":"","background-repeat":"repeat","background-position":"center center","background-size":"auto","background-attachment":"scroll","background-type":"","background-media":"","overlay-type":"","overlay-color":"","overlay-opacity":"","overlay-gradient":""},"tablet":{"background-color":"var(--ast-global-color-5)","background-image":"","background-repeat":"repeat","background-position":"center center","background-size":"auto","background-attachment":"scroll","background-type":"","background-media":"","overlay-type":"","overlay-color":"","overlay-opacity":"","overlay-gradient":""},"mobile":{"background-color":"var(--ast-global-color-5)","background-image":"","background-repeat":"repeat","background-position":"center center","background-size":"auto","background-attachment":"scroll","background-type":"","background-media":"","overlay-type":"","overlay-color":"","overlay-opacity":"","overlay-gradient":""}},"footnotes":""},"class_list":["post-11198","page","type-page","status-publish","hentry"],"post_mailing_queue_ids":[],"_links":{"self":[{"href":"https:\/\/agora.xtec.cat\/iesgerbert\/wp-json\/wp\/v2\/pages\/11198","targetHints":{"allow":["GET"]}}],"collection":[{"href":"https:\/\/agora.xtec.cat\/iesgerbert\/wp-json\/wp\/v2\/pages"}],"about":[{"href":"https:\/\/agora.xtec.cat\/iesgerbert\/wp-json\/wp\/v2\/types\/page"}],"author":[{"embeddable":true,"href":"https:\/\/agora.xtec.cat\/iesgerbert\/wp-json\/wp\/v2\/users\/18"}],"replies":[{"embeddable":true,"href":"https:\/\/agora.xtec.cat\/iesgerbert\/wp-json\/wp\/v2\/comments?post=11198"}],"version-history":[{"count":5,"href":"https:\/\/agora.xtec.cat\/iesgerbert\/wp-json\/wp\/v2\/pages\/11198\/revisions"}],"predecessor-version":[{"id":11212,"href":"https:\/\/agora.xtec.cat\/iesgerbert\/wp-json\/wp\/v2\/pages\/11198\/revisions\/11212"}],"up":[{"embeddable":true,"href":"https:\/\/agora.xtec.cat\/iesgerbert\/wp-json\/wp\/v2\/pages\/11121"}],"wp:attachment":[{"href":"https:\/\/agora.xtec.cat\/iesgerbert\/wp-json\/wp\/v2\/media?parent=11198"}],"curies":[{"name":"wp","href":"https:\/\/api.w.org\/{rel}","templated":true}]}}