{"id":11193,"date":"2024-01-07T20:34:48","date_gmt":"2024-01-07T19:34:48","guid":{"rendered":"https:\/\/agora.xtec.cat\/iesgerbert\/?page_id=11193"},"modified":"2024-01-07T20:34:59","modified_gmt":"2024-01-07T19:34:59","slug":"projecte-2n-deso","status":"publish","type":"page","link":"https:\/\/agora.xtec.cat\/iesgerbert\/com-treballem\/projectes-de-gestio-autonoma\/projecte\/projecte-2n-deso\/","title":{"rendered":"Projecte 2n d&#8217;ESO"},"content":{"rendered":"<p><strong>La meva ciutat ideal<\/strong><\/p>\n<p style=\"text-align: justify;\">L&#8217;objectiu del projecte \u00e9s tenir una visi\u00f3 general d&#8217;una ciutat des de tres punts de vista: social, tecnol\u00f2gic\u00a0i num\u00e8ric. De manera simult\u00e0nia, es treballen els aspectes a tenir en compte quan es dissenya la ciutat ideal: distribuci\u00f3 urban\u00edstica, tend\u00e8ncies socials en habitatge, concentraci\u00f3 demogr\u00e0fica, infraestructures i serveis, estudi estad\u00edstic d&#8217;una ciutat, impacte ambiental en l&#8217;entorn de la ciutat i dels materials utilitzats en la construcci\u00f3, etc.<\/p>\n<p style=\"text-align: justify;\">Partint del coneixement de l&#8217;entorn m\u00e9s proper de Sant Fruit\u00f3s (con\u00e8ixer les problem\u00e0tiques del poble detectades per la poblaci\u00f3 i pel mateix ajuntament), l&#8217;objectiu final seria el disseny de la ciutat que voldrien i tot el que comporta.<\/p>\n","protected":false},"excerpt":{"rendered":"<p>La meva ciutat ideal L&#8217;objectiu del projecte \u00e9s tenir una visi\u00f3 general d&#8217;una ciutat des de tres punts de vista: social, tecnol\u00f2gic\u00a0i num\u00e8ric. De manera simult\u00e0nia, es treballen els aspectes a tenir en compte quan es dissenya la ciutat ideal: distribuci\u00f3 urban\u00edstica, tend\u00e8ncies socials en habitatge, concentraci\u00f3 demogr\u00e0fica, infraestructures i serveis, estudi estad\u00edstic d&#8217;una ciutat, [&hellip;]<\/p>\n","protected":false},"author":18,"featured_media":0,"parent":11121,"menu_order":0,"comment_status":"closed","ping_status":"closed","template":"page-templates\/side-menu.php","meta":{"_bbp_topic_count":0,"_bbp_reply_count":0,"_bbp_total_topic_count":0,"_bbp_total_reply_count":0,"_bbp_voice_count":0,"_bbp_anonymous_reply_count":0,"_bbp_topic_count_hidden":0,"_bbp_reply_count_hidden":0,"_bbp_forum_subforum_count":0,"site-sidebar-layout":"default","site-content-layout":"","ast-site-content-layout":"","site-content-style":"default","site-sidebar-style":"default","ast-global-header-display":"","ast-banner-title-visibility":"","ast-main-header-display":"","ast-hfb-above-header-display":"","ast-hfb-below-header-display":"","ast-hfb-mobile-header-display":"","site-post-title":"","ast-breadcrumbs-content":"","ast-featured-img":"","footer-sml-layout":"","theme-transparent-header-meta":"","adv-header-id-meta":"","stick-header-meta":"","header-above-stick-meta":"","header-main-stick-meta":"","header-below-stick-meta":"","astra-migrate-meta-layouts":"default","ast-page-background-enabled":"default","ast-page-background-meta":{"desktop":{"background-color":"var(--ast-global-color-4)","background-image":"","background-repeat":"repeat","background-position":"center center","background-size":"auto","background-attachment":"scroll","background-type":"","background-media":"","overlay-type":"","overlay-color":"","overlay-opacity":"","overlay-gradient":""},"tablet":{"background-color":"","background-image":"","background-repeat":"repeat","background-position":"center center","background-size":"auto","background-attachment":"scroll","background-type":"","background-media":"","overlay-type":"","overlay-color":"","overlay-opacity":"","overlay-gradient":""},"mobile":{"background-color":"","background-image":"","background-repeat":"repeat","background-position":"center center","background-size":"auto","background-attachment":"scroll","background-type":"","background-media":"","overlay-type":"","overlay-color":"","overlay-opacity":"","overlay-gradient":""}},"ast-content-background-meta":{"desktop":{"background-color":"var(--ast-global-color-5)","background-image":"","background-repeat":"repeat","background-position":"center center","background-size":"auto","background-attachment":"scroll","background-type":"","background-media":"","overlay-type":"","overlay-color":"","overlay-opacity":"","overlay-gradient":""},"tablet":{"background-color":"var(--ast-global-color-5)","background-image":"","background-repeat":"repeat","background-position":"center center","background-size":"auto","background-attachment":"scroll","background-type":"","background-media":"","overlay-type":"","overlay-color":"","overlay-opacity":"","overlay-gradient":""},"mobile":{"background-color":"var(--ast-global-color-5)","background-image":"","background-repeat":"repeat","background-position":"center center","background-size":"auto","background-attachment":"scroll","background-type":"","background-media":"","overlay-type":"","overlay-color":"","overlay-opacity":"","overlay-gradient":""}},"footnotes":""},"class_list":["post-11193","page","type-page","status-publish","hentry"],"post_mailing_queue_ids":[],"_links":{"self":[{"href":"https:\/\/agora.xtec.cat\/iesgerbert\/wp-json\/wp\/v2\/pages\/11193","targetHints":{"allow":["GET"]}}],"collection":[{"href":"https:\/\/agora.xtec.cat\/iesgerbert\/wp-json\/wp\/v2\/pages"}],"about":[{"href":"https:\/\/agora.xtec.cat\/iesgerbert\/wp-json\/wp\/v2\/types\/page"}],"author":[{"embeddable":true,"href":"https:\/\/agora.xtec.cat\/iesgerbert\/wp-json\/wp\/v2\/users\/18"}],"replies":[{"embeddable":true,"href":"https:\/\/agora.xtec.cat\/iesgerbert\/wp-json\/wp\/v2\/comments?post=11193"}],"version-history":[{"count":2,"href":"https:\/\/agora.xtec.cat\/iesgerbert\/wp-json\/wp\/v2\/pages\/11193\/revisions"}],"predecessor-version":[{"id":11195,"href":"https:\/\/agora.xtec.cat\/iesgerbert\/wp-json\/wp\/v2\/pages\/11193\/revisions\/11195"}],"up":[{"embeddable":true,"href":"https:\/\/agora.xtec.cat\/iesgerbert\/wp-json\/wp\/v2\/pages\/11121"}],"wp:attachment":[{"href":"https:\/\/agora.xtec.cat\/iesgerbert\/wp-json\/wp\/v2\/media?parent=11193"}],"curies":[{"name":"wp","href":"https:\/\/api.w.org\/{rel}","templated":true}]}}