{"id":11189,"date":"2024-01-07T20:32:33","date_gmt":"2024-01-07T19:32:33","guid":{"rendered":"https:\/\/agora.xtec.cat\/iesgerbert\/?page_id=11189"},"modified":"2024-01-16T18:29:28","modified_gmt":"2024-01-16T17:29:28","slug":"projecte-1r-deso","status":"publish","type":"page","link":"https:\/\/agora.xtec.cat\/iesgerbert\/com-treballem\/projectes-de-gestio-autonoma\/projecte\/projecte-1r-deso\/","title":{"rendered":"Projecte 1r d&#8217;ESO"},"content":{"rendered":"<p style=\"text-align: justify;\">El projecte \u201cGerverd.hort\u201d que s\u2019est\u00e0 treballant a 1r d\u2019ESO es tracta d\u2019un projecte pluridisciplinari. \u00c9s per aix\u00f2 que es duen a terme activitats vinculades amb la ci\u00e8ncia i la saviesa popular. La tem\u00e0tica gira al voltant del treball de l\u2019hort de l\u2019institut.<\/p>\n<p style=\"text-align: justify;\"><strong>Com ho treballem?<\/strong><br \/>\nEs treballa des d\u2019una perspectiva ecol\u00f2gica on l\u2019alumnat realitza des de la preparaci\u00f3 del terreny, la sembra, les cures di\u00e0ries fins a la collita. La metodologia de treball \u00e9s col\u00b7laborativa i t\u00e9 especial import\u00e0ncia que l&#8217;alumnat aprengui a responsabilitzar-se tant del treball en grup com del mateix hort.<br \/>\nAix\u00ed mateix, tamb\u00e9 es valora el coneixement que van transmetent pares, mares, avis, \u00e0vies\u2026 per aplicar-lo en aquest projecte.<\/p>\n<p style=\"text-align: justify;\"><strong>Els objectius que volem que el nostre alumnat assoleixi s\u00f3n els seg\u00fcents:<\/strong><br \/>\n\u2022 Identificar les caracter\u00edstiques del s\u00f2l i les biol\u00f2giques de diferents \u00a0 hortalisses.<br \/>\n\u2022 Conscienciar sobre la import\u00e0ncia del consum de proximitat i l\u2019agricultura ecol\u00f2gica.<br \/>\n\u2022 Fomentar la responsabilitat de l\u2019alumnat envers el medi ambient i en tenir cura d\u2019ell.<br \/>\n\u2022 Establir vincles intergeneracionals.<br \/>\n\u2022 Prendre consci\u00e8ncia de la import\u00e0ncia de preservar els sabers populars.<\/p>\n<p><a href=\"https:\/\/agora.xtec.cat\/iesgerbert\/wp-content\/uploads\/usu668\/2024\/01\/Hort-Escola.png\"><img loading=\"lazy\" decoding=\"async\" class=\"wp-image-11208 alignleft\" src=\"https:\/\/agora.xtec.cat\/iesgerbert\/wp-content\/uploads\/usu668\/2024\/01\/Hort-Escola.png\" alt=\"\" width=\"521\" height=\"315\" srcset=\"https:\/\/agora.xtec.cat\/iesgerbert\/wp-content\/uploads\/usu668\/2024\/01\/Hort-Escola.png 954w, https:\/\/agora.xtec.cat\/iesgerbert\/wp-content\/uploads\/usu668\/2024\/01\/Hort-Escola-300x181.png 300w, https:\/\/agora.xtec.cat\/iesgerbert\/wp-content\/uploads\/usu668\/2024\/01\/Hort-Escola-768x464.png 768w\" sizes=\"auto, (max-width: 521px) 100vw, 521px\" \/><\/a> <a href=\"https:\/\/agora.xtec.cat\/iesgerbert\/wp-content\/uploads\/usu668\/2024\/01\/Reciclatge.png\"><img loading=\"lazy\" decoding=\"async\" class=\" wp-image-11207 alignleft\" src=\"https:\/\/agora.xtec.cat\/iesgerbert\/wp-content\/uploads\/usu668\/2024\/01\/Reciclatge.png\" alt=\"\" width=\"522\" height=\"227\" srcset=\"https:\/\/agora.xtec.cat\/iesgerbert\/wp-content\/uploads\/usu668\/2024\/01\/Reciclatge.png 984w, https:\/\/agora.xtec.cat\/iesgerbert\/wp-content\/uploads\/usu668\/2024\/01\/Reciclatge-300x130.png 300w, https:\/\/agora.xtec.cat\/iesgerbert\/wp-content\/uploads\/usu668\/2024\/01\/Reciclatge-768x334.png 768w\" sizes=\"auto, (max-width: 522px) 100vw, 522px\" \/><\/a><\/p>\n","protected":false},"excerpt":{"rendered":"<p>El projecte \u201cGerverd.hort\u201d que s\u2019est\u00e0 treballant a 1r d\u2019ESO es tracta d\u2019un projecte pluridisciplinari. \u00c9s per aix\u00f2 que es duen a terme activitats vinculades amb la ci\u00e8ncia i la saviesa popular. La tem\u00e0tica gira al voltant del treball de l\u2019hort de l\u2019institut. Com ho treballem? Es treballa des d\u2019una perspectiva ecol\u00f2gica on l\u2019alumnat realitza des [&hellip;]<\/p>\n","protected":false},"author":18,"featured_media":0,"parent":11121,"menu_order":0,"comment_status":"closed","ping_status":"closed","template":"page-templates\/side-menu.php","meta":{"_bbp_topic_count":0,"_bbp_reply_count":0,"_bbp_total_topic_count":0,"_bbp_total_reply_count":0,"_bbp_voice_count":0,"_bbp_anonymous_reply_count":0,"_bbp_topic_count_hidden":0,"_bbp_reply_count_hidden":0,"_bbp_forum_subforum_count":0,"site-sidebar-layout":"default","site-content-layout":"","ast-site-content-layout":"","site-content-style":"default","site-sidebar-style":"default","ast-global-header-display":"","ast-banner-title-visibility":"","ast-main-header-display":"","ast-hfb-above-header-display":"","ast-hfb-below-header-display":"","ast-hfb-mobile-header-display":"","site-post-title":"","ast-breadcrumbs-content":"","ast-featured-img":"","footer-sml-layout":"","theme-transparent-header-meta":"","adv-header-id-meta":"","stick-header-meta":"","header-above-stick-meta":"","header-main-stick-meta":"","header-below-stick-meta":"","astra-migrate-meta-layouts":"default","ast-page-background-enabled":"default","ast-page-background-meta":{"desktop":{"background-color":"var(--ast-global-color-4)","background-image":"","background-repeat":"repeat","background-position":"center center","background-size":"auto","background-attachment":"scroll","background-type":"","background-media":"","overlay-type":"","overlay-color":"","overlay-opacity":"","overlay-gradient":""},"tablet":{"background-color":"","background-image":"","background-repeat":"repeat","background-position":"center center","background-size":"auto","background-attachment":"scroll","background-type":"","background-media":"","overlay-type":"","overlay-color":"","overlay-opacity":"","overlay-gradient":""},"mobile":{"background-color":"","background-image":"","background-repeat":"repeat","background-position":"center center","background-size":"auto","background-attachment":"scroll","background-type":"","background-media":"","overlay-type":"","overlay-color":"","overlay-opacity":"","overlay-gradient":""}},"ast-content-background-meta":{"desktop":{"background-color":"var(--ast-global-color-5)","background-image":"","background-repeat":"repeat","background-position":"center center","background-size":"auto","background-attachment":"scroll","background-type":"","background-media":"","overlay-type":"","overlay-color":"","overlay-opacity":"","overlay-gradient":""},"tablet":{"background-color":"var(--ast-global-color-5)","background-image":"","background-repeat":"repeat","background-position":"center center","background-size":"auto","background-attachment":"scroll","background-type":"","background-media":"","overlay-type":"","overlay-color":"","overlay-opacity":"","overlay-gradient":""},"mobile":{"background-color":"var(--ast-global-color-5)","background-image":"","background-repeat":"repeat","background-position":"center center","background-size":"auto","background-attachment":"scroll","background-type":"","background-media":"","overlay-type":"","overlay-color":"","overlay-opacity":"","overlay-gradient":""}},"footnotes":""},"class_list":["post-11189","page","type-page","status-publish","hentry"],"post_mailing_queue_ids":[],"_links":{"self":[{"href":"https:\/\/agora.xtec.cat\/iesgerbert\/wp-json\/wp\/v2\/pages\/11189","targetHints":{"allow":["GET"]}}],"collection":[{"href":"https:\/\/agora.xtec.cat\/iesgerbert\/wp-json\/wp\/v2\/pages"}],"about":[{"href":"https:\/\/agora.xtec.cat\/iesgerbert\/wp-json\/wp\/v2\/types\/page"}],"author":[{"embeddable":true,"href":"https:\/\/agora.xtec.cat\/iesgerbert\/wp-json\/wp\/v2\/users\/18"}],"replies":[{"embeddable":true,"href":"https:\/\/agora.xtec.cat\/iesgerbert\/wp-json\/wp\/v2\/comments?post=11189"}],"version-history":[{"count":3,"href":"https:\/\/agora.xtec.cat\/iesgerbert\/wp-json\/wp\/v2\/pages\/11189\/revisions"}],"predecessor-version":[{"id":11210,"href":"https:\/\/agora.xtec.cat\/iesgerbert\/wp-json\/wp\/v2\/pages\/11189\/revisions\/11210"}],"up":[{"embeddable":true,"href":"https:\/\/agora.xtec.cat\/iesgerbert\/wp-json\/wp\/v2\/pages\/11121"}],"wp:attachment":[{"href":"https:\/\/agora.xtec.cat\/iesgerbert\/wp-json\/wp\/v2\/media?parent=11189"}],"curies":[{"name":"wp","href":"https:\/\/api.w.org\/{rel}","templated":true}]}}