{"id":11184,"date":"2024-01-07T20:26:33","date_gmt":"2024-01-07T19:26:33","guid":{"rendered":"https:\/\/agora.xtec.cat\/iesgerbert\/?page_id=11184"},"modified":"2024-01-07T20:28:42","modified_gmt":"2024-01-07T19:28:42","slug":"pla-lector-3r-deso","status":"publish","type":"page","link":"https:\/\/agora.xtec.cat\/iesgerbert\/com-treballem\/projectes-de-gestio-autonoma\/pla-lector\/pla-lector-3r-deso\/","title":{"rendered":"Pla lector 3r d&#8217;ESO"},"content":{"rendered":"<p style=\"text-align: justify;\">Aquest any, l\u2019alumnat de 3r d\u2019ESO realitza un projecte dins del Pla Lector anomenat\u00a0<em>Un mar de llibres<\/em> durant 2\u202fh setmanals.<\/p>\n<p style=\"text-align: justify;\">\nDins de la mat\u00e8ria de Llengua Catalana, llegim el llibre de Maria Carme Roca,\u00a0Katalepsis, on descobrirem qu\u00e8 \u00e9s la catal\u00e8psia i com el protagonista aprofita la malaltia per divertir-se. Mentre anem llegint, treballem activitats relacionades amb la comprensi\u00f3 lectora i l\u2019expressi\u00f3 escrita. Tamb\u00e9 utilitzarem el tema de l\u2019aigua del projecte general de 3r per fer algunes activitats com, per exemple, crear petits textos literaris a partir de quadres d\u2019autors de diferents \u00e8poques.<\/p>\n<p style=\"text-align: justify;\">\nPel que fa a l\u2019\u00e0rea de Llengua Castellana, es llegeix el llibre de Care Santos,\u00a0Los ojos del lobo, on es relata la desaparici\u00f3 d\u2019una noia i tot el que envolta aquest misteri. La lectura es combina amb activitats de comprensi\u00f3 lectora i amb el projecte final d\u2019un\u00a0booktrailer.<\/p>\n<p style=\"text-align: justify;\">\nFinalment, dins l\u2019assignatura de Llengua Estrangera Angl\u00e8s, llegim la novel\u00b7la gr\u00e0fica d\u2019Alice Oseman, anomenada\u00a0Heartstopper volume 1, on es tracta el tema de l\u2019homosexualitat i el bullying. Combinarem la lectura amb el visionat de la s\u00e8rie de Netflix en angl\u00e8s que porta el mateix nom. Com a tasca final, poden escollir entre fer un v\u00eddeo de recomanaci\u00f3, dibuixar p\u00e0gines d\u2019un c\u00f2mic o transformar unes vinyetes en narraci\u00f3, aix\u00ed com debats per parlar dels temes cabdals del llibre.<\/p>\n<p><a href=\"https:\/\/agora.xtec.cat\/iesgerbert\/wp-content\/uploads\/usu668\/2024\/01\/Llibres-Pla-Lector3-ESO-scaled.jpg\"><img loading=\"lazy\" decoding=\"async\" class=\" wp-image-11183 alignleft\" src=\"https:\/\/agora.xtec.cat\/iesgerbert\/wp-content\/uploads\/usu668\/2024\/01\/Llibres-Pla-Lector3-ESO-1024x768.jpg\" alt=\"\" width=\"429\" height=\"322\" srcset=\"https:\/\/agora.xtec.cat\/iesgerbert\/wp-content\/uploads\/usu668\/2024\/01\/Llibres-Pla-Lector3-ESO-1024x768.jpg 1024w, https:\/\/agora.xtec.cat\/iesgerbert\/wp-content\/uploads\/usu668\/2024\/01\/Llibres-Pla-Lector3-ESO-300x225.jpg 300w, https:\/\/agora.xtec.cat\/iesgerbert\/wp-content\/uploads\/usu668\/2024\/01\/Llibres-Pla-Lector3-ESO-768x576.jpg 768w, https:\/\/agora.xtec.cat\/iesgerbert\/wp-content\/uploads\/usu668\/2024\/01\/Llibres-Pla-Lector3-ESO-1536x1152.jpg 1536w, https:\/\/agora.xtec.cat\/iesgerbert\/wp-content\/uploads\/usu668\/2024\/01\/Llibres-Pla-Lector3-ESO-2048x1536.jpg 2048w, https:\/\/agora.xtec.cat\/iesgerbert\/wp-content\/uploads\/usu668\/2024\/01\/Llibres-Pla-Lector3-ESO-200x150.jpg 200w\" sizes=\"auto, (max-width: 429px) 100vw, 429px\" \/><\/a><\/p>\n","protected":false},"excerpt":{"rendered":"<p>Aquest any, l\u2019alumnat de 3r d\u2019ESO realitza un projecte dins del Pla Lector anomenat\u00a0Un mar de llibres durant 2\u202fh setmanals. Dins de la mat\u00e8ria de Llengua Catalana, llegim el llibre de Maria Carme Roca,\u00a0Katalepsis, on descobrirem qu\u00e8 \u00e9s la catal\u00e8psia i com el protagonista aprofita la malaltia per divertir-se. Mentre anem llegint, treballem activitats relacionades [&hellip;]<\/p>\n","protected":false},"author":18,"featured_media":0,"parent":1222,"menu_order":0,"comment_status":"closed","ping_status":"closed","template":"page-templates\/side-menu.php","meta":{"_bbp_topic_count":0,"_bbp_reply_count":0,"_bbp_total_topic_count":0,"_bbp_total_reply_count":0,"_bbp_voice_count":0,"_bbp_anonymous_reply_count":0,"_bbp_topic_count_hidden":0,"_bbp_reply_count_hidden":0,"_bbp_forum_subforum_count":0,"site-sidebar-layout":"default","site-content-layout":"","ast-site-content-layout":"","site-content-style":"default","site-sidebar-style":"default","ast-global-header-display":"","ast-banner-title-visibility":"","ast-main-header-display":"","ast-hfb-above-header-display":"","ast-hfb-below-header-display":"","ast-hfb-mobile-header-display":"","site-post-title":"","ast-breadcrumbs-content":"","ast-featured-img":"","footer-sml-layout":"","theme-transparent-header-meta":"","adv-header-id-meta":"","stick-header-meta":"","header-above-stick-meta":"","header-main-stick-meta":"","header-below-stick-meta":"","astra-migrate-meta-layouts":"default","ast-page-background-enabled":"default","ast-page-background-meta":{"desktop":{"background-color":"var(--ast-global-color-4)","background-image":"","background-repeat":"repeat","background-position":"center center","background-size":"auto","background-attachment":"scroll","background-type":"","background-media":"","overlay-type":"","overlay-color":"","overlay-opacity":"","overlay-gradient":""},"tablet":{"background-color":"","background-image":"","background-repeat":"repeat","background-position":"center center","background-size":"auto","background-attachment":"scroll","background-type":"","background-media":"","overlay-type":"","overlay-color":"","overlay-opacity":"","overlay-gradient":""},"mobile":{"background-color":"","background-image":"","background-repeat":"repeat","background-position":"center center","background-size":"auto","background-attachment":"scroll","background-type":"","background-media":"","overlay-type":"","overlay-color":"","overlay-opacity":"","overlay-gradient":""}},"ast-content-background-meta":{"desktop":{"background-color":"var(--ast-global-color-5)","background-image":"","background-repeat":"repeat","background-position":"center center","background-size":"auto","background-attachment":"scroll","background-type":"","background-media":"","overlay-type":"","overlay-color":"","overlay-opacity":"","overlay-gradient":""},"tablet":{"background-color":"var(--ast-global-color-5)","background-image":"","background-repeat":"repeat","background-position":"center center","background-size":"auto","background-attachment":"scroll","background-type":"","background-media":"","overlay-type":"","overlay-color":"","overlay-opacity":"","overlay-gradient":""},"mobile":{"background-color":"var(--ast-global-color-5)","background-image":"","background-repeat":"repeat","background-position":"center center","background-size":"auto","background-attachment":"scroll","background-type":"","background-media":"","overlay-type":"","overlay-color":"","overlay-opacity":"","overlay-gradient":""}},"footnotes":""},"class_list":["post-11184","page","type-page","status-publish","hentry"],"post_mailing_queue_ids":[],"_links":{"self":[{"href":"https:\/\/agora.xtec.cat\/iesgerbert\/wp-json\/wp\/v2\/pages\/11184","targetHints":{"allow":["GET"]}}],"collection":[{"href":"https:\/\/agora.xtec.cat\/iesgerbert\/wp-json\/wp\/v2\/pages"}],"about":[{"href":"https:\/\/agora.xtec.cat\/iesgerbert\/wp-json\/wp\/v2\/types\/page"}],"author":[{"embeddable":true,"href":"https:\/\/agora.xtec.cat\/iesgerbert\/wp-json\/wp\/v2\/users\/18"}],"replies":[{"embeddable":true,"href":"https:\/\/agora.xtec.cat\/iesgerbert\/wp-json\/wp\/v2\/comments?post=11184"}],"version-history":[{"count":2,"href":"https:\/\/agora.xtec.cat\/iesgerbert\/wp-json\/wp\/v2\/pages\/11184\/revisions"}],"predecessor-version":[{"id":11188,"href":"https:\/\/agora.xtec.cat\/iesgerbert\/wp-json\/wp\/v2\/pages\/11184\/revisions\/11188"}],"up":[{"embeddable":true,"href":"https:\/\/agora.xtec.cat\/iesgerbert\/wp-json\/wp\/v2\/pages\/1222"}],"wp:attachment":[{"href":"https:\/\/agora.xtec.cat\/iesgerbert\/wp-json\/wp\/v2\/media?parent=11184"}],"curies":[{"name":"wp","href":"https:\/\/api.w.org\/{rel}","templated":true}]}}