{"id":11176,"date":"2024-01-07T20:20:46","date_gmt":"2024-01-07T19:20:46","guid":{"rendered":"https:\/\/agora.xtec.cat\/iesgerbert\/?page_id=11176"},"modified":"2024-01-07T20:20:46","modified_gmt":"2024-01-07T19:20:46","slug":"pla-lector-2n-deso","status":"publish","type":"page","link":"https:\/\/agora.xtec.cat\/iesgerbert\/com-treballem\/projectes-de-gestio-autonoma\/pla-lector\/pla-lector-2n-deso\/","title":{"rendered":"Pla lector 2n d&#8217;ESO"},"content":{"rendered":"<p style=\"text-align: justify;\">Aquest curs 2023-2024 es dediquen dues hores setmanals al Pla lector amb l\u2019alumnat de 2n d\u2019ESO. Durant aquestes hores es porten a terme diferents activitats relacionades amb la comprensi\u00f3 lectora, aix\u00ed com l\u2019expressi\u00f3 oral i l\u2019expressi\u00f3 escrita. Cada trimestre es llegeix un llibre en catal\u00e0, que enganxa tots els adolescents (Mentida de Care Santos), un c\u00f2mic angl\u00e8s (Mighty Jack) i un recull de contes cl\u00e0ssics en castell\u00e0. De la lectura de castell\u00e0 i en angl\u00e8s en resulta un producte final: un p\u00f2dcast i un c\u00f2mic respectivament. Les hores de lectura es combinen amb activitats per potenciar l&#8217;expressi\u00f3, escrita, enriquir el l\u00e8xic i, en el cas de l&#8217;angl\u00e8s, tamb\u00e9 la pron\u00fancia. Fins ara, les lectures escollides estan sent un \u00e8xit!<\/p>\n<p><a href=\"https:\/\/agora.xtec.cat\/iesgerbert\/wp-content\/uploads\/usu668\/2024\/01\/pla-lector-2n-biblioteca-scaled.jpg\"><img loading=\"lazy\" decoding=\"async\" class=\" wp-image-11178 alignleft\" src=\"https:\/\/agora.xtec.cat\/iesgerbert\/wp-content\/uploads\/usu668\/2024\/01\/pla-lector-2n-biblioteca-1024x768.jpg\" alt=\"\" width=\"525\" height=\"394\" srcset=\"https:\/\/agora.xtec.cat\/iesgerbert\/wp-content\/uploads\/usu668\/2024\/01\/pla-lector-2n-biblioteca-1024x768.jpg 1024w, https:\/\/agora.xtec.cat\/iesgerbert\/wp-content\/uploads\/usu668\/2024\/01\/pla-lector-2n-biblioteca-300x225.jpg 300w, https:\/\/agora.xtec.cat\/iesgerbert\/wp-content\/uploads\/usu668\/2024\/01\/pla-lector-2n-biblioteca-768x576.jpg 768w, https:\/\/agora.xtec.cat\/iesgerbert\/wp-content\/uploads\/usu668\/2024\/01\/pla-lector-2n-biblioteca-1536x1152.jpg 1536w, https:\/\/agora.xtec.cat\/iesgerbert\/wp-content\/uploads\/usu668\/2024\/01\/pla-lector-2n-biblioteca-2048x1536.jpg 2048w, https:\/\/agora.xtec.cat\/iesgerbert\/wp-content\/uploads\/usu668\/2024\/01\/pla-lector-2n-biblioteca-200x150.jpg 200w\" sizes=\"auto, (max-width: 525px) 100vw, 525px\" \/><\/a><\/p>\n","protected":false},"excerpt":{"rendered":"<p>Aquest curs 2023-2024 es dediquen dues hores setmanals al Pla lector amb l\u2019alumnat de 2n d\u2019ESO. Durant aquestes hores es porten a terme diferents activitats relacionades amb la comprensi\u00f3 lectora, aix\u00ed com l\u2019expressi\u00f3 oral i l\u2019expressi\u00f3 escrita. Cada trimestre es llegeix un llibre en catal\u00e0, que enganxa tots els adolescents (Mentida de Care Santos), un [&hellip;]<\/p>\n","protected":false},"author":18,"featured_media":0,"parent":1222,"menu_order":0,"comment_status":"closed","ping_status":"closed","template":"page-templates\/side-menu.php","meta":{"_bbp_topic_count":0,"_bbp_reply_count":0,"_bbp_total_topic_count":0,"_bbp_total_reply_count":0,"_bbp_voice_count":0,"_bbp_anonymous_reply_count":0,"_bbp_topic_count_hidden":0,"_bbp_reply_count_hidden":0,"_bbp_forum_subforum_count":0,"site-sidebar-layout":"default","site-content-layout":"","ast-site-content-layout":"","site-content-style":"default","site-sidebar-style":"default","ast-global-header-display":"","ast-banner-title-visibility":"","ast-main-header-display":"","ast-hfb-above-header-display":"","ast-hfb-below-header-display":"","ast-hfb-mobile-header-display":"","site-post-title":"","ast-breadcrumbs-content":"","ast-featured-img":"","footer-sml-layout":"","theme-transparent-header-meta":"","adv-header-id-meta":"","stick-header-meta":"","header-above-stick-meta":"","header-main-stick-meta":"","header-below-stick-meta":"","astra-migrate-meta-layouts":"default","ast-page-background-enabled":"default","ast-page-background-meta":{"desktop":{"background-color":"var(--ast-global-color-4)","background-image":"","background-repeat":"repeat","background-position":"center center","background-size":"auto","background-attachment":"scroll","background-type":"","background-media":"","overlay-type":"","overlay-color":"","overlay-opacity":"","overlay-gradient":""},"tablet":{"background-color":"","background-image":"","background-repeat":"repeat","background-position":"center center","background-size":"auto","background-attachment":"scroll","background-type":"","background-media":"","overlay-type":"","overlay-color":"","overlay-opacity":"","overlay-gradient":""},"mobile":{"background-color":"","background-image":"","background-repeat":"repeat","background-position":"center center","background-size":"auto","background-attachment":"scroll","background-type":"","background-media":"","overlay-type":"","overlay-color":"","overlay-opacity":"","overlay-gradient":""}},"ast-content-background-meta":{"desktop":{"background-color":"var(--ast-global-color-5)","background-image":"","background-repeat":"repeat","background-position":"center center","background-size":"auto","background-attachment":"scroll","background-type":"","background-media":"","overlay-type":"","overlay-color":"","overlay-opacity":"","overlay-gradient":""},"tablet":{"background-color":"var(--ast-global-color-5)","background-image":"","background-repeat":"repeat","background-position":"center center","background-size":"auto","background-attachment":"scroll","background-type":"","background-media":"","overlay-type":"","overlay-color":"","overlay-opacity":"","overlay-gradient":""},"mobile":{"background-color":"var(--ast-global-color-5)","background-image":"","background-repeat":"repeat","background-position":"center center","background-size":"auto","background-attachment":"scroll","background-type":"","background-media":"","overlay-type":"","overlay-color":"","overlay-opacity":"","overlay-gradient":""}},"footnotes":""},"class_list":["post-11176","page","type-page","status-publish","hentry"],"post_mailing_queue_ids":[],"_links":{"self":[{"href":"https:\/\/agora.xtec.cat\/iesgerbert\/wp-json\/wp\/v2\/pages\/11176","targetHints":{"allow":["GET"]}}],"collection":[{"href":"https:\/\/agora.xtec.cat\/iesgerbert\/wp-json\/wp\/v2\/pages"}],"about":[{"href":"https:\/\/agora.xtec.cat\/iesgerbert\/wp-json\/wp\/v2\/types\/page"}],"author":[{"embeddable":true,"href":"https:\/\/agora.xtec.cat\/iesgerbert\/wp-json\/wp\/v2\/users\/18"}],"replies":[{"embeddable":true,"href":"https:\/\/agora.xtec.cat\/iesgerbert\/wp-json\/wp\/v2\/comments?post=11176"}],"version-history":[{"count":2,"href":"https:\/\/agora.xtec.cat\/iesgerbert\/wp-json\/wp\/v2\/pages\/11176\/revisions"}],"predecessor-version":[{"id":11179,"href":"https:\/\/agora.xtec.cat\/iesgerbert\/wp-json\/wp\/v2\/pages\/11176\/revisions\/11179"}],"up":[{"embeddable":true,"href":"https:\/\/agora.xtec.cat\/iesgerbert\/wp-json\/wp\/v2\/pages\/1222"}],"wp:attachment":[{"href":"https:\/\/agora.xtec.cat\/iesgerbert\/wp-json\/wp\/v2\/media?parent=11176"}],"curies":[{"name":"wp","href":"https:\/\/api.w.org\/{rel}","templated":true}]}}