{"id":11164,"date":"2024-01-07T19:50:02","date_gmt":"2024-01-07T18:50:02","guid":{"rendered":"https:\/\/agora.xtec.cat\/iesgerbert\/?page_id=11164"},"modified":"2024-01-07T19:52:15","modified_gmt":"2024-01-07T18:52:15","slug":"pla-lector-1r-deso","status":"publish","type":"page","link":"https:\/\/agora.xtec.cat\/iesgerbert\/com-treballem\/projectes-de-gestio-autonoma\/pla-lector\/pla-lector-1r-deso\/","title":{"rendered":"Pla lector 1r d&#8217;ESO"},"content":{"rendered":"<p style=\"text-align: justify;\" align=\"left\">Durant dues hores setmanals, l\u2019alumnat de 1r d\u2019ESO treballa la lectura, fent cada trimestre un idioma diferent: catal\u00e0, castell\u00e0 i angl\u00e8s amb l\u2019objectiu de llegir un llibre en cada idioma.<\/p>\n<p style=\"text-align: justify;\" align=\"left\">Ens agrada comen\u00e7ar amb mitja hora de lectura lliure, amb un llibre que poden dur de casa, de la biblioteca o de l\u2019armariet de l\u2019aula. Un cop van acabant les obres anem fent una ressenya de les lectures que compartim al Padlet de la classe.<\/p>\n<p style=\"text-align: justify;\" align=\"left\">Les novel\u00b7les que es treballen s\u00f3n: <i>La hija de la noche<\/i> de Laura Gallego,<i> La segona vida del Marc <\/i>de David Nel\u00b7lo,<i> <\/i>i<i> <\/i> <i>Gulliver\u2019s Travels<\/i> de Jonathan Swift.<\/p>\n<p style=\"text-align: justify;\" align=\"left\">Un cop al mes, anem a la biblioteca del poble per afavorir el gust per la lectura. Aprenen el seu funcionament, com fer el pr\u00e9stec de llibres i els orienten a lectures per a la seva edat.<\/p>\n<p style=\"text-align: justify;\" align=\"left\">A final de trimestre s\u2019elabora un projecte per concloure la lectura treballada a l\u2019aula, per\u00f2 tamb\u00e9 hi ha qui realitza un booktrailer de les obres. D\u2019altra banda tenim els nostres <i>sorbitos de lectura<\/i> on anem dipositant les frases que anem trobant i que ens agraden m\u00e9s dels llibres que estem llegint. L\u2019obra de l\u2019escriptora Laura Gallego <i>La hija de la noche <\/i>\u00e9s l\u2019eix principal del projecte i el continuem la resta de les dues hores. El projecte final consisteix a lliurar un booktrailer realitzat en grup i que es compartir\u00e0 amb la resta de companys.<\/p>\n<p align=\"left\"><a href=\"https:\/\/agora.xtec.cat\/iesgerbert\/wp-content\/uploads\/usu668\/2024\/01\/pla-lector-3_3_11zon-scaled.jpg\"><img loading=\"lazy\" decoding=\"async\" class=\" wp-image-11170 alignleft\" src=\"https:\/\/agora.xtec.cat\/iesgerbert\/wp-content\/uploads\/usu668\/2024\/01\/pla-lector-3_3_11zon-1024x768.jpg\" alt=\"\" width=\"476\" height=\"357\" srcset=\"https:\/\/agora.xtec.cat\/iesgerbert\/wp-content\/uploads\/usu668\/2024\/01\/pla-lector-3_3_11zon-1024x768.jpg 1024w, https:\/\/agora.xtec.cat\/iesgerbert\/wp-content\/uploads\/usu668\/2024\/01\/pla-lector-3_3_11zon-300x225.jpg 300w, https:\/\/agora.xtec.cat\/iesgerbert\/wp-content\/uploads\/usu668\/2024\/01\/pla-lector-3_3_11zon-768x576.jpg 768w, https:\/\/agora.xtec.cat\/iesgerbert\/wp-content\/uploads\/usu668\/2024\/01\/pla-lector-3_3_11zon-1536x1152.jpg 1536w, https:\/\/agora.xtec.cat\/iesgerbert\/wp-content\/uploads\/usu668\/2024\/01\/pla-lector-3_3_11zon-2048x1536.jpg 2048w, https:\/\/agora.xtec.cat\/iesgerbert\/wp-content\/uploads\/usu668\/2024\/01\/pla-lector-3_3_11zon-200x150.jpg 200w\" sizes=\"auto, (max-width: 476px) 100vw, 476px\" \/><\/a> <a href=\"https:\/\/agora.xtec.cat\/iesgerbert\/wp-content\/uploads\/usu668\/2024\/01\/pla-lector-2_2_11zon-1-scaled.jpg\"><img loading=\"lazy\" decoding=\"async\" class=\" wp-image-11169 alignleft\" src=\"https:\/\/agora.xtec.cat\/iesgerbert\/wp-content\/uploads\/usu668\/2024\/01\/pla-lector-2_2_11zon-1-1024x768.jpg\" alt=\"\" width=\"477\" height=\"358\" srcset=\"https:\/\/agora.xtec.cat\/iesgerbert\/wp-content\/uploads\/usu668\/2024\/01\/pla-lector-2_2_11zon-1-1024x768.jpg 1024w, https:\/\/agora.xtec.cat\/iesgerbert\/wp-content\/uploads\/usu668\/2024\/01\/pla-lector-2_2_11zon-1-300x225.jpg 300w, https:\/\/agora.xtec.cat\/iesgerbert\/wp-content\/uploads\/usu668\/2024\/01\/pla-lector-2_2_11zon-1-768x576.jpg 768w, https:\/\/agora.xtec.cat\/iesgerbert\/wp-content\/uploads\/usu668\/2024\/01\/pla-lector-2_2_11zon-1-1536x1152.jpg 1536w, https:\/\/agora.xtec.cat\/iesgerbert\/wp-content\/uploads\/usu668\/2024\/01\/pla-lector-2_2_11zon-1-2048x1536.jpg 2048w, https:\/\/agora.xtec.cat\/iesgerbert\/wp-content\/uploads\/usu668\/2024\/01\/pla-lector-2_2_11zon-1-200x150.jpg 200w\" sizes=\"auto, (max-width: 477px) 100vw, 477px\" \/><\/a> <a href=\"https:\/\/agora.xtec.cat\/iesgerbert\/wp-content\/uploads\/usu668\/2024\/01\/pla-lector-1_1_11zon-1-scaled.jpg\"><img loading=\"lazy\" decoding=\"async\" class=\" wp-image-11168 alignleft\" src=\"https:\/\/agora.xtec.cat\/iesgerbert\/wp-content\/uploads\/usu668\/2024\/01\/pla-lector-1_1_11zon-1-1024x631.jpg\" alt=\"\" width=\"477\" height=\"294\" srcset=\"https:\/\/agora.xtec.cat\/iesgerbert\/wp-content\/uploads\/usu668\/2024\/01\/pla-lector-1_1_11zon-1-1024x631.jpg 1024w, https:\/\/agora.xtec.cat\/iesgerbert\/wp-content\/uploads\/usu668\/2024\/01\/pla-lector-1_1_11zon-1-300x185.jpg 300w, https:\/\/agora.xtec.cat\/iesgerbert\/wp-content\/uploads\/usu668\/2024\/01\/pla-lector-1_1_11zon-1-768x473.jpg 768w, https:\/\/agora.xtec.cat\/iesgerbert\/wp-content\/uploads\/usu668\/2024\/01\/pla-lector-1_1_11zon-1-1536x947.jpg 1536w, https:\/\/agora.xtec.cat\/iesgerbert\/wp-content\/uploads\/usu668\/2024\/01\/pla-lector-1_1_11zon-1-2048x1263.jpg 2048w\" sizes=\"auto, (max-width: 477px) 100vw, 477px\" \/><\/a><\/p>\n<p style=\"text-align: justify;\" align=\"justify\">\n","protected":false},"excerpt":{"rendered":"<p>Durant dues hores setmanals, l\u2019alumnat de 1r d\u2019ESO treballa la lectura, fent cada trimestre un idioma diferent: catal\u00e0, castell\u00e0 i angl\u00e8s amb l\u2019objectiu de llegir un llibre en cada idioma. Ens agrada comen\u00e7ar amb mitja hora de lectura lliure, amb un llibre que poden dur de casa, de la biblioteca o de l\u2019armariet de l\u2019aula. [&hellip;]<\/p>\n","protected":false},"author":18,"featured_media":0,"parent":1222,"menu_order":0,"comment_status":"closed","ping_status":"closed","template":"page-templates\/side-menu.php","meta":{"_bbp_topic_count":0,"_bbp_reply_count":0,"_bbp_total_topic_count":0,"_bbp_total_reply_count":0,"_bbp_voice_count":0,"_bbp_anonymous_reply_count":0,"_bbp_topic_count_hidden":0,"_bbp_reply_count_hidden":0,"_bbp_forum_subforum_count":0,"site-sidebar-layout":"default","site-content-layout":"","ast-site-content-layout":"","site-content-style":"default","site-sidebar-style":"default","ast-global-header-display":"","ast-banner-title-visibility":"","ast-main-header-display":"","ast-hfb-above-header-display":"","ast-hfb-below-header-display":"","ast-hfb-mobile-header-display":"","site-post-title":"","ast-breadcrumbs-content":"","ast-featured-img":"","footer-sml-layout":"","theme-transparent-header-meta":"","adv-header-id-meta":"","stick-header-meta":"","header-above-stick-meta":"","header-main-stick-meta":"","header-below-stick-meta":"","astra-migrate-meta-layouts":"default","ast-page-background-enabled":"default","ast-page-background-meta":{"desktop":{"background-color":"var(--ast-global-color-4)","background-image":"","background-repeat":"repeat","background-position":"center center","background-size":"auto","background-attachment":"scroll","background-type":"","background-media":"","overlay-type":"","overlay-color":"","overlay-opacity":"","overlay-gradient":""},"tablet":{"background-color":"","background-image":"","background-repeat":"repeat","background-position":"center center","background-size":"auto","background-attachment":"scroll","background-type":"","background-media":"","overlay-type":"","overlay-color":"","overlay-opacity":"","overlay-gradient":""},"mobile":{"background-color":"","background-image":"","background-repeat":"repeat","background-position":"center center","background-size":"auto","background-attachment":"scroll","background-type":"","background-media":"","overlay-type":"","overlay-color":"","overlay-opacity":"","overlay-gradient":""}},"ast-content-background-meta":{"desktop":{"background-color":"var(--ast-global-color-5)","background-image":"","background-repeat":"repeat","background-position":"center center","background-size":"auto","background-attachment":"scroll","background-type":"","background-media":"","overlay-type":"","overlay-color":"","overlay-opacity":"","overlay-gradient":""},"tablet":{"background-color":"var(--ast-global-color-5)","background-image":"","background-repeat":"repeat","background-position":"center center","background-size":"auto","background-attachment":"scroll","background-type":"","background-media":"","overlay-type":"","overlay-color":"","overlay-opacity":"","overlay-gradient":""},"mobile":{"background-color":"var(--ast-global-color-5)","background-image":"","background-repeat":"repeat","background-position":"center center","background-size":"auto","background-attachment":"scroll","background-type":"","background-media":"","overlay-type":"","overlay-color":"","overlay-opacity":"","overlay-gradient":""}},"footnotes":""},"class_list":["post-11164","page","type-page","status-publish","hentry"],"post_mailing_queue_ids":[],"_links":{"self":[{"href":"https:\/\/agora.xtec.cat\/iesgerbert\/wp-json\/wp\/v2\/pages\/11164","targetHints":{"allow":["GET"]}}],"collection":[{"href":"https:\/\/agora.xtec.cat\/iesgerbert\/wp-json\/wp\/v2\/pages"}],"about":[{"href":"https:\/\/agora.xtec.cat\/iesgerbert\/wp-json\/wp\/v2\/types\/page"}],"author":[{"embeddable":true,"href":"https:\/\/agora.xtec.cat\/iesgerbert\/wp-json\/wp\/v2\/users\/18"}],"replies":[{"embeddable":true,"href":"https:\/\/agora.xtec.cat\/iesgerbert\/wp-json\/wp\/v2\/comments?post=11164"}],"version-history":[{"count":2,"href":"https:\/\/agora.xtec.cat\/iesgerbert\/wp-json\/wp\/v2\/pages\/11164\/revisions"}],"predecessor-version":[{"id":11171,"href":"https:\/\/agora.xtec.cat\/iesgerbert\/wp-json\/wp\/v2\/pages\/11164\/revisions\/11171"}],"up":[{"embeddable":true,"href":"https:\/\/agora.xtec.cat\/iesgerbert\/wp-json\/wp\/v2\/pages\/1222"}],"wp:attachment":[{"href":"https:\/\/agora.xtec.cat\/iesgerbert\/wp-json\/wp\/v2\/media?parent=11164"}],"curies":[{"name":"wp","href":"https:\/\/api.w.org\/{rel}","templated":true}]}}