{"id":377,"date":"2015-05-22T22:54:41","date_gmt":"2015-05-22T21:54:41","guid":{"rendered":"http:\/\/agora.xtec.cat\/iesgelida\/?page_id=377"},"modified":"2017-05-01T17:18:26","modified_gmt":"2017-05-01T15:18:26","slug":"servei-comunitari","status":"publish","type":"page","link":"https:\/\/agora.xtec.cat\/iesgelida\/servei-comunitari\/","title":{"rendered":"Servei Comunitari"},"content":{"rendered":"<p>SERVEI COMUNITARI A L\u2019INSTITUT: LECXIT<\/p>\n<p><em>El Servei Comunitari \u00e9s <\/em>una proposta educativa\u00a0<em>que<\/em>\u00a0combina processos d&#8217;aprenentatge i de\u00a0<em>servei<\/em>\u00a0a la comunitat en un sol projecte. \u00c9<em>s<\/em>\u00a0una acci\u00f3\u00a0<em>que<\/em>\u00a0vol promoure <em>que<\/em>\u00a0els alumnes experimentin i protagonitzin accions de comprom\u00eds c\u00edvic, aprenguin en l\u2019exercici actiu de la ciutadania, i posin en joc els seus coneixements i capacitats al servei de la\u00a0comunitat. Dins d\u2019aquest marc, l\u2019Institut Gelida amb el suport de l\u2019Ajuntament i les escoles de Prim\u00e0ria (Les Fonts i Montcau) han participat en el programa LECXIT.<\/p>\n<p>L\u2019objectiu del programa \u00e9s incrementar l&#8217;\u00e8xit educatiu dels infants a trav\u00e9s del treball per la millora de la seva\u00a0<strong>comprensi\u00f3 lectora<\/strong>. Treballant de forma l\u00fadica i amena gr\u00e0cies al\u00a0<strong>voluntariat<\/strong>\u00a0i a la\u00a0<strong>implicaci\u00f3 de l&#8217;entorn<\/strong>\u00a0dels nens i nenes que participen en el programa.<\/p>\n<p>Les tasques dels voluntaris han consistit en compartir un espai de lectura, dins de les biblioteques escolars, en horari extraescolar. Aix\u00ed, un grup d\u2019alumnes voluntaris de 4t d\u2019ESO s\u2019ha trobat amb alumnes de 4t de Prim\u00e0ria cada dimarts de 16.30h a 17.20 h. L\u2019objectiu final, i principal, del projecte \u00e9s gaudir de la lectura i compartir jocs i viv\u00e8ncies al voltant d\u2019aquesta activitat.<\/p>\n<p>El passat 18 d\u2019abril es va celebrar l\u2019acte de cloenda al Centre C\u00edvic l\u2019Escorxador, on vam poder visionar un v\u00eddeo resum d\u2019aquestes sessions on tant els alumnes voluntaris de l\u2019ESO com els de Prim\u00e0ria donen la seva opini\u00f3 sobre l\u2019experi\u00e8ncia del LECXIT.<\/p>\n\n\t\t<style type=\"text\/css\">\n\t\t\t#gallery-1 {\n\t\t\t\tmargin: auto;\n\t\t\t}\n\t\t\t#gallery-1 .gallery-item {\n\t\t\t\tfloat: left;\n\t\t\t\tmargin-top: 10px;\n\t\t\t\ttext-align: center;\n\t\t\t\twidth: 33%;\n\t\t\t}\n\t\t\t#gallery-1 img {\n\t\t\t\tborder: 2px solid #cfcfcf;\n\t\t\t}\n\t\t\t#gallery-1 .gallery-caption {\n\t\t\t\tmargin-left: 0;\n\t\t\t}\n\t\t\t\/* see gallery_shortcode() in wp-includes\/media.php *\/\n\t\t<\/style>\n\t\t<div id='gallery-1' class='gallery galleryid-377 gallery-columns-3 gallery-size-thumbnail'><dl class='gallery-item'>\n\t\t\t<dt class='gallery-icon landscape'>\n\t\t\t\t<a href='https:\/\/agora.xtec.cat\/iesgelida\/servei-comunitari\/attachment\/1617_servei-comunitari-01\/'><img loading=\"lazy\" decoding=\"async\" width=\"150\" height=\"150\" src=\"https:\/\/agora.xtec.cat\/iesgelida\/wp-content\/uploads\/usu357\/2015\/05\/1617_Servei-Comunitari-01-150x150.png\" class=\"attachment-thumbnail size-thumbnail\" alt=\"\" \/><\/a>\n\t\t\t<\/dt><\/dl><dl class='gallery-item'>\n\t\t\t<dt class='gallery-icon landscape'>\n\t\t\t\t<a href='https:\/\/agora.xtec.cat\/iesgelida\/servei-comunitari\/attachment\/1617_servei-comunitari-02\/'><img loading=\"lazy\" decoding=\"async\" width=\"150\" height=\"150\" src=\"https:\/\/agora.xtec.cat\/iesgelida\/wp-content\/uploads\/usu357\/2015\/05\/1617_Servei-Comunitari-02-150x150.png\" class=\"attachment-thumbnail size-thumbnail\" alt=\"\" \/><\/a>\n\t\t\t<\/dt><\/dl><dl class='gallery-item'>\n\t\t\t<dt class='gallery-icon landscape'>\n\t\t\t\t<a href='https:\/\/agora.xtec.cat\/iesgelida\/servei-comunitari\/attachment\/1617_servei-comunitari-03\/'><img loading=\"lazy\" decoding=\"async\" width=\"150\" height=\"150\" src=\"https:\/\/agora.xtec.cat\/iesgelida\/wp-content\/uploads\/usu357\/2015\/05\/1617_Servei-Comunitari-03-150x150.png\" class=\"attachment-thumbnail size-thumbnail\" alt=\"\" \/><\/a>\n\t\t\t<\/dt><\/dl><br style=\"clear: both\" \/><dl class='gallery-item'>\n\t\t\t<dt class='gallery-icon landscape'>\n\t\t\t\t<a href='https:\/\/agora.xtec.cat\/iesgelida\/servei-comunitari\/attachment\/1617_servei-comunitari-04\/'><img loading=\"lazy\" decoding=\"async\" width=\"150\" height=\"150\" src=\"https:\/\/agora.xtec.cat\/iesgelida\/wp-content\/uploads\/usu357\/2015\/05\/1617_Servei-Comunitari-04-150x150.png\" class=\"attachment-thumbnail size-thumbnail\" alt=\"\" \/><\/a>\n\t\t\t<\/dt><\/dl>\n\t\t\t<br style='clear: both' \/>\n\t\t<\/div>\n\n","protected":false},"excerpt":{"rendered":"<p>SERVEI COMUNITARI A L\u2019INSTITUT: LECXIT<br \/>\nEl Servei Comunitari \u00e9s una proposta educativa\u00a0que\u00a0combina processos d&#8217;aprenentatge i de\u00a0servei\u00a0a la comunitat en un sol projecte. \u00c9s\u00a0una acci\u00f3\u00a0que\u00a0vol promoure que\u00a0els alumnes experimentin i protagonitzin accions de comprom\u00eds c\u00edvic, aprenguin en l\u2019exercici actiu de la ciutadania, i posin en joc els&hellip;  <a href=\"https:\/\/agora.xtec.cat\/iesgelida\/servei-comunitari\/\" title=\"Read Servei Comunitari\">Llegeix m\u00e9s\u00bb<\/a><\/p>\n","protected":false},"author":1,"featured_media":0,"parent":0,"menu_order":0,"comment_status":"closed","ping_status":"closed","template":"","meta":{"_bbp_topic_count":0,"_bbp_reply_count":0,"_bbp_total_topic_count":0,"_bbp_total_reply_count":0,"_bbp_voice_count":0,"_bbp_anonymous_reply_count":0,"_bbp_topic_count_hidden":0,"_bbp_reply_count_hidden":0,"_bbp_forum_subforum_count":0,"footnotes":""},"class_list":["post-377","page","type-page","status-publish","hentry"],"post_mailing_queue_ids":[],"_links":{"self":[{"href":"https:\/\/agora.xtec.cat\/iesgelida\/wp-json\/wp\/v2\/pages\/377","targetHints":{"allow":["GET"]}}],"collection":[{"href":"https:\/\/agora.xtec.cat\/iesgelida\/wp-json\/wp\/v2\/pages"}],"about":[{"href":"https:\/\/agora.xtec.cat\/iesgelida\/wp-json\/wp\/v2\/types\/page"}],"author":[{"embeddable":true,"href":"https:\/\/agora.xtec.cat\/iesgelida\/wp-json\/wp\/v2\/users\/1"}],"replies":[{"embeddable":true,"href":"https:\/\/agora.xtec.cat\/iesgelida\/wp-json\/wp\/v2\/comments?post=377"}],"version-history":[{"count":3,"href":"https:\/\/agora.xtec.cat\/iesgelida\/wp-json\/wp\/v2\/pages\/377\/revisions"}],"predecessor-version":[{"id":1212,"href":"https:\/\/agora.xtec.cat\/iesgelida\/wp-json\/wp\/v2\/pages\/377\/revisions\/1212"}],"wp:attachment":[{"href":"https:\/\/agora.xtec.cat\/iesgelida\/wp-json\/wp\/v2\/media?parent=377"}],"curies":[{"name":"wp","href":"https:\/\/api.w.org\/{rel}","templated":true}]}}