{"id":375,"date":"2015-05-22T22:53:53","date_gmt":"2015-05-22T21:53:53","guid":{"rendered":"http:\/\/agora.xtec.cat\/iesgelida\/?page_id=375"},"modified":"2015-06-24T17:03:44","modified_gmt":"2015-06-24T16:03:44","slug":"projecte-futura","status":"publish","type":"page","link":"https:\/\/agora.xtec.cat\/iesgelida\/projecte-futura\/","title":{"rendered":"Projecte Futura"},"content":{"rendered":"<h3 id=\"sites-page-title-header\" align=\"left\"><span id=\"sites-page-title\" dir=\"ltr\" tabindex=\"-1\">Projecte Futura<\/span><\/h3>\n<div id=\"sites-canvas-main\" class=\"sites-canvas-main\">\n<div id=\"sites-canvas-main-content\">L&#8217;any 2006 es va iniciar el que vam anomenar Projecte Futura dissenyat per poder treballar dins de la diversitat amb alumnes de 3r i 4t d\u2019ESO del Centre a trav\u00e9s d\u2019una diversificaci\u00f3 curricular. Malgrat les retic\u00e8ncies inicials se revelat com una opci\u00f3 molt v\u00e0lida per a alguns alumnes i la demanda supera amb escreix l&#8217;oferta. Esperem que el creixement de l&#8217;Institut i l&#8217;increment de recursos permetin ampliar-ne l&#8217;oferta.<\/div>\n<div><\/div>\n<\/div>\n<p><!--nextpage--><\/p>\n<p>Dissenyat per poder treballar dins de la diversitat dels alumnes de 3r i 4t d\u2019ESO del Centre a trav\u00e9s d\u2019una diversificaci\u00f3 curricular. La tipologia d\u2019alumnat es caracteritza perqu\u00e8 presenten comportaments i conductes d\u2019adaptaci\u00f3 acad\u00e8mica i social dif\u00edcils en el marc del sistema escolar o algun retard en els seus aprenentatges. En aquest projecte es creen estrat\u00e8gies senzilles, per\u00f2 operatives, per a una millor implicaci\u00f3 dels alumnes i millorar el seu rendiment: treball per projectes, tallers, estades a empreses, etc&#8230;, que permetin assegurar a aquests alumnes els coneixements necessaris (compet\u00e8ncies b\u00e0siques) per moure\u2019s com a individu aut\u00f2nom i aprofitar el que la societat posa a la seva disposici\u00f3.<\/p>\n<p><strong>Objectius de FUTURA:<\/strong><\/p>\n<ul>\n<li>Con\u00e8ixer els interessos, motivacions i caracter\u00edstiques de cada adolescent que formen el P.F. (Projecte Futura).<\/li>\n<li>Aconseguir que l\u2019alumne visqui situacions d\u2019\u00e8xit perqu\u00e8 pugui millorar el concepte que t\u00e9 d\u2019ell mateix i conseq\u00fcentment noti un guany en les seves possibilitats individuals.<\/li>\n<li>Refor\u00e7ar les relacions humanes de grup.<\/li>\n<li>Proporcionar continguts b\u00e0sics que serveixin per poder assolir les compet\u00e8ncies b\u00e0siques i poder acreditar l\u2019ESO amb diversificaci\u00f3 curricular.<\/li>\n<li>Oferir la possibilitat de con\u00e8ixer el m\u00f3n laboral i despertar els interessos individuals.<\/li>\n<\/ul>\n","protected":false},"excerpt":{"rendered":"<p>Projecte Futura<\/p>\n<p>L&#8217;any 2006 es va iniciar el que vam anomenar Projecte Futura dissenyat per poder treballar dins de la diversitat amb alumnes de 3r i 4t d\u2019ESO del Centre a trav\u00e9s d\u2019una diversificaci\u00f3 curricular. Malgrat les retic\u00e8ncies inicials se revelat com una opci\u00f3 molt v\u00e0lida&hellip;  <a href=\"https:\/\/agora.xtec.cat\/iesgelida\/projecte-futura\/\" title=\"Read Projecte Futura\">Llegeix m\u00e9s\u00bb<\/a><\/p>\n","protected":false},"author":1,"featured_media":0,"parent":0,"menu_order":0,"comment_status":"closed","ping_status":"closed","template":"","meta":{"_bbp_topic_count":0,"_bbp_reply_count":0,"_bbp_total_topic_count":0,"_bbp_total_reply_count":0,"_bbp_voice_count":0,"_bbp_anonymous_reply_count":0,"_bbp_topic_count_hidden":0,"_bbp_reply_count_hidden":0,"_bbp_forum_subforum_count":0,"footnotes":""},"class_list":["post-375","page","type-page","status-publish","hentry"],"post_mailing_queue_ids":[],"_links":{"self":[{"href":"https:\/\/agora.xtec.cat\/iesgelida\/wp-json\/wp\/v2\/pages\/375","targetHints":{"allow":["GET"]}}],"collection":[{"href":"https:\/\/agora.xtec.cat\/iesgelida\/wp-json\/wp\/v2\/pages"}],"about":[{"href":"https:\/\/agora.xtec.cat\/iesgelida\/wp-json\/wp\/v2\/types\/page"}],"author":[{"embeddable":true,"href":"https:\/\/agora.xtec.cat\/iesgelida\/wp-json\/wp\/v2\/users\/1"}],"replies":[{"embeddable":true,"href":"https:\/\/agora.xtec.cat\/iesgelida\/wp-json\/wp\/v2\/comments?post=375"}],"version-history":[{"count":4,"href":"https:\/\/agora.xtec.cat\/iesgelida\/wp-json\/wp\/v2\/pages\/375\/revisions"}],"predecessor-version":[{"id":470,"href":"https:\/\/agora.xtec.cat\/iesgelida\/wp-json\/wp\/v2\/pages\/375\/revisions\/470"}],"wp:attachment":[{"href":"https:\/\/agora.xtec.cat\/iesgelida\/wp-json\/wp\/v2\/media?parent=375"}],"curies":[{"name":"wp","href":"https:\/\/api.w.org\/{rel}","templated":true}]}}