{"id":279,"date":"2015-05-20T21:22:36","date_gmt":"2015-05-20T20:22:36","guid":{"rendered":"http:\/\/agora.xtec.cat\/iesgelida\/?page_id=279"},"modified":"2015-06-30T18:47:01","modified_gmt":"2015-06-30T17:47:01","slug":"qui-som","status":"publish","type":"page","link":"https:\/\/agora.xtec.cat\/iesgelida\/linstitut-2\/qui-som\/","title":{"rendered":"Qui som"},"content":{"rendered":"<div><\/div>\n<div><span style=\"color: #0b5394; font-size: medium;\"><b>PETITA HIST\u00d2RIA DE L&#8217;INSTITUT DE GELIDA<\/b><\/span><\/div>\n<div><\/div>\n<p>&nbsp;<\/p>\n<div><\/div>\n<div>Abans de l&#8217;exist\u00e8ncia de l&#8217;Institut tal com ara el coneixem, hi hagu\u00e9 l&#8217;IES Llu\u00eds Rutllant (en homenatge a un mestre que va exercir a Gelida des de 1941 a 1976) que es trobava en un antic edifici del segle XIX, resid\u00e8ncia d&#8217;estiu d&#8217;una fam\u00edlia benestant de Gelida que, despr\u00e9s de passar a ser propietat de l&#8217;Ajuntament, es va utilitzar \u00a0com escola municipal.<\/div>\n<p>&nbsp;<\/p>\n<div>Durant el curs 1979-1980 va ser cedit al Departament d&#8217;Ensenyament per transformar-se en un centre de Formaci\u00f3 Professional depenent de l&#8217;Institut Lacet\u00e0nia de Manresa, on s&#8217;impartia primer cicle de les especialitats el\u00e8ctrica i administrativa. L&#8217;any 1996, amb la implantaci\u00f3 de la Reforma Educativa, es transform\u00e0 en l&#8217;IES Llu\u00eds Rutllant, centre que conservant l&#8217;antic edifici com a part administrativa impartia classes en barracons. Finalment, despr\u00e9s de diferents endarreriments i molts problemes d&#8217;infraestructura i log\u00edstica, va ser inaugurat el nou centre amb el nom d&#8217;IES Gelida, ara Institut Gelida.Inicialment acollia alumnes de Gelida, en la seva majoria, per\u00f2 tamb\u00e9 de Sant Lloren\u00e7 d&#8217;Hortons i d&#8217;urbanitzacions de la rodalia.<\/div>\n<p>&nbsp;<\/p>\n<div><\/div>\n<div>L&#8217;actual institut ja cobreix tota la seva capacitat amb l&#8217;alumnat de Gelida. Durant el curs 2013-14 ha arribat als 296 alumnes i l&#8217;1 d&#8217;agost de 2014 s&#8217;ha iniciat una ampliaci\u00f3 projectada de fa anys i que es preu estigui operativa pel curs 2015-16. Enguany compta amb tres grups a 1r d&#8217;ESO, dos a la resta de nivells d&#8217;ESO i un a Batxillerat. La previsi\u00f3 \u00e9s que en els propers anys es vagin implantant tres l\u00ednies a cada nivell d&#8217;ESO i dues al Batxillerat. \u00a0S&#8217;imparteixen les modalitats de Batxillerat de Ci\u00e8ncies i Tecnologia i Batxillerat d&#8217;Humanitat i Ci\u00e8ncies Socials.<\/div>\n","protected":false},"excerpt":{"rendered":"<p>PETITA HIST\u00d2RIA DE L&#8217;INSTITUT DE GELIDA<\/p>\n<p>&nbsp;<\/p>\n<p>Abans de l&#8217;exist\u00e8ncia de l&#8217;Institut tal com ara el coneixem, hi hagu\u00e9 l&#8217;IES Llu\u00eds Rutllant (en homenatge a un mestre que va exercir a Gelida des de 1941 a 1976) que es trobava en un antic edifici del segle XIX,&hellip;  <a href=\"https:\/\/agora.xtec.cat\/iesgelida\/linstitut-2\/qui-som\/\" title=\"Read Qui som\">Llegeix m\u00e9s\u00bb<\/a><\/p>\n","protected":false},"author":1,"featured_media":0,"parent":275,"menu_order":1,"comment_status":"closed","ping_status":"closed","template":"page-templates\/side-menu.php","meta":{"_bbp_topic_count":0,"_bbp_reply_count":0,"_bbp_total_topic_count":0,"_bbp_total_reply_count":0,"_bbp_voice_count":0,"_bbp_anonymous_reply_count":0,"_bbp_topic_count_hidden":0,"_bbp_reply_count_hidden":0,"_bbp_forum_subforum_count":0,"footnotes":""},"class_list":["post-279","page","type-page","status-publish","hentry"],"post_mailing_queue_ids":[],"_links":{"self":[{"href":"https:\/\/agora.xtec.cat\/iesgelida\/wp-json\/wp\/v2\/pages\/279","targetHints":{"allow":["GET"]}}],"collection":[{"href":"https:\/\/agora.xtec.cat\/iesgelida\/wp-json\/wp\/v2\/pages"}],"about":[{"href":"https:\/\/agora.xtec.cat\/iesgelida\/wp-json\/wp\/v2\/types\/page"}],"author":[{"embeddable":true,"href":"https:\/\/agora.xtec.cat\/iesgelida\/wp-json\/wp\/v2\/users\/1"}],"replies":[{"embeddable":true,"href":"https:\/\/agora.xtec.cat\/iesgelida\/wp-json\/wp\/v2\/comments?post=279"}],"version-history":[{"count":2,"href":"https:\/\/agora.xtec.cat\/iesgelida\/wp-json\/wp\/v2\/pages\/279\/revisions"}],"predecessor-version":[{"id":479,"href":"https:\/\/agora.xtec.cat\/iesgelida\/wp-json\/wp\/v2\/pages\/279\/revisions\/479"}],"up":[{"embeddable":true,"href":"https:\/\/agora.xtec.cat\/iesgelida\/wp-json\/wp\/v2\/pages\/275"}],"wp:attachment":[{"href":"https:\/\/agora.xtec.cat\/iesgelida\/wp-json\/wp\/v2\/media?parent=279"}],"curies":[{"name":"wp","href":"https:\/\/api.w.org\/{rel}","templated":true}]}}