{"id":9954,"date":"2022-05-03T23:34:32","date_gmt":"2022-05-03T21:34:32","guid":{"rendered":"https:\/\/agora.xtec.cat\/iesgaudi\/?page_id=9954"},"modified":"2025-06-13T10:20:48","modified_gmt":"2025-06-13T08:20:48","slug":"fp-basica","status":"publish","type":"page","link":"https:\/\/agora.xtec.cat\/iesgaudi\/fp-basica\/","title":{"rendered":"FP B\u00e0sica"},"content":{"rendered":"<h2>FP B\u00e0sica &#8211; Activitats dom\u00e8stiques i neteja d&#8217;edificis<a href=\"https:\/\/agora.xtec.cat\/iesgaudi\/wp-content\/uploads\/usu31\/2022\/05\/FPGM-FPGS-ServeisSocioculturalsALaComunitat.png\"><img loading=\"lazy\" decoding=\"async\" class=\"wp-image-9972 alignright\" src=\"https:\/\/agora.xtec.cat\/iesgaudi\/wp-content\/uploads\/usu31\/2022\/05\/FPGM-FPGS-ServeisSocioculturalsALaComunitat-300x225.png\" alt=\"\" width=\"161\" height=\"121\" srcset=\"https:\/\/agora.xtec.cat\/iesgaudi\/wp-content\/uploads\/usu31\/2022\/05\/FPGM-FPGS-ServeisSocioculturalsALaComunitat-300x225.png 300w, https:\/\/agora.xtec.cat\/iesgaudi\/wp-content\/uploads\/usu31\/2022\/05\/FPGM-FPGS-ServeisSocioculturalsALaComunitat-200x150.png 200w, https:\/\/agora.xtec.cat\/iesgaudi\/wp-content\/uploads\/usu31\/2022\/05\/FPGM-FPGS-ServeisSocioculturalsALaComunitat.png 380w\" sizes=\"auto, (max-width: 161px) 100vw, 161px\" \/><\/a><\/h2>\n<p><strong>A qui va adre\u00e7at?<\/strong><\/p>\n<ul>\n<li style=\"list-style-type: none;\">\n<ul>\n<li>Alumnat\u00a0<strong>especialment motivat<\/strong> pels aprenentatges professionals.<\/li>\n<li>Joves amb 15 anys complerts o que els compleixin durant l&#8217;any natural en el qual s&#8217;accedeix al Cicle Formatiu.<\/li>\n<li>Que presentin m\u00e9s possibilitats d&#8217;aprenentatge i d&#8217;assoliment de les compet\u00e8ncies d&#8217;educaci\u00f3 secund\u00e0ria obligat\u00f2ria en un entorn vinculat al m\u00f3n professional.<\/li>\n<li>Dirigits a l&#8217;alumnat que ha <strong>cursat tercer curs d&#8217;educaci\u00f3<\/strong> secund\u00e0ria obligat\u00f2ria (o, excepcionalment, segon curs), amb la proposta de l&#8217;equip docent.<\/li>\n<\/ul>\n<\/li>\n<\/ul>\n<table style=\"border-collapse: collapse; width: 100%; height: 64px;\">\n<tbody>\n<tr style=\"height: 32px;\">\n<td style=\"width: 20.5152%; text-align: center; height: 32px;\"><strong>Durada<\/strong><\/td>\n<td style=\"width: 29.4848%; text-align: center; height: 32px;\"><strong>T\u00edtol<\/strong><\/td>\n<td style=\"width: 25%; text-align: center; height: 32px;\"><strong>Sortides acad\u00e8miques i professionals<\/strong><\/td>\n<\/tr>\n<tr style=\"height: 32px;\">\n<td style=\"width: 20.5152%; height: 32px;\">\n<ul>\n<li>2 cursos acad\u00e8mics<\/li>\n<\/ul>\n<\/td>\n<td style=\"width: 29.4848%; height: 32px;\">\n<ul>\n<li>Graduat o graduada en ESO.<\/li>\n<li>T\u00edtol de T\u00e8cnic\/a b\u00e0sic\/a en Activitats dom\u00e8stiques i neteja d&#8217;edificis.<\/li>\n<\/ul>\n<\/td>\n<td style=\"width: 25%; height: 32px;\">\n<ul>\n<li>Acc\u00e9s als CF de Grau Mitj\u00e0.<\/li>\n<li>Acc\u00e9s al batxillerat.<\/li>\n<li>Al m\u00f3n laboral.<\/li>\n<\/ul>\n<\/td>\n<\/tr>\n<\/tbody>\n<\/table>\n<p><strong>Preinscripci\u00f3\u00a0<\/strong><\/p>\n<p><a href=\"https:\/\/preinscripcio.gencat.cat\/ca\/estudis\/fp-basica\/inici\/\"><strong>Web del Departament d&#8217;Educaci\u00f3 i Formaci\u00f3 Professional amb informaci\u00f3 general respecte la preinscripci\u00f3<\/strong><\/a><\/p>\n<p><strong><a href=\"https:\/\/agora.xtec.cat\/iesgaudi\/wp-content\/uploads\/usu31\/2025\/06\/Admesos_-FP-BASICA-ACT_DOM-I-NETEJA-EDIF_2022_2023.pdf\">Llistat d&#8217;alumnat adm\u00e8s<\/a><\/strong> <img loading=\"lazy\" decoding=\"async\" class=\"wp-image-8053 alignnone\" src=\"https:\/\/agora.xtec.cat\/iesgaudi\/wp-content\/uploads\/usu31\/2020\/06\/nou2.png\" alt=\"\" width=\"44\" height=\"26\" \/><\/p>\n<p>&nbsp;<\/p>\n<p style=\"text-align: right;\"><strong><em>Darrera actualitzaci\u00f3 &#8211; 13 de juny de 2025<\/em><\/strong><\/p>\n","protected":false},"excerpt":{"rendered":"<p>FP B\u00e0sica &#8211; Activitats dom\u00e8stiques i neteja d&#8217;edificis A qui va adre\u00e7at? Alumnat\u00a0especialment motivat pels aprenentatges professionals. Joves amb 15 anys complerts o que els compleixin durant l&#8217;any natural en el qual s&#8217;accedeix al Cicle Formatiu. Que presentin m\u00e9s possibilitats d&#8217;aprenentatge i d&#8217;assoliment de les compet\u00e8ncies d&#8217;educaci\u00f3 secund\u00e0ria obligat\u00f2ria en un entorn vinculat al m\u00f3n [&hellip;]<\/p>\n","protected":false},"author":1,"featured_media":0,"parent":0,"menu_order":0,"comment_status":"closed","ping_status":"closed","template":"","meta":{"_bbp_topic_count":0,"_bbp_reply_count":0,"_bbp_total_topic_count":0,"_bbp_total_reply_count":0,"_bbp_voice_count":0,"_bbp_anonymous_reply_count":0,"_bbp_topic_count_hidden":0,"_bbp_reply_count_hidden":0,"_bbp_forum_subforum_count":0,"site-sidebar-layout":"default","site-content-layout":"","ast-site-content-layout":"","site-content-style":"default","site-sidebar-style":"default","ast-global-header-display":"","ast-banner-title-visibility":"","ast-main-header-display":"","ast-hfb-above-header-display":"","ast-hfb-below-header-display":"","ast-hfb-mobile-header-display":"","site-post-title":"","ast-breadcrumbs-content":"","ast-featured-img":"","footer-sml-layout":"","theme-transparent-header-meta":"","adv-header-id-meta":"","stick-header-meta":"","header-above-stick-meta":"","header-main-stick-meta":"","header-below-stick-meta":"","astra-migrate-meta-layouts":"default","ast-page-background-enabled":"default","ast-page-background-meta":{"desktop":{"background-color":"var(--ast-global-color-4)","background-image":"","background-repeat":"repeat","background-position":"center center","background-size":"auto","background-attachment":"scroll","background-type":"","background-media":"","overlay-type":"","overlay-color":"","overlay-opacity":"","overlay-gradient":""},"tablet":{"background-color":"","background-image":"","background-repeat":"repeat","background-position":"center center","background-size":"auto","background-attachment":"scroll","background-type":"","background-media":"","overlay-type":"","overlay-color":"","overlay-opacity":"","overlay-gradient":""},"mobile":{"background-color":"","background-image":"","background-repeat":"repeat","background-position":"center center","background-size":"auto","background-attachment":"scroll","background-type":"","background-media":"","overlay-type":"","overlay-color":"","overlay-opacity":"","overlay-gradient":""}},"ast-content-background-meta":{"desktop":{"background-color":"var(--ast-global-color-5)","background-image":"","background-repeat":"repeat","background-position":"center center","background-size":"auto","background-attachment":"scroll","background-type":"","background-media":"","overlay-type":"","overlay-color":"","overlay-opacity":"","overlay-gradient":""},"tablet":{"background-color":"var(--ast-global-color-5)","background-image":"","background-repeat":"repeat","background-position":"center center","background-size":"auto","background-attachment":"scroll","background-type":"","background-media":"","overlay-type":"","overlay-color":"","overlay-opacity":"","overlay-gradient":""},"mobile":{"background-color":"var(--ast-global-color-5)","background-image":"","background-repeat":"repeat","background-position":"center center","background-size":"auto","background-attachment":"scroll","background-type":"","background-media":"","overlay-type":"","overlay-color":"","overlay-opacity":"","overlay-gradient":""}},"footnotes":""},"class_list":["post-9954","page","type-page","status-publish","hentry"],"post_mailing_queue_ids":[],"_links":{"self":[{"href":"https:\/\/agora.xtec.cat\/iesgaudi\/wp-json\/wp\/v2\/pages\/9954","targetHints":{"allow":["GET"]}}],"collection":[{"href":"https:\/\/agora.xtec.cat\/iesgaudi\/wp-json\/wp\/v2\/pages"}],"about":[{"href":"https:\/\/agora.xtec.cat\/iesgaudi\/wp-json\/wp\/v2\/types\/page"}],"author":[{"embeddable":true,"href":"https:\/\/agora.xtec.cat\/iesgaudi\/wp-json\/wp\/v2\/users\/1"}],"replies":[{"embeddable":true,"href":"https:\/\/agora.xtec.cat\/iesgaudi\/wp-json\/wp\/v2\/comments?post=9954"}],"version-history":[{"count":6,"href":"https:\/\/agora.xtec.cat\/iesgaudi\/wp-json\/wp\/v2\/pages\/9954\/revisions"}],"predecessor-version":[{"id":12777,"href":"https:\/\/agora.xtec.cat\/iesgaudi\/wp-json\/wp\/v2\/pages\/9954\/revisions\/12777"}],"wp:attachment":[{"href":"https:\/\/agora.xtec.cat\/iesgaudi\/wp-json\/wp\/v2\/media?parent=9954"}],"curies":[{"name":"wp","href":"https:\/\/api.w.org\/{rel}","templated":true}]}}