{"id":9947,"date":"2022-05-03T23:21:39","date_gmt":"2022-05-03T21:21:39","guid":{"rendered":"https:\/\/agora.xtec.cat\/iesgaudi\/?page_id=9947"},"modified":"2025-07-04T10:36:35","modified_gmt":"2025-07-04T08:36:35","slug":"pfi-pip","status":"publish","type":"page","link":"https:\/\/agora.xtec.cat\/iesgaudi\/pfi-pip\/","title":{"rendered":"PFI &#8211; PIP \/ PTT"},"content":{"rendered":"<p><strong>A qui va adre\u00e7at?\u00a0<\/strong><\/p>\n<ul>\n<li style=\"list-style-type: none;\">\n<ul>\n<li>Joves entre 16 i 21 anys que no han finalitzat l&#8217;Educaci\u00f3 Secund\u00e0ria Obligat\u00f2ria.<\/li>\n<\/ul>\n<\/li>\n<\/ul>\n<table style=\"border-collapse: collapse; width: 100%; height: 64px;\">\n<tbody>\n<tr style=\"height: 32px;\">\n<td style=\"width: 23.2727%; text-align: center; height: 32px;\"><strong>Durada<\/strong><\/td>\n<td style=\"width: 25.9394%; text-align: center; height: 32px;\"><strong>Requisits d&#8217;acc\u00e9s<\/strong><\/td>\n<td style=\"width: 25.697%; text-align: center; height: 32px;\"><strong>T\u00edtol<\/strong><\/td>\n<td style=\"width: 24.9697%; text-align: center; height: 32px;\"><strong>Sortides acad\u00e8miques i professionals<\/strong><\/td>\n<\/tr>\n<tr style=\"height: 32px;\">\n<td style=\"width: 23.2727%; height: 32px;\">\n<ul>\n<li>1 curs acad\u00e8mic<\/li>\n<\/ul>\n<\/td>\n<td style=\"width: 25.9394%; height: 32px;\">\n<ul>\n<li><span style=\"font-family: inherit; font-size: 1em;\">No haver assolit el Graduat en ESO.<\/span><\/li>\n<\/ul>\n<\/td>\n<td style=\"width: 25.697%; height: 32px;\">\n<ul>\n<li>Certificat acad\u00e8mic i professional del t\u00edtol.<\/li>\n<li>Certificat del Curs d&#8217;acc\u00e9s als Cicles Formatius de Grau Mitj\u00e0 (CAM).<\/li>\n<li>Certificat de professionalitat.<\/li>\n<\/ul>\n<\/td>\n<td style=\"width: 24.9697%; height: 32px;\">\n<ul>\n<li>Als Cicles Formatius de Grau Mitj\u00e0.<\/li>\n<li>Acc\u00e9s als centres de formaci\u00f3 de persones adultes per a obtenir l&#8217;ESO.<\/li>\n<li>Al m\u00f3n laboral.<\/li>\n<\/ul>\n<\/td>\n<\/tr>\n<\/tbody>\n<\/table>\n<p><span style=\"color: #008080;\"><strong>La nostra oferta<\/strong><\/span><\/p>\n<div><\/div>\n<div><\/div>\n<div>\n<table style=\"border-collapse: collapse; width: 100%;\">\n<tbody>\n<tr>\n<td style=\"width: 20%; text-align: center;\"><strong>PFI &#8211; PIP<\/strong><\/td>\n<td style=\"width: 20%; text-align: center;\" colspan=\"4\"><strong>PFI &#8211; PTT<\/strong><\/td>\n<\/tr>\n<tr>\n<td style=\"width: 20%; text-align: center;\"><a href=\"https:\/\/agora.xtec.cat\/iesgaudi\/wp-content\/uploads\/usu31\/2023\/05\/TRIPTICS-PFI-PIP-AUX-CENTRES-SANITARIS_compressed.pdf\">Centres Sanitaris<\/a><\/td>\n<td style=\"width: 20%; text-align: center;\"><a href=\"https:\/\/agora.xtec.cat\/iesgaudi\/wp-content\/uploads\/usu31\/2023\/05\/Triptics-PFI-PTT-FONTANERIA.pdf\">Fontaneria i climatitzaci\u00f3<\/a><\/td>\n<td style=\"width: 20%; text-align: center;\"><a href=\"https:\/\/agora.xtec.cat\/iesgaudi\/wp-content\/uploads\/usu31\/2023\/05\/Triptics-PFI-PTT-HOTELERIA_compressed.pdf\">Cuina i serveis restauraci\u00f3<\/a><\/td>\n<td style=\"width: 20%; text-align: center;\"><a href=\"https:\/\/agora.xtec.cat\/iesgaudi\/wp-content\/uploads\/usu31\/2023\/05\/Triptics-PFI-PTT-PERRUQUERIA_compressed.pdf\">Perruqueria i est\u00e8tica<\/a><\/td>\n<td style=\"width: 20%; text-align: center;\"><a href=\"https:\/\/agora.xtec.cat\/iesgaudi\/wp-content\/uploads\/usu31\/2023\/05\/Triptics-PFI-PTT-VENDES.pdf\">Vendes, oficina i atenci\u00f3 al p\u00fablic<\/a><\/td>\n<\/tr>\n<\/tbody>\n<\/table>\n<\/div>\n<div><\/div>\n<div><\/div>\n<h4><span style=\"color: #008080;\"><strong><span style=\"color: #800000;\">Preinscripci\u00f3 i matr\u00edcula curs 2025\/26<\/span><\/strong><\/span><\/h4>\n<div><\/div>\n<ul>\n<li><a href=\"https:\/\/agora.xtec.cat\/iesgaudi\/wp-content\/uploads\/usu31\/2025\/06\/INFORME_BAREM_PROVISIONAL_28_05_2025.pdf\"><strong>Barem provisional<\/strong><\/a><\/li>\n<li><strong><a href=\"https:\/\/agora.xtec.cat\/iesgaudi\/wp-content\/uploads\/usu31\/2025\/06\/INFORME_BAREM_RESOLTES_RECLAM_06_06_2025.pdf\">Barem definitiu<\/a>\u00a0<\/strong><\/li>\n<li><a href=\"https:\/\/agora.xtec.cat\/iesgaudi\/wp-content\/uploads\/usu31\/2025\/06\/INFORME_BAREM_DEFINITIU_12_06_2025.pdf\">Llistat ordenat per puntuaci\u00f3 del barem<\/a><\/li>\n<li>Alumnat preinscrit al centre<\/li>\n<li><a href=\"https:\/\/agora.xtec.cat\/iesgaudi\/wp-content\/uploads\/usu31\/2025\/07\/PFI_ASSIGNATS_INS_GAUDI-04_07_2025.pdf\"><strong>Llistat persones admeses al centre<\/strong><\/a><strong><img loading=\"lazy\" decoding=\"async\" class=\"size-full wp-image-8952 alignnone\" src=\"https:\/\/agora.xtec.cat\/iesgaudi\/wp-content\/uploads\/usu31\/2021\/04\/nou.png\" alt=\"\" width=\"37\" height=\"22\" \/><\/strong><\/li>\n<li><strong><a href=\"https:\/\/agora.xtec.cat\/iesgaudi\/wp-content\/uploads\/usu31\/2025\/07\/PFI_LLISTA_ESPERA_04_07_2025.pdf\">Llista d&#8217;espera del centre<\/a><img loading=\"lazy\" decoding=\"async\" class=\"size-full wp-image-8952 alignnone\" src=\"https:\/\/agora.xtec.cat\/iesgaudi\/wp-content\/uploads\/usu31\/2021\/04\/nou.png\" alt=\"\" width=\"37\" height=\"22\" \/><\/strong><\/li>\n<\/ul>\n<div style=\"text-align: right;\"><em>Darrera actualitzaci\u00f3 &#8211; 4 de juliol de 2025<\/em><\/div>\n<div><\/div>\n<div style=\"width: 100%;\">\n<div style=\"position: relative; padding-bottom: 200%; padding-top: 0; height: 0;\"><iframe loading=\"lazy\" style=\"position: absolute; top: 0; left: 0; width: 100%; height: 100%;\" title=\"Preinscripci\u00f3 PFI\" src=\"https:\/\/view.genial.ly\/62386e003cfcce0011801d55\" width=\"600px\" height=\"1200px\" frameborder=\"0\" scrolling=\"yes\" allowfullscreen=\"allowfullscreen\"><\/iframe><\/div>\n<\/div>\n","protected":false},"excerpt":{"rendered":"<p>A qui va adre\u00e7at?\u00a0 Joves entre 16 i 21 anys que no han finalitzat l&#8217;Educaci\u00f3 Secund\u00e0ria Obligat\u00f2ria. Durada Requisits d&#8217;acc\u00e9s T\u00edtol Sortides acad\u00e8miques i professionals 1 curs acad\u00e8mic No haver assolit el Graduat en ESO. Certificat acad\u00e8mic i professional del t\u00edtol. Certificat del Curs d&#8217;acc\u00e9s als Cicles Formatius de Grau Mitj\u00e0 (CAM). Certificat de professionalitat. [&hellip;]<\/p>\n","protected":false},"author":1,"featured_media":0,"parent":0,"menu_order":0,"comment_status":"closed","ping_status":"closed","template":"","meta":{"_bbp_topic_count":0,"_bbp_reply_count":0,"_bbp_total_topic_count":0,"_bbp_total_reply_count":0,"_bbp_voice_count":0,"_bbp_anonymous_reply_count":0,"_bbp_topic_count_hidden":0,"_bbp_reply_count_hidden":0,"_bbp_forum_subforum_count":0,"site-sidebar-layout":"default","site-content-layout":"","ast-site-content-layout":"","site-content-style":"default","site-sidebar-style":"default","ast-global-header-display":"","ast-banner-title-visibility":"","ast-main-header-display":"","ast-hfb-above-header-display":"","ast-hfb-below-header-display":"","ast-hfb-mobile-header-display":"","site-post-title":"","ast-breadcrumbs-content":"","ast-featured-img":"","footer-sml-layout":"","theme-transparent-header-meta":"","adv-header-id-meta":"","stick-header-meta":"","header-above-stick-meta":"","header-main-stick-meta":"","header-below-stick-meta":"","astra-migrate-meta-layouts":"default","ast-page-background-enabled":"default","ast-page-background-meta":{"desktop":{"background-color":"var(--ast-global-color-4)","background-image":"","background-repeat":"repeat","background-position":"center center","background-size":"auto","background-attachment":"scroll","background-type":"","background-media":"","overlay-type":"","overlay-color":"","overlay-opacity":"","overlay-gradient":""},"tablet":{"background-color":"","background-image":"","background-repeat":"repeat","background-position":"center center","background-size":"auto","background-attachment":"scroll","background-type":"","background-media":"","overlay-type":"","overlay-color":"","overlay-opacity":"","overlay-gradient":""},"mobile":{"background-color":"","background-image":"","background-repeat":"repeat","background-position":"center center","background-size":"auto","background-attachment":"scroll","background-type":"","background-media":"","overlay-type":"","overlay-color":"","overlay-opacity":"","overlay-gradient":""}},"ast-content-background-meta":{"desktop":{"background-color":"var(--ast-global-color-5)","background-image":"","background-repeat":"repeat","background-position":"center center","background-size":"auto","background-attachment":"scroll","background-type":"","background-media":"","overlay-type":"","overlay-color":"","overlay-opacity":"","overlay-gradient":""},"tablet":{"background-color":"var(--ast-global-color-5)","background-image":"","background-repeat":"repeat","background-position":"center center","background-size":"auto","background-attachment":"scroll","background-type":"","background-media":"","overlay-type":"","overlay-color":"","overlay-opacity":"","overlay-gradient":""},"mobile":{"background-color":"var(--ast-global-color-5)","background-image":"","background-repeat":"repeat","background-position":"center center","background-size":"auto","background-attachment":"scroll","background-type":"","background-media":"","overlay-type":"","overlay-color":"","overlay-opacity":"","overlay-gradient":""}},"footnotes":""},"class_list":["post-9947","page","type-page","status-publish","hentry"],"post_mailing_queue_ids":[],"_links":{"self":[{"href":"https:\/\/agora.xtec.cat\/iesgaudi\/wp-json\/wp\/v2\/pages\/9947","targetHints":{"allow":["GET"]}}],"collection":[{"href":"https:\/\/agora.xtec.cat\/iesgaudi\/wp-json\/wp\/v2\/pages"}],"about":[{"href":"https:\/\/agora.xtec.cat\/iesgaudi\/wp-json\/wp\/v2\/types\/page"}],"author":[{"embeddable":true,"href":"https:\/\/agora.xtec.cat\/iesgaudi\/wp-json\/wp\/v2\/users\/1"}],"replies":[{"embeddable":true,"href":"https:\/\/agora.xtec.cat\/iesgaudi\/wp-json\/wp\/v2\/comments?post=9947"}],"version-history":[{"count":7,"href":"https:\/\/agora.xtec.cat\/iesgaudi\/wp-json\/wp\/v2\/pages\/9947\/revisions"}],"predecessor-version":[{"id":12856,"href":"https:\/\/agora.xtec.cat\/iesgaudi\/wp-json\/wp\/v2\/pages\/9947\/revisions\/12856"}],"wp:attachment":[{"href":"https:\/\/agora.xtec.cat\/iesgaudi\/wp-json\/wp\/v2\/media?parent=9947"}],"curies":[{"name":"wp","href":"https:\/\/api.w.org\/{rel}","templated":true}]}}