{"id":9759,"date":"2022-03-07T10:54:44","date_gmt":"2022-03-07T09:54:44","guid":{"rendered":"https:\/\/agora.xtec.cat\/iesgaudi\/?page_id=9759"},"modified":"2025-07-30T13:24:15","modified_gmt":"2025-07-30T11:24:15","slug":"preinscripcio-i-matricula-cicles-formatius-grau-superior","status":"publish","type":"page","link":"https:\/\/agora.xtec.cat\/iesgaudi\/preinscripcio-i-matricula-cicles-formatius-grau-superior\/","title":{"rendered":"PREINSCRIPCI\u00d3 CICLES FORMATIUS GRAU SUPERIOR"},"content":{"rendered":"<h2><a href=\"https:\/\/agora.xtec.cat\/iesgaudi\/wp-content\/uploads\/usu31\/2021\/03\/preinscripcio2021-22.png\"><img loading=\"lazy\" decoding=\"async\" class=\"aligncenter size-full wp-image-8786\" src=\"https:\/\/agora.xtec.cat\/iesgaudi\/wp-content\/uploads\/usu31\/2021\/03\/preinscripcio2021-22.png\" alt=\"\" width=\"454\" height=\"89\" srcset=\"https:\/\/agora.xtec.cat\/iesgaudi\/wp-content\/uploads\/usu31\/2021\/03\/preinscripcio2021-22.png 454w, https:\/\/agora.xtec.cat\/iesgaudi\/wp-content\/uploads\/usu31\/2021\/03\/preinscripcio2021-22-300x59.png 300w\" sizes=\"auto, (max-width: 454px) 100vw, 454px\" \/><\/a><\/h2>\n<h2 style=\"text-align: center;\"><strong>Cicles formatius de GRAU SUPERIOR de formaci\u00f3<\/strong> <strong>professional<\/strong><\/h2>\n<h5 style=\"text-align: left;\"><strong>\u200b<\/strong><\/h5>\n<ul>\n<li><strong>L&#8217;alumne o alumna, de l&#8217;11 al 14 de juliol, pot confirmar la matr\u00edcula a la web del Departament d&#8217;Educaci\u00f3 i Formaci\u00f3 Professional (si t\u00e9 assignada la seva primera petici\u00f3), o b\u00e9 renunciar a la pla\u00e7a assignada. Si renuncia o no fa la confirmaci\u00f3 de matr\u00edcula en l\u00ednia, perdr\u00e0 la pla\u00e7a assignada i quedar\u00e0 excl\u00f2s\/osa de tot el proc\u00e9s.<\/strong><\/li>\n<li>L&#8217;alumnat que confirma la matr\u00edcula de primera tanda, ha de fer el formulari de matr\u00edcula en l\u00ednia, <strong>a la web de l&#8217;institut de l&#8217;11 al 23 de juliol<\/strong>. Si no ho fa, perdr\u00e0 la pla\u00e7a assignada i quedar\u00e0 excl\u00f2s\/osa de tot el proc\u00e9s.<\/li>\n<\/ul>\n<h5><strong><img loading=\"lazy\" decoding=\"async\" class=\"aligncenter wp-image-6687\" src=\"https:\/\/agora.xtec.cat\/iesgaudi\/wp-content\/uploads\/usu31\/2018\/11\/aTENCI\u00d3.gif\" alt=\"\" width=\"42\" height=\"42\" \/><\/strong><\/h5>\n<p style=\"text-align: center;\"><strong>Informaci\u00f3 sobre la\u00a0<span style=\"color: #ff0000;\">segona tanda<\/span>\u00a0d\u2019assignacions dels CFPM i CFPS 2025\/2026<\/strong><\/p>\n<p>Es recorda que una vegada publicades\u00a0les assignacions de la 2a tanda dels Cicles de Formaci\u00f3 Professional de Grau Mitj\u00e0 i dels Cicles de Formaci\u00f3 Professional de Grau Superior,\u00a0<strong><u>cada alumne\/a haur\u00e0 de confirmar la matr\u00edcula en l\u00ednia a la web del Departament, per a totes les assignacions, del 21 al 22 de juliol de 2025. L\u2019alumnat quan accedeixi a la consulta d\u2019OVT i hagi obtingut una assignaci\u00f3 podr\u00e0 indicar:<\/u><\/strong><\/p>\n<p>\u00b7\u00a0\u00a0\u00a0\u00a0\u00a0\u00a0\u00a0\u00a0<strong>S\u00cd \u2013<\/strong>\u00a0Acceptar la pla\u00e7a assignada i matricular-se.<\/p>\n<p><strong>\u00b7\u00a0\u00a0\u00a0\u00a0\u00a0\u00a0\u00a0\u00a0VULL MILLORAR \u2013\u00a0<\/strong>Mant\u00e9 la pla\u00e7a assignada per\u00f2 opta a millorar en la tercera tanda (comprom\u00eds d\u2019acceptar la nova pla\u00e7a).<\/p>\n<p><strong>\u00b7\u00a0\u00a0\u00a0\u00a0\u00a0\u00a0\u00a0\u00a0NO \u2013\u00a0<\/strong>Renunciar a la pla\u00e7a assignada (queda excl\u00f2s\/a del tot el proc\u00e9s)<strong>.\u00a0<\/strong><\/p>\n<p><strong>Despr\u00e9s de fer la confirmaci\u00f3 de matr\u00edcula a la web del Departament, l\u2019alumnat haur\u00e0 de completar la matr\u00edcula a la web de l\u2019institut (fent el formulari en l\u00ednia), fins el 23 de juliol de 2025<\/strong>. El centre podr\u00e0 considerar com a ren\u00fancia\u00a0d\u2019ofici\u00a0els casos en qu\u00e8 no es completi el tr\u00e0mit en el termini establert.<\/p>\n<table style=\"width: 100%; height: 583px;\" width=\"100%\">\n<tbody>\n<tr style=\"height: 53px;\">\n<td style=\"height: 53px; width: 60.7214%;\" width=\"50%\">\n<h3><strong>Fases d\u200be la preinscripci\u00f3\u200b<\/strong><\/h3>\n<\/td>\n<td style=\"height: 53px; width: 18.2786%;\" width=\"29%\">\n<h3><strong>Dates<\/strong><\/h3>\n<\/td>\n<\/tr>\n<tr style=\"height: 122px;\">\n<td style=\"height: 122px; width: 79%;\" colspan=\"2\" width=\"100%\">\n<h5><strong><a href=\"https:\/\/preinscripcio.gencat.cat\/ca\/estudis\/fp-grau-superior\/inici\/\"><img loading=\"lazy\" decoding=\"async\" class=\"alignnone wp-image-8803\" src=\"https:\/\/agora.xtec.cat\/iesgaudi\/wp-content\/uploads\/usu31\/2021\/03\/Departement-de-Educacio.jpg\" alt=\"\" width=\"124\" height=\"48\" \/> <\/a>\u00a0<a href=\"https:\/\/preinscripcio.gencat.cat\/ca\/estudis\/fp-grau-superior\/inici\/\"> Lloc web amb informaci\u00f3 general del Departament d\u2019Educaci\u00f3 sobre la preinscripci\u00f3<\/a>\u00a0 \u00a0 <\/strong><strong>\u00a0<\/strong><\/h5>\n<\/td>\n<\/tr>\n<tr style=\"height: 32px;\">\n<td style=\"height: 32px; width: 60.7214%;\" width=\"70%\"><strong>Difusi\u00f3 de l&#8217;oferta<\/strong><\/td>\n<td style=\"height: 32px; text-align: center; width: 18.2786%;\" width=\"29%\"><a href=\"https:\/\/agora.xtec.cat\/iesgaudi\/wp-content\/uploads\/usu31\/2025\/06\/GS_OFERTA_INICIAL-2025_2026.pdf\"><img loading=\"lazy\" decoding=\"async\" class=\"aligncenter wp-image-12086\" src=\"https:\/\/agora.xtec.cat\/iesgaudi\/wp-content\/uploads\/usu31\/2024\/05\/Imatge-PDF.jpg\" alt=\"\" width=\"28\" height=\"28\" srcset=\"https:\/\/agora.xtec.cat\/iesgaudi\/wp-content\/uploads\/usu31\/2024\/05\/Imatge-PDF.jpg 225w, https:\/\/agora.xtec.cat\/iesgaudi\/wp-content\/uploads\/usu31\/2024\/05\/Imatge-PDF-150x150.jpg 150w\" sizes=\"auto, (max-width: 28px) 100vw, 28px\" \/><\/a><\/td>\n<\/tr>\n<tr style=\"height: 32px;\">\n<td style=\"height: 32px; width: 60.7214%;\" width=\"70%\"><strong>Presen<\/strong><strong>taci\u00f3 de sol\u00b7licituds (electr\u00f2nica o de suport inform\u00e0tic)<\/strong><\/td>\n<td style=\"height: 32px; width: 18.2786%; text-align: center;\" width=\"29%\">24 al 30 de maig<\/td>\n<\/tr>\n<tr style=\"height: 32px;\">\n<td style=\"height: 32px; width: 60.7214%;\" width=\"70%\"><strong>Presentaci\u00f3 de documentaci\u00f3<\/strong><\/td>\n<td style=\"height: 32px; width: 18.2786%;\" width=\"29%\"><\/td>\n<\/tr>\n<tr style=\"height: 32px;\">\n<td style=\"height: 32px; width: 60.7214%;\" width=\"70%\"><strong>Publicaci\u00f3 de llistes amb el barem provisional<\/strong><\/td>\n<td style=\"text-align: center; height: 32px; width: 18.2786%;\" width=\"29%\"><a href=\"https:\/\/agora.xtec.cat\/iesgaudi\/wp-content\/uploads\/usu31\/2025\/06\/GS_INFORME_BAREM_PROVISIONAL_27_06_2025.pdf\"><img loading=\"lazy\" decoding=\"async\" class=\"aligncenter wp-image-12086\" src=\"https:\/\/agora.xtec.cat\/iesgaudi\/wp-content\/uploads\/usu31\/2024\/05\/Imatge-PDF.jpg\" alt=\"\" width=\"28\" height=\"28\" srcset=\"https:\/\/agora.xtec.cat\/iesgaudi\/wp-content\/uploads\/usu31\/2024\/05\/Imatge-PDF.jpg 225w, https:\/\/agora.xtec.cat\/iesgaudi\/wp-content\/uploads\/usu31\/2024\/05\/Imatge-PDF-150x150.jpg 150w\" sizes=\"auto, (max-width: 28px) 100vw, 28px\" \/><\/a><\/td>\n<\/tr>\n<tr style=\"height: 32px;\">\n<td style=\"height: 32px; width: 60.7214%;\" width=\"70%\"><strong>Presentaci\u00f3 de reclamacions<\/strong><\/td>\n<td style=\"height: 32px; width: 18.2786%;\" width=\"29%\"><\/td>\n<\/tr>\n<tr style=\"height: 32px;\">\n<td style=\"height: 32px; width: 60.7214%;\" width=\"70%\"><strong>Llista de sol\u00b7licituds amb la puntuaci\u00f3 un cop resoltes les reclamacions<\/strong><\/td>\n<td style=\"height: 32px; text-align: center; width: 18.2786%;\" width=\"29%\"><a href=\"https:\/\/agora.xtec.cat\/iesgaudi\/wp-content\/uploads\/usu31\/2025\/07\/GS_BAREM_RESOLTES_RECLMACIONS_07_07_2025.pdf\"><img loading=\"lazy\" decoding=\"async\" class=\"aligncenter wp-image-12086\" src=\"https:\/\/agora.xtec.cat\/iesgaudi\/wp-content\/uploads\/usu31\/2024\/05\/Imatge-PDF.jpg\" alt=\"\" width=\"27\" height=\"27\" srcset=\"https:\/\/agora.xtec.cat\/iesgaudi\/wp-content\/uploads\/usu31\/2024\/05\/Imatge-PDF.jpg 225w, https:\/\/agora.xtec.cat\/iesgaudi\/wp-content\/uploads\/usu31\/2024\/05\/Imatge-PDF-150x150.jpg 150w\" sizes=\"auto, (max-width: 27px) 100vw, 27px\" \/><\/a><\/td>\n<\/tr>\n<tr style=\"height: 32px;\">\n<td style=\"height: 32px; width: 60.7214%;\" width=\"70%\"><strong>Publicaci\u00f3 de llista ordenada per assignaci\u00f3 de places\u00a0\u00a0<\/strong><\/td>\n<td style=\"height: 32px; width: 18.2786%;\" width=\"29%\"><\/td>\n<\/tr>\n<tr style=\"height: 32px;\">\n<td style=\"height: 32px; width: 60.7214%;\" width=\"70%\"><strong style=\"background-color: #ffffff;\">Publicaci\u00f3 de la llista de sol\u00b7licituds amb puntuaci\u00f3\u00a0<\/strong><span style=\"background-color: #ffffff;\">(no s\u00f3n assignacions)<\/span><\/td>\n<td style=\"height: 32px; width: 18.2786%;\" width=\"29%\"><img loading=\"lazy\" decoding=\"async\" class=\"aligncenter wp-image-12086\" src=\"https:\/\/agora.xtec.cat\/iesgaudi\/wp-content\/uploads\/usu31\/2024\/05\/Imatge-PDF.jpg\" alt=\"\" width=\"27\" height=\"27\" srcset=\"https:\/\/agora.xtec.cat\/iesgaudi\/wp-content\/uploads\/usu31\/2024\/05\/Imatge-PDF.jpg 225w, https:\/\/agora.xtec.cat\/iesgaudi\/wp-content\/uploads\/usu31\/2024\/05\/Imatge-PDF-150x150.jpg 150w\" sizes=\"auto, (max-width: 27px) 100vw, 27px\" \/><\/td>\n<\/tr>\n<tr style=\"height: 142px;\">\n<td style=\"height: 10px; width: 60.7214%;\" width=\"70%\"><strong style=\"background-color: #f9f9f9;\">Llista d&#8217;alumnes admesos\u00a0<\/strong><\/td>\n<td style=\"height: 10px; text-align: center; width: 18.2786%;\" width=\"29%\"><a href=\"https:\/\/agora.xtec.cat\/iesgaudi\/wp-content\/uploads\/usu31\/2025\/07\/GS_ASSIGNADES_1A_TANDA_10_07_2025.pdf\"><img loading=\"lazy\" decoding=\"async\" class=\"aligncenter wp-image-12086\" src=\"https:\/\/agora.xtec.cat\/iesgaudi\/wp-content\/uploads\/usu31\/2024\/05\/Imatge-PDF.jpg\" alt=\"\" width=\"27\" height=\"27\" srcset=\"https:\/\/agora.xtec.cat\/iesgaudi\/wp-content\/uploads\/usu31\/2024\/05\/Imatge-PDF.jpg 225w, https:\/\/agora.xtec.cat\/iesgaudi\/wp-content\/uploads\/usu31\/2024\/05\/Imatge-PDF-150x150.jpg 150w\" sizes=\"auto, (max-width: 27px) 100vw, 27px\" \/><\/a><\/td>\n<\/tr>\n<tr style=\"height: 32px;\">\n<td style=\"height: 32px; width: 60.7214%;\" width=\"70%\"><strong>\u200b<\/strong><strong><span style=\"color: #33cccc;\">Publicaci\u00f3 de les llistes d&#8217;admissi\u00f3<\/span>\u00a0\u00a0<\/strong><\/p>\n<ul style=\"font-size: 14px; font-family: 'Helvetica Neue', Helvetica, Helvetica, Arial, sans-serif; background-color: #ffffff;\">\n<li style=\"list-style-type: none;\">\n<ul>\n<li><strong>Alumnat preinscrit al centre:\u00a0<\/strong><\/li>\n<li><strong>Alumnat Assignat al centre:\u00a0<\/strong><\/li>\n<li><strong><a href=\"https:\/\/agora.xtec.cat\/iesgaudi\/wp-content\/uploads\/usu31\/2025\/07\/GS_ASSIGNADES_2na_TANDA_18_07_2025.pdf\">Alumnat Assignat en 2a Tanda<\/a> <\/strong><\/li>\n<li><a href=\"https:\/\/agora.xtec.cat\/iesgaudi\/wp-content\/uploads\/usu31\/2025\/07\/GS_ASSIGNADES_3a-tanda_29_07_2025.pdf\"><strong>Alumnat assignat en 3a tanda<\/strong><\/a><img loading=\"lazy\" decoding=\"async\" class=\"wp-image-8053 alignnone\" src=\"https:\/\/agora.xtec.cat\/iesgaudi\/wp-content\/uploads\/usu31\/2020\/06\/nou2.png\" alt=\"\" width=\"38\" height=\"23\" \/>(L&#8217;alumnat ha de confirmar a la web del Departament els dies 30 i 31 de juliol i s&#8217;haur\u00e0 de matricular al centre de l&#8217;1 al 4 de setembre)<\/li>\n<li><a href=\"https:\/\/agora.xtec.cat\/iesgaudi\/wp-content\/uploads\/usu31\/2025\/07\/GS-Preinscripcio-3a-tanda.pdf\"><strong>Alumnat preinscrit al centre<\/strong><\/a><strong style=\"background-color: #f9f9f9;\"><img loading=\"lazy\" decoding=\"async\" class=\"wp-image-8053 alignnone\" src=\"https:\/\/agora.xtec.cat\/iesgaudi\/wp-content\/uploads\/usu31\/2020\/06\/nou2.png\" alt=\"\" width=\"36\" height=\"21\" \/><\/strong><\/li>\n<\/ul>\n<\/li>\n<\/ul>\n<\/td>\n<td style=\"height: 32px; width: 18.2786%;\" width=\"29%\"><\/td>\n<\/tr>\n<tr style=\"height: 48px;\">\n<td style=\"height: 48px; width: 60.7214%;\" width=\"70%\"><strong>\u200b<\/strong><strong style=\"background-color: #f9f9f9;\">Publicaci\u00f3 de centres i cicles amb places vacants<\/strong><\/td>\n<td style=\"height: 48px; width: 18.2786%;\" width=\"29%\"><\/td>\n<\/tr>\n<tr style=\"height: 32px;\">\n<td style=\"height: 30px; width: 60.7214%;\" width=\"70%\"><strong>\u200bPublicaci\u00f3 de la llista de persones admeses<\/strong><\/td>\n<td style=\"height: 30px; width: 18.2786%;\" width=\"29%\"><\/td>\n<\/tr>\n<tr style=\"height: 32px;\">\n<td style=\"height: 32px; width: 60.7214%;\" width=\"70%\"><strong>Inscripci\u00f3 vacants &#8211; Formulari\u00a0<\/strong>tancat<\/td>\n<td style=\"height: 32px; width: 18.2786%;\" width=\"29%\"><\/td>\n<\/tr>\n<\/tbody>\n<\/table>\n<p>\u200b\u200b\u200b\u200b\u200b\u200bUs recomanem no imprimir aquest calendari i consultar-ho en l\u00ednia per si hi ha modificacions al llarg del procediment.\u200b<\/p>\n<p style=\"text-align: right;\"><em><strong>Data actualitzaci\u00f3: 29 de juliol de 2025<\/strong><\/em><\/p>\n","protected":false},"excerpt":{"rendered":"<p>Cicles formatius de GRAU SUPERIOR de formaci\u00f3 professional \u200b L&#8217;alumne o alumna, de l&#8217;11 al 14 de juliol, pot confirmar la matr\u00edcula a la web del Departament d&#8217;Educaci\u00f3 i Formaci\u00f3 Professional (si t\u00e9 assignada la seva primera petici\u00f3), o b\u00e9 renunciar a la pla\u00e7a assignada. Si renuncia o no fa la confirmaci\u00f3 de matr\u00edcula en [&hellip;]<\/p>\n","protected":false},"author":1,"featured_media":0,"parent":0,"menu_order":0,"comment_status":"closed","ping_status":"closed","template":"","meta":{"_bbp_topic_count":0,"_bbp_reply_count":0,"_bbp_total_topic_count":0,"_bbp_total_reply_count":0,"_bbp_voice_count":0,"_bbp_anonymous_reply_count":0,"_bbp_topic_count_hidden":0,"_bbp_reply_count_hidden":0,"_bbp_forum_subforum_count":0,"site-sidebar-layout":"default","site-content-layout":"","ast-site-content-layout":"","site-content-style":"default","site-sidebar-style":"default","ast-global-header-display":"","ast-banner-title-visibility":"","ast-main-header-display":"","ast-hfb-above-header-display":"","ast-hfb-below-header-display":"","ast-hfb-mobile-header-display":"","site-post-title":"","ast-breadcrumbs-content":"","ast-featured-img":"","footer-sml-layout":"","theme-transparent-header-meta":"","adv-header-id-meta":"","stick-header-meta":"","header-above-stick-meta":"","header-main-stick-meta":"","header-below-stick-meta":"","astra-migrate-meta-layouts":"default","ast-page-background-enabled":"default","ast-page-background-meta":{"desktop":{"background-color":"var(--ast-global-color-4)","background-image":"","background-repeat":"repeat","background-position":"center center","background-size":"auto","background-attachment":"scroll","background-type":"","background-media":"","overlay-type":"","overlay-color":"","overlay-opacity":"","overlay-gradient":""},"tablet":{"background-color":"","background-image":"","background-repeat":"repeat","background-position":"center center","background-size":"auto","background-attachment":"scroll","background-type":"","background-media":"","overlay-type":"","overlay-color":"","overlay-opacity":"","overlay-gradient":""},"mobile":{"background-color":"","background-image":"","background-repeat":"repeat","background-position":"center center","background-size":"auto","background-attachment":"scroll","background-type":"","background-media":"","overlay-type":"","overlay-color":"","overlay-opacity":"","overlay-gradient":""}},"ast-content-background-meta":{"desktop":{"background-color":"var(--ast-global-color-5)","background-image":"","background-repeat":"repeat","background-position":"center center","background-size":"auto","background-attachment":"scroll","background-type":"","background-media":"","overlay-type":"","overlay-color":"","overlay-opacity":"","overlay-gradient":""},"tablet":{"background-color":"var(--ast-global-color-5)","background-image":"","background-repeat":"repeat","background-position":"center center","background-size":"auto","background-attachment":"scroll","background-type":"","background-media":"","overlay-type":"","overlay-color":"","overlay-opacity":"","overlay-gradient":""},"mobile":{"background-color":"var(--ast-global-color-5)","background-image":"","background-repeat":"repeat","background-position":"center center","background-size":"auto","background-attachment":"scroll","background-type":"","background-media":"","overlay-type":"","overlay-color":"","overlay-opacity":"","overlay-gradient":""}},"footnotes":""},"class_list":["post-9759","page","type-page","status-publish","hentry"],"post_mailing_queue_ids":[],"_links":{"self":[{"href":"https:\/\/agora.xtec.cat\/iesgaudi\/wp-json\/wp\/v2\/pages\/9759","targetHints":{"allow":["GET"]}}],"collection":[{"href":"https:\/\/agora.xtec.cat\/iesgaudi\/wp-json\/wp\/v2\/pages"}],"about":[{"href":"https:\/\/agora.xtec.cat\/iesgaudi\/wp-json\/wp\/v2\/types\/page"}],"author":[{"embeddable":true,"href":"https:\/\/agora.xtec.cat\/iesgaudi\/wp-json\/wp\/v2\/users\/1"}],"replies":[{"embeddable":true,"href":"https:\/\/agora.xtec.cat\/iesgaudi\/wp-json\/wp\/v2\/comments?post=9759"}],"version-history":[{"count":7,"href":"https:\/\/agora.xtec.cat\/iesgaudi\/wp-json\/wp\/v2\/pages\/9759\/revisions"}],"predecessor-version":[{"id":12902,"href":"https:\/\/agora.xtec.cat\/iesgaudi\/wp-json\/wp\/v2\/pages\/9759\/revisions\/12902"}],"wp:attachment":[{"href":"https:\/\/agora.xtec.cat\/iesgaudi\/wp-json\/wp\/v2\/media?parent=9759"}],"curies":[{"name":"wp","href":"https:\/\/api.w.org\/{rel}","templated":true}]}}