{"id":8775,"date":"2021-03-09T13:13:36","date_gmt":"2021-03-09T12:13:36","guid":{"rendered":"https:\/\/agora.xtec.cat\/iesgaudi\/?page_id=8775"},"modified":"2026-04-15T13:08:42","modified_gmt":"2026-04-15T11:08:42","slug":"preinscripcio-eso-curs","status":"publish","type":"page","link":"https:\/\/agora.xtec.cat\/iesgaudi\/preinscripcio-i-matricula\/preinscripcio-eso-curs\/","title":{"rendered":"PREINSCRIPCI\u00d3 ESO"},"content":{"rendered":"<p><a href=\"https:\/\/agora.xtec.cat\/iesgaudi\/wp-content\/uploads\/usu31\/2021\/03\/preinscripcio2021-22.png\"><img loading=\"lazy\" decoding=\"async\" class=\"aligncenter size-full wp-image-8786\" src=\"https:\/\/agora.xtec.cat\/iesgaudi\/wp-content\/uploads\/usu31\/2021\/03\/preinscripcio2021-22.png\" alt=\"\" width=\"454\" height=\"89\" srcset=\"https:\/\/agora.xtec.cat\/iesgaudi\/wp-content\/uploads\/usu31\/2021\/03\/preinscripcio2021-22.png 454w, https:\/\/agora.xtec.cat\/iesgaudi\/wp-content\/uploads\/usu31\/2021\/03\/preinscripcio2021-22-300x59.png 300w\" sizes=\"auto, (max-width: 454px) 100vw, 454px\" \/><\/a><\/p>\n<p>\u00a0<\/p>\n<table style=\"width: 78.0521%; height: 682px;\" width=\"629\">\n<tbody>\n<tr style=\"height: 67px;\">\n<td style=\"width: 71.8171%; height: 67px;\">\n<h3 style=\"text-align: center;\"><span style=\"color: #3366ff;\"><strong>Fases de la pr\u200b\u200beinscripci\u00f3<\/strong><\/span><\/h3>\n<\/td>\n<td style=\"width: 58.4196%; height: 67px;\">\n<h3 style=\"text-align: center;\"><span style=\"color: #3366ff;\"><strong>Documents<\/strong><\/span><\/h3>\n<\/td>\n<\/tr>\n<tr style=\"height: 156px;\">\n<td style=\"width: 130.237%; height: 156px;\" colspan=\"2\">\n<h5 style=\"text-align: center;\">\u00a0<\/h5>\n<h5 style=\"text-align: center;\"><a href=\"https:\/\/preinscripcio.gencat.cat\/ca\/estudis\/eso\/inici\/\" target=\"_blank\" rel=\"noopener noreferrer\"><span style=\"color: #993366;\"><strong>Lloc web amb informaci\u00f3 general del Departament d\u2019Educaci\u00f3 sobre la preinscripci\u00f3 \ud83d\udd17<\/strong><\/span><strong><img loading=\"lazy\" decoding=\"async\" class=\"aligncenter wp-image-8803 size-full\" src=\"https:\/\/agora.xtec.cat\/iesgaudi\/wp-content\/uploads\/usu31\/2021\/03\/Departement-de-Educacio.jpg\" alt=\"\" width=\"150\" height=\"58\" \/><\/strong><\/a><\/h5>\n<\/td>\n<\/tr>\n<tr style=\"height: 30px;\">\n<td style=\"width: 71.8171%; height: 30px;\"><strong>Publicaci\u00f3 de l&#8217;oferta ini\u200bcial <\/strong><\/td>\n<td style=\"text-align: center; width: 58.4196%; height: 30px;\"><img loading=\"lazy\" decoding=\"async\" class=\"aligncenter wp-image-12086\" src=\"https:\/\/agora.xtec.cat\/iesgaudi\/wp-content\/uploads\/usu31\/2024\/05\/Imatge-PDF.jpg\" alt=\"\" width=\"41\" height=\"41\" srcset=\"https:\/\/agora.xtec.cat\/iesgaudi\/wp-content\/uploads\/usu31\/2024\/05\/Imatge-PDF.jpg 225w, https:\/\/agora.xtec.cat\/iesgaudi\/wp-content\/uploads\/usu31\/2024\/05\/Imatge-PDF-150x150.jpg 150w\" sizes=\"auto, (max-width: 41px) 100vw, 41px\" \/><\/td>\n<\/tr>\n<tr style=\"height: 33px;\">\n<td style=\"width: 71.8171%; height: 33px;\"><strong>Llistat alumnat adm\u00e8s primera petici\u00f3<\/strong><\/td>\n<td style=\"text-align: center; width: 58.4196%; height: 33px;\"><img loading=\"lazy\" decoding=\"async\" class=\"alignnone wp-image-12086\" src=\"https:\/\/agora.xtec.cat\/iesgaudi\/wp-content\/uploads\/usu31\/2024\/05\/Imatge-PDF.jpg\" alt=\"\" width=\"41\" height=\"41\" srcset=\"https:\/\/agora.xtec.cat\/iesgaudi\/wp-content\/uploads\/usu31\/2024\/05\/Imatge-PDF.jpg 225w, https:\/\/agora.xtec.cat\/iesgaudi\/wp-content\/uploads\/usu31\/2024\/05\/Imatge-PDF-150x150.jpg 150w\" sizes=\"auto, (max-width: 41px) 100vw, 41px\" \/><\/td>\n<\/tr>\n<tr style=\"height: 33px;\">\n<td style=\"width: 71.8171%; height: 33px;\"><strong>Alumnat preinscrit al centre<\/strong><\/td>\n<td style=\"text-align: center; width: 58.4196%; height: 33px;\"><img loading=\"lazy\" decoding=\"async\" class=\"aligncenter wp-image-12086\" src=\"https:\/\/agora.xtec.cat\/iesgaudi\/wp-content\/uploads\/usu31\/2024\/05\/Imatge-PDF.jpg\" alt=\"\" width=\"41\" height=\"41\" srcset=\"https:\/\/agora.xtec.cat\/iesgaudi\/wp-content\/uploads\/usu31\/2024\/05\/Imatge-PDF.jpg 225w, https:\/\/agora.xtec.cat\/iesgaudi\/wp-content\/uploads\/usu31\/2024\/05\/Imatge-PDF-150x150.jpg 150w\" sizes=\"auto, (max-width: 41px) 100vw, 41px\" \/><\/td>\n<\/tr>\n<tr style=\"height: 33px;\">\n<td style=\"width: 71.8171%; height: 33px;\"><strong>Llista d&#8217;espera<\/strong><\/td>\n<td style=\"text-align: center; width: 58.4196%; height: 33px;\"><img loading=\"lazy\" decoding=\"async\" class=\"aligncenter wp-image-12086\" src=\"https:\/\/agora.xtec.cat\/iesgaudi\/wp-content\/uploads\/usu31\/2024\/05\/Imatge-PDF.jpg\" alt=\"\" width=\"41\" height=\"41\" srcset=\"https:\/\/agora.xtec.cat\/iesgaudi\/wp-content\/uploads\/usu31\/2024\/05\/Imatge-PDF.jpg 225w, https:\/\/agora.xtec.cat\/iesgaudi\/wp-content\/uploads\/usu31\/2024\/05\/Imatge-PDF-150x150.jpg 150w\" sizes=\"auto, (max-width: 41px) 100vw, 41px\" \/><\/td>\n<\/tr>\n<tr style=\"height: 33px;\">\n<td style=\"width: 71.8171%; height: 33px;\"><strong> Publicaci\u00f3 de les llistes amb el barem provisional<img loading=\"lazy\" decoding=\"async\" class=\" wp-image-8952 alignnone\" src=\"https:\/\/agora.xtec.cat\/iesgaudi\/wp-content\/uploads\/usu31\/2021\/04\/nou.png\" alt=\"\" width=\"32\" height=\"19\" \/> <\/strong><\/td>\n<td style=\"text-align: center; width: 58.4196%; height: 33px;\"><a href=\"https:\/\/agora.xtec.cat\/iesgaudi\/wp-content\/uploads\/usu31\/2026\/04\/INFORME_BAREM_PROVISIONAL_BAREM.pdf\"><img loading=\"lazy\" decoding=\"async\" class=\"aligncenter wp-image-12086\" src=\"https:\/\/agora.xtec.cat\/iesgaudi\/wp-content\/uploads\/usu31\/2024\/05\/Imatge-PDF.jpg\" alt=\"\" width=\"41\" height=\"41\" srcset=\"https:\/\/agora.xtec.cat\/iesgaudi\/wp-content\/uploads\/usu31\/2024\/05\/Imatge-PDF.jpg 225w, https:\/\/agora.xtec.cat\/iesgaudi\/wp-content\/uploads\/usu31\/2024\/05\/Imatge-PDF-150x150.jpg 150w\" sizes=\"auto, (max-width: 41px) 100vw, 41px\" \/><\/a><\/td>\n<\/tr>\n<tr style=\"height: 33px;\">\n<td style=\"width: 71.8171%; height: 33px;\"><strong>Presentaci\u00f3 de reclamacions al barem provisional<\/strong><\/td>\n<td style=\"text-align: center; width: 58.4196%; height: 33px;\">\u00a0<\/td>\n<\/tr>\n<tr style=\"height: 33px;\">\n<td style=\"width: 71.8171%; height: 33px;\"><strong>Publicaci\u00f3 de llistes amb el barem un cop resoltes les reclamacions\u00a0\u00a0<\/strong><\/td>\n<td style=\"text-align: center; width: 58.4196%; height: 33px;\"><img loading=\"lazy\" decoding=\"async\" class=\"aligncenter wp-image-12086\" src=\"https:\/\/agora.xtec.cat\/iesgaudi\/wp-content\/uploads\/usu31\/2024\/05\/Imatge-PDF.jpg\" alt=\"\" width=\"41\" height=\"41\" srcset=\"https:\/\/agora.xtec.cat\/iesgaudi\/wp-content\/uploads\/usu31\/2024\/05\/Imatge-PDF.jpg 225w, https:\/\/agora.xtec.cat\/iesgaudi\/wp-content\/uploads\/usu31\/2024\/05\/Imatge-PDF-150x150.jpg 150w\" sizes=\"auto, (max-width: 41px) 100vw, 41px\" \/><\/td>\n<\/tr>\n<tr style=\"height: 33px;\">\n<td style=\"width: 71.8171%; height: 33px;\"><strong>Sorteig<\/strong><\/td>\n<td style=\"text-align: center; width: 58.4196%; height: 33px;\">\u00a0<\/td>\n<\/tr>\n<tr style=\"height: 33px;\">\n<td style=\"width: 71.8171%; height: 33px;\"><strong>Publicaci\u00f3 de llistes ordenades\u00a0<\/strong><\/td>\n<td style=\"text-align: center; width: 58.4196%; height: 33px;\"><img loading=\"lazy\" decoding=\"async\" class=\"aligncenter wp-image-12086\" src=\"https:\/\/agora.xtec.cat\/iesgaudi\/wp-content\/uploads\/usu31\/2024\/05\/Imatge-PDF.jpg\" alt=\"\" width=\"41\" height=\"41\" srcset=\"https:\/\/agora.xtec.cat\/iesgaudi\/wp-content\/uploads\/usu31\/2024\/05\/Imatge-PDF.jpg 225w, https:\/\/agora.xtec.cat\/iesgaudi\/wp-content\/uploads\/usu31\/2024\/05\/Imatge-PDF-150x150.jpg 150w\" sizes=\"auto, (max-width: 41px) 100vw, 41px\" \/><\/td>\n<\/tr>\n<tr style=\"height: 33px;\">\n<td style=\"width: 71.8171%; height: 33px;\"><strong>Publicaci\u00f3 de l&#8217;oferta final<\/strong><\/td>\n<td style=\"text-align: center; width: 58.4196%; height: 33px;\">\u00a0<\/td>\n<\/tr>\n<tr style=\"height: 33px;\">\n<td style=\"width: 71.8171%; height: 33px;\"><strong>Publicaci\u00f3 de les llistes d&#8217;assignaci\u00f3<\/strong><\/td>\n<td style=\"text-align: center; width: 58.4196%; height: 33px;\"><img loading=\"lazy\" decoding=\"async\" class=\"aligncenter wp-image-12086\" src=\"https:\/\/agora.xtec.cat\/iesgaudi\/wp-content\/uploads\/usu31\/2024\/05\/Imatge-PDF.jpg\" alt=\"\" width=\"41\" height=\"41\" srcset=\"https:\/\/agora.xtec.cat\/iesgaudi\/wp-content\/uploads\/usu31\/2024\/05\/Imatge-PDF.jpg 225w, https:\/\/agora.xtec.cat\/iesgaudi\/wp-content\/uploads\/usu31\/2024\/05\/Imatge-PDF-150x150.jpg 150w\" sizes=\"auto, (max-width: 41px) 100vw, 41px\" \/><\/td>\n<\/tr>\n<tr style=\"height: 33px;\">\n<td style=\"width: 71.8171%; height: 33px;\"><strong>Llista d&#8217;espera\u00a0<\/strong><\/td>\n<td style=\"text-align: center; width: 58.4196%; height: 33px;\"><img loading=\"lazy\" decoding=\"async\" class=\"aligncenter wp-image-12086\" src=\"https:\/\/agora.xtec.cat\/iesgaudi\/wp-content\/uploads\/usu31\/2024\/05\/Imatge-PDF.jpg\" alt=\"\" width=\"41\" height=\"41\" srcset=\"https:\/\/agora.xtec.cat\/iesgaudi\/wp-content\/uploads\/usu31\/2024\/05\/Imatge-PDF.jpg 225w, https:\/\/agora.xtec.cat\/iesgaudi\/wp-content\/uploads\/usu31\/2024\/05\/Imatge-PDF-150x150.jpg 150w\" sizes=\"auto, (max-width: 41px) 100vw, 41px\" \/><\/td>\n<\/tr>\n<tr style=\"height: 33px;\">\n<td style=\"width: 71.8171%; height: 33px;\"><strong style=\"background-color: #f9f9f9;\">Matriculaci\u00f3 de 1r d&#8217;ESO\u00a0\u00a0<\/strong><\/td>\n<td style=\"text-align: center; width: 58.4196%; height: 33px;\">\u00a0<\/td>\n<\/tr>\n<tr style=\"height: 33px;\">\n<td style=\"width: 71.8171%; height: 33px;\"><strong>Llistes d&#8217;alumnes matriculats procedents de preinscripci\u00f3 i nova admissi\u00f3<\/strong><\/td>\n<td style=\"text-align: center; width: 58.4196%; height: 33px;\">\u00a0<\/td>\n<\/tr>\n<\/tbody>\n<\/table>\n<div style=\"text-align: right;\">\u00a0<\/div>\n<div style=\"text-align: right;\"><em><strong>Data d&#8217;actualitzaci\u00f3:\u00a0 15 d&#8217;abril del 2026<\/strong><\/em><\/div>\n\n\n<p><\/p>\n","protected":false},"excerpt":{"rendered":"<p>\u00a0 Fases de la pr\u200b\u200beinscripci\u00f3 Documents \u00a0 Lloc web amb informaci\u00f3 general del Departament d\u2019Educaci\u00f3 sobre la preinscripci\u00f3 \ud83d\udd17 Publicaci\u00f3 de l&#8217;oferta ini\u200bcial Llistat alumnat adm\u00e8s primera petici\u00f3 Alumnat preinscrit al centre Llista d&#8217;espera Publicaci\u00f3 de les llistes amb el barem provisional Presentaci\u00f3 de reclamacions al barem provisional \u00a0 Publicaci\u00f3 de llistes amb el barem [&hellip;]<\/p>\n","protected":false},"author":1,"featured_media":0,"parent":8773,"menu_order":0,"comment_status":"closed","ping_status":"closed","template":"","meta":{"_bbp_topic_count":0,"_bbp_reply_count":0,"_bbp_total_topic_count":0,"_bbp_total_reply_count":0,"_bbp_voice_count":0,"_bbp_anonymous_reply_count":0,"_bbp_topic_count_hidden":0,"_bbp_reply_count_hidden":0,"_bbp_forum_subforum_count":0,"site-sidebar-layout":"default","site-content-layout":"","ast-site-content-layout":"default","site-content-style":"default","site-sidebar-style":"default","ast-global-header-display":"","ast-banner-title-visibility":"","ast-main-header-display":"","ast-hfb-above-header-display":"","ast-hfb-below-header-display":"","ast-hfb-mobile-header-display":"","site-post-title":"","ast-breadcrumbs-content":"","ast-featured-img":"","footer-sml-layout":"","theme-transparent-header-meta":"","adv-header-id-meta":"","stick-header-meta":"","header-above-stick-meta":"","header-main-stick-meta":"","header-below-stick-meta":"","astra-migrate-meta-layouts":"set","ast-page-background-enabled":"default","ast-page-background-meta":{"desktop":{"background-color":"var(--ast-global-color-4)","background-image":"","background-repeat":"repeat","background-position":"center center","background-size":"auto","background-attachment":"scroll","background-type":"","background-media":"","overlay-type":"","overlay-color":"","overlay-opacity":"","overlay-gradient":""},"tablet":{"background-color":"","background-image":"","background-repeat":"repeat","background-position":"center center","background-size":"auto","background-attachment":"scroll","background-type":"","background-media":"","overlay-type":"","overlay-color":"","overlay-opacity":"","overlay-gradient":""},"mobile":{"background-color":"","background-image":"","background-repeat":"repeat","background-position":"center center","background-size":"auto","background-attachment":"scroll","background-type":"","background-media":"","overlay-type":"","overlay-color":"","overlay-opacity":"","overlay-gradient":""}},"ast-content-background-meta":{"desktop":{"background-color":"var(--ast-global-color-5)","background-image":"","background-repeat":"repeat","background-position":"center center","background-size":"auto","background-attachment":"scroll","background-type":"","background-media":"","overlay-type":"","overlay-color":"","overlay-opacity":"","overlay-gradient":""},"tablet":{"background-color":"var(--ast-global-color-5)","background-image":"","background-repeat":"repeat","background-position":"center center","background-size":"auto","background-attachment":"scroll","background-type":"","background-media":"","overlay-type":"","overlay-color":"","overlay-opacity":"","overlay-gradient":""},"mobile":{"background-color":"var(--ast-global-color-5)","background-image":"","background-repeat":"repeat","background-position":"center center","background-size":"auto","background-attachment":"scroll","background-type":"","background-media":"","overlay-type":"","overlay-color":"","overlay-opacity":"","overlay-gradient":""}},"footnotes":""},"class_list":["post-8775","page","type-page","status-publish","hentry"],"post_mailing_queue_ids":[],"_links":{"self":[{"href":"https:\/\/agora.xtec.cat\/iesgaudi\/wp-json\/wp\/v2\/pages\/8775","targetHints":{"allow":["GET"]}}],"collection":[{"href":"https:\/\/agora.xtec.cat\/iesgaudi\/wp-json\/wp\/v2\/pages"}],"about":[{"href":"https:\/\/agora.xtec.cat\/iesgaudi\/wp-json\/wp\/v2\/types\/page"}],"author":[{"embeddable":true,"href":"https:\/\/agora.xtec.cat\/iesgaudi\/wp-json\/wp\/v2\/users\/1"}],"replies":[{"embeddable":true,"href":"https:\/\/agora.xtec.cat\/iesgaudi\/wp-json\/wp\/v2\/comments?post=8775"}],"version-history":[{"count":5,"href":"https:\/\/agora.xtec.cat\/iesgaudi\/wp-json\/wp\/v2\/pages\/8775\/revisions"}],"predecessor-version":[{"id":13249,"href":"https:\/\/agora.xtec.cat\/iesgaudi\/wp-json\/wp\/v2\/pages\/8775\/revisions\/13249"}],"up":[{"embeddable":true,"href":"https:\/\/agora.xtec.cat\/iesgaudi\/wp-json\/wp\/v2\/pages\/8773"}],"wp:attachment":[{"href":"https:\/\/agora.xtec.cat\/iesgaudi\/wp-json\/wp\/v2\/media?parent=8775"}],"curies":[{"name":"wp","href":"https:\/\/api.w.org\/{rel}","templated":true}]}}